{"id":1024,"date":"2020-02-23T08:38:24","date_gmt":"2020-02-23T08:38:24","guid":{"rendered":"http:\/\/gamma\/?page_id=1024"},"modified":"2025-04-09T11:35:57","modified_gmt":"2025-04-09T09:35:57","slug":"kosten-bei-einer-gamma-knife-behandlung","status":"publish","type":"page","link":"https:\/\/gamma-knife.de\/de\/behandlungen-im-gamma-knife-zentrum\/kosten-bei-einer-gamma-knife-behandlung\/","title":{"rendered":"Kosten\u00fcbernahme"},"content":{"rendered":"\n<h6 class=\"wp-block-heading\" id=\"h-private-krankenversicherung\">Private Krankenversicherung<\/h6>\n\n\n\n<figure class=\"wp-block-table\"><table><tbody><tr><td>Ihre private Krankenversicherung \u00fcbernimmt in der Regel die Behandlungskosten f\u00fcr die radiochirurgische Behandlung mit dem Gammaknife. Sie erhalten f\u00fcr Ihre Behandlung eine Rechnung nach der Geb\u00fchrenordnung f\u00fcr \u00c4rzte (GO\u00c4) auf Basis einer von der Bundes\u00e4rztekammer genehmigten Analogbewertung.<\/td><\/tr><\/tbody><\/table><\/figure>\n\n\n\n<p><\/p>\n\n\n\n<h6 class=\"wp-block-heading\">Gesetzliche Krankenversicherung<\/h6>\n\n\n\n<p><\/p>\n\n\n\n<p><strong>Radiochirurgie bei Vestibularisschwannomen und Hirnmetastasen ist jetzt Kassenleistung<\/strong><\/p>\n\n\n\n<p>Der Gemeinsame Bundesausschuss (G-BA) hat 2022 beschlossen, die hochdosierte pr\u00e4zise Bestrahlung von Tumorgewebe f\u00fcr die Behandlung von <strong>Vestibularisschwannomen<\/strong> und <strong>Hirnmetastasen<\/strong> in den ambulanten Leistungskatalog aufzunehmen.<\/p>\n\n\n\n<p>Somit k\u00f6nnen wir nun allen gesetzlich versicherten Patienten die radiochirurgische Behandlung mit dem Gamma Knife bei den genannten Erkrankungen als Kassenleistung anbieten.<\/p>\n\n\n\n<p><\/p>\n\n\n\n<p>Weitere Informationen zu dem Vorgehen erl\u00e4utern wir Ihnen gerne im pers\u00f6nlichen Gespr\u00e4ch.<\/p>\n\n\n\n<p><\/p>\n\n\n\n<p><strong>Andere Indikationen<\/strong><\/p>\n\n\n\n<p>Mit vielen Kostentr\u00e4gern und Krankenversicherungen haben wir Vereinbarungen zur \u00dcbernahme der Behandlungskosten mit dem Gamma Knife geschlossen und die Kosten werden regelhaft \u00fcbernommen.<\/p>\n\n\n\n<p>Bei weiteren Kassen ist ein individueller Antrag auf Kosten\u00fcbernahme erforderlich. Bei der Antragstellung und Kommunikation mit Ihrer Krankenversicherung unterst\u00fctzen wir Sie nat\u00fcrlich.<\/p>\n\n\n\n<p>Nach dem Beratungsgespr\u00e4ch und der Indikationsstellung erhalten Sie von uns einen Arztbrief und Ihren pers\u00f6nlichen Kostenvoranschlag. Diese Dokumente reichen Sie bei Ihrer Krankenkasse ein. Sobald Sie von Ihrer Versicherung die schriftliche Best\u00e4tigung zur \u00dcbernahme der Behandlungskosten erhalten haben, vereinbaren Sie mit uns den Behandlungstermin.<\/p>\n","protected":false},"excerpt":{"rendered":"<p>Kosten<\/p>\n","protected":false},"author":18,"featured_media":0,"parent":920,"menu_order":3,"comment_status":"closed","ping_status":"closed","template":"templates\/reimbursement-page.php","meta":{"_acf_changed":false,"footnotes":""},"class_list":["post-1024","page","type-page","status-publish","hentry"],"acf":[],"yoast_head":"<!-- This site is optimized with the Yoast SEO Premium plugin v26.1 (Yoast SEO v27.3) - https:\/\/yoast.com\/product\/yoast-seo-premium-wordpress\/ -->\n<title>Kosten Gamma Knife Behandlung: Koste\u00fcbernahme durch Krankenkassen<\/title>\n<meta name=\"description\" content=\"Einer zunehmende Zahl gesetzlicher Krankenkassen \u00fcbernimmt die Kosten einer Gamma Knife Behandlung. Informieren Sie sich zur Kosten\u00fcbernahme.\" \/>\n<meta name=\"robots\" content=\"index, follow, max-snippet:-1, max-image-preview:large, max-video-preview:-1\" \/>\n<link rel=\"canonical\" href=\"https:\/\/gamma-knife.de\/de\/behandlungen-im-gamma-knife-zentrum\/kosten-bei-einer-gamma-knife-behandlung\/\" \/>\n<meta property=\"og:locale\" content=\"de_DE\" \/>\n<meta property=\"og:type\" content=\"article\" \/>\n<meta property=\"og:title\" content=\"Kosten\u00fcbernahme\" \/>\n<meta property=\"og:description\" content=\"Einer zunehmende Zahl gesetzlicher Krankenkassen \u00fcbernimmt die Kosten einer Gamma Knife Behandlung. Informieren Sie sich zur Kosten\u00fcbernahme.\" \/>\n<meta property=\"og:url\" content=\"https:\/\/gamma-knife.de\/de\/behandlungen-im-gamma-knife-zentrum\/kosten-bei-einer-gamma-knife-behandlung\/\" \/>\n<meta property=\"og:site_name\" content=\"Gamma Knife Zentrum\" \/>\n<meta property=\"article:modified_time\" content=\"2025-04-09T09:35:57+00:00\" \/>\n<meta name=\"twitter:card\" content=\"summary_large_image\" \/>\n<meta name=\"twitter:label1\" content=\"Gesch\u00e4tzte Lesezeit\" \/>\n\t<meta name=\"twitter:data1\" content=\"2\u00a0Minuten\" \/>\n<script type=\"application\/ld+json\" class=\"yoast-schema-graph\">{\"@context\":\"https:\\\/\\\/schema.org\",\"@graph\":[{\"@type\":\"WebPage\",\"@id\":\"https:\\\/\\\/gamma-knife.de\\\/de\\\/behandlungen-im-gamma-knife-zentrum\\\/kosten-bei-einer-gamma-knife-behandlung\\\/\",\"url\":\"https:\\\/\\\/gamma-knife.de\\\/de\\\/behandlungen-im-gamma-knife-zentrum\\\/kosten-bei-einer-gamma-knife-behandlung\\\/\",\"name\":\"Kosten Gamma Knife Behandlung: Koste\u00fcbernahme durch Krankenkassen\",\"isPartOf\":{\"@id\":\"https:\\\/\\\/www.gamma-knife.de\\\/de\\\/#website\"},\"datePublished\":\"2020-02-23T08:38:24+00:00\",\"dateModified\":\"2025-04-09T09:35:57+00:00\",\"description\":\"Einer zunehmende Zahl gesetzlicher Krankenkassen \u00fcbernimmt die Kosten einer Gamma Knife Behandlung. Informieren Sie sich zur Kosten\u00fcbernahme.\",\"breadcrumb\":{\"@id\":\"https:\\\/\\\/gamma-knife.de\\\/de\\\/behandlungen-im-gamma-knife-zentrum\\\/kosten-bei-einer-gamma-knife-behandlung\\\/#breadcrumb\"},\"inLanguage\":\"de\",\"potentialAction\":[{\"@type\":\"ReadAction\",\"target\":[\"https:\\\/\\\/gamma-knife.de\\\/de\\\/behandlungen-im-gamma-knife-zentrum\\\/kosten-bei-einer-gamma-knife-behandlung\\\/\"]}]},{\"@type\":\"BreadcrumbList\",\"@id\":\"https:\\\/\\\/gamma-knife.de\\\/de\\\/behandlungen-im-gamma-knife-zentrum\\\/kosten-bei-einer-gamma-knife-behandlung\\\/#breadcrumb\",\"itemListElement\":[{\"@type\":\"ListItem\",\"position\":1,\"name\":\"Behandlungen\",\"item\":\"https:\\\/\\\/www.gamma-knife.de\\\/de\\\/behandlungen-im-gamma-knife-zentrum\\\/\"},{\"@type\":\"ListItem\",\"position\":2,\"name\":\"Kosten\u00fcbernahme\"}]},{\"@type\":\"WebSite\",\"@id\":\"https:\\\/\\\/www.gamma-knife.de\\\/de\\\/#website\",\"url\":\"https:\\\/\\\/www.gamma-knife.de\\\/de\\\/\",\"name\":\"Gamma Knife Zentrum\",\"description\":\"Gamma Knife Zentrum\",\"publisher\":{\"@id\":\"https:\\\/\\\/www.gamma-knife.de\\\/de\\\/#organization\"},\"potentialAction\":[{\"@type\":\"SearchAction\",\"target\":{\"@type\":\"EntryPoint\",\"urlTemplate\":\"https:\\\/\\\/www.gamma-knife.de\\\/de\\\/?s={search_term_string}\"},\"query-input\":{\"@type\":\"PropertyValueSpecification\",\"valueRequired\":true,\"valueName\":\"search_term_string\"}}],\"inLanguage\":\"de\"},{\"@type\":\"Organization\",\"@id\":\"https:\\\/\\\/www.gamma-knife.de\\\/de\\\/#organization\",\"name\":\"Gamma Knife Zentrum\",\"url\":\"https:\\\/\\\/www.gamma-knife.de\\\/de\\\/\",\"logo\":{\"@type\":\"ImageObject\",\"inLanguage\":\"de\",\"@id\":\"https:\\\/\\\/www.gamma-knife.de\\\/de\\\/#\\\/schema\\\/logo\\\/image\\\/\",\"url\":\"https:\\\/\\\/www.gamma-knife.de\\\/wp-content\\\/uploads\\\/2020\\\/11\\\/Gamma-Knife-Logo-rgb.png\",\"contentUrl\":\"https:\\\/\\\/www.gamma-knife.de\\\/wp-content\\\/uploads\\\/2020\\\/11\\\/Gamma-Knife-Logo-rgb.png\",\"width\":250,\"height\":97,\"caption\":\"Gamma Knife Zentrum\"},\"image\":{\"@id\":\"https:\\\/\\\/www.gamma-knife.de\\\/de\\\/#\\\/schema\\\/logo\\\/image\\\/\"}}]}<\/script>\n<!-- \/ Yoast SEO Premium plugin. -->","yoast_head_json":{"title":"Kosten Gamma Knife Behandlung: Koste\u00fcbernahme durch Krankenkassen","description":"Einer zunehmende Zahl gesetzlicher Krankenkassen \u00fcbernimmt die Kosten einer Gamma Knife Behandlung. Informieren Sie sich zur Kosten\u00fcbernahme.","robots":{"index":"index","follow":"follow","max-snippet":"max-snippet:-1","max-image-preview":"max-image-preview:large","max-video-preview":"max-video-preview:-1"},"canonical":"https:\/\/gamma-knife.de\/de\/behandlungen-im-gamma-knife-zentrum\/kosten-bei-einer-gamma-knife-behandlung\/","og_locale":"de_DE","og_type":"article","og_title":"Kosten\u00fcbernahme","og_description":"Einer zunehmende Zahl gesetzlicher Krankenkassen \u00fcbernimmt die Kosten einer Gamma Knife Behandlung. Informieren Sie sich zur Kosten\u00fcbernahme.","og_url":"https:\/\/gamma-knife.de\/de\/behandlungen-im-gamma-knife-zentrum\/kosten-bei-einer-gamma-knife-behandlung\/","og_site_name":"Gamma Knife Zentrum","article_modified_time":"2025-04-09T09:35:57+00:00","twitter_card":"summary_large_image","twitter_misc":{"Gesch\u00e4tzte Lesezeit":"2\u00a0Minuten"},"schema":{"@context":"https:\/\/schema.org","@graph":[{"@type":"WebPage","@id":"https:\/\/gamma-knife.de\/de\/behandlungen-im-gamma-knife-zentrum\/kosten-bei-einer-gamma-knife-behandlung\/","url":"https:\/\/gamma-knife.de\/de\/behandlungen-im-gamma-knife-zentrum\/kosten-bei-einer-gamma-knife-behandlung\/","name":"Kosten Gamma Knife Behandlung: Koste\u00fcbernahme durch Krankenkassen","isPartOf":{"@id":"https:\/\/www.gamma-knife.de\/de\/#website"},"datePublished":"2020-02-23T08:38:24+00:00","dateModified":"2025-04-09T09:35:57+00:00","description":"Einer zunehmende Zahl gesetzlicher Krankenkassen \u00fcbernimmt die Kosten einer Gamma Knife Behandlung. Informieren Sie sich zur Kosten\u00fcbernahme.","breadcrumb":{"@id":"https:\/\/gamma-knife.de\/de\/behandlungen-im-gamma-knife-zentrum\/kosten-bei-einer-gamma-knife-behandlung\/#breadcrumb"},"inLanguage":"de","potentialAction":[{"@type":"ReadAction","target":["https:\/\/gamma-knife.de\/de\/behandlungen-im-gamma-knife-zentrum\/kosten-bei-einer-gamma-knife-behandlung\/"]}]},{"@type":"BreadcrumbList","@id":"https:\/\/gamma-knife.de\/de\/behandlungen-im-gamma-knife-zentrum\/kosten-bei-einer-gamma-knife-behandlung\/#breadcrumb","itemListElement":[{"@type":"ListItem","position":1,"name":"Behandlungen","item":"https:\/\/www.gamma-knife.de\/de\/behandlungen-im-gamma-knife-zentrum\/"},{"@type":"ListItem","position":2,"name":"Kosten\u00fcbernahme"}]},{"@type":"WebSite","@id":"https:\/\/www.gamma-knife.de\/de\/#website","url":"https:\/\/www.gamma-knife.de\/de\/","name":"Gamma Knife Zentrum","description":"Gamma Knife Zentrum","publisher":{"@id":"https:\/\/www.gamma-knife.de\/de\/#organization"},"potentialAction":[{"@type":"SearchAction","target":{"@type":"EntryPoint","urlTemplate":"https:\/\/www.gamma-knife.de\/de\/?s={search_term_string}"},"query-input":{"@type":"PropertyValueSpecification","valueRequired":true,"valueName":"search_term_string"}}],"inLanguage":"de"},{"@type":"Organization","@id":"https:\/\/www.gamma-knife.de\/de\/#organization","name":"Gamma Knife Zentrum","url":"https:\/\/www.gamma-knife.de\/de\/","logo":{"@type":"ImageObject","inLanguage":"de","@id":"https:\/\/www.gamma-knife.de\/de\/#\/schema\/logo\/image\/","url":"https:\/\/www.gamma-knife.de\/wp-content\/uploads\/2020\/11\/Gamma-Knife-Logo-rgb.png","contentUrl":"https:\/\/www.gamma-knife.de\/wp-content\/uploads\/2020\/11\/Gamma-Knife-Logo-rgb.png","width":250,"height":97,"caption":"Gamma Knife Zentrum"},"image":{"@id":"https:\/\/www.gamma-knife.de\/de\/#\/schema\/logo\/image\/"}}]}},"_links":{"self":[{"href":"https:\/\/gamma-knife.de\/de\/wp-json\/wp\/v2\/pages\/1024","targetHints":{"allow":["GET"]}}],"collection":[{"href":"https:\/\/gamma-knife.de\/de\/wp-json\/wp\/v2\/pages"}],"about":[{"href":"https:\/\/gamma-knife.de\/de\/wp-json\/wp\/v2\/types\/page"}],"author":[{"embeddable":true,"href":"https:\/\/gamma-knife.de\/de\/wp-json\/wp\/v2\/users\/18"}],"replies":[{"embeddable":true,"href":"https:\/\/gamma-knife.de\/de\/wp-json\/wp\/v2\/comments?post=1024"}],"version-history":[{"count":78,"href":"https:\/\/gamma-knife.de\/de\/wp-json\/wp\/v2\/pages\/1024\/revisions"}],"predecessor-version":[{"id":19961,"href":"https:\/\/gamma-knife.de\/de\/wp-json\/wp\/v2\/pages\/1024\/revisions\/19961"}],"up":[{"embeddable":true,"href":"https:\/\/gamma-knife.de\/de\/wp-json\/wp\/v2\/pages\/920"}],"wp:attachment":[{"href":"https:\/\/gamma-knife.de\/de\/wp-json\/wp\/v2\/media?parent=1024"}],"curies":[{"name":"wp","href":"https:\/\/api.w.org\/{rel}","templated":true}]}}