{"id":11411,"date":"2023-06-01T15:15:00","date_gmt":"2023-06-01T13:15:00","guid":{"rendered":"https:\/\/gamma-knife.de\/?page_id=11411"},"modified":"2023-06-13T14:06:53","modified_gmt":"2023-06-13T12:06:53","slug":"upload","status":"publish","type":"page","link":"https:\/\/gamma-knife.de\/de\/upload\/","title":{"rendered":"Upload-Portal"},"content":{"rendered":"\n<h1 class=\"wp-block-heading\" id=\"h-upload-ihrer-befunde-und-bilder\">Upload Ihrer Befunde und Bilder<\/h1>\n\n\n\n<p>Wir freuen uns \u00fcber Ihr Interesse an unserer Einrichtung und bieten Ihnen in unserem Upload-Portal die M\u00f6glichkeit, Ihre radiologischen (Vor-) Befunde zur Vorbereitung des Gespr\u00e4chs mit einem unserer \u00c4rzte einfach und sicher elektronisch an uns zu \u00fcbermitteln (es gelten die <a href=\"https:\/\/gamma-knife.de\/de\/datenschutz\/\">Datenschutzbestimmungen<\/a> des MVZ Gamma Knife Zentrum). Selbstverst\u00e4ndlich k\u00f6nnen Sie uns auch weiterhin Ihre Befunde und Bilder postalisch zukommen lassen. Wichtig ist, dass die Unterlagen vollst\u00e4ndig vorliegen, ansonsten ist eine Beurteilung durch unsere \u00c4rzte nicht m\u00f6glich.<\/p>\n\n\n\n<p><strong>Wir ben\u00f6tigen von Ihnen folgende Unterlagen<\/strong>: <\/p>\n\n\n\n<ul class=\"wp-block-list\"><li>aktuelle MRT-Bilder des Sch\u00e4dels im DICOM-Format (nicht JPEG oder pdf)<\/li><li>dazugeh\u00f6rige Befunde\/Arztbriefe<\/li><li>OP-Berichte und Histologie<\/li><li>Idealerweise \u00dcberweisung f\u00fcr die Neurochirurgie (kann nachgereicht werden)<\/li><\/ul>\n\n\n\n<p>Bitte f\u00fcllen Sie auf den folgenden Seiten ALLE geforderten Angaben aus und w\u00e4hlen Sie, ob Sie eine Behandlung in Krefeld oder Hannover w\u00fcnschen. Ihre Angaben werden dann an den entsprechenden Standort weitergeleitet.<\/p>\n\n\n\n<p>Nach Sichtung setzen wir uns bzgl. des weiteren Vorgehens mit Ihnen in Verbindung.<\/p>\n","protected":false},"excerpt":{"rendered":"<p>Upload Ihrer Befunde und Bilder Wir freuen uns \u00fcber Ihr Interesse an unserer Einrichtung und bieten Ihnen in unserem Upload-Portal die M\u00f6glichkeit, Ihre radiologischen (Vor-) Befunde zur Vorbereitung des Gespr\u00e4chs mit einem unserer \u00c4rzte einfach und sicher elektronisch an uns zu \u00fcbermitteln (es gelten die Datenschutzbestimmungen des MVZ Gamma Knife Zentrum). Selbstverst\u00e4ndlich k\u00f6nnen Sie uns [&hellip;]<\/p>\n","protected":false},"author":17,"featured_media":6153,"parent":0,"menu_order":0,"comment_status":"closed","ping_status":"closed","template":"templates\/reimbursement-page.php","meta":{"_acf_changed":false,"footnotes":""},"class_list":["post-11411","page","type-page","status-publish","has-post-thumbnail","hentry"],"acf":[],"yoast_head":"<!-- This site is optimized with the Yoast SEO Premium plugin v26.1 (Yoast SEO v27.5) - https:\/\/yoast.com\/product\/yoast-seo-premium-wordpress\/ -->\n<title>Upload-Portal - Gamma Knife Zentrum<\/title>\n<meta name=\"description\" content=\"Sie k\u00f6nnen \u00fcber das Upload-Portal Ihre Unterlagen und Befunde ganz einfach an das Gamma Knife Zentrum schicken.\" \/>\n<meta name=\"robots\" content=\"index, follow, max-snippet:-1, max-image-preview:large, max-video-preview:-1\" \/>\n<link rel=\"canonical\" href=\"https:\/\/gamma-knife.de\/de\/upload\/\" \/>\n<meta property=\"og:locale\" content=\"de_DE\" \/>\n<meta property=\"og:type\" content=\"article\" \/>\n<meta property=\"og:title\" content=\"Upload-Portal\" \/>\n<meta property=\"og:description\" content=\"Sie k\u00f6nnen \u00fcber das Upload-Portal Ihre Unterlagen und Befunde ganz einfach an das Gamma Knife Zentrum schicken.\" \/>\n<meta property=\"og:url\" content=\"https:\/\/gamma-knife.de\/de\/upload\/\" \/>\n<meta property=\"og:site_name\" content=\"Gamma Knife Zentrum\" \/>\n<meta property=\"article:modified_time\" content=\"2023-06-13T12:06:53+00:00\" \/>\n<meta property=\"og:image\" content=\"https:\/\/www.gamma-knife.de\/wp-content\/uploads\/2020\/10\/Gamma-Knife-Hannover-Feindaten_41_web-neu-1.jpg\" \/>\n\t<meta property=\"og:image:width\" content=\"463\" \/>\n\t<meta property=\"og:image:height\" content=\"313\" \/>\n\t<meta property=\"og:image:type\" content=\"image\/jpeg\" \/>\n<meta name=\"twitter:card\" content=\"summary_large_image\" \/>\n<meta name=\"twitter:label1\" content=\"Gesch\u00e4tzte Lesezeit\" \/>\n\t<meta name=\"twitter:data1\" content=\"1\u00a0Minute\" \/>\n<script type=\"application\/ld+json\" class=\"yoast-schema-graph\">{\"@context\":\"https:\\\/\\\/schema.org\",\"@graph\":[{\"@type\":\"WebPage\",\"@id\":\"https:\\\/\\\/gamma-knife.de\\\/de\\\/upload\\\/\",\"url\":\"https:\\\/\\\/gamma-knife.de\\\/de\\\/upload\\\/\",\"name\":\"Upload-Portal - Gamma Knife Zentrum\",\"isPartOf\":{\"@id\":\"https:\\\/\\\/www.gamma-knife.de\\\/de\\\/#website\"},\"primaryImageOfPage\":{\"@id\":\"https:\\\/\\\/gamma-knife.de\\\/de\\\/upload\\\/#primaryimage\"},\"image\":{\"@id\":\"https:\\\/\\\/gamma-knife.de\\\/de\\\/upload\\\/#primaryimage\"},\"thumbnailUrl\":\"https:\\\/\\\/gamma-knife.de\\\/wp-content\\\/uploads\\\/2020\\\/10\\\/Gamma-Knife-Hannover-Feindaten_41_web-neu-1.jpg\",\"datePublished\":\"2023-06-01T13:15:00+00:00\",\"dateModified\":\"2023-06-13T12:06:53+00:00\",\"description\":\"Sie k\u00f6nnen \u00fcber das Upload-Portal Ihre Unterlagen und Befunde ganz einfach an das Gamma Knife Zentrum schicken.\",\"inLanguage\":\"de\",\"potentialAction\":[{\"@type\":\"ReadAction\",\"target\":[\"https:\\\/\\\/gamma-knife.de\\\/de\\\/upload\\\/\"]}]},{\"@type\":\"ImageObject\",\"inLanguage\":\"de\",\"@id\":\"https:\\\/\\\/gamma-knife.de\\\/de\\\/upload\\\/#primaryimage\",\"url\":\"https:\\\/\\\/gamma-knife.de\\\/wp-content\\\/uploads\\\/2020\\\/10\\\/Gamma-Knife-Hannover-Feindaten_41_web-neu-1.jpg\",\"contentUrl\":\"https:\\\/\\\/gamma-knife.de\\\/wp-content\\\/uploads\\\/2020\\\/10\\\/Gamma-Knife-Hannover-Feindaten_41_web-neu-1.jpg\",\"width\":463,\"height\":313},{\"@type\":\"WebSite\",\"@id\":\"https:\\\/\\\/www.gamma-knife.de\\\/de\\\/#website\",\"url\":\"https:\\\/\\\/www.gamma-knife.de\\\/de\\\/\",\"name\":\"Gamma Knife Zentrum\",\"description\":\"Gamma Knife Zentrum\",\"publisher\":{\"@id\":\"https:\\\/\\\/www.gamma-knife.de\\\/de\\\/#organization\"},\"potentialAction\":[{\"@type\":\"SearchAction\",\"target\":{\"@type\":\"EntryPoint\",\"urlTemplate\":\"https:\\\/\\\/www.gamma-knife.de\\\/de\\\/?s={search_term_string}\"},\"query-input\":{\"@type\":\"PropertyValueSpecification\",\"valueRequired\":true,\"valueName\":\"search_term_string\"}}],\"inLanguage\":\"de\"},{\"@type\":\"Organization\",\"@id\":\"https:\\\/\\\/www.gamma-knife.de\\\/de\\\/#organization\",\"name\":\"Gamma Knife Zentrum\",\"url\":\"https:\\\/\\\/www.gamma-knife.de\\\/de\\\/\",\"logo\":{\"@type\":\"ImageObject\",\"inLanguage\":\"de\",\"@id\":\"https:\\\/\\\/www.gamma-knife.de\\\/de\\\/#\\\/schema\\\/logo\\\/image\\\/\",\"url\":\"https:\\\/\\\/www.gamma-knife.de\\\/wp-content\\\/uploads\\\/2020\\\/11\\\/Gamma-Knife-Logo-rgb.png\",\"contentUrl\":\"https:\\\/\\\/www.gamma-knife.de\\\/wp-content\\\/uploads\\\/2020\\\/11\\\/Gamma-Knife-Logo-rgb.png\",\"width\":250,\"height\":97,\"caption\":\"Gamma Knife Zentrum\"},\"image\":{\"@id\":\"https:\\\/\\\/www.gamma-knife.de\\\/de\\\/#\\\/schema\\\/logo\\\/image\\\/\"}}]}<\/script>\n<!-- \/ Yoast SEO Premium plugin. -->","yoast_head_json":{"title":"Upload-Portal - Gamma Knife Zentrum","description":"Sie k\u00f6nnen \u00fcber das Upload-Portal Ihre Unterlagen und Befunde ganz einfach an das Gamma Knife Zentrum schicken.","robots":{"index":"index","follow":"follow","max-snippet":"max-snippet:-1","max-image-preview":"max-image-preview:large","max-video-preview":"max-video-preview:-1"},"canonical":"https:\/\/gamma-knife.de\/de\/upload\/","og_locale":"de_DE","og_type":"article","og_title":"Upload-Portal","og_description":"Sie k\u00f6nnen \u00fcber das Upload-Portal Ihre Unterlagen und Befunde ganz einfach an das Gamma Knife Zentrum schicken.","og_url":"https:\/\/gamma-knife.de\/de\/upload\/","og_site_name":"Gamma Knife Zentrum","article_modified_time":"2023-06-13T12:06:53+00:00","og_image":[{"width":463,"height":313,"url":"https:\/\/www.gamma-knife.de\/wp-content\/uploads\/2020\/10\/Gamma-Knife-Hannover-Feindaten_41_web-neu-1.jpg","type":"image\/jpeg"}],"twitter_card":"summary_large_image","twitter_misc":{"Gesch\u00e4tzte Lesezeit":"1\u00a0Minute"},"schema":{"@context":"https:\/\/schema.org","@graph":[{"@type":"WebPage","@id":"https:\/\/gamma-knife.de\/de\/upload\/","url":"https:\/\/gamma-knife.de\/de\/upload\/","name":"Upload-Portal - Gamma Knife Zentrum","isPartOf":{"@id":"https:\/\/www.gamma-knife.de\/de\/#website"},"primaryImageOfPage":{"@id":"https:\/\/gamma-knife.de\/de\/upload\/#primaryimage"},"image":{"@id":"https:\/\/gamma-knife.de\/de\/upload\/#primaryimage"},"thumbnailUrl":"https:\/\/gamma-knife.de\/wp-content\/uploads\/2020\/10\/Gamma-Knife-Hannover-Feindaten_41_web-neu-1.jpg","datePublished":"2023-06-01T13:15:00+00:00","dateModified":"2023-06-13T12:06:53+00:00","description":"Sie k\u00f6nnen \u00fcber das Upload-Portal Ihre Unterlagen und Befunde ganz einfach an das Gamma Knife Zentrum schicken.","inLanguage":"de","potentialAction":[{"@type":"ReadAction","target":["https:\/\/gamma-knife.de\/de\/upload\/"]}]},{"@type":"ImageObject","inLanguage":"de","@id":"https:\/\/gamma-knife.de\/de\/upload\/#primaryimage","url":"https:\/\/gamma-knife.de\/wp-content\/uploads\/2020\/10\/Gamma-Knife-Hannover-Feindaten_41_web-neu-1.jpg","contentUrl":"https:\/\/gamma-knife.de\/wp-content\/uploads\/2020\/10\/Gamma-Knife-Hannover-Feindaten_41_web-neu-1.jpg","width":463,"height":313},{"@type":"WebSite","@id":"https:\/\/www.gamma-knife.de\/de\/#website","url":"https:\/\/www.gamma-knife.de\/de\/","name":"Gamma Knife Zentrum","description":"Gamma Knife Zentrum","publisher":{"@id":"https:\/\/www.gamma-knife.de\/de\/#organization"},"potentialAction":[{"@type":"SearchAction","target":{"@type":"EntryPoint","urlTemplate":"https:\/\/www.gamma-knife.de\/de\/?s={search_term_string}"},"query-input":{"@type":"PropertyValueSpecification","valueRequired":true,"valueName":"search_term_string"}}],"inLanguage":"de"},{"@type":"Organization","@id":"https:\/\/www.gamma-knife.de\/de\/#organization","name":"Gamma Knife Zentrum","url":"https:\/\/www.gamma-knife.de\/de\/","logo":{"@type":"ImageObject","inLanguage":"de","@id":"https:\/\/www.gamma-knife.de\/de\/#\/schema\/logo\/image\/","url":"https:\/\/www.gamma-knife.de\/wp-content\/uploads\/2020\/11\/Gamma-Knife-Logo-rgb.png","contentUrl":"https:\/\/www.gamma-knife.de\/wp-content\/uploads\/2020\/11\/Gamma-Knife-Logo-rgb.png","width":250,"height":97,"caption":"Gamma Knife Zentrum"},"image":{"@id":"https:\/\/www.gamma-knife.de\/de\/#\/schema\/logo\/image\/"}}]}},"_links":{"self":[{"href":"https:\/\/gamma-knife.de\/de\/wp-json\/wp\/v2\/pages\/11411","targetHints":{"allow":["GET"]}}],"collection":[{"href":"https:\/\/gamma-knife.de\/de\/wp-json\/wp\/v2\/pages"}],"about":[{"href":"https:\/\/gamma-knife.de\/de\/wp-json\/wp\/v2\/types\/page"}],"author":[{"embeddable":true,"href":"https:\/\/gamma-knife.de\/de\/wp-json\/wp\/v2\/users\/17"}],"replies":[{"embeddable":true,"href":"https:\/\/gamma-knife.de\/de\/wp-json\/wp\/v2\/comments?post=11411"}],"version-history":[{"count":17,"href":"https:\/\/gamma-knife.de\/de\/wp-json\/wp\/v2\/pages\/11411\/revisions"}],"predecessor-version":[{"id":18980,"href":"https:\/\/gamma-knife.de\/de\/wp-json\/wp\/v2\/pages\/11411\/revisions\/18980"}],"wp:featuredmedia":[{"embeddable":true,"href":"https:\/\/gamma-knife.de\/de\/wp-json\/wp\/v2\/media\/6153"}],"wp:attachment":[{"href":"https:\/\/gamma-knife.de\/de\/wp-json\/wp\/v2\/media?parent=11411"}],"curies":[{"name":"wp","href":"https:\/\/api.w.org\/{rel}","templated":true}]}}