{"id":1185,"date":"2020-02-24T19:12:03","date_gmt":"2020-02-24T19:12:03","guid":{"rendered":"http:\/\/gamma\/?page_id=1185"},"modified":"2021-01-14T15:11:20","modified_gmt":"2021-01-14T14:11:20","slug":"erkrankungen-behandlung-im-gamma-knife-zentrum","status":"publish","type":"page","link":"https:\/\/gamma-knife.de\/de\/erkrankungen-behandlung-im-gamma-knife-zentrum\/","title":{"rendered":"Erkrankungen"},"content":{"rendered":"\n<p>Als Facharztzentrum f\u00fcr Radiochirurgie und stereotaktische Strahlentherapie behandeln wir gut- und b\u00f6sartige Tumore, Metastasen, Gef\u00e4\u00dfmissbildungen sowie funktionelle Erkrankungen. Daf\u00fcr verwenden wir stereotaktische Hochleistungsger\u00e4te der neuesten Generation. Dabei liegt der Einsatzbereich des <a href=\"https:\/\/www.gamma-knife.de\/de\/behandlung-gamma-knife-zentrum\/behandlung-mit-dem-gamma-knife-icon\/\">Gamma Knife Icon<\/a> im Kopfbereich. Das Leksell Gamma Knife von Elekta gilt als Goldstandard in der Radiochirurgie. Die einzigartige Behandlungsmethode wurde 1968 durch Lars Leksell begr\u00fcndet. St\u00e4ndige Weiterentwicklungen gew\u00e4hrleisten heute h\u00f6chste Effizienz. Bei sehr gro\u00dfen Tumoren sowie Tumoren im \u00fcbrigen K\u00f6rper setzen wir den <a href=\"https:\/\/www.gamma-knife.de\/de\/behandlung-gamma-knife-zentrum\/stereotaktischer-linearbeschleuniger\/\">stereotaktischen Linearbeschleuniger<\/a> ein. Die gro\u00dfe Innovation des stereotaktischen Linearbeschleunigers liegt in der absoluten Pr\u00e4zision der Strahlentherapie durch den integrierten Computertomografen.<\/p>\n\n\n\n<p>Seit 1998 haben wir \u00fcber 10.000 erfolgreiche Behandlungen durchgef\u00fchrt. Ein Erfolg, der f\u00fcr h\u00f6chste Qualit\u00e4t und Leistung in der Radiochirurgie steht.<br>Um unseren eigenen, hohen Anspr\u00fcchen stets gerecht zu werden, wurde von Anfang an ein leistungsf\u00e4higes Qualit\u00e4tsmanagement nach ISO 9001 eingerichtet. Damit ist das Gamma Knife Zentrum Krefeld\/Hannover eine radiochirurgische Einrichtung, in der nicht nur die Servicequalit\u00e4t, sondern der gesamte medizinische Behandlungsprozess dem Qualit\u00e4tsmanagement unterliegt. Und zwar bis hin zur Ergebniskontrolle. Das ist gut \u2013 f\u00fcr alle.<\/p>\n\n\n\n<p>Welche Art der Bestrahlung bei Ihnen zum Einsatz kommt, entscheiden wir nach Beurteilung der MRT-Bilder. Danach besprechen wir dies im pers\u00f6nlichen Aufkl\u00e4rungsgespr\u00e4ch mit Ihnen.<\/p>\n\n\n\n<p>Die folgenden Erkrankungen behandeln wir in unserem <a href=\"https:\/\/www.gamma-knife.de\/de\/standorte\/\">Gamma Knife Zentrum<\/a>. Kontaktieren Sie uns bei Fragen immer gerne, auch wenn Ihre Erkrankung hier nicht aufgef\u00fchrt ist. Wir wollen Ihnen helfen und stehen Ihnen bei der Beratung, der Behandlung und der Nachsorge bei. Denn daf\u00fcr sind wir da!<\/p>\n","protected":false},"excerpt":{"rendered":"<p>Erkrankungen<\/p>\n","protected":false},"author":18,"featured_media":1253,"parent":0,"menu_order":0,"comment_status":"closed","ping_status":"closed","template":"templates\/erkrankungen-page.php","meta":{"_acf_changed":false,"footnotes":""},"class_list":["post-1185","page","type-page","status-publish","has-post-thumbnail","hentry"],"acf":[],"yoast_head":"<!-- This site is optimized with the Yoast SEO Premium plugin v26.1 (Yoast SEO v27.3) - https:\/\/yoast.com\/product\/yoast-seo-premium-wordpress\/ -->\n<title>Erkrankungen: Behandlung im Gamma Knife Zentrum<\/title>\n<meta name=\"description\" content=\"Erkrankungen: Informieren Sie sich hier \u00fcber die Behandlung von gut- &amp; b\u00f6sartigen Tumoren, Metastasen, Gef\u00e4\u00dfmissbildungen und funktionellen Erkrankungen\" \/>\n<meta name=\"robots\" content=\"index, follow, max-snippet:-1, max-image-preview:large, max-video-preview:-1\" \/>\n<link rel=\"canonical\" href=\"https:\/\/gamma-knife.de\/de\/erkrankungen-behandlung-im-gamma-knife-zentrum\/\" \/>\n<meta property=\"og:locale\" content=\"de_DE\" \/>\n<meta property=\"og:type\" content=\"article\" \/>\n<meta property=\"og:title\" content=\"Erkrankungen\" \/>\n<meta property=\"og:description\" content=\"Erkrankungen: Informieren Sie sich hier \u00fcber die Behandlung von gut- &amp; b\u00f6sartigen Tumoren, Metastasen, Gef\u00e4\u00dfmissbildungen und funktionellen Erkrankungen\" \/>\n<meta property=\"og:url\" content=\"https:\/\/gamma-knife.de\/de\/erkrankungen-behandlung-im-gamma-knife-zentrum\/\" \/>\n<meta property=\"og:site_name\" content=\"Gamma Knife Zentrum\" \/>\n<meta property=\"article:modified_time\" content=\"2021-01-14T14:11:20+00:00\" \/>\n<meta property=\"og:image\" content=\"https:\/\/www.gamma-knife.de\/wp-content\/uploads\/2020\/02\/hirn.jpg\" \/>\n\t<meta property=\"og:image:width\" content=\"720\" \/>\n\t<meta property=\"og:image:height\" content=\"432\" \/>\n\t<meta property=\"og:image:type\" content=\"image\/jpeg\" \/>\n<meta name=\"twitter:card\" content=\"summary_large_image\" \/>\n<meta name=\"twitter:label1\" content=\"Gesch\u00e4tzte Lesezeit\" \/>\n\t<meta name=\"twitter:data1\" content=\"1\u00a0Minute\" \/>\n<script type=\"application\/ld+json\" class=\"yoast-schema-graph\">{\"@context\":\"https:\\\/\\\/schema.org\",\"@graph\":[{\"@type\":\"WebPage\",\"@id\":\"https:\\\/\\\/gamma-knife.de\\\/de\\\/erkrankungen-behandlung-im-gamma-knife-zentrum\\\/\",\"url\":\"https:\\\/\\\/gamma-knife.de\\\/de\\\/erkrankungen-behandlung-im-gamma-knife-zentrum\\\/\",\"name\":\"Erkrankungen: Behandlung im Gamma Knife Zentrum\",\"isPartOf\":{\"@id\":\"https:\\\/\\\/www.gamma-knife.de\\\/de\\\/#website\"},\"primaryImageOfPage\":{\"@id\":\"https:\\\/\\\/gamma-knife.de\\\/de\\\/erkrankungen-behandlung-im-gamma-knife-zentrum\\\/#primaryimage\"},\"image\":{\"@id\":\"https:\\\/\\\/gamma-knife.de\\\/de\\\/erkrankungen-behandlung-im-gamma-knife-zentrum\\\/#primaryimage\"},\"thumbnailUrl\":\"https:\\\/\\\/gamma-knife.de\\\/wp-content\\\/uploads\\\/2020\\\/02\\\/hirn.jpg\",\"datePublished\":\"2020-02-24T19:12:03+00:00\",\"dateModified\":\"2021-01-14T14:11:20+00:00\",\"description\":\"Erkrankungen: Informieren Sie sich hier \u00fcber die Behandlung von gut- & b\u00f6sartigen Tumoren, Metastasen, Gef\u00e4\u00dfmissbildungen und funktionellen Erkrankungen\",\"inLanguage\":\"de\",\"potentialAction\":[{\"@type\":\"ReadAction\",\"target\":[\"https:\\\/\\\/gamma-knife.de\\\/de\\\/erkrankungen-behandlung-im-gamma-knife-zentrum\\\/\"]}]},{\"@type\":\"ImageObject\",\"inLanguage\":\"de\",\"@id\":\"https:\\\/\\\/gamma-knife.de\\\/de\\\/erkrankungen-behandlung-im-gamma-knife-zentrum\\\/#primaryimage\",\"url\":\"https:\\\/\\\/gamma-knife.de\\\/wp-content\\\/uploads\\\/2020\\\/02\\\/hirn.jpg\",\"contentUrl\":\"https:\\\/\\\/gamma-knife.de\\\/wp-content\\\/uploads\\\/2020\\\/02\\\/hirn.jpg\",\"width\":720,\"height\":432,\"caption\":\"Erkrankungen\"},{\"@type\":\"WebSite\",\"@id\":\"https:\\\/\\\/www.gamma-knife.de\\\/de\\\/#website\",\"url\":\"https:\\\/\\\/www.gamma-knife.de\\\/de\\\/\",\"name\":\"Gamma Knife Zentrum\",\"description\":\"Gamma Knife Zentrum\",\"publisher\":{\"@id\":\"https:\\\/\\\/www.gamma-knife.de\\\/de\\\/#organization\"},\"potentialAction\":[{\"@type\":\"SearchAction\",\"target\":{\"@type\":\"EntryPoint\",\"urlTemplate\":\"https:\\\/\\\/www.gamma-knife.de\\\/de\\\/?s={search_term_string}\"},\"query-input\":{\"@type\":\"PropertyValueSpecification\",\"valueRequired\":true,\"valueName\":\"search_term_string\"}}],\"inLanguage\":\"de\"},{\"@type\":\"Organization\",\"@id\":\"https:\\\/\\\/www.gamma-knife.de\\\/de\\\/#organization\",\"name\":\"Gamma Knife Zentrum\",\"url\":\"https:\\\/\\\/www.gamma-knife.de\\\/de\\\/\",\"logo\":{\"@type\":\"ImageObject\",\"inLanguage\":\"de\",\"@id\":\"https:\\\/\\\/www.gamma-knife.de\\\/de\\\/#\\\/schema\\\/logo\\\/image\\\/\",\"url\":\"https:\\\/\\\/www.gamma-knife.de\\\/wp-content\\\/uploads\\\/2020\\\/11\\\/Gamma-Knife-Logo-rgb.png\",\"contentUrl\":\"https:\\\/\\\/www.gamma-knife.de\\\/wp-content\\\/uploads\\\/2020\\\/11\\\/Gamma-Knife-Logo-rgb.png\",\"width\":250,\"height\":97,\"caption\":\"Gamma Knife Zentrum\"},\"image\":{\"@id\":\"https:\\\/\\\/www.gamma-knife.de\\\/de\\\/#\\\/schema\\\/logo\\\/image\\\/\"}}]}<\/script>\n<!-- \/ Yoast SEO Premium plugin. -->","yoast_head_json":{"title":"Erkrankungen: Behandlung im Gamma Knife Zentrum","description":"Erkrankungen: Informieren Sie sich hier \u00fcber die Behandlung von gut- & b\u00f6sartigen Tumoren, Metastasen, Gef\u00e4\u00dfmissbildungen und funktionellen Erkrankungen","robots":{"index":"index","follow":"follow","max-snippet":"max-snippet:-1","max-image-preview":"max-image-preview:large","max-video-preview":"max-video-preview:-1"},"canonical":"https:\/\/gamma-knife.de\/de\/erkrankungen-behandlung-im-gamma-knife-zentrum\/","og_locale":"de_DE","og_type":"article","og_title":"Erkrankungen","og_description":"Erkrankungen: Informieren Sie sich hier \u00fcber die Behandlung von gut- & b\u00f6sartigen Tumoren, Metastasen, Gef\u00e4\u00dfmissbildungen und funktionellen Erkrankungen","og_url":"https:\/\/gamma-knife.de\/de\/erkrankungen-behandlung-im-gamma-knife-zentrum\/","og_site_name":"Gamma Knife Zentrum","article_modified_time":"2021-01-14T14:11:20+00:00","og_image":[{"width":720,"height":432,"url":"https:\/\/www.gamma-knife.de\/wp-content\/uploads\/2020\/02\/hirn.jpg","type":"image\/jpeg"}],"twitter_card":"summary_large_image","twitter_misc":{"Gesch\u00e4tzte Lesezeit":"1\u00a0Minute"},"schema":{"@context":"https:\/\/schema.org","@graph":[{"@type":"WebPage","@id":"https:\/\/gamma-knife.de\/de\/erkrankungen-behandlung-im-gamma-knife-zentrum\/","url":"https:\/\/gamma-knife.de\/de\/erkrankungen-behandlung-im-gamma-knife-zentrum\/","name":"Erkrankungen: Behandlung im Gamma Knife Zentrum","isPartOf":{"@id":"https:\/\/www.gamma-knife.de\/de\/#website"},"primaryImageOfPage":{"@id":"https:\/\/gamma-knife.de\/de\/erkrankungen-behandlung-im-gamma-knife-zentrum\/#primaryimage"},"image":{"@id":"https:\/\/gamma-knife.de\/de\/erkrankungen-behandlung-im-gamma-knife-zentrum\/#primaryimage"},"thumbnailUrl":"https:\/\/gamma-knife.de\/wp-content\/uploads\/2020\/02\/hirn.jpg","datePublished":"2020-02-24T19:12:03+00:00","dateModified":"2021-01-14T14:11:20+00:00","description":"Erkrankungen: Informieren Sie sich hier \u00fcber die Behandlung von gut- & b\u00f6sartigen Tumoren, Metastasen, Gef\u00e4\u00dfmissbildungen und funktionellen Erkrankungen","inLanguage":"de","potentialAction":[{"@type":"ReadAction","target":["https:\/\/gamma-knife.de\/de\/erkrankungen-behandlung-im-gamma-knife-zentrum\/"]}]},{"@type":"ImageObject","inLanguage":"de","@id":"https:\/\/gamma-knife.de\/de\/erkrankungen-behandlung-im-gamma-knife-zentrum\/#primaryimage","url":"https:\/\/gamma-knife.de\/wp-content\/uploads\/2020\/02\/hirn.jpg","contentUrl":"https:\/\/gamma-knife.de\/wp-content\/uploads\/2020\/02\/hirn.jpg","width":720,"height":432,"caption":"Erkrankungen"},{"@type":"WebSite","@id":"https:\/\/www.gamma-knife.de\/de\/#website","url":"https:\/\/www.gamma-knife.de\/de\/","name":"Gamma Knife Zentrum","description":"Gamma Knife Zentrum","publisher":{"@id":"https:\/\/www.gamma-knife.de\/de\/#organization"},"potentialAction":[{"@type":"SearchAction","target":{"@type":"EntryPoint","urlTemplate":"https:\/\/www.gamma-knife.de\/de\/?s={search_term_string}"},"query-input":{"@type":"PropertyValueSpecification","valueRequired":true,"valueName":"search_term_string"}}],"inLanguage":"de"},{"@type":"Organization","@id":"https:\/\/www.gamma-knife.de\/de\/#organization","name":"Gamma Knife Zentrum","url":"https:\/\/www.gamma-knife.de\/de\/","logo":{"@type":"ImageObject","inLanguage":"de","@id":"https:\/\/www.gamma-knife.de\/de\/#\/schema\/logo\/image\/","url":"https:\/\/www.gamma-knife.de\/wp-content\/uploads\/2020\/11\/Gamma-Knife-Logo-rgb.png","contentUrl":"https:\/\/www.gamma-knife.de\/wp-content\/uploads\/2020\/11\/Gamma-Knife-Logo-rgb.png","width":250,"height":97,"caption":"Gamma Knife Zentrum"},"image":{"@id":"https:\/\/www.gamma-knife.de\/de\/#\/schema\/logo\/image\/"}}]}},"_links":{"self":[{"href":"https:\/\/gamma-knife.de\/de\/wp-json\/wp\/v2\/pages\/1185","targetHints":{"allow":["GET"]}}],"collection":[{"href":"https:\/\/gamma-knife.de\/de\/wp-json\/wp\/v2\/pages"}],"about":[{"href":"https:\/\/gamma-knife.de\/de\/wp-json\/wp\/v2\/types\/page"}],"author":[{"embeddable":true,"href":"https:\/\/gamma-knife.de\/de\/wp-json\/wp\/v2\/users\/18"}],"replies":[{"embeddable":true,"href":"https:\/\/gamma-knife.de\/de\/wp-json\/wp\/v2\/comments?post=1185"}],"version-history":[{"count":60,"href":"https:\/\/gamma-knife.de\/de\/wp-json\/wp\/v2\/pages\/1185\/revisions"}],"predecessor-version":[{"id":6651,"href":"https:\/\/gamma-knife.de\/de\/wp-json\/wp\/v2\/pages\/1185\/revisions\/6651"}],"wp:featuredmedia":[{"embeddable":true,"href":"https:\/\/gamma-knife.de\/de\/wp-json\/wp\/v2\/media\/1253"}],"wp:attachment":[{"href":"https:\/\/gamma-knife.de\/de\/wp-json\/wp\/v2\/media?parent=1185"}],"curies":[{"name":"wp","href":"https:\/\/api.w.org\/{rel}","templated":true}]}}