{"id":1282,"date":"2020-02-24T21:21:13","date_gmt":"2020-02-24T21:21:13","guid":{"rendered":"http:\/\/gamma.webcoder-dev.com\/?page_id=1282"},"modified":"2021-09-03T09:24:53","modified_gmt":"2021-09-03T07:24:53","slug":"trigeminusneuralgie","status":"publish","type":"page","link":"https:\/\/gamma-knife.de\/de\/erkrankungen-behandlung-im-gamma-knife-zentrum\/hirntumor-erkrankungen\/trigeminusneuralgie\/","title":{"rendered":"Trigeminusneuralgie"},"content":{"rendered":"\n<p>Die Trigeminusneuralgie ist f\u00fcr Patienten h\u00e4ufig \u00fcber viele Jahre sehr belastend. Der Gesichtsschmerz beeintr\u00e4chtigt die Lebensqualit\u00e4t oft deutlich. Neben der Behandlung mit Schmerzmedikamenten ist die Operation eine M\u00f6glichkeit der Behandlung. Seit mehr als 40 Jahren stellt die Bestrahlung mit dem <a href=\"https:\/\/www.gamma-knife.de\/de\/behandlung-gamma-knife-zentrum\/behandlung-mit-dem-gamma-knife-icon\/\">Gamma Knife<\/a> bei anhaltendem Gesichtsschmerz eine schonende, alternative Behandlungsmethode dar.<\/p>\n\n\n\n<p><\/p>\n","protected":false},"excerpt":{"rendered":"<p>Die Trigeminusneuralgie ist f\u00fcr Patienten h\u00e4ufig \u00fcber viele Jahre sehr belastend. Der Gesichtsschmerz beeintr\u00e4chtigt die Lebensqualit\u00e4t oft deutlich. Neben der Behandlung mit Schmerzmedikamenten ist die Operation eine M\u00f6glichkeit der Behandlung. Seit mehr als 40 Jahren stellt die Bestrahlung mit dem Gamma Knife bei anhaltendem Gesichtsschmerz eine schonende, alternative Behandlungsmethode dar.<\/p>\n","protected":false},"author":18,"featured_media":4470,"parent":1250,"menu_order":0,"comment_status":"closed","ping_status":"closed","template":"templates\/disease-page.php","meta":{"_acf_changed":false,"footnotes":""},"class_list":["post-1282","page","type-page","status-publish","has-post-thumbnail","hentry"],"acf":[],"yoast_head":"<!-- This site is optimized with the Yoast SEO Premium plugin v26.1 (Yoast SEO v27.3) - https:\/\/yoast.com\/product\/yoast-seo-premium-wordpress\/ -->\n<title>Trigeminusneuralgie: Behandlungsoptionen im Gamma Knife Zentrum<\/title>\n<meta name=\"description\" content=\"Erfahren Sie hier alles \u00fcber die Behandlungsm\u00f6glichkeiten bei einer Trigeminusneuralgie im Gamma Knife Zentrum an den Standorten Krefeld un Hannover.\" \/>\n<meta name=\"robots\" content=\"index, follow, max-snippet:-1, max-image-preview:large, max-video-preview:-1\" \/>\n<link rel=\"canonical\" href=\"https:\/\/gamma-knife.de\/de\/erkrankungen-behandlung-im-gamma-knife-zentrum\/hirntumor-erkrankungen\/trigeminusneuralgie\/\" \/>\n<meta property=\"og:locale\" content=\"de_DE\" \/>\n<meta property=\"og:type\" content=\"article\" \/>\n<meta property=\"og:title\" content=\"Trigeminusneuralgie\" \/>\n<meta property=\"og:description\" content=\"Erfahren Sie hier alles \u00fcber die Behandlungsm\u00f6glichkeiten bei einer Trigeminusneuralgie im Gamma Knife Zentrum an den Standorten Krefeld un Hannover.\" \/>\n<meta property=\"og:url\" content=\"https:\/\/gamma-knife.de\/de\/erkrankungen-behandlung-im-gamma-knife-zentrum\/hirntumor-erkrankungen\/trigeminusneuralgie\/\" \/>\n<meta property=\"og:site_name\" content=\"Gamma Knife Zentrum\" \/>\n<meta property=\"article:modified_time\" content=\"2021-09-03T07:24:53+00:00\" \/>\n<meta property=\"og:image\" content=\"https:\/\/www.gamma-knife.de\/wp-content\/uploads\/2020\/05\/trigeminusneuralgie.jpg\" \/>\n\t<meta property=\"og:image:width\" content=\"148\" \/>\n\t<meta property=\"og:image:height\" content=\"148\" \/>\n\t<meta property=\"og:image:type\" content=\"image\/jpeg\" \/>\n<meta name=\"twitter:card\" content=\"summary_large_image\" \/>\n<meta name=\"twitter:label1\" content=\"Gesch\u00e4tzte Lesezeit\" \/>\n\t<meta name=\"twitter:data1\" content=\"1\u00a0Minute\" \/>\n<script type=\"application\/ld+json\" class=\"yoast-schema-graph\">{\"@context\":\"https:\\\/\\\/schema.org\",\"@graph\":[{\"@type\":\"WebPage\",\"@id\":\"https:\\\/\\\/gamma-knife.de\\\/de\\\/erkrankungen-behandlung-im-gamma-knife-zentrum\\\/hirntumor-erkrankungen\\\/trigeminusneuralgie\\\/\",\"url\":\"https:\\\/\\\/gamma-knife.de\\\/de\\\/erkrankungen-behandlung-im-gamma-knife-zentrum\\\/hirntumor-erkrankungen\\\/trigeminusneuralgie\\\/\",\"name\":\"Trigeminusneuralgie: Behandlungsoptionen im Gamma Knife Zentrum\",\"isPartOf\":{\"@id\":\"https:\\\/\\\/www.gamma-knife.de\\\/de\\\/#website\"},\"primaryImageOfPage\":{\"@id\":\"https:\\\/\\\/gamma-knife.de\\\/de\\\/erkrankungen-behandlung-im-gamma-knife-zentrum\\\/hirntumor-erkrankungen\\\/trigeminusneuralgie\\\/#primaryimage\"},\"image\":{\"@id\":\"https:\\\/\\\/gamma-knife.de\\\/de\\\/erkrankungen-behandlung-im-gamma-knife-zentrum\\\/hirntumor-erkrankungen\\\/trigeminusneuralgie\\\/#primaryimage\"},\"thumbnailUrl\":\"https:\\\/\\\/gamma-knife.de\\\/wp-content\\\/uploads\\\/2020\\\/05\\\/trigeminusneuralgie.jpg\",\"datePublished\":\"2020-02-24T21:21:13+00:00\",\"dateModified\":\"2021-09-03T07:24:53+00:00\",\"description\":\"Erfahren Sie hier alles \u00fcber die Behandlungsm\u00f6glichkeiten bei einer Trigeminusneuralgie im Gamma Knife Zentrum an den Standorten Krefeld un Hannover.\",\"breadcrumb\":{\"@id\":\"https:\\\/\\\/gamma-knife.de\\\/de\\\/erkrankungen-behandlung-im-gamma-knife-zentrum\\\/hirntumor-erkrankungen\\\/trigeminusneuralgie\\\/#breadcrumb\"},\"inLanguage\":\"de\",\"potentialAction\":[{\"@type\":\"ReadAction\",\"target\":[\"https:\\\/\\\/gamma-knife.de\\\/de\\\/erkrankungen-behandlung-im-gamma-knife-zentrum\\\/hirntumor-erkrankungen\\\/trigeminusneuralgie\\\/\"]}]},{\"@type\":\"ImageObject\",\"inLanguage\":\"de\",\"@id\":\"https:\\\/\\\/gamma-knife.de\\\/de\\\/erkrankungen-behandlung-im-gamma-knife-zentrum\\\/hirntumor-erkrankungen\\\/trigeminusneuralgie\\\/#primaryimage\",\"url\":\"https:\\\/\\\/gamma-knife.de\\\/wp-content\\\/uploads\\\/2020\\\/05\\\/trigeminusneuralgie.jpg\",\"contentUrl\":\"https:\\\/\\\/gamma-knife.de\\\/wp-content\\\/uploads\\\/2020\\\/05\\\/trigeminusneuralgie.jpg\",\"width\":148,\"height\":148,\"caption\":\"Trigeminusneuralgie\"},{\"@type\":\"BreadcrumbList\",\"@id\":\"https:\\\/\\\/gamma-knife.de\\\/de\\\/erkrankungen-behandlung-im-gamma-knife-zentrum\\\/hirntumor-erkrankungen\\\/trigeminusneuralgie\\\/#breadcrumb\",\"itemListElement\":[{\"@type\":\"ListItem\",\"position\":1,\"name\":\"Erkrankungen\",\"item\":\"https:\\\/\\\/www.gamma-knife.de\\\/de\\\/erkrankungen-behandlung-im-gamma-knife-zentrum\\\/\"},{\"@type\":\"ListItem\",\"position\":2,\"name\":\"Gehirn\",\"item\":\"https:\\\/\\\/www.gamma-knife.de\\\/de\\\/erkrankungen-behandlung-im-gamma-knife-zentrum\\\/hirntumor-erkrankungen\\\/\"},{\"@type\":\"ListItem\",\"position\":3,\"name\":\"Trigeminusneuralgie\"}]},{\"@type\":\"WebSite\",\"@id\":\"https:\\\/\\\/www.gamma-knife.de\\\/de\\\/#website\",\"url\":\"https:\\\/\\\/www.gamma-knife.de\\\/de\\\/\",\"name\":\"Gamma Knife Zentrum\",\"description\":\"Gamma Knife Zentrum\",\"publisher\":{\"@id\":\"https:\\\/\\\/www.gamma-knife.de\\\/de\\\/#organization\"},\"potentialAction\":[{\"@type\":\"SearchAction\",\"target\":{\"@type\":\"EntryPoint\",\"urlTemplate\":\"https:\\\/\\\/www.gamma-knife.de\\\/de\\\/?s={search_term_string}\"},\"query-input\":{\"@type\":\"PropertyValueSpecification\",\"valueRequired\":true,\"valueName\":\"search_term_string\"}}],\"inLanguage\":\"de\"},{\"@type\":\"Organization\",\"@id\":\"https:\\\/\\\/www.gamma-knife.de\\\/de\\\/#organization\",\"name\":\"Gamma Knife Zentrum\",\"url\":\"https:\\\/\\\/www.gamma-knife.de\\\/de\\\/\",\"logo\":{\"@type\":\"ImageObject\",\"inLanguage\":\"de\",\"@id\":\"https:\\\/\\\/www.gamma-knife.de\\\/de\\\/#\\\/schema\\\/logo\\\/image\\\/\",\"url\":\"https:\\\/\\\/www.gamma-knife.de\\\/wp-content\\\/uploads\\\/2020\\\/11\\\/Gamma-Knife-Logo-rgb.png\",\"contentUrl\":\"https:\\\/\\\/www.gamma-knife.de\\\/wp-content\\\/uploads\\\/2020\\\/11\\\/Gamma-Knife-Logo-rgb.png\",\"width\":250,\"height\":97,\"caption\":\"Gamma Knife Zentrum\"},\"image\":{\"@id\":\"https:\\\/\\\/www.gamma-knife.de\\\/de\\\/#\\\/schema\\\/logo\\\/image\\\/\"}}]}<\/script>\n<!-- \/ Yoast SEO Premium plugin. -->","yoast_head_json":{"title":"Trigeminusneuralgie: Behandlungsoptionen im Gamma Knife Zentrum","description":"Erfahren Sie hier alles \u00fcber die Behandlungsm\u00f6glichkeiten bei einer Trigeminusneuralgie im Gamma Knife Zentrum an den Standorten Krefeld un Hannover.","robots":{"index":"index","follow":"follow","max-snippet":"max-snippet:-1","max-image-preview":"max-image-preview:large","max-video-preview":"max-video-preview:-1"},"canonical":"https:\/\/gamma-knife.de\/de\/erkrankungen-behandlung-im-gamma-knife-zentrum\/hirntumor-erkrankungen\/trigeminusneuralgie\/","og_locale":"de_DE","og_type":"article","og_title":"Trigeminusneuralgie","og_description":"Erfahren Sie hier alles \u00fcber die Behandlungsm\u00f6glichkeiten bei einer Trigeminusneuralgie im Gamma Knife Zentrum an den Standorten Krefeld un Hannover.","og_url":"https:\/\/gamma-knife.de\/de\/erkrankungen-behandlung-im-gamma-knife-zentrum\/hirntumor-erkrankungen\/trigeminusneuralgie\/","og_site_name":"Gamma Knife Zentrum","article_modified_time":"2021-09-03T07:24:53+00:00","og_image":[{"width":148,"height":148,"url":"https:\/\/www.gamma-knife.de\/wp-content\/uploads\/2020\/05\/trigeminusneuralgie.jpg","type":"image\/jpeg"}],"twitter_card":"summary_large_image","twitter_misc":{"Gesch\u00e4tzte Lesezeit":"1\u00a0Minute"},"schema":{"@context":"https:\/\/schema.org","@graph":[{"@type":"WebPage","@id":"https:\/\/gamma-knife.de\/de\/erkrankungen-behandlung-im-gamma-knife-zentrum\/hirntumor-erkrankungen\/trigeminusneuralgie\/","url":"https:\/\/gamma-knife.de\/de\/erkrankungen-behandlung-im-gamma-knife-zentrum\/hirntumor-erkrankungen\/trigeminusneuralgie\/","name":"Trigeminusneuralgie: Behandlungsoptionen im Gamma Knife Zentrum","isPartOf":{"@id":"https:\/\/www.gamma-knife.de\/de\/#website"},"primaryImageOfPage":{"@id":"https:\/\/gamma-knife.de\/de\/erkrankungen-behandlung-im-gamma-knife-zentrum\/hirntumor-erkrankungen\/trigeminusneuralgie\/#primaryimage"},"image":{"@id":"https:\/\/gamma-knife.de\/de\/erkrankungen-behandlung-im-gamma-knife-zentrum\/hirntumor-erkrankungen\/trigeminusneuralgie\/#primaryimage"},"thumbnailUrl":"https:\/\/gamma-knife.de\/wp-content\/uploads\/2020\/05\/trigeminusneuralgie.jpg","datePublished":"2020-02-24T21:21:13+00:00","dateModified":"2021-09-03T07:24:53+00:00","description":"Erfahren Sie hier alles \u00fcber die Behandlungsm\u00f6glichkeiten bei einer Trigeminusneuralgie im Gamma Knife Zentrum an den Standorten Krefeld un Hannover.","breadcrumb":{"@id":"https:\/\/gamma-knife.de\/de\/erkrankungen-behandlung-im-gamma-knife-zentrum\/hirntumor-erkrankungen\/trigeminusneuralgie\/#breadcrumb"},"inLanguage":"de","potentialAction":[{"@type":"ReadAction","target":["https:\/\/gamma-knife.de\/de\/erkrankungen-behandlung-im-gamma-knife-zentrum\/hirntumor-erkrankungen\/trigeminusneuralgie\/"]}]},{"@type":"ImageObject","inLanguage":"de","@id":"https:\/\/gamma-knife.de\/de\/erkrankungen-behandlung-im-gamma-knife-zentrum\/hirntumor-erkrankungen\/trigeminusneuralgie\/#primaryimage","url":"https:\/\/gamma-knife.de\/wp-content\/uploads\/2020\/05\/trigeminusneuralgie.jpg","contentUrl":"https:\/\/gamma-knife.de\/wp-content\/uploads\/2020\/05\/trigeminusneuralgie.jpg","width":148,"height":148,"caption":"Trigeminusneuralgie"},{"@type":"BreadcrumbList","@id":"https:\/\/gamma-knife.de\/de\/erkrankungen-behandlung-im-gamma-knife-zentrum\/hirntumor-erkrankungen\/trigeminusneuralgie\/#breadcrumb","itemListElement":[{"@type":"ListItem","position":1,"name":"Erkrankungen","item":"https:\/\/www.gamma-knife.de\/de\/erkrankungen-behandlung-im-gamma-knife-zentrum\/"},{"@type":"ListItem","position":2,"name":"Gehirn","item":"https:\/\/www.gamma-knife.de\/de\/erkrankungen-behandlung-im-gamma-knife-zentrum\/hirntumor-erkrankungen\/"},{"@type":"ListItem","position":3,"name":"Trigeminusneuralgie"}]},{"@type":"WebSite","@id":"https:\/\/www.gamma-knife.de\/de\/#website","url":"https:\/\/www.gamma-knife.de\/de\/","name":"Gamma Knife Zentrum","description":"Gamma Knife Zentrum","publisher":{"@id":"https:\/\/www.gamma-knife.de\/de\/#organization"},"potentialAction":[{"@type":"SearchAction","target":{"@type":"EntryPoint","urlTemplate":"https:\/\/www.gamma-knife.de\/de\/?s={search_term_string}"},"query-input":{"@type":"PropertyValueSpecification","valueRequired":true,"valueName":"search_term_string"}}],"inLanguage":"de"},{"@type":"Organization","@id":"https:\/\/www.gamma-knife.de\/de\/#organization","name":"Gamma Knife Zentrum","url":"https:\/\/www.gamma-knife.de\/de\/","logo":{"@type":"ImageObject","inLanguage":"de","@id":"https:\/\/www.gamma-knife.de\/de\/#\/schema\/logo\/image\/","url":"https:\/\/www.gamma-knife.de\/wp-content\/uploads\/2020\/11\/Gamma-Knife-Logo-rgb.png","contentUrl":"https:\/\/www.gamma-knife.de\/wp-content\/uploads\/2020\/11\/Gamma-Knife-Logo-rgb.png","width":250,"height":97,"caption":"Gamma Knife Zentrum"},"image":{"@id":"https:\/\/www.gamma-knife.de\/de\/#\/schema\/logo\/image\/"}}]}},"_links":{"self":[{"href":"https:\/\/gamma-knife.de\/de\/wp-json\/wp\/v2\/pages\/1282","targetHints":{"allow":["GET"]}}],"collection":[{"href":"https:\/\/gamma-knife.de\/de\/wp-json\/wp\/v2\/pages"}],"about":[{"href":"https:\/\/gamma-knife.de\/de\/wp-json\/wp\/v2\/types\/page"}],"author":[{"embeddable":true,"href":"https:\/\/gamma-knife.de\/de\/wp-json\/wp\/v2\/users\/18"}],"replies":[{"embeddable":true,"href":"https:\/\/gamma-knife.de\/de\/wp-json\/wp\/v2\/comments?post=1282"}],"version-history":[{"count":87,"href":"https:\/\/gamma-knife.de\/de\/wp-json\/wp\/v2\/pages\/1282\/revisions"}],"predecessor-version":[{"id":7902,"href":"https:\/\/gamma-knife.de\/de\/wp-json\/wp\/v2\/pages\/1282\/revisions\/7902"}],"up":[{"embeddable":true,"href":"https:\/\/gamma-knife.de\/de\/wp-json\/wp\/v2\/pages\/1250"}],"wp:featuredmedia":[{"embeddable":true,"href":"https:\/\/gamma-knife.de\/de\/wp-json\/wp\/v2\/media\/4470"}],"wp:attachment":[{"href":"https:\/\/gamma-knife.de\/de\/wp-json\/wp\/v2\/media?parent=1282"}],"curies":[{"name":"wp","href":"https:\/\/api.w.org\/{rel}","templated":true}]}}