{"id":1291,"date":"2020-02-25T12:30:04","date_gmt":"2020-02-25T11:30:04","guid":{"rendered":"http:\/\/gamma.webcoder-dev.com\/?page_id=1291"},"modified":"2025-04-14T09:22:38","modified_gmt":"2025-04-14T07:22:38","slug":"faq-hilfreiche-antworten","status":"publish","type":"page","link":"https:\/\/gamma-knife.de\/de\/faq-hilfreiche-antworten\/","title":{"rendered":"FAQ &#8211; Hilfreiche Antworten"},"content":{"rendered":"\n<p>Sie haben gerade viel um die Ohren; haben \u00c4ngste, machen sich Sorgen und w\u00fcrden gerne noch ganz viel von uns wissen?<\/p>\n\n\n\n<p>Seien Sie beruhigt \u2013 bei uns sind Sie damit nicht allein \u2013 weder vor, w\u00e4hrend, noch nach der eigentlichen Behandlung. Wir sind zwar keine Wellnesseinrichtung, sondern ein medizinisches Hochleistungszentrum, doch legen wir neben der fach\u00e4rztlichen Versorgung im besonderen Ma\u00dfe Wert auf Ihr Wohlbefinden. Das beginnt schon damit, dass es bei uns keine Wartezeiten gibt. Da es bei uns zum einen keine Akutbehandlungen gibt und sich zum anderen der zeitliche Ablauf einzelner Behandlungen gut voraussagen l\u00e4sst, k\u00f6nnen wir mit Ihnen sehr genau Termine vereinbaren. So muss keiner warten.<\/p>\n\n\n\n<p>Im Folgenden finden Sie bereits zahlreiche Antworten und Informationen zu h\u00e4ufig gestellten Fragen hinsichtlich Behandlung, Ablauf und vielem mehr. F\u00fcr alle weiteren stehen wir Ihnen gerne pers\u00f6nlich zur Verf\u00fcgung.<\/p>\n","protected":false},"excerpt":{"rendered":"<p>Sie haben gerade viel um die Ohren; haben \u00c4ngste, machen sich Sorgen und w\u00fcrden gerne noch ganz viel von uns wissen? Seien Sie beruhigt \u2013 bei uns sind Sie damit nicht allein \u2013 weder vor, w\u00e4hrend, noch nach der eigentlichen Behandlung. Wir sind zwar keine Wellnesseinrichtung, sondern ein medizinisches Hochleistungszentrum, doch legen wir neben der [&hellip;]<\/p>\n","protected":false},"author":18,"featured_media":0,"parent":0,"menu_order":0,"comment_status":"closed","ping_status":"closed","template":"templates\/faq-page.php","meta":{"_acf_changed":false,"footnotes":""},"class_list":["post-1291","page","type-page","status-publish","hentry"],"acf":[],"yoast_head":"<!-- This site is optimized with the Yoast SEO Premium plugin v26.1 (Yoast SEO v27.4) - https:\/\/yoast.com\/product\/yoast-seo-premium-wordpress\/ -->\n<title>FAQ - Hilfreiche Antworten - Gamma Knife Zentrum<\/title>\n<meta name=\"robots\" content=\"index, follow, max-snippet:-1, max-image-preview:large, max-video-preview:-1\" \/>\n<link rel=\"canonical\" href=\"https:\/\/gamma-knife.de\/de\/faq-hilfreiche-antworten\/\" \/>\n<meta property=\"og:locale\" content=\"de_DE\" \/>\n<meta property=\"og:type\" content=\"article\" \/>\n<meta property=\"og:title\" content=\"FAQ - Hilfreiche Antworten\" \/>\n<meta property=\"og:description\" content=\"Sie haben gerade viel um die Ohren; haben \u00c4ngste, machen sich Sorgen und w\u00fcrden gerne noch ganz viel von uns wissen? Seien Sie beruhigt \u2013 bei uns sind Sie damit nicht allein \u2013 weder vor, w\u00e4hrend, noch nach der eigentlichen Behandlung. Wir sind zwar keine Wellnesseinrichtung, sondern ein medizinisches Hochleistungszentrum, doch legen wir neben der [&hellip;]\" \/>\n<meta property=\"og:url\" content=\"https:\/\/gamma-knife.de\/de\/faq-hilfreiche-antworten\/\" \/>\n<meta property=\"og:site_name\" content=\"Gamma Knife Zentrum\" \/>\n<meta property=\"article:modified_time\" content=\"2025-04-14T07:22:38+00:00\" \/>\n<meta name=\"twitter:card\" content=\"summary_large_image\" \/>\n<meta name=\"twitter:label1\" content=\"Gesch\u00e4tzte Lesezeit\" \/>\n\t<meta name=\"twitter:data1\" content=\"8\u00a0Minuten\" \/>\n<script type=\"application\/ld+json\" class=\"yoast-schema-graph\">{\"@context\":\"https:\\\/\\\/schema.org\",\"@graph\":[{\"@type\":\"WebPage\",\"@id\":\"https:\\\/\\\/gamma-knife.de\\\/de\\\/faq-hilfreiche-antworten\\\/\",\"url\":\"https:\\\/\\\/gamma-knife.de\\\/de\\\/faq-hilfreiche-antworten\\\/\",\"name\":\"FAQ - Hilfreiche Antworten - Gamma Knife Zentrum\",\"isPartOf\":{\"@id\":\"https:\\\/\\\/www.gamma-knife.de\\\/de\\\/#website\"},\"datePublished\":\"2020-02-25T11:30:04+00:00\",\"dateModified\":\"2025-04-14T07:22:38+00:00\",\"inLanguage\":\"de\",\"potentialAction\":[{\"@type\":\"ReadAction\",\"target\":[\"https:\\\/\\\/gamma-knife.de\\\/de\\\/faq-hilfreiche-antworten\\\/\"]}]},{\"@type\":\"WebSite\",\"@id\":\"https:\\\/\\\/www.gamma-knife.de\\\/de\\\/#website\",\"url\":\"https:\\\/\\\/www.gamma-knife.de\\\/de\\\/\",\"name\":\"Gamma Knife Zentrum\",\"description\":\"Gamma Knife Zentrum\",\"publisher\":{\"@id\":\"https:\\\/\\\/www.gamma-knife.de\\\/de\\\/#organization\"},\"potentialAction\":[{\"@type\":\"SearchAction\",\"target\":{\"@type\":\"EntryPoint\",\"urlTemplate\":\"https:\\\/\\\/www.gamma-knife.de\\\/de\\\/?s={search_term_string}\"},\"query-input\":{\"@type\":\"PropertyValueSpecification\",\"valueRequired\":true,\"valueName\":\"search_term_string\"}}],\"inLanguage\":\"de\"},{\"@type\":\"Organization\",\"@id\":\"https:\\\/\\\/www.gamma-knife.de\\\/de\\\/#organization\",\"name\":\"Gamma Knife Zentrum\",\"url\":\"https:\\\/\\\/www.gamma-knife.de\\\/de\\\/\",\"logo\":{\"@type\":\"ImageObject\",\"inLanguage\":\"de\",\"@id\":\"https:\\\/\\\/www.gamma-knife.de\\\/de\\\/#\\\/schema\\\/logo\\\/image\\\/\",\"url\":\"https:\\\/\\\/www.gamma-knife.de\\\/wp-content\\\/uploads\\\/2020\\\/11\\\/Gamma-Knife-Logo-rgb.png\",\"contentUrl\":\"https:\\\/\\\/www.gamma-knife.de\\\/wp-content\\\/uploads\\\/2020\\\/11\\\/Gamma-Knife-Logo-rgb.png\",\"width\":250,\"height\":97,\"caption\":\"Gamma Knife Zentrum\"},\"image\":{\"@id\":\"https:\\\/\\\/www.gamma-knife.de\\\/de\\\/#\\\/schema\\\/logo\\\/image\\\/\"}}]}<\/script>\n<!-- \/ Yoast SEO Premium plugin. -->","yoast_head_json":{"title":"FAQ - Hilfreiche Antworten - Gamma Knife Zentrum","robots":{"index":"index","follow":"follow","max-snippet":"max-snippet:-1","max-image-preview":"max-image-preview:large","max-video-preview":"max-video-preview:-1"},"canonical":"https:\/\/gamma-knife.de\/de\/faq-hilfreiche-antworten\/","og_locale":"de_DE","og_type":"article","og_title":"FAQ - Hilfreiche Antworten","og_description":"Sie haben gerade viel um die Ohren; haben \u00c4ngste, machen sich Sorgen und w\u00fcrden gerne noch ganz viel von uns wissen? Seien Sie beruhigt \u2013 bei uns sind Sie damit nicht allein \u2013 weder vor, w\u00e4hrend, noch nach der eigentlichen Behandlung. Wir sind zwar keine Wellnesseinrichtung, sondern ein medizinisches Hochleistungszentrum, doch legen wir neben der [&hellip;]","og_url":"https:\/\/gamma-knife.de\/de\/faq-hilfreiche-antworten\/","og_site_name":"Gamma Knife Zentrum","article_modified_time":"2025-04-14T07:22:38+00:00","twitter_card":"summary_large_image","twitter_misc":{"Gesch\u00e4tzte Lesezeit":"8\u00a0Minuten"},"schema":{"@context":"https:\/\/schema.org","@graph":[{"@type":"WebPage","@id":"https:\/\/gamma-knife.de\/de\/faq-hilfreiche-antworten\/","url":"https:\/\/gamma-knife.de\/de\/faq-hilfreiche-antworten\/","name":"FAQ - Hilfreiche Antworten - Gamma Knife Zentrum","isPartOf":{"@id":"https:\/\/www.gamma-knife.de\/de\/#website"},"datePublished":"2020-02-25T11:30:04+00:00","dateModified":"2025-04-14T07:22:38+00:00","inLanguage":"de","potentialAction":[{"@type":"ReadAction","target":["https:\/\/gamma-knife.de\/de\/faq-hilfreiche-antworten\/"]}]},{"@type":"WebSite","@id":"https:\/\/www.gamma-knife.de\/de\/#website","url":"https:\/\/www.gamma-knife.de\/de\/","name":"Gamma Knife Zentrum","description":"Gamma Knife Zentrum","publisher":{"@id":"https:\/\/www.gamma-knife.de\/de\/#organization"},"potentialAction":[{"@type":"SearchAction","target":{"@type":"EntryPoint","urlTemplate":"https:\/\/www.gamma-knife.de\/de\/?s={search_term_string}"},"query-input":{"@type":"PropertyValueSpecification","valueRequired":true,"valueName":"search_term_string"}}],"inLanguage":"de"},{"@type":"Organization","@id":"https:\/\/www.gamma-knife.de\/de\/#organization","name":"Gamma Knife Zentrum","url":"https:\/\/www.gamma-knife.de\/de\/","logo":{"@type":"ImageObject","inLanguage":"de","@id":"https:\/\/www.gamma-knife.de\/de\/#\/schema\/logo\/image\/","url":"https:\/\/www.gamma-knife.de\/wp-content\/uploads\/2020\/11\/Gamma-Knife-Logo-rgb.png","contentUrl":"https:\/\/www.gamma-knife.de\/wp-content\/uploads\/2020\/11\/Gamma-Knife-Logo-rgb.png","width":250,"height":97,"caption":"Gamma Knife Zentrum"},"image":{"@id":"https:\/\/www.gamma-knife.de\/de\/#\/schema\/logo\/image\/"}}]}},"_links":{"self":[{"href":"https:\/\/gamma-knife.de\/de\/wp-json\/wp\/v2\/pages\/1291","targetHints":{"allow":["GET"]}}],"collection":[{"href":"https:\/\/gamma-knife.de\/de\/wp-json\/wp\/v2\/pages"}],"about":[{"href":"https:\/\/gamma-knife.de\/de\/wp-json\/wp\/v2\/types\/page"}],"author":[{"embeddable":true,"href":"https:\/\/gamma-knife.de\/de\/wp-json\/wp\/v2\/users\/18"}],"replies":[{"embeddable":true,"href":"https:\/\/gamma-knife.de\/de\/wp-json\/wp\/v2\/comments?post=1291"}],"version-history":[{"count":55,"href":"https:\/\/gamma-knife.de\/de\/wp-json\/wp\/v2\/pages\/1291\/revisions"}],"predecessor-version":[{"id":19967,"href":"https:\/\/gamma-knife.de\/de\/wp-json\/wp\/v2\/pages\/1291\/revisions\/19967"}],"wp:attachment":[{"href":"https:\/\/gamma-knife.de\/de\/wp-json\/wp\/v2\/media?parent=1291"}],"curies":[{"name":"wp","href":"https:\/\/api.w.org\/{rel}","templated":true}]}}