{"id":1811,"date":"2020-03-05T08:00:12","date_gmt":"2020-03-05T08:00:12","guid":{"rendered":"http:\/\/web139.s238.goserver.host\/?page_id=1811"},"modified":"2020-11-03T13:31:48","modified_gmt":"2020-11-03T12:31:48","slug":"hypophysenadenom","status":"publish","type":"page","link":"https:\/\/gamma-knife.de\/de\/erkrankungen-behandlung-im-gamma-knife-zentrum\/hirntumor-erkrankungen\/hypophysenadenom\/","title":{"rendered":"Hypophysenadenome"},"content":{"rendered":"\n<p>Operation, medikament\u00f6se Behandlung oder Bestrahlung \u2013 Es gibt unterschiedliche Methoden. Das h\u00e4ngt davon ab, ob nach der Entfernung eines Hypophysenadenoms noch Reste vorhanden sind, oder ob es sich um einen wiederkehrenden Tumor (Rezidivtumor) handelt.  <\/p>\n\n\n\n<p>Es ist oft schwierig, die Vor- und Nachteile der verschiedenen medizinischen Alternativen abzusch\u00e4tzen. Dabei sollte vor allem eine Frage im Zentrum stehen: Wie kann ich die Risiken f\u00fcr meinen K\u00f6rper m\u00f6glichst gering halten?<\/p>\n\n\n\n<p>Im Folgenden erfahren Sie, warum die Behandlung mit dem Gamma Knife bei einem Rest- oder Rezidivtumor der Hypophyse die beste Wahl f\u00fcr Sie ist.<\/p>\n","protected":false},"excerpt":{"rendered":"<p>Operation, medikament\u00f6se Behandlung oder Bestrahlung \u2013 Es gibt unterschiedliche Methoden. Das h\u00e4ngt davon ab, ob nach der Entfernung eines Hypophysenadenoms noch Reste vorhanden sind, oder ob es sich um einen wiederkehrenden Tumor (Rezidivtumor) handelt. Es ist oft schwierig, die Vor- und Nachteile der verschiedenen medizinischen Alternativen abzusch\u00e4tzen. Dabei sollte vor allem eine Frage im Zentrum [&hellip;]<\/p>\n","protected":false},"author":18,"featured_media":4458,"parent":1250,"menu_order":0,"comment_status":"closed","ping_status":"closed","template":"templates\/disease-page.php","meta":{"_acf_changed":false,"footnotes":""},"class_list":["post-1811","page","type-page","status-publish","has-post-thumbnail","hentry"],"acf":[],"yoast_head":"<!-- This site is optimized with the Yoast SEO Premium plugin v26.1 (Yoast SEO v27.3) - https:\/\/yoast.com\/product\/yoast-seo-premium-wordpress\/ -->\n<title>Hypophysenadenom: Behandlungsoptionen im Gamma Knife Zentrum<\/title>\n<meta name=\"description\" content=\"Erfahren Sie hier alles \u00fcber die Behandlungsm\u00f6glichkeiten bei einem Hypophysenadenom im Gamma Knife Zentrum an den Standorten Krefeld und Hannover.\" \/>\n<meta name=\"robots\" content=\"index, follow, max-snippet:-1, max-image-preview:large, max-video-preview:-1\" \/>\n<link rel=\"canonical\" href=\"https:\/\/gamma-knife.de\/de\/erkrankungen-behandlung-im-gamma-knife-zentrum\/hirntumor-erkrankungen\/hypophysenadenom\/\" \/>\n<meta property=\"og:locale\" content=\"de_DE\" \/>\n<meta property=\"og:type\" content=\"article\" \/>\n<meta property=\"og:title\" content=\"Hypophysenadenome\" \/>\n<meta property=\"og:description\" content=\"Erfahren Sie hier alles \u00fcber die Behandlungsm\u00f6glichkeiten bei einem Hypophysenadenom im Gamma Knife Zentrum an den Standorten Krefeld und Hannover.\" \/>\n<meta property=\"og:url\" content=\"https:\/\/gamma-knife.de\/de\/erkrankungen-behandlung-im-gamma-knife-zentrum\/hirntumor-erkrankungen\/hypophysenadenom\/\" \/>\n<meta property=\"og:site_name\" content=\"Gamma Knife Zentrum\" \/>\n<meta property=\"article:modified_time\" content=\"2020-11-03T12:31:48+00:00\" \/>\n<meta property=\"og:image\" content=\"https:\/\/gamma-knife.de\/wp-content\/uploads\/2020\/05\/hypophysenadenom.jpg\" \/>\n\t<meta property=\"og:image:width\" content=\"148\" \/>\n\t<meta property=\"og:image:height\" content=\"148\" \/>\n\t<meta property=\"og:image:type\" content=\"image\/jpeg\" \/>\n<meta name=\"twitter:card\" content=\"summary_large_image\" \/>\n<script type=\"application\/ld+json\" class=\"yoast-schema-graph\">{\"@context\":\"https:\\\/\\\/schema.org\",\"@graph\":[{\"@type\":\"WebPage\",\"@id\":\"https:\\\/\\\/gamma-knife.de\\\/de\\\/erkrankungen-behandlung-im-gamma-knife-zentrum\\\/hirntumor-erkrankungen\\\/hypophysenadenom\\\/\",\"url\":\"https:\\\/\\\/gamma-knife.de\\\/de\\\/erkrankungen-behandlung-im-gamma-knife-zentrum\\\/hirntumor-erkrankungen\\\/hypophysenadenom\\\/\",\"name\":\"Hypophysenadenom: Behandlungsoptionen im Gamma Knife Zentrum\",\"isPartOf\":{\"@id\":\"https:\\\/\\\/www.gamma-knife.de\\\/de\\\/#website\"},\"primaryImageOfPage\":{\"@id\":\"https:\\\/\\\/gamma-knife.de\\\/de\\\/erkrankungen-behandlung-im-gamma-knife-zentrum\\\/hirntumor-erkrankungen\\\/hypophysenadenom\\\/#primaryimage\"},\"image\":{\"@id\":\"https:\\\/\\\/gamma-knife.de\\\/de\\\/erkrankungen-behandlung-im-gamma-knife-zentrum\\\/hirntumor-erkrankungen\\\/hypophysenadenom\\\/#primaryimage\"},\"thumbnailUrl\":\"https:\\\/\\\/gamma-knife.de\\\/wp-content\\\/uploads\\\/2020\\\/05\\\/hypophysenadenom.jpg\",\"datePublished\":\"2020-03-05T08:00:12+00:00\",\"dateModified\":\"2020-11-03T12:31:48+00:00\",\"description\":\"Erfahren Sie hier alles \u00fcber die Behandlungsm\u00f6glichkeiten bei einem Hypophysenadenom im Gamma Knife Zentrum an den Standorten Krefeld und Hannover.\",\"breadcrumb\":{\"@id\":\"https:\\\/\\\/gamma-knife.de\\\/de\\\/erkrankungen-behandlung-im-gamma-knife-zentrum\\\/hirntumor-erkrankungen\\\/hypophysenadenom\\\/#breadcrumb\"},\"inLanguage\":\"de\",\"potentialAction\":[{\"@type\":\"ReadAction\",\"target\":[\"https:\\\/\\\/gamma-knife.de\\\/de\\\/erkrankungen-behandlung-im-gamma-knife-zentrum\\\/hirntumor-erkrankungen\\\/hypophysenadenom\\\/\"]}]},{\"@type\":\"ImageObject\",\"inLanguage\":\"de\",\"@id\":\"https:\\\/\\\/gamma-knife.de\\\/de\\\/erkrankungen-behandlung-im-gamma-knife-zentrum\\\/hirntumor-erkrankungen\\\/hypophysenadenom\\\/#primaryimage\",\"url\":\"https:\\\/\\\/gamma-knife.de\\\/wp-content\\\/uploads\\\/2020\\\/05\\\/hypophysenadenom.jpg\",\"contentUrl\":\"https:\\\/\\\/gamma-knife.de\\\/wp-content\\\/uploads\\\/2020\\\/05\\\/hypophysenadenom.jpg\",\"width\":148,\"height\":148,\"caption\":\"Hypophysenadenom\"},{\"@type\":\"BreadcrumbList\",\"@id\":\"https:\\\/\\\/gamma-knife.de\\\/de\\\/erkrankungen-behandlung-im-gamma-knife-zentrum\\\/hirntumor-erkrankungen\\\/hypophysenadenom\\\/#breadcrumb\",\"itemListElement\":[{\"@type\":\"ListItem\",\"position\":1,\"name\":\"Erkrankungen\",\"item\":\"https:\\\/\\\/www.gamma-knife.de\\\/de\\\/erkrankungen-behandlung-im-gamma-knife-zentrum\\\/\"},{\"@type\":\"ListItem\",\"position\":2,\"name\":\"Gehirn\",\"item\":\"https:\\\/\\\/www.gamma-knife.de\\\/de\\\/erkrankungen-behandlung-im-gamma-knife-zentrum\\\/hirntumor-erkrankungen\\\/\"},{\"@type\":\"ListItem\",\"position\":3,\"name\":\"Hypophysenadenome\"}]},{\"@type\":\"WebSite\",\"@id\":\"https:\\\/\\\/www.gamma-knife.de\\\/de\\\/#website\",\"url\":\"https:\\\/\\\/www.gamma-knife.de\\\/de\\\/\",\"name\":\"Gamma Knife Zentrum\",\"description\":\"Gamma Knife Zentrum\",\"publisher\":{\"@id\":\"https:\\\/\\\/www.gamma-knife.de\\\/de\\\/#organization\"},\"potentialAction\":[{\"@type\":\"SearchAction\",\"target\":{\"@type\":\"EntryPoint\",\"urlTemplate\":\"https:\\\/\\\/www.gamma-knife.de\\\/de\\\/?s={search_term_string}\"},\"query-input\":{\"@type\":\"PropertyValueSpecification\",\"valueRequired\":true,\"valueName\":\"search_term_string\"}}],\"inLanguage\":\"de\"},{\"@type\":\"Organization\",\"@id\":\"https:\\\/\\\/www.gamma-knife.de\\\/de\\\/#organization\",\"name\":\"Gamma Knife Zentrum\",\"url\":\"https:\\\/\\\/www.gamma-knife.de\\\/de\\\/\",\"logo\":{\"@type\":\"ImageObject\",\"inLanguage\":\"de\",\"@id\":\"https:\\\/\\\/www.gamma-knife.de\\\/de\\\/#\\\/schema\\\/logo\\\/image\\\/\",\"url\":\"https:\\\/\\\/www.gamma-knife.de\\\/wp-content\\\/uploads\\\/2020\\\/11\\\/Gamma-Knife-Logo-rgb.png\",\"contentUrl\":\"https:\\\/\\\/www.gamma-knife.de\\\/wp-content\\\/uploads\\\/2020\\\/11\\\/Gamma-Knife-Logo-rgb.png\",\"width\":250,\"height\":97,\"caption\":\"Gamma Knife Zentrum\"},\"image\":{\"@id\":\"https:\\\/\\\/www.gamma-knife.de\\\/de\\\/#\\\/schema\\\/logo\\\/image\\\/\"}}]}<\/script>\n<!-- \/ Yoast SEO Premium plugin. -->","yoast_head_json":{"title":"Hypophysenadenom: Behandlungsoptionen im Gamma Knife Zentrum","description":"Erfahren Sie hier alles \u00fcber die Behandlungsm\u00f6glichkeiten bei einem Hypophysenadenom im Gamma Knife Zentrum an den Standorten Krefeld und Hannover.","robots":{"index":"index","follow":"follow","max-snippet":"max-snippet:-1","max-image-preview":"max-image-preview:large","max-video-preview":"max-video-preview:-1"},"canonical":"https:\/\/gamma-knife.de\/de\/erkrankungen-behandlung-im-gamma-knife-zentrum\/hirntumor-erkrankungen\/hypophysenadenom\/","og_locale":"de_DE","og_type":"article","og_title":"Hypophysenadenome","og_description":"Erfahren Sie hier alles \u00fcber die Behandlungsm\u00f6glichkeiten bei einem Hypophysenadenom im Gamma Knife Zentrum an den Standorten Krefeld und Hannover.","og_url":"https:\/\/gamma-knife.de\/de\/erkrankungen-behandlung-im-gamma-knife-zentrum\/hirntumor-erkrankungen\/hypophysenadenom\/","og_site_name":"Gamma Knife Zentrum","article_modified_time":"2020-11-03T12:31:48+00:00","og_image":[{"width":148,"height":148,"url":"https:\/\/gamma-knife.de\/wp-content\/uploads\/2020\/05\/hypophysenadenom.jpg","type":"image\/jpeg"}],"twitter_card":"summary_large_image","schema":{"@context":"https:\/\/schema.org","@graph":[{"@type":"WebPage","@id":"https:\/\/gamma-knife.de\/de\/erkrankungen-behandlung-im-gamma-knife-zentrum\/hirntumor-erkrankungen\/hypophysenadenom\/","url":"https:\/\/gamma-knife.de\/de\/erkrankungen-behandlung-im-gamma-knife-zentrum\/hirntumor-erkrankungen\/hypophysenadenom\/","name":"Hypophysenadenom: Behandlungsoptionen im Gamma Knife Zentrum","isPartOf":{"@id":"https:\/\/www.gamma-knife.de\/de\/#website"},"primaryImageOfPage":{"@id":"https:\/\/gamma-knife.de\/de\/erkrankungen-behandlung-im-gamma-knife-zentrum\/hirntumor-erkrankungen\/hypophysenadenom\/#primaryimage"},"image":{"@id":"https:\/\/gamma-knife.de\/de\/erkrankungen-behandlung-im-gamma-knife-zentrum\/hirntumor-erkrankungen\/hypophysenadenom\/#primaryimage"},"thumbnailUrl":"https:\/\/gamma-knife.de\/wp-content\/uploads\/2020\/05\/hypophysenadenom.jpg","datePublished":"2020-03-05T08:00:12+00:00","dateModified":"2020-11-03T12:31:48+00:00","description":"Erfahren Sie hier alles \u00fcber die Behandlungsm\u00f6glichkeiten bei einem Hypophysenadenom im Gamma Knife Zentrum an den Standorten Krefeld und Hannover.","breadcrumb":{"@id":"https:\/\/gamma-knife.de\/de\/erkrankungen-behandlung-im-gamma-knife-zentrum\/hirntumor-erkrankungen\/hypophysenadenom\/#breadcrumb"},"inLanguage":"de","potentialAction":[{"@type":"ReadAction","target":["https:\/\/gamma-knife.de\/de\/erkrankungen-behandlung-im-gamma-knife-zentrum\/hirntumor-erkrankungen\/hypophysenadenom\/"]}]},{"@type":"ImageObject","inLanguage":"de","@id":"https:\/\/gamma-knife.de\/de\/erkrankungen-behandlung-im-gamma-knife-zentrum\/hirntumor-erkrankungen\/hypophysenadenom\/#primaryimage","url":"https:\/\/gamma-knife.de\/wp-content\/uploads\/2020\/05\/hypophysenadenom.jpg","contentUrl":"https:\/\/gamma-knife.de\/wp-content\/uploads\/2020\/05\/hypophysenadenom.jpg","width":148,"height":148,"caption":"Hypophysenadenom"},{"@type":"BreadcrumbList","@id":"https:\/\/gamma-knife.de\/de\/erkrankungen-behandlung-im-gamma-knife-zentrum\/hirntumor-erkrankungen\/hypophysenadenom\/#breadcrumb","itemListElement":[{"@type":"ListItem","position":1,"name":"Erkrankungen","item":"https:\/\/www.gamma-knife.de\/de\/erkrankungen-behandlung-im-gamma-knife-zentrum\/"},{"@type":"ListItem","position":2,"name":"Gehirn","item":"https:\/\/www.gamma-knife.de\/de\/erkrankungen-behandlung-im-gamma-knife-zentrum\/hirntumor-erkrankungen\/"},{"@type":"ListItem","position":3,"name":"Hypophysenadenome"}]},{"@type":"WebSite","@id":"https:\/\/www.gamma-knife.de\/de\/#website","url":"https:\/\/www.gamma-knife.de\/de\/","name":"Gamma Knife Zentrum","description":"Gamma Knife Zentrum","publisher":{"@id":"https:\/\/www.gamma-knife.de\/de\/#organization"},"potentialAction":[{"@type":"SearchAction","target":{"@type":"EntryPoint","urlTemplate":"https:\/\/www.gamma-knife.de\/de\/?s={search_term_string}"},"query-input":{"@type":"PropertyValueSpecification","valueRequired":true,"valueName":"search_term_string"}}],"inLanguage":"de"},{"@type":"Organization","@id":"https:\/\/www.gamma-knife.de\/de\/#organization","name":"Gamma Knife Zentrum","url":"https:\/\/www.gamma-knife.de\/de\/","logo":{"@type":"ImageObject","inLanguage":"de","@id":"https:\/\/www.gamma-knife.de\/de\/#\/schema\/logo\/image\/","url":"https:\/\/www.gamma-knife.de\/wp-content\/uploads\/2020\/11\/Gamma-Knife-Logo-rgb.png","contentUrl":"https:\/\/www.gamma-knife.de\/wp-content\/uploads\/2020\/11\/Gamma-Knife-Logo-rgb.png","width":250,"height":97,"caption":"Gamma Knife Zentrum"},"image":{"@id":"https:\/\/www.gamma-knife.de\/de\/#\/schema\/logo\/image\/"}}]}},"_links":{"self":[{"href":"https:\/\/gamma-knife.de\/de\/wp-json\/wp\/v2\/pages\/1811","targetHints":{"allow":["GET"]}}],"collection":[{"href":"https:\/\/gamma-knife.de\/de\/wp-json\/wp\/v2\/pages"}],"about":[{"href":"https:\/\/gamma-knife.de\/de\/wp-json\/wp\/v2\/types\/page"}],"author":[{"embeddable":true,"href":"https:\/\/gamma-knife.de\/de\/wp-json\/wp\/v2\/users\/18"}],"replies":[{"embeddable":true,"href":"https:\/\/gamma-knife.de\/de\/wp-json\/wp\/v2\/comments?post=1811"}],"version-history":[{"count":86,"href":"https:\/\/gamma-knife.de\/de\/wp-json\/wp\/v2\/pages\/1811\/revisions"}],"predecessor-version":[{"id":6535,"href":"https:\/\/gamma-knife.de\/de\/wp-json\/wp\/v2\/pages\/1811\/revisions\/6535"}],"up":[{"embeddable":true,"href":"https:\/\/gamma-knife.de\/de\/wp-json\/wp\/v2\/pages\/1250"}],"wp:featuredmedia":[{"embeddable":true,"href":"https:\/\/gamma-knife.de\/de\/wp-json\/wp\/v2\/media\/4458"}],"wp:attachment":[{"href":"https:\/\/gamma-knife.de\/de\/wp-json\/wp\/v2\/media?parent=1811"}],"curies":[{"name":"wp","href":"https:\/\/api.w.org\/{rel}","templated":true}]}}