{"id":1837,"date":"2020-03-05T11:02:06","date_gmt":"2020-03-05T11:02:06","guid":{"rendered":"http:\/\/web139.s238.goserver.host\/?page_id=1837"},"modified":"2020-11-10T08:53:46","modified_gmt":"2020-11-10T07:53:46","slug":"metastasen","status":"publish","type":"page","link":"https:\/\/gamma-knife.de\/de\/erkrankungen-behandlung-im-gamma-knife-zentrum\/hirntumor-erkrankungen\/metastasen\/","title":{"rendered":"Hirnmetastasen"},"content":{"rendered":"\n<p>Hirnmetastasen sind tumor\u00f6se Absiedlungen von Krebszellen aus dem \u00fcbrigen K\u00f6rper. H\u00e4ufig sind Lungenkrebs, Brustkrebs oder schwarzer Hautkrebs die Ursache f\u00fcr Hirnmetastasen. Es k\u00f6nnen einzelne oder auch mehrere Tumore vorliegen. Je nach Histologie und Anzahl der Metastasen wird die Therapie (Operation, Ganzhirnbestrahlung, Radiochirurgie) geplant. In aller Regel wird auch die Immuntherapie bzw. Chemotherapie angewandt. Im Folgenden geben wir Ihnen einen \u00dcberblick \u00fcber die Erkrankung.<\/p>\n","protected":false},"excerpt":{"rendered":"<p>Hirnmetastasen sind tumor\u00f6se Absiedlungen von Krebszellen aus dem \u00fcbrigen K\u00f6rper. H\u00e4ufig sind Lungenkrebs, Brustkrebs oder schwarzer Hautkrebs die Ursache f\u00fcr Hirnmetastasen. Es k\u00f6nnen einzelne oder auch mehrere Tumore vorliegen. Je nach Histologie und Anzahl der Metastasen wird die Therapie (Operation, Ganzhirnbestrahlung, Radiochirurgie) geplant. In aller Regel wird auch die Immuntherapie bzw. Chemotherapie angewandt. Im Folgenden [&hellip;]<\/p>\n","protected":false},"author":18,"featured_media":4466,"parent":1250,"menu_order":0,"comment_status":"closed","ping_status":"closed","template":"templates\/disease-page.php","meta":{"_acf_changed":false,"footnotes":""},"class_list":["post-1837","page","type-page","status-publish","has-post-thumbnail","hentry"],"acf":[],"yoast_head":"<!-- This site is optimized with the Yoast SEO Premium plugin v26.1 (Yoast SEO v27.3) - https:\/\/yoast.com\/product\/yoast-seo-premium-wordpress\/ -->\n<title>Metastasen im Gehirn: Behandlungsm\u00f6glichkeiten mit dem Gamma Knife<\/title>\n<meta name=\"description\" content=\"Erfahren Sie hier alles \u00fcber die Behandlungsoptionen bei Metastasen im Gehirn im Gamma Knife Zentrum an den Standorten Hannover oder Krefeld.\" \/>\n<meta name=\"robots\" content=\"index, follow, max-snippet:-1, max-image-preview:large, max-video-preview:-1\" \/>\n<link rel=\"canonical\" href=\"https:\/\/gamma-knife.de\/de\/erkrankungen-behandlung-im-gamma-knife-zentrum\/hirntumor-erkrankungen\/metastasen\/\" \/>\n<meta property=\"og:locale\" content=\"de_DE\" \/>\n<meta property=\"og:type\" content=\"article\" \/>\n<meta property=\"og:title\" content=\"Hirnmetastasen\" \/>\n<meta property=\"og:description\" content=\"Erfahren Sie hier alles \u00fcber die Behandlungsoptionen bei Metastasen im Gehirn im Gamma Knife Zentrum an den Standorten Hannover oder Krefeld.\" \/>\n<meta property=\"og:url\" content=\"https:\/\/gamma-knife.de\/de\/erkrankungen-behandlung-im-gamma-knife-zentrum\/hirntumor-erkrankungen\/metastasen\/\" \/>\n<meta property=\"og:site_name\" content=\"Gamma Knife Zentrum\" \/>\n<meta property=\"article:modified_time\" content=\"2020-11-10T07:53:46+00:00\" \/>\n<meta property=\"og:image\" content=\"https:\/\/gamma-knife.de\/wp-content\/uploads\/2020\/05\/metastase.jpg\" \/>\n\t<meta property=\"og:image:width\" content=\"148\" \/>\n\t<meta property=\"og:image:height\" content=\"148\" \/>\n\t<meta property=\"og:image:type\" content=\"image\/jpeg\" \/>\n<meta name=\"twitter:card\" content=\"summary_large_image\" \/>\n<script type=\"application\/ld+json\" class=\"yoast-schema-graph\">{\"@context\":\"https:\\\/\\\/schema.org\",\"@graph\":[{\"@type\":\"WebPage\",\"@id\":\"https:\\\/\\\/gamma-knife.de\\\/de\\\/erkrankungen-behandlung-im-gamma-knife-zentrum\\\/hirntumor-erkrankungen\\\/metastasen\\\/\",\"url\":\"https:\\\/\\\/gamma-knife.de\\\/de\\\/erkrankungen-behandlung-im-gamma-knife-zentrum\\\/hirntumor-erkrankungen\\\/metastasen\\\/\",\"name\":\"Metastasen im Gehirn: Behandlungsm\u00f6glichkeiten mit dem Gamma Knife\",\"isPartOf\":{\"@id\":\"https:\\\/\\\/www.gamma-knife.de\\\/de\\\/#website\"},\"primaryImageOfPage\":{\"@id\":\"https:\\\/\\\/gamma-knife.de\\\/de\\\/erkrankungen-behandlung-im-gamma-knife-zentrum\\\/hirntumor-erkrankungen\\\/metastasen\\\/#primaryimage\"},\"image\":{\"@id\":\"https:\\\/\\\/gamma-knife.de\\\/de\\\/erkrankungen-behandlung-im-gamma-knife-zentrum\\\/hirntumor-erkrankungen\\\/metastasen\\\/#primaryimage\"},\"thumbnailUrl\":\"https:\\\/\\\/gamma-knife.de\\\/wp-content\\\/uploads\\\/2020\\\/05\\\/metastase.jpg\",\"datePublished\":\"2020-03-05T11:02:06+00:00\",\"dateModified\":\"2020-11-10T07:53:46+00:00\",\"description\":\"Erfahren Sie hier alles \u00fcber die Behandlungsoptionen bei Metastasen im Gehirn im Gamma Knife Zentrum an den Standorten Hannover oder Krefeld.\",\"breadcrumb\":{\"@id\":\"https:\\\/\\\/gamma-knife.de\\\/de\\\/erkrankungen-behandlung-im-gamma-knife-zentrum\\\/hirntumor-erkrankungen\\\/metastasen\\\/#breadcrumb\"},\"inLanguage\":\"de\",\"potentialAction\":[{\"@type\":\"ReadAction\",\"target\":[\"https:\\\/\\\/gamma-knife.de\\\/de\\\/erkrankungen-behandlung-im-gamma-knife-zentrum\\\/hirntumor-erkrankungen\\\/metastasen\\\/\"]}]},{\"@type\":\"ImageObject\",\"inLanguage\":\"de\",\"@id\":\"https:\\\/\\\/gamma-knife.de\\\/de\\\/erkrankungen-behandlung-im-gamma-knife-zentrum\\\/hirntumor-erkrankungen\\\/metastasen\\\/#primaryimage\",\"url\":\"https:\\\/\\\/gamma-knife.de\\\/wp-content\\\/uploads\\\/2020\\\/05\\\/metastase.jpg\",\"contentUrl\":\"https:\\\/\\\/gamma-knife.de\\\/wp-content\\\/uploads\\\/2020\\\/05\\\/metastase.jpg\",\"width\":148,\"height\":148,\"caption\":\"Metastasen\"},{\"@type\":\"BreadcrumbList\",\"@id\":\"https:\\\/\\\/gamma-knife.de\\\/de\\\/erkrankungen-behandlung-im-gamma-knife-zentrum\\\/hirntumor-erkrankungen\\\/metastasen\\\/#breadcrumb\",\"itemListElement\":[{\"@type\":\"ListItem\",\"position\":1,\"name\":\"Erkrankungen\",\"item\":\"https:\\\/\\\/www.gamma-knife.de\\\/de\\\/erkrankungen-behandlung-im-gamma-knife-zentrum\\\/\"},{\"@type\":\"ListItem\",\"position\":2,\"name\":\"Gehirn\",\"item\":\"https:\\\/\\\/www.gamma-knife.de\\\/de\\\/erkrankungen-behandlung-im-gamma-knife-zentrum\\\/hirntumor-erkrankungen\\\/\"},{\"@type\":\"ListItem\",\"position\":3,\"name\":\"Hirnmetastasen\"}]},{\"@type\":\"WebSite\",\"@id\":\"https:\\\/\\\/www.gamma-knife.de\\\/de\\\/#website\",\"url\":\"https:\\\/\\\/www.gamma-knife.de\\\/de\\\/\",\"name\":\"Gamma Knife Zentrum\",\"description\":\"Gamma Knife Zentrum\",\"publisher\":{\"@id\":\"https:\\\/\\\/www.gamma-knife.de\\\/de\\\/#organization\"},\"potentialAction\":[{\"@type\":\"SearchAction\",\"target\":{\"@type\":\"EntryPoint\",\"urlTemplate\":\"https:\\\/\\\/www.gamma-knife.de\\\/de\\\/?s={search_term_string}\"},\"query-input\":{\"@type\":\"PropertyValueSpecification\",\"valueRequired\":true,\"valueName\":\"search_term_string\"}}],\"inLanguage\":\"de\"},{\"@type\":\"Organization\",\"@id\":\"https:\\\/\\\/www.gamma-knife.de\\\/de\\\/#organization\",\"name\":\"Gamma Knife Zentrum\",\"url\":\"https:\\\/\\\/www.gamma-knife.de\\\/de\\\/\",\"logo\":{\"@type\":\"ImageObject\",\"inLanguage\":\"de\",\"@id\":\"https:\\\/\\\/www.gamma-knife.de\\\/de\\\/#\\\/schema\\\/logo\\\/image\\\/\",\"url\":\"https:\\\/\\\/www.gamma-knife.de\\\/wp-content\\\/uploads\\\/2020\\\/11\\\/Gamma-Knife-Logo-rgb.png\",\"contentUrl\":\"https:\\\/\\\/www.gamma-knife.de\\\/wp-content\\\/uploads\\\/2020\\\/11\\\/Gamma-Knife-Logo-rgb.png\",\"width\":250,\"height\":97,\"caption\":\"Gamma Knife Zentrum\"},\"image\":{\"@id\":\"https:\\\/\\\/www.gamma-knife.de\\\/de\\\/#\\\/schema\\\/logo\\\/image\\\/\"}}]}<\/script>\n<!-- \/ Yoast SEO Premium plugin. -->","yoast_head_json":{"title":"Metastasen im Gehirn: Behandlungsm\u00f6glichkeiten mit dem Gamma Knife","description":"Erfahren Sie hier alles \u00fcber die Behandlungsoptionen bei Metastasen im Gehirn im Gamma Knife Zentrum an den Standorten Hannover oder Krefeld.","robots":{"index":"index","follow":"follow","max-snippet":"max-snippet:-1","max-image-preview":"max-image-preview:large","max-video-preview":"max-video-preview:-1"},"canonical":"https:\/\/gamma-knife.de\/de\/erkrankungen-behandlung-im-gamma-knife-zentrum\/hirntumor-erkrankungen\/metastasen\/","og_locale":"de_DE","og_type":"article","og_title":"Hirnmetastasen","og_description":"Erfahren Sie hier alles \u00fcber die Behandlungsoptionen bei Metastasen im Gehirn im Gamma Knife Zentrum an den Standorten Hannover oder Krefeld.","og_url":"https:\/\/gamma-knife.de\/de\/erkrankungen-behandlung-im-gamma-knife-zentrum\/hirntumor-erkrankungen\/metastasen\/","og_site_name":"Gamma Knife Zentrum","article_modified_time":"2020-11-10T07:53:46+00:00","og_image":[{"width":148,"height":148,"url":"https:\/\/gamma-knife.de\/wp-content\/uploads\/2020\/05\/metastase.jpg","type":"image\/jpeg"}],"twitter_card":"summary_large_image","schema":{"@context":"https:\/\/schema.org","@graph":[{"@type":"WebPage","@id":"https:\/\/gamma-knife.de\/de\/erkrankungen-behandlung-im-gamma-knife-zentrum\/hirntumor-erkrankungen\/metastasen\/","url":"https:\/\/gamma-knife.de\/de\/erkrankungen-behandlung-im-gamma-knife-zentrum\/hirntumor-erkrankungen\/metastasen\/","name":"Metastasen im Gehirn: Behandlungsm\u00f6glichkeiten mit dem Gamma Knife","isPartOf":{"@id":"https:\/\/www.gamma-knife.de\/de\/#website"},"primaryImageOfPage":{"@id":"https:\/\/gamma-knife.de\/de\/erkrankungen-behandlung-im-gamma-knife-zentrum\/hirntumor-erkrankungen\/metastasen\/#primaryimage"},"image":{"@id":"https:\/\/gamma-knife.de\/de\/erkrankungen-behandlung-im-gamma-knife-zentrum\/hirntumor-erkrankungen\/metastasen\/#primaryimage"},"thumbnailUrl":"https:\/\/gamma-knife.de\/wp-content\/uploads\/2020\/05\/metastase.jpg","datePublished":"2020-03-05T11:02:06+00:00","dateModified":"2020-11-10T07:53:46+00:00","description":"Erfahren Sie hier alles \u00fcber die Behandlungsoptionen bei Metastasen im Gehirn im Gamma Knife Zentrum an den Standorten Hannover oder Krefeld.","breadcrumb":{"@id":"https:\/\/gamma-knife.de\/de\/erkrankungen-behandlung-im-gamma-knife-zentrum\/hirntumor-erkrankungen\/metastasen\/#breadcrumb"},"inLanguage":"de","potentialAction":[{"@type":"ReadAction","target":["https:\/\/gamma-knife.de\/de\/erkrankungen-behandlung-im-gamma-knife-zentrum\/hirntumor-erkrankungen\/metastasen\/"]}]},{"@type":"ImageObject","inLanguage":"de","@id":"https:\/\/gamma-knife.de\/de\/erkrankungen-behandlung-im-gamma-knife-zentrum\/hirntumor-erkrankungen\/metastasen\/#primaryimage","url":"https:\/\/gamma-knife.de\/wp-content\/uploads\/2020\/05\/metastase.jpg","contentUrl":"https:\/\/gamma-knife.de\/wp-content\/uploads\/2020\/05\/metastase.jpg","width":148,"height":148,"caption":"Metastasen"},{"@type":"BreadcrumbList","@id":"https:\/\/gamma-knife.de\/de\/erkrankungen-behandlung-im-gamma-knife-zentrum\/hirntumor-erkrankungen\/metastasen\/#breadcrumb","itemListElement":[{"@type":"ListItem","position":1,"name":"Erkrankungen","item":"https:\/\/www.gamma-knife.de\/de\/erkrankungen-behandlung-im-gamma-knife-zentrum\/"},{"@type":"ListItem","position":2,"name":"Gehirn","item":"https:\/\/www.gamma-knife.de\/de\/erkrankungen-behandlung-im-gamma-knife-zentrum\/hirntumor-erkrankungen\/"},{"@type":"ListItem","position":3,"name":"Hirnmetastasen"}]},{"@type":"WebSite","@id":"https:\/\/www.gamma-knife.de\/de\/#website","url":"https:\/\/www.gamma-knife.de\/de\/","name":"Gamma Knife Zentrum","description":"Gamma Knife Zentrum","publisher":{"@id":"https:\/\/www.gamma-knife.de\/de\/#organization"},"potentialAction":[{"@type":"SearchAction","target":{"@type":"EntryPoint","urlTemplate":"https:\/\/www.gamma-knife.de\/de\/?s={search_term_string}"},"query-input":{"@type":"PropertyValueSpecification","valueRequired":true,"valueName":"search_term_string"}}],"inLanguage":"de"},{"@type":"Organization","@id":"https:\/\/www.gamma-knife.de\/de\/#organization","name":"Gamma Knife Zentrum","url":"https:\/\/www.gamma-knife.de\/de\/","logo":{"@type":"ImageObject","inLanguage":"de","@id":"https:\/\/www.gamma-knife.de\/de\/#\/schema\/logo\/image\/","url":"https:\/\/www.gamma-knife.de\/wp-content\/uploads\/2020\/11\/Gamma-Knife-Logo-rgb.png","contentUrl":"https:\/\/www.gamma-knife.de\/wp-content\/uploads\/2020\/11\/Gamma-Knife-Logo-rgb.png","width":250,"height":97,"caption":"Gamma Knife Zentrum"},"image":{"@id":"https:\/\/www.gamma-knife.de\/de\/#\/schema\/logo\/image\/"}}]}},"_links":{"self":[{"href":"https:\/\/gamma-knife.de\/de\/wp-json\/wp\/v2\/pages\/1837","targetHints":{"allow":["GET"]}}],"collection":[{"href":"https:\/\/gamma-knife.de\/de\/wp-json\/wp\/v2\/pages"}],"about":[{"href":"https:\/\/gamma-knife.de\/de\/wp-json\/wp\/v2\/types\/page"}],"author":[{"embeddable":true,"href":"https:\/\/gamma-knife.de\/de\/wp-json\/wp\/v2\/users\/18"}],"replies":[{"embeddable":true,"href":"https:\/\/gamma-knife.de\/de\/wp-json\/wp\/v2\/comments?post=1837"}],"version-history":[{"count":147,"href":"https:\/\/gamma-knife.de\/de\/wp-json\/wp\/v2\/pages\/1837\/revisions"}],"predecessor-version":[{"id":6551,"href":"https:\/\/gamma-knife.de\/de\/wp-json\/wp\/v2\/pages\/1837\/revisions\/6551"}],"up":[{"embeddable":true,"href":"https:\/\/gamma-knife.de\/de\/wp-json\/wp\/v2\/pages\/1250"}],"wp:featuredmedia":[{"embeddable":true,"href":"https:\/\/gamma-knife.de\/de\/wp-json\/wp\/v2\/media\/4466"}],"wp:attachment":[{"href":"https:\/\/gamma-knife.de\/de\/wp-json\/wp\/v2\/media?parent=1837"}],"curies":[{"name":"wp","href":"https:\/\/api.w.org\/{rel}","templated":true}]}}