{"id":1845,"date":"2020-03-05T11:13:25","date_gmt":"2020-03-05T11:13:25","guid":{"rendered":"http:\/\/web139.s238.goserver.host\/?page_id=1845"},"modified":"2020-11-06T17:13:20","modified_gmt":"2020-11-06T16:13:20","slug":"meningeom","status":"publish","type":"page","link":"https:\/\/gamma-knife.de\/de\/erkrankungen-behandlung-im-gamma-knife-zentrum\/hirntumor-erkrankungen\/meningeom\/","title":{"rendered":"Meningeome"},"content":{"rendered":"\n<p>Meningeome sind in aller Regel langsam wachsende gutartige Tumore, die von der harten Hirnhaut ausgehen. H\u00e4ufig wachsen diese Tumore \u00fcber viele Jahre ohne Beschwerden zu verursachen. Gro\u00dfen Meningeome werden in der Regal prim\u00e4r operiert. Bei kleine hingegen ist die einzeitige Bestrahlung, also die Radiochirurgie, eine pr\u00e4zise und schonende Alternative. Im Folgenden erkl\u00e4ren wir Ihnen daher die radiochirurgische Behandlung mit dem Gamma Knife.<\/p>\n","protected":false},"excerpt":{"rendered":"<p>Meningeome sind in aller Regel langsam wachsende gutartige Tumore, die von der harten Hirnhaut ausgehen. H\u00e4ufig wachsen diese Tumore \u00fcber viele Jahre ohne Beschwerden zu verursachen. Gro\u00dfen Meningeome werden in der Regal prim\u00e4r operiert. Bei kleine hingegen ist die einzeitige Bestrahlung, also die Radiochirurgie, eine pr\u00e4zise und schonende Alternative. Im Folgenden erkl\u00e4ren wir Ihnen daher [&hellip;]<\/p>\n","protected":false},"author":18,"featured_media":4462,"parent":1250,"menu_order":0,"comment_status":"closed","ping_status":"closed","template":"templates\/disease-page.php","meta":{"_acf_changed":false,"footnotes":""},"class_list":["post-1845","page","type-page","status-publish","has-post-thumbnail","hentry"],"acf":[],"yoast_head":"<!-- This site is optimized with the Yoast SEO Premium plugin v26.1 (Yoast SEO v27.3) - https:\/\/yoast.com\/product\/yoast-seo-premium-wordpress\/ -->\n<title>Meningeom: Behandlungsoptionen im Gamma Knife Zentrum<\/title>\n<meta name=\"description\" content=\"Hier erfahren Sie alles \u00fcber die Behandlungsm\u00f6glichkeiten bei einem Meningeom im Gamma Knife Zentrum an den Standorten Krefeld oder Hannover.\" \/>\n<meta name=\"robots\" content=\"index, follow, max-snippet:-1, max-image-preview:large, max-video-preview:-1\" \/>\n<link rel=\"canonical\" href=\"https:\/\/gamma-knife.de\/de\/erkrankungen-behandlung-im-gamma-knife-zentrum\/hirntumor-erkrankungen\/meningeom\/\" \/>\n<meta property=\"og:locale\" content=\"de_DE\" \/>\n<meta property=\"og:type\" content=\"article\" \/>\n<meta property=\"og:title\" content=\"Meningeome\" \/>\n<meta property=\"og:description\" content=\"Hier erfahren Sie alles \u00fcber die Behandlungsm\u00f6glichkeiten bei einem Meningeom im Gamma Knife Zentrum an den Standorten Krefeld oder Hannover.\" \/>\n<meta property=\"og:url\" content=\"https:\/\/gamma-knife.de\/de\/erkrankungen-behandlung-im-gamma-knife-zentrum\/hirntumor-erkrankungen\/meningeom\/\" \/>\n<meta property=\"og:site_name\" content=\"Gamma Knife Zentrum\" \/>\n<meta property=\"article:modified_time\" content=\"2020-11-06T16:13:20+00:00\" \/>\n<meta property=\"og:image\" content=\"https:\/\/www.gamma-knife.de\/wp-content\/uploads\/2020\/05\/meningeom.jpg\" \/>\n\t<meta property=\"og:image:width\" content=\"148\" \/>\n\t<meta property=\"og:image:height\" content=\"148\" \/>\n\t<meta property=\"og:image:type\" content=\"image\/jpeg\" \/>\n<meta name=\"twitter:card\" content=\"summary_large_image\" \/>\n<script type=\"application\/ld+json\" class=\"yoast-schema-graph\">{\"@context\":\"https:\\\/\\\/schema.org\",\"@graph\":[{\"@type\":\"WebPage\",\"@id\":\"https:\\\/\\\/gamma-knife.de\\\/de\\\/erkrankungen-behandlung-im-gamma-knife-zentrum\\\/hirntumor-erkrankungen\\\/meningeom\\\/\",\"url\":\"https:\\\/\\\/gamma-knife.de\\\/de\\\/erkrankungen-behandlung-im-gamma-knife-zentrum\\\/hirntumor-erkrankungen\\\/meningeom\\\/\",\"name\":\"Meningeom: Behandlungsoptionen im Gamma Knife Zentrum\",\"isPartOf\":{\"@id\":\"https:\\\/\\\/www.gamma-knife.de\\\/de\\\/#website\"},\"primaryImageOfPage\":{\"@id\":\"https:\\\/\\\/gamma-knife.de\\\/de\\\/erkrankungen-behandlung-im-gamma-knife-zentrum\\\/hirntumor-erkrankungen\\\/meningeom\\\/#primaryimage\"},\"image\":{\"@id\":\"https:\\\/\\\/gamma-knife.de\\\/de\\\/erkrankungen-behandlung-im-gamma-knife-zentrum\\\/hirntumor-erkrankungen\\\/meningeom\\\/#primaryimage\"},\"thumbnailUrl\":\"https:\\\/\\\/gamma-knife.de\\\/wp-content\\\/uploads\\\/2020\\\/05\\\/meningeom.jpg\",\"datePublished\":\"2020-03-05T11:13:25+00:00\",\"dateModified\":\"2020-11-06T16:13:20+00:00\",\"description\":\"Hier erfahren Sie alles \u00fcber die Behandlungsm\u00f6glichkeiten bei einem Meningeom im Gamma Knife Zentrum an den Standorten Krefeld oder Hannover.\",\"breadcrumb\":{\"@id\":\"https:\\\/\\\/gamma-knife.de\\\/de\\\/erkrankungen-behandlung-im-gamma-knife-zentrum\\\/hirntumor-erkrankungen\\\/meningeom\\\/#breadcrumb\"},\"inLanguage\":\"de\",\"potentialAction\":[{\"@type\":\"ReadAction\",\"target\":[\"https:\\\/\\\/gamma-knife.de\\\/de\\\/erkrankungen-behandlung-im-gamma-knife-zentrum\\\/hirntumor-erkrankungen\\\/meningeom\\\/\"]}]},{\"@type\":\"ImageObject\",\"inLanguage\":\"de\",\"@id\":\"https:\\\/\\\/gamma-knife.de\\\/de\\\/erkrankungen-behandlung-im-gamma-knife-zentrum\\\/hirntumor-erkrankungen\\\/meningeom\\\/#primaryimage\",\"url\":\"https:\\\/\\\/gamma-knife.de\\\/wp-content\\\/uploads\\\/2020\\\/05\\\/meningeom.jpg\",\"contentUrl\":\"https:\\\/\\\/gamma-knife.de\\\/wp-content\\\/uploads\\\/2020\\\/05\\\/meningeom.jpg\",\"width\":148,\"height\":148,\"caption\":\"Meningeom\"},{\"@type\":\"BreadcrumbList\",\"@id\":\"https:\\\/\\\/gamma-knife.de\\\/de\\\/erkrankungen-behandlung-im-gamma-knife-zentrum\\\/hirntumor-erkrankungen\\\/meningeom\\\/#breadcrumb\",\"itemListElement\":[{\"@type\":\"ListItem\",\"position\":1,\"name\":\"Erkrankungen\",\"item\":\"https:\\\/\\\/www.gamma-knife.de\\\/de\\\/erkrankungen-behandlung-im-gamma-knife-zentrum\\\/\"},{\"@type\":\"ListItem\",\"position\":2,\"name\":\"Gehirn\",\"item\":\"https:\\\/\\\/www.gamma-knife.de\\\/de\\\/erkrankungen-behandlung-im-gamma-knife-zentrum\\\/hirntumor-erkrankungen\\\/\"},{\"@type\":\"ListItem\",\"position\":3,\"name\":\"Meningeome\"}]},{\"@type\":\"WebSite\",\"@id\":\"https:\\\/\\\/www.gamma-knife.de\\\/de\\\/#website\",\"url\":\"https:\\\/\\\/www.gamma-knife.de\\\/de\\\/\",\"name\":\"Gamma Knife Zentrum\",\"description\":\"Gamma Knife Zentrum\",\"publisher\":{\"@id\":\"https:\\\/\\\/www.gamma-knife.de\\\/de\\\/#organization\"},\"potentialAction\":[{\"@type\":\"SearchAction\",\"target\":{\"@type\":\"EntryPoint\",\"urlTemplate\":\"https:\\\/\\\/www.gamma-knife.de\\\/de\\\/?s={search_term_string}\"},\"query-input\":{\"@type\":\"PropertyValueSpecification\",\"valueRequired\":true,\"valueName\":\"search_term_string\"}}],\"inLanguage\":\"de\"},{\"@type\":\"Organization\",\"@id\":\"https:\\\/\\\/www.gamma-knife.de\\\/de\\\/#organization\",\"name\":\"Gamma Knife Zentrum\",\"url\":\"https:\\\/\\\/www.gamma-knife.de\\\/de\\\/\",\"logo\":{\"@type\":\"ImageObject\",\"inLanguage\":\"de\",\"@id\":\"https:\\\/\\\/www.gamma-knife.de\\\/de\\\/#\\\/schema\\\/logo\\\/image\\\/\",\"url\":\"https:\\\/\\\/www.gamma-knife.de\\\/wp-content\\\/uploads\\\/2020\\\/11\\\/Gamma-Knife-Logo-rgb.png\",\"contentUrl\":\"https:\\\/\\\/www.gamma-knife.de\\\/wp-content\\\/uploads\\\/2020\\\/11\\\/Gamma-Knife-Logo-rgb.png\",\"width\":250,\"height\":97,\"caption\":\"Gamma Knife Zentrum\"},\"image\":{\"@id\":\"https:\\\/\\\/www.gamma-knife.de\\\/de\\\/#\\\/schema\\\/logo\\\/image\\\/\"}}]}<\/script>\n<!-- \/ Yoast SEO Premium plugin. -->","yoast_head_json":{"title":"Meningeom: Behandlungsoptionen im Gamma Knife Zentrum","description":"Hier erfahren Sie alles \u00fcber die Behandlungsm\u00f6glichkeiten bei einem Meningeom im Gamma Knife Zentrum an den Standorten Krefeld oder Hannover.","robots":{"index":"index","follow":"follow","max-snippet":"max-snippet:-1","max-image-preview":"max-image-preview:large","max-video-preview":"max-video-preview:-1"},"canonical":"https:\/\/gamma-knife.de\/de\/erkrankungen-behandlung-im-gamma-knife-zentrum\/hirntumor-erkrankungen\/meningeom\/","og_locale":"de_DE","og_type":"article","og_title":"Meningeome","og_description":"Hier erfahren Sie alles \u00fcber die Behandlungsm\u00f6glichkeiten bei einem Meningeom im Gamma Knife Zentrum an den Standorten Krefeld oder Hannover.","og_url":"https:\/\/gamma-knife.de\/de\/erkrankungen-behandlung-im-gamma-knife-zentrum\/hirntumor-erkrankungen\/meningeom\/","og_site_name":"Gamma Knife Zentrum","article_modified_time":"2020-11-06T16:13:20+00:00","og_image":[{"width":148,"height":148,"url":"https:\/\/www.gamma-knife.de\/wp-content\/uploads\/2020\/05\/meningeom.jpg","type":"image\/jpeg"}],"twitter_card":"summary_large_image","schema":{"@context":"https:\/\/schema.org","@graph":[{"@type":"WebPage","@id":"https:\/\/gamma-knife.de\/de\/erkrankungen-behandlung-im-gamma-knife-zentrum\/hirntumor-erkrankungen\/meningeom\/","url":"https:\/\/gamma-knife.de\/de\/erkrankungen-behandlung-im-gamma-knife-zentrum\/hirntumor-erkrankungen\/meningeom\/","name":"Meningeom: Behandlungsoptionen im Gamma Knife Zentrum","isPartOf":{"@id":"https:\/\/www.gamma-knife.de\/de\/#website"},"primaryImageOfPage":{"@id":"https:\/\/gamma-knife.de\/de\/erkrankungen-behandlung-im-gamma-knife-zentrum\/hirntumor-erkrankungen\/meningeom\/#primaryimage"},"image":{"@id":"https:\/\/gamma-knife.de\/de\/erkrankungen-behandlung-im-gamma-knife-zentrum\/hirntumor-erkrankungen\/meningeom\/#primaryimage"},"thumbnailUrl":"https:\/\/gamma-knife.de\/wp-content\/uploads\/2020\/05\/meningeom.jpg","datePublished":"2020-03-05T11:13:25+00:00","dateModified":"2020-11-06T16:13:20+00:00","description":"Hier erfahren Sie alles \u00fcber die Behandlungsm\u00f6glichkeiten bei einem Meningeom im Gamma Knife Zentrum an den Standorten Krefeld oder Hannover.","breadcrumb":{"@id":"https:\/\/gamma-knife.de\/de\/erkrankungen-behandlung-im-gamma-knife-zentrum\/hirntumor-erkrankungen\/meningeom\/#breadcrumb"},"inLanguage":"de","potentialAction":[{"@type":"ReadAction","target":["https:\/\/gamma-knife.de\/de\/erkrankungen-behandlung-im-gamma-knife-zentrum\/hirntumor-erkrankungen\/meningeom\/"]}]},{"@type":"ImageObject","inLanguage":"de","@id":"https:\/\/gamma-knife.de\/de\/erkrankungen-behandlung-im-gamma-knife-zentrum\/hirntumor-erkrankungen\/meningeom\/#primaryimage","url":"https:\/\/gamma-knife.de\/wp-content\/uploads\/2020\/05\/meningeom.jpg","contentUrl":"https:\/\/gamma-knife.de\/wp-content\/uploads\/2020\/05\/meningeom.jpg","width":148,"height":148,"caption":"Meningeom"},{"@type":"BreadcrumbList","@id":"https:\/\/gamma-knife.de\/de\/erkrankungen-behandlung-im-gamma-knife-zentrum\/hirntumor-erkrankungen\/meningeom\/#breadcrumb","itemListElement":[{"@type":"ListItem","position":1,"name":"Erkrankungen","item":"https:\/\/www.gamma-knife.de\/de\/erkrankungen-behandlung-im-gamma-knife-zentrum\/"},{"@type":"ListItem","position":2,"name":"Gehirn","item":"https:\/\/www.gamma-knife.de\/de\/erkrankungen-behandlung-im-gamma-knife-zentrum\/hirntumor-erkrankungen\/"},{"@type":"ListItem","position":3,"name":"Meningeome"}]},{"@type":"WebSite","@id":"https:\/\/www.gamma-knife.de\/de\/#website","url":"https:\/\/www.gamma-knife.de\/de\/","name":"Gamma Knife Zentrum","description":"Gamma Knife Zentrum","publisher":{"@id":"https:\/\/www.gamma-knife.de\/de\/#organization"},"potentialAction":[{"@type":"SearchAction","target":{"@type":"EntryPoint","urlTemplate":"https:\/\/www.gamma-knife.de\/de\/?s={search_term_string}"},"query-input":{"@type":"PropertyValueSpecification","valueRequired":true,"valueName":"search_term_string"}}],"inLanguage":"de"},{"@type":"Organization","@id":"https:\/\/www.gamma-knife.de\/de\/#organization","name":"Gamma Knife Zentrum","url":"https:\/\/www.gamma-knife.de\/de\/","logo":{"@type":"ImageObject","inLanguage":"de","@id":"https:\/\/www.gamma-knife.de\/de\/#\/schema\/logo\/image\/","url":"https:\/\/www.gamma-knife.de\/wp-content\/uploads\/2020\/11\/Gamma-Knife-Logo-rgb.png","contentUrl":"https:\/\/www.gamma-knife.de\/wp-content\/uploads\/2020\/11\/Gamma-Knife-Logo-rgb.png","width":250,"height":97,"caption":"Gamma Knife Zentrum"},"image":{"@id":"https:\/\/www.gamma-knife.de\/de\/#\/schema\/logo\/image\/"}}]}},"_links":{"self":[{"href":"https:\/\/gamma-knife.de\/de\/wp-json\/wp\/v2\/pages\/1845","targetHints":{"allow":["GET"]}}],"collection":[{"href":"https:\/\/gamma-knife.de\/de\/wp-json\/wp\/v2\/pages"}],"about":[{"href":"https:\/\/gamma-knife.de\/de\/wp-json\/wp\/v2\/types\/page"}],"author":[{"embeddable":true,"href":"https:\/\/gamma-knife.de\/de\/wp-json\/wp\/v2\/users\/18"}],"replies":[{"embeddable":true,"href":"https:\/\/gamma-knife.de\/de\/wp-json\/wp\/v2\/comments?post=1845"}],"version-history":[{"count":49,"href":"https:\/\/gamma-knife.de\/de\/wp-json\/wp\/v2\/pages\/1845\/revisions"}],"predecessor-version":[{"id":6538,"href":"https:\/\/gamma-knife.de\/de\/wp-json\/wp\/v2\/pages\/1845\/revisions\/6538"}],"up":[{"embeddable":true,"href":"https:\/\/gamma-knife.de\/de\/wp-json\/wp\/v2\/pages\/1250"}],"wp:featuredmedia":[{"embeddable":true,"href":"https:\/\/gamma-knife.de\/de\/wp-json\/wp\/v2\/media\/4462"}],"wp:attachment":[{"href":"https:\/\/gamma-knife.de\/de\/wp-json\/wp\/v2\/media?parent=1845"}],"curies":[{"name":"wp","href":"https:\/\/api.w.org\/{rel}","templated":true}]}}