{"id":19463,"date":"2024-09-05T09:38:30","date_gmt":"2024-09-05T07:38:30","guid":{"rendered":"https:\/\/www.gamma-knife.de\/?page_id=19463"},"modified":"2024-09-09T09:38:13","modified_gmt":"2024-09-09T07:38:13","slug":"zweitmeinung-einholen","status":"publish","type":"page","link":"https:\/\/gamma-knife.de\/de\/zweitmeinung-einholen\/","title":{"rendered":"Zweitmeinung einholen"},"content":{"rendered":"\n<h1 class=\"wp-block-heading\" id=\"h-zweitmeinung-einholen\"><strong>Zweitmeinung einholen<\/strong><\/h1>\n\n\n\n<p>Eine Behandlung im Kopfbereich kann verst\u00e4ndlicherweise mit \u00c4ngsten verbunden sein. Umso wichtiger ist es, dass Sie Vertrauen in Ihre Therapie haben. Daher bieten wir Ihnen die M\u00f6glichkeit an, eine qualifizierte Zweitmeinung einzuholen. Unser erfahrenes, interdisziplin\u00e4res Team aus Neurochirurgen, Radio-Onkologen und Medizinphysik-Experten pr\u00fcft sorgf\u00e4ltig, ob eine radiochirurgische Behandlung f\u00fcr Ihren Befund geeignet ist.<\/p>\n\n\n\n<p>Wenn Sie interessiert sind, kontaktieren Sie uns bitte per E-Mail, Telefon, nutzen Sie unser <a href=\"#\" class=\"btn-modal-contact\">Kontaktformular<\/a> oder laden Sie Ihre Anfrage, medizinischen Befunde und Bilder \u00fcber unser <a href=\"https:\/\/www.gamma-knife.de\/de\/upload\/\">Upload-Portal<\/a> hoch.<\/p>\n\n\n\n<p>Nach der \u00dcberpr\u00fcfung Ihres Falls besprechen wir mit Ihnen die m\u00f6glichen Behandlungsoptionen und setzen uns in der Regel innerhalb von 48 Stunden mit Ihnen in Verbindung.<\/p>\n","protected":false},"excerpt":{"rendered":"<p>Zweitmeinung einholen Eine Behandlung im Kopfbereich kann verst\u00e4ndlicherweise mit \u00c4ngsten verbunden sein. Umso wichtiger ist es, dass Sie Vertrauen in Ihre Therapie haben. Daher bieten wir Ihnen die M\u00f6glichkeit an, eine qualifizierte Zweitmeinung einzuholen. Unser erfahrenes, interdisziplin\u00e4res Team aus Neurochirurgen, Radio-Onkologen und Medizinphysik-Experten pr\u00fcft sorgf\u00e4ltig, ob eine radiochirurgische Behandlung f\u00fcr Ihren Befund geeignet ist. Wenn [&hellip;]<\/p>\n","protected":false},"author":18,"featured_media":19468,"parent":0,"menu_order":0,"comment_status":"closed","ping_status":"closed","template":"templates\/reimbursement-page.php","meta":{"_acf_changed":false,"footnotes":""},"class_list":["post-19463","page","type-page","status-publish","has-post-thumbnail","hentry"],"acf":[],"yoast_head":"<!-- This site is optimized with the Yoast SEO Premium plugin v26.1 (Yoast SEO v27.3) - https:\/\/yoast.com\/product\/yoast-seo-premium-wordpress\/ -->\n<title>Zweitmeinung einholen - Gamma Knife Zentrum<\/title>\n<meta name=\"description\" content=\"Zweitmeinung f\u00fcr Ihre Kopfbehandlung: Unser Expertenteam pr\u00fcft Ihre Befunde schnell und sorgf\u00e4ltig.\" \/>\n<meta name=\"robots\" content=\"index, follow, max-snippet:-1, max-image-preview:large, max-video-preview:-1\" \/>\n<link rel=\"canonical\" href=\"https:\/\/gamma-knife.de\/de\/zweitmeinung-einholen\/\" \/>\n<meta property=\"og:locale\" content=\"de_DE\" \/>\n<meta property=\"og:type\" content=\"article\" \/>\n<meta property=\"og:title\" content=\"Zweitmeinung einholen\" \/>\n<meta property=\"og:description\" content=\"Zweitmeinung f\u00fcr Ihre Kopfbehandlung: Unser Expertenteam pr\u00fcft Ihre Befunde schnell und sorgf\u00e4ltig.\" \/>\n<meta property=\"og:url\" content=\"https:\/\/gamma-knife.de\/de\/zweitmeinung-einholen\/\" \/>\n<meta property=\"og:site_name\" content=\"Gamma Knife Zentrum\" \/>\n<meta property=\"article:modified_time\" content=\"2024-09-09T07:38:13+00:00\" \/>\n<meta property=\"og:image\" content=\"https:\/\/gamma-knife.de\/wp-content\/uploads\/2024\/09\/Gamma-Knife-Hannover-Feindaten_21_web.jpg\" \/>\n\t<meta property=\"og:image:width\" content=\"1400\" \/>\n\t<meta property=\"og:image:height\" content=\"931\" \/>\n\t<meta property=\"og:image:type\" content=\"image\/jpeg\" \/>\n<meta name=\"twitter:card\" content=\"summary_large_image\" \/>\n<meta name=\"twitter:label1\" content=\"Gesch\u00e4tzte Lesezeit\" \/>\n\t<meta name=\"twitter:data1\" content=\"2\u00a0Minuten\" \/>\n<script type=\"application\/ld+json\" class=\"yoast-schema-graph\">{\"@context\":\"https:\\\/\\\/schema.org\",\"@graph\":[{\"@type\":\"WebPage\",\"@id\":\"https:\\\/\\\/gamma-knife.de\\\/de\\\/zweitmeinung-einholen\\\/\",\"url\":\"https:\\\/\\\/gamma-knife.de\\\/de\\\/zweitmeinung-einholen\\\/\",\"name\":\"Zweitmeinung einholen - Gamma Knife Zentrum\",\"isPartOf\":{\"@id\":\"https:\\\/\\\/www.gamma-knife.de\\\/de\\\/#website\"},\"primaryImageOfPage\":{\"@id\":\"https:\\\/\\\/gamma-knife.de\\\/de\\\/zweitmeinung-einholen\\\/#primaryimage\"},\"image\":{\"@id\":\"https:\\\/\\\/gamma-knife.de\\\/de\\\/zweitmeinung-einholen\\\/#primaryimage\"},\"thumbnailUrl\":\"https:\\\/\\\/gamma-knife.de\\\/wp-content\\\/uploads\\\/2024\\\/09\\\/Gamma-Knife-Hannover-Feindaten_21_web.jpg\",\"datePublished\":\"2024-09-05T07:38:30+00:00\",\"dateModified\":\"2024-09-09T07:38:13+00:00\",\"description\":\"Zweitmeinung f\u00fcr Ihre Kopfbehandlung: Unser Expertenteam pr\u00fcft Ihre Befunde schnell und sorgf\u00e4ltig.\",\"inLanguage\":\"de\",\"potentialAction\":[{\"@type\":\"ReadAction\",\"target\":[\"https:\\\/\\\/gamma-knife.de\\\/de\\\/zweitmeinung-einholen\\\/\"]}]},{\"@type\":\"ImageObject\",\"inLanguage\":\"de\",\"@id\":\"https:\\\/\\\/gamma-knife.de\\\/de\\\/zweitmeinung-einholen\\\/#primaryimage\",\"url\":\"https:\\\/\\\/gamma-knife.de\\\/wp-content\\\/uploads\\\/2024\\\/09\\\/Gamma-Knife-Hannover-Feindaten_21_web.jpg\",\"contentUrl\":\"https:\\\/\\\/gamma-knife.de\\\/wp-content\\\/uploads\\\/2024\\\/09\\\/Gamma-Knife-Hannover-Feindaten_21_web.jpg\",\"width\":1400,\"height\":931},{\"@type\":\"WebSite\",\"@id\":\"https:\\\/\\\/www.gamma-knife.de\\\/de\\\/#website\",\"url\":\"https:\\\/\\\/www.gamma-knife.de\\\/de\\\/\",\"name\":\"Gamma Knife Zentrum\",\"description\":\"Gamma Knife Zentrum\",\"publisher\":{\"@id\":\"https:\\\/\\\/www.gamma-knife.de\\\/de\\\/#organization\"},\"potentialAction\":[{\"@type\":\"SearchAction\",\"target\":{\"@type\":\"EntryPoint\",\"urlTemplate\":\"https:\\\/\\\/www.gamma-knife.de\\\/de\\\/?s={search_term_string}\"},\"query-input\":{\"@type\":\"PropertyValueSpecification\",\"valueRequired\":true,\"valueName\":\"search_term_string\"}}],\"inLanguage\":\"de\"},{\"@type\":\"Organization\",\"@id\":\"https:\\\/\\\/www.gamma-knife.de\\\/de\\\/#organization\",\"name\":\"Gamma Knife Zentrum\",\"url\":\"https:\\\/\\\/www.gamma-knife.de\\\/de\\\/\",\"logo\":{\"@type\":\"ImageObject\",\"inLanguage\":\"de\",\"@id\":\"https:\\\/\\\/www.gamma-knife.de\\\/de\\\/#\\\/schema\\\/logo\\\/image\\\/\",\"url\":\"https:\\\/\\\/www.gamma-knife.de\\\/wp-content\\\/uploads\\\/2020\\\/11\\\/Gamma-Knife-Logo-rgb.png\",\"contentUrl\":\"https:\\\/\\\/www.gamma-knife.de\\\/wp-content\\\/uploads\\\/2020\\\/11\\\/Gamma-Knife-Logo-rgb.png\",\"width\":250,\"height\":97,\"caption\":\"Gamma Knife Zentrum\"},\"image\":{\"@id\":\"https:\\\/\\\/www.gamma-knife.de\\\/de\\\/#\\\/schema\\\/logo\\\/image\\\/\"}}]}<\/script>\n<!-- \/ Yoast SEO Premium plugin. -->","yoast_head_json":{"title":"Zweitmeinung einholen - Gamma Knife Zentrum","description":"Zweitmeinung f\u00fcr Ihre Kopfbehandlung: Unser Expertenteam pr\u00fcft Ihre Befunde schnell und sorgf\u00e4ltig.","robots":{"index":"index","follow":"follow","max-snippet":"max-snippet:-1","max-image-preview":"max-image-preview:large","max-video-preview":"max-video-preview:-1"},"canonical":"https:\/\/gamma-knife.de\/de\/zweitmeinung-einholen\/","og_locale":"de_DE","og_type":"article","og_title":"Zweitmeinung einholen","og_description":"Zweitmeinung f\u00fcr Ihre Kopfbehandlung: Unser Expertenteam pr\u00fcft Ihre Befunde schnell und sorgf\u00e4ltig.","og_url":"https:\/\/gamma-knife.de\/de\/zweitmeinung-einholen\/","og_site_name":"Gamma Knife Zentrum","article_modified_time":"2024-09-09T07:38:13+00:00","og_image":[{"width":1400,"height":931,"url":"https:\/\/gamma-knife.de\/wp-content\/uploads\/2024\/09\/Gamma-Knife-Hannover-Feindaten_21_web.jpg","type":"image\/jpeg"}],"twitter_card":"summary_large_image","twitter_misc":{"Gesch\u00e4tzte Lesezeit":"2\u00a0Minuten"},"schema":{"@context":"https:\/\/schema.org","@graph":[{"@type":"WebPage","@id":"https:\/\/gamma-knife.de\/de\/zweitmeinung-einholen\/","url":"https:\/\/gamma-knife.de\/de\/zweitmeinung-einholen\/","name":"Zweitmeinung einholen - Gamma Knife Zentrum","isPartOf":{"@id":"https:\/\/www.gamma-knife.de\/de\/#website"},"primaryImageOfPage":{"@id":"https:\/\/gamma-knife.de\/de\/zweitmeinung-einholen\/#primaryimage"},"image":{"@id":"https:\/\/gamma-knife.de\/de\/zweitmeinung-einholen\/#primaryimage"},"thumbnailUrl":"https:\/\/gamma-knife.de\/wp-content\/uploads\/2024\/09\/Gamma-Knife-Hannover-Feindaten_21_web.jpg","datePublished":"2024-09-05T07:38:30+00:00","dateModified":"2024-09-09T07:38:13+00:00","description":"Zweitmeinung f\u00fcr Ihre Kopfbehandlung: Unser Expertenteam pr\u00fcft Ihre Befunde schnell und sorgf\u00e4ltig.","inLanguage":"de","potentialAction":[{"@type":"ReadAction","target":["https:\/\/gamma-knife.de\/de\/zweitmeinung-einholen\/"]}]},{"@type":"ImageObject","inLanguage":"de","@id":"https:\/\/gamma-knife.de\/de\/zweitmeinung-einholen\/#primaryimage","url":"https:\/\/gamma-knife.de\/wp-content\/uploads\/2024\/09\/Gamma-Knife-Hannover-Feindaten_21_web.jpg","contentUrl":"https:\/\/gamma-knife.de\/wp-content\/uploads\/2024\/09\/Gamma-Knife-Hannover-Feindaten_21_web.jpg","width":1400,"height":931},{"@type":"WebSite","@id":"https:\/\/www.gamma-knife.de\/de\/#website","url":"https:\/\/www.gamma-knife.de\/de\/","name":"Gamma Knife Zentrum","description":"Gamma Knife Zentrum","publisher":{"@id":"https:\/\/www.gamma-knife.de\/de\/#organization"},"potentialAction":[{"@type":"SearchAction","target":{"@type":"EntryPoint","urlTemplate":"https:\/\/www.gamma-knife.de\/de\/?s={search_term_string}"},"query-input":{"@type":"PropertyValueSpecification","valueRequired":true,"valueName":"search_term_string"}}],"inLanguage":"de"},{"@type":"Organization","@id":"https:\/\/www.gamma-knife.de\/de\/#organization","name":"Gamma Knife Zentrum","url":"https:\/\/www.gamma-knife.de\/de\/","logo":{"@type":"ImageObject","inLanguage":"de","@id":"https:\/\/www.gamma-knife.de\/de\/#\/schema\/logo\/image\/","url":"https:\/\/www.gamma-knife.de\/wp-content\/uploads\/2020\/11\/Gamma-Knife-Logo-rgb.png","contentUrl":"https:\/\/www.gamma-knife.de\/wp-content\/uploads\/2020\/11\/Gamma-Knife-Logo-rgb.png","width":250,"height":97,"caption":"Gamma Knife Zentrum"},"image":{"@id":"https:\/\/www.gamma-knife.de\/de\/#\/schema\/logo\/image\/"}}]}},"_links":{"self":[{"href":"https:\/\/gamma-knife.de\/de\/wp-json\/wp\/v2\/pages\/19463","targetHints":{"allow":["GET"]}}],"collection":[{"href":"https:\/\/gamma-knife.de\/de\/wp-json\/wp\/v2\/pages"}],"about":[{"href":"https:\/\/gamma-knife.de\/de\/wp-json\/wp\/v2\/types\/page"}],"author":[{"embeddable":true,"href":"https:\/\/gamma-knife.de\/de\/wp-json\/wp\/v2\/users\/18"}],"replies":[{"embeddable":true,"href":"https:\/\/gamma-knife.de\/de\/wp-json\/wp\/v2\/comments?post=19463"}],"version-history":[{"count":5,"href":"https:\/\/gamma-knife.de\/de\/wp-json\/wp\/v2\/pages\/19463\/revisions"}],"predecessor-version":[{"id":19482,"href":"https:\/\/gamma-knife.de\/de\/wp-json\/wp\/v2\/pages\/19463\/revisions\/19482"}],"wp:featuredmedia":[{"embeddable":true,"href":"https:\/\/gamma-knife.de\/de\/wp-json\/wp\/v2\/media\/19468"}],"wp:attachment":[{"href":"https:\/\/gamma-knife.de\/de\/wp-json\/wp\/v2\/media?parent=19463"}],"curies":[{"name":"wp","href":"https:\/\/api.w.org\/{rel}","templated":true}]}}