{"id":1991,"date":"2020-03-13T09:01:32","date_gmt":"2020-03-13T09:01:32","guid":{"rendered":"http:\/\/web139.s238.goserver.host\/?page_id=1991"},"modified":"2020-11-06T17:29:19","modified_gmt":"2020-11-06T16:29:19","slug":"aderhautmelanom","status":"publish","type":"page","link":"https:\/\/gamma-knife.de\/de\/erkrankungen-behandlung-im-gamma-knife-zentrum\/auge-erkrankungen\/aderhautmelanom\/","title":{"rendered":"Aderhautmelanom"},"content":{"rendered":"\n<p>Aderhautmelanome sind \u00e4u\u00dferst selten. Nur sechs von einer Million Menschen leiden unter einem Tumor im Auge. Dabei ist er recht b\u00f6sartig. Die Therapie ist abh\u00e4ngig von der Gr\u00f6\u00dfe. Im Folgenden stellen wir Ihnen alle Therapieformen vor. <\/p>\n","protected":false},"excerpt":{"rendered":"<p>Aderhautmelanome sind \u00e4u\u00dferst selten. Nur sechs von einer Million Menschen leiden unter einem Tumor im Auge. Dabei ist er recht b\u00f6sartig. Die Therapie ist abh\u00e4ngig von der Gr\u00f6\u00dfe. Im Folgenden stellen wir Ihnen alle Therapieformen vor.<\/p>\n","protected":false},"author":18,"featured_media":2906,"parent":2862,"menu_order":0,"comment_status":"closed","ping_status":"closed","template":"templates\/disease-page.php","meta":{"_acf_changed":false,"footnotes":""},"class_list":["post-1991","page","type-page","status-publish","has-post-thumbnail","hentry"],"acf":[],"yoast_head":"<!-- This site is optimized with the Yoast SEO Premium plugin v26.1 (Yoast SEO v27.4) - https:\/\/yoast.com\/product\/yoast-seo-premium-wordpress\/ -->\n<title>Aderhautmelanom: Behandlungsm\u00f6glichkeiten mit dem Gamma Knife<\/title>\n<meta name=\"description\" content=\"Hier erhalten Sie alle Informationen zu den Behandlungsm\u00f6glichkeiten von einem Aderhautmelanom im Gamma Knife Zentrum an den Standorten Hannover und Krefeld\" \/>\n<meta name=\"robots\" content=\"index, follow, max-snippet:-1, max-image-preview:large, max-video-preview:-1\" \/>\n<link rel=\"canonical\" href=\"https:\/\/gamma-knife.de\/de\/erkrankungen-behandlung-im-gamma-knife-zentrum\/auge-erkrankungen\/aderhautmelanom\/\" \/>\n<meta property=\"og:locale\" content=\"de_DE\" \/>\n<meta property=\"og:type\" content=\"article\" \/>\n<meta property=\"og:title\" content=\"Aderhautmelanom\" \/>\n<meta property=\"og:description\" content=\"Hier erhalten Sie alle Informationen zu den Behandlungsm\u00f6glichkeiten von einem Aderhautmelanom im Gamma Knife Zentrum an den Standorten Hannover und Krefeld\" \/>\n<meta property=\"og:url\" content=\"https:\/\/gamma-knife.de\/de\/erkrankungen-behandlung-im-gamma-knife-zentrum\/auge-erkrankungen\/aderhautmelanom\/\" \/>\n<meta property=\"og:site_name\" content=\"Gamma Knife Zentrum\" \/>\n<meta property=\"article:modified_time\" content=\"2020-11-06T16:29:19+00:00\" \/>\n<meta property=\"og:image\" content=\"https:\/\/www.gamma-knife.de\/wp-content\/uploads\/2020\/04\/Bild-Auge.jpg\" \/>\n\t<meta property=\"og:image:width\" content=\"1000\" \/>\n\t<meta property=\"og:image:height\" content=\"667\" \/>\n\t<meta property=\"og:image:type\" content=\"image\/jpeg\" \/>\n<meta name=\"twitter:card\" content=\"summary_large_image\" \/>\n<script type=\"application\/ld+json\" class=\"yoast-schema-graph\">{\"@context\":\"https:\\\/\\\/schema.org\",\"@graph\":[{\"@type\":\"WebPage\",\"@id\":\"https:\\\/\\\/gamma-knife.de\\\/de\\\/erkrankungen-behandlung-im-gamma-knife-zentrum\\\/auge-erkrankungen\\\/aderhautmelanom\\\/\",\"url\":\"https:\\\/\\\/gamma-knife.de\\\/de\\\/erkrankungen-behandlung-im-gamma-knife-zentrum\\\/auge-erkrankungen\\\/aderhautmelanom\\\/\",\"name\":\"Aderhautmelanom: Behandlungsm\u00f6glichkeiten mit dem Gamma Knife\",\"isPartOf\":{\"@id\":\"https:\\\/\\\/www.gamma-knife.de\\\/de\\\/#website\"},\"primaryImageOfPage\":{\"@id\":\"https:\\\/\\\/gamma-knife.de\\\/de\\\/erkrankungen-behandlung-im-gamma-knife-zentrum\\\/auge-erkrankungen\\\/aderhautmelanom\\\/#primaryimage\"},\"image\":{\"@id\":\"https:\\\/\\\/gamma-knife.de\\\/de\\\/erkrankungen-behandlung-im-gamma-knife-zentrum\\\/auge-erkrankungen\\\/aderhautmelanom\\\/#primaryimage\"},\"thumbnailUrl\":\"https:\\\/\\\/gamma-knife.de\\\/wp-content\\\/uploads\\\/2020\\\/04\\\/Bild-Auge.jpg\",\"datePublished\":\"2020-03-13T09:01:32+00:00\",\"dateModified\":\"2020-11-06T16:29:19+00:00\",\"description\":\"Hier erhalten Sie alle Informationen zu den Behandlungsm\u00f6glichkeiten von einem Aderhautmelanom im Gamma Knife Zentrum an den Standorten Hannover und Krefeld\",\"breadcrumb\":{\"@id\":\"https:\\\/\\\/gamma-knife.de\\\/de\\\/erkrankungen-behandlung-im-gamma-knife-zentrum\\\/auge-erkrankungen\\\/aderhautmelanom\\\/#breadcrumb\"},\"inLanguage\":\"de\",\"potentialAction\":[{\"@type\":\"ReadAction\",\"target\":[\"https:\\\/\\\/gamma-knife.de\\\/de\\\/erkrankungen-behandlung-im-gamma-knife-zentrum\\\/auge-erkrankungen\\\/aderhautmelanom\\\/\"]}]},{\"@type\":\"ImageObject\",\"inLanguage\":\"de\",\"@id\":\"https:\\\/\\\/gamma-knife.de\\\/de\\\/erkrankungen-behandlung-im-gamma-knife-zentrum\\\/auge-erkrankungen\\\/aderhautmelanom\\\/#primaryimage\",\"url\":\"https:\\\/\\\/gamma-knife.de\\\/wp-content\\\/uploads\\\/2020\\\/04\\\/Bild-Auge.jpg\",\"contentUrl\":\"https:\\\/\\\/gamma-knife.de\\\/wp-content\\\/uploads\\\/2020\\\/04\\\/Bild-Auge.jpg\",\"width\":1000,\"height\":667,\"caption\":\"Auge\"},{\"@type\":\"BreadcrumbList\",\"@id\":\"https:\\\/\\\/gamma-knife.de\\\/de\\\/erkrankungen-behandlung-im-gamma-knife-zentrum\\\/auge-erkrankungen\\\/aderhautmelanom\\\/#breadcrumb\",\"itemListElement\":[{\"@type\":\"ListItem\",\"position\":1,\"name\":\"Erkrankungen\",\"item\":\"https:\\\/\\\/www.gamma-knife.de\\\/de\\\/erkrankungen-behandlung-im-gamma-knife-zentrum\\\/\"},{\"@type\":\"ListItem\",\"position\":2,\"name\":\"Auge\",\"item\":\"https:\\\/\\\/www.gamma-knife.de\\\/de\\\/erkrankungen-behandlung-im-gamma-knife-zentrum\\\/auge-erkrankungen\\\/\"},{\"@type\":\"ListItem\",\"position\":3,\"name\":\"Aderhautmelanom\"}]},{\"@type\":\"WebSite\",\"@id\":\"https:\\\/\\\/www.gamma-knife.de\\\/de\\\/#website\",\"url\":\"https:\\\/\\\/www.gamma-knife.de\\\/de\\\/\",\"name\":\"Gamma Knife Zentrum\",\"description\":\"Gamma Knife Zentrum\",\"publisher\":{\"@id\":\"https:\\\/\\\/www.gamma-knife.de\\\/de\\\/#organization\"},\"potentialAction\":[{\"@type\":\"SearchAction\",\"target\":{\"@type\":\"EntryPoint\",\"urlTemplate\":\"https:\\\/\\\/www.gamma-knife.de\\\/de\\\/?s={search_term_string}\"},\"query-input\":{\"@type\":\"PropertyValueSpecification\",\"valueRequired\":true,\"valueName\":\"search_term_string\"}}],\"inLanguage\":\"de\"},{\"@type\":\"Organization\",\"@id\":\"https:\\\/\\\/www.gamma-knife.de\\\/de\\\/#organization\",\"name\":\"Gamma Knife Zentrum\",\"url\":\"https:\\\/\\\/www.gamma-knife.de\\\/de\\\/\",\"logo\":{\"@type\":\"ImageObject\",\"inLanguage\":\"de\",\"@id\":\"https:\\\/\\\/www.gamma-knife.de\\\/de\\\/#\\\/schema\\\/logo\\\/image\\\/\",\"url\":\"https:\\\/\\\/www.gamma-knife.de\\\/wp-content\\\/uploads\\\/2020\\\/11\\\/Gamma-Knife-Logo-rgb.png\",\"contentUrl\":\"https:\\\/\\\/www.gamma-knife.de\\\/wp-content\\\/uploads\\\/2020\\\/11\\\/Gamma-Knife-Logo-rgb.png\",\"width\":250,\"height\":97,\"caption\":\"Gamma Knife Zentrum\"},\"image\":{\"@id\":\"https:\\\/\\\/www.gamma-knife.de\\\/de\\\/#\\\/schema\\\/logo\\\/image\\\/\"}}]}<\/script>\n<!-- \/ Yoast SEO Premium plugin. -->","yoast_head_json":{"title":"Aderhautmelanom: Behandlungsm\u00f6glichkeiten mit dem Gamma Knife","description":"Hier erhalten Sie alle Informationen zu den Behandlungsm\u00f6glichkeiten von einem Aderhautmelanom im Gamma Knife Zentrum an den Standorten Hannover und Krefeld","robots":{"index":"index","follow":"follow","max-snippet":"max-snippet:-1","max-image-preview":"max-image-preview:large","max-video-preview":"max-video-preview:-1"},"canonical":"https:\/\/gamma-knife.de\/de\/erkrankungen-behandlung-im-gamma-knife-zentrum\/auge-erkrankungen\/aderhautmelanom\/","og_locale":"de_DE","og_type":"article","og_title":"Aderhautmelanom","og_description":"Hier erhalten Sie alle Informationen zu den Behandlungsm\u00f6glichkeiten von einem Aderhautmelanom im Gamma Knife Zentrum an den Standorten Hannover und Krefeld","og_url":"https:\/\/gamma-knife.de\/de\/erkrankungen-behandlung-im-gamma-knife-zentrum\/auge-erkrankungen\/aderhautmelanom\/","og_site_name":"Gamma Knife Zentrum","article_modified_time":"2020-11-06T16:29:19+00:00","og_image":[{"width":1000,"height":667,"url":"https:\/\/www.gamma-knife.de\/wp-content\/uploads\/2020\/04\/Bild-Auge.jpg","type":"image\/jpeg"}],"twitter_card":"summary_large_image","schema":{"@context":"https:\/\/schema.org","@graph":[{"@type":"WebPage","@id":"https:\/\/gamma-knife.de\/de\/erkrankungen-behandlung-im-gamma-knife-zentrum\/auge-erkrankungen\/aderhautmelanom\/","url":"https:\/\/gamma-knife.de\/de\/erkrankungen-behandlung-im-gamma-knife-zentrum\/auge-erkrankungen\/aderhautmelanom\/","name":"Aderhautmelanom: Behandlungsm\u00f6glichkeiten mit dem Gamma Knife","isPartOf":{"@id":"https:\/\/www.gamma-knife.de\/de\/#website"},"primaryImageOfPage":{"@id":"https:\/\/gamma-knife.de\/de\/erkrankungen-behandlung-im-gamma-knife-zentrum\/auge-erkrankungen\/aderhautmelanom\/#primaryimage"},"image":{"@id":"https:\/\/gamma-knife.de\/de\/erkrankungen-behandlung-im-gamma-knife-zentrum\/auge-erkrankungen\/aderhautmelanom\/#primaryimage"},"thumbnailUrl":"https:\/\/gamma-knife.de\/wp-content\/uploads\/2020\/04\/Bild-Auge.jpg","datePublished":"2020-03-13T09:01:32+00:00","dateModified":"2020-11-06T16:29:19+00:00","description":"Hier erhalten Sie alle Informationen zu den Behandlungsm\u00f6glichkeiten von einem Aderhautmelanom im Gamma Knife Zentrum an den Standorten Hannover und Krefeld","breadcrumb":{"@id":"https:\/\/gamma-knife.de\/de\/erkrankungen-behandlung-im-gamma-knife-zentrum\/auge-erkrankungen\/aderhautmelanom\/#breadcrumb"},"inLanguage":"de","potentialAction":[{"@type":"ReadAction","target":["https:\/\/gamma-knife.de\/de\/erkrankungen-behandlung-im-gamma-knife-zentrum\/auge-erkrankungen\/aderhautmelanom\/"]}]},{"@type":"ImageObject","inLanguage":"de","@id":"https:\/\/gamma-knife.de\/de\/erkrankungen-behandlung-im-gamma-knife-zentrum\/auge-erkrankungen\/aderhautmelanom\/#primaryimage","url":"https:\/\/gamma-knife.de\/wp-content\/uploads\/2020\/04\/Bild-Auge.jpg","contentUrl":"https:\/\/gamma-knife.de\/wp-content\/uploads\/2020\/04\/Bild-Auge.jpg","width":1000,"height":667,"caption":"Auge"},{"@type":"BreadcrumbList","@id":"https:\/\/gamma-knife.de\/de\/erkrankungen-behandlung-im-gamma-knife-zentrum\/auge-erkrankungen\/aderhautmelanom\/#breadcrumb","itemListElement":[{"@type":"ListItem","position":1,"name":"Erkrankungen","item":"https:\/\/www.gamma-knife.de\/de\/erkrankungen-behandlung-im-gamma-knife-zentrum\/"},{"@type":"ListItem","position":2,"name":"Auge","item":"https:\/\/www.gamma-knife.de\/de\/erkrankungen-behandlung-im-gamma-knife-zentrum\/auge-erkrankungen\/"},{"@type":"ListItem","position":3,"name":"Aderhautmelanom"}]},{"@type":"WebSite","@id":"https:\/\/www.gamma-knife.de\/de\/#website","url":"https:\/\/www.gamma-knife.de\/de\/","name":"Gamma Knife Zentrum","description":"Gamma Knife Zentrum","publisher":{"@id":"https:\/\/www.gamma-knife.de\/de\/#organization"},"potentialAction":[{"@type":"SearchAction","target":{"@type":"EntryPoint","urlTemplate":"https:\/\/www.gamma-knife.de\/de\/?s={search_term_string}"},"query-input":{"@type":"PropertyValueSpecification","valueRequired":true,"valueName":"search_term_string"}}],"inLanguage":"de"},{"@type":"Organization","@id":"https:\/\/www.gamma-knife.de\/de\/#organization","name":"Gamma Knife Zentrum","url":"https:\/\/www.gamma-knife.de\/de\/","logo":{"@type":"ImageObject","inLanguage":"de","@id":"https:\/\/www.gamma-knife.de\/de\/#\/schema\/logo\/image\/","url":"https:\/\/www.gamma-knife.de\/wp-content\/uploads\/2020\/11\/Gamma-Knife-Logo-rgb.png","contentUrl":"https:\/\/www.gamma-knife.de\/wp-content\/uploads\/2020\/11\/Gamma-Knife-Logo-rgb.png","width":250,"height":97,"caption":"Gamma Knife Zentrum"},"image":{"@id":"https:\/\/www.gamma-knife.de\/de\/#\/schema\/logo\/image\/"}}]}},"_links":{"self":[{"href":"https:\/\/gamma-knife.de\/de\/wp-json\/wp\/v2\/pages\/1991","targetHints":{"allow":["GET"]}}],"collection":[{"href":"https:\/\/gamma-knife.de\/de\/wp-json\/wp\/v2\/pages"}],"about":[{"href":"https:\/\/gamma-knife.de\/de\/wp-json\/wp\/v2\/types\/page"}],"author":[{"embeddable":true,"href":"https:\/\/gamma-knife.de\/de\/wp-json\/wp\/v2\/users\/18"}],"replies":[{"embeddable":true,"href":"https:\/\/gamma-knife.de\/de\/wp-json\/wp\/v2\/comments?post=1991"}],"version-history":[{"count":98,"href":"https:\/\/gamma-knife.de\/de\/wp-json\/wp\/v2\/pages\/1991\/revisions"}],"predecessor-version":[{"id":6550,"href":"https:\/\/gamma-knife.de\/de\/wp-json\/wp\/v2\/pages\/1991\/revisions\/6550"}],"up":[{"embeddable":true,"href":"https:\/\/gamma-knife.de\/de\/wp-json\/wp\/v2\/pages\/2862"}],"wp:featuredmedia":[{"embeddable":true,"href":"https:\/\/gamma-knife.de\/de\/wp-json\/wp\/v2\/media\/2906"}],"wp:attachment":[{"href":"https:\/\/gamma-knife.de\/de\/wp-json\/wp\/v2\/media?parent=1991"}],"curies":[{"name":"wp","href":"https:\/\/api.w.org\/{rel}","templated":true}]}}