{"id":2042,"date":"2020-03-13T13:00:02","date_gmt":"2020-03-13T13:00:02","guid":{"rendered":"http:\/\/web139.s238.goserver.host\/?page_id=2042"},"modified":"2021-01-14T15:15:27","modified_gmt":"2021-01-14T14:15:27","slug":"wichtigste-indikationen","status":"publish","type":"page","link":"https:\/\/gamma-knife.de\/de\/wichtigste-indikationen\/","title":{"rendered":"Indikationen"},"content":{"rendered":"\n<p>Als Facharztzentrum f\u00fcr Radiochirurgie und  stereotaktische Strahlentherapie behandeln wir gut- und b\u00f6sartige Tumore, Metastasen, Gef\u00e4\u00dfmissbildungen und funktionelle Erkrankungen. Daf\u00fcr verwenden wir stereotaktische Hochleistungsger\u00e4te der jeweils neuesten Generation. Der Einsatzbereich des <a href=\"https:\/\/gamma-knife.de\/de\/behandlungen-im-gamma-knife-zentrum\/behandlung-mit-dem-gamma-knife-icon\/\">Gamma Knife Icon<\/a> liegt dabei im Kopf- und Halsbereich, der des <a href=\"https:\/\/gamma-knife.de\/de\/behandlungen-im-gamma-knife-zentrum\/behandlung-mit-dem-axesse-linearbeschleuniger\/\">stereotaktischen Linearbeschleunigers<\/a> dar\u00fcber hinaus auch im gesamten \u00fcbrigen K\u00f6rper.<\/p>\n\n\n\n<p>F\u00fcr die tats\u00e4chliche Behandlungm\u00f6glichkeit  einer Erkrankung in unserem Zentrum ist jedoch stets und ausschlie\u00dflich  die individuelle Diagnose und Eignung eines jeden einzelnen Patienten  entscheidend. Um dies beurteilen zu k\u00f6nnen, bedarf es in jedem Fall  eines kl\u00e4renden Gespr\u00e4ches. Dazu nehmen Sie bitte Kontakt mit uns auf!<\/p>\n\n\n\n<p>Die folgenden Erkrankungen sind die derzeit wichtigsten, die in unserem Gamma Knife Zentrum behandelt werden k\u00f6nnen:<\/p>\n","protected":false},"excerpt":{"rendered":"<p>Als Facharztzentrum f\u00fcr Radiochirurgie und stereotaktische Strahlentherapie behandeln wir gut- und b\u00f6sartige Tumore, Metastasen, Gef\u00e4\u00dfmissbildungen und funktionelle Erkrankungen. Daf\u00fcr verwenden wir stereotaktische Hochleistungsger\u00e4te der jeweils neuesten Generation. Der Einsatzbereich des Gamma Knife Icon liegt dabei im Kopf- und Halsbereich, der des stereotaktischen Linearbeschleunigers dar\u00fcber hinaus auch im gesamten \u00fcbrigen K\u00f6rper. F\u00fcr die tats\u00e4chliche Behandlungm\u00f6glichkeit einer [&hellip;]<\/p>\n","protected":false},"author":18,"featured_media":0,"parent":0,"menu_order":0,"comment_status":"closed","ping_status":"closed","template":"templates\/direction-page.php","meta":{"_acf_changed":false,"footnotes":""},"class_list":["post-2042","page","type-page","status-publish","hentry"],"acf":[],"yoast_head":"<!-- This site is optimized with the Yoast SEO Premium plugin v26.1 (Yoast SEO v27.6) - https:\/\/yoast.com\/product\/yoast-seo-premium-wordpress\/ -->\n<title>Indikationen - Gamma Knife Zentrum<\/title>\n<meta name=\"robots\" content=\"index, follow, max-snippet:-1, max-image-preview:large, max-video-preview:-1\" \/>\n<link rel=\"canonical\" href=\"https:\/\/gamma-knife.de\/de\/wichtigste-indikationen\/\" \/>\n<meta property=\"og:locale\" content=\"de_DE\" \/>\n<meta property=\"og:type\" content=\"article\" \/>\n<meta property=\"og:title\" content=\"Indikationen\" \/>\n<meta property=\"og:description\" content=\"Als Facharztzentrum f\u00fcr Radiochirurgie und stereotaktische Strahlentherapie behandeln wir gut- und b\u00f6sartige Tumore, Metastasen, Gef\u00e4\u00dfmissbildungen und funktionelle Erkrankungen. Daf\u00fcr verwenden wir stereotaktische Hochleistungsger\u00e4te der jeweils neuesten Generation. Der Einsatzbereich des Gamma Knife Icon liegt dabei im Kopf- und Halsbereich, der des stereotaktischen Linearbeschleunigers dar\u00fcber hinaus auch im gesamten \u00fcbrigen K\u00f6rper. F\u00fcr die tats\u00e4chliche Behandlungm\u00f6glichkeit einer [&hellip;]\" \/>\n<meta property=\"og:url\" content=\"https:\/\/gamma-knife.de\/de\/wichtigste-indikationen\/\" \/>\n<meta property=\"og:site_name\" content=\"Gamma Knife Zentrum\" \/>\n<meta property=\"article:modified_time\" content=\"2021-01-14T14:15:27+00:00\" \/>\n<meta name=\"twitter:card\" content=\"summary_large_image\" \/>\n<meta name=\"twitter:label1\" content=\"Gesch\u00e4tzte Lesezeit\" \/>\n\t<meta name=\"twitter:data1\" content=\"1\u00a0Minute\" \/>\n<script type=\"application\/ld+json\" class=\"yoast-schema-graph\">{\"@context\":\"https:\\\/\\\/schema.org\",\"@graph\":[{\"@type\":\"WebPage\",\"@id\":\"https:\\\/\\\/gamma-knife.de\\\/de\\\/wichtigste-indikationen\\\/\",\"url\":\"https:\\\/\\\/gamma-knife.de\\\/de\\\/wichtigste-indikationen\\\/\",\"name\":\"Indikationen - Gamma Knife Zentrum\",\"isPartOf\":{\"@id\":\"https:\\\/\\\/www.gamma-knife.de\\\/de\\\/#website\"},\"datePublished\":\"2020-03-13T13:00:02+00:00\",\"dateModified\":\"2021-01-14T14:15:27+00:00\",\"inLanguage\":\"de\",\"potentialAction\":[{\"@type\":\"ReadAction\",\"target\":[\"https:\\\/\\\/gamma-knife.de\\\/de\\\/wichtigste-indikationen\\\/\"]}]},{\"@type\":\"WebSite\",\"@id\":\"https:\\\/\\\/www.gamma-knife.de\\\/de\\\/#website\",\"url\":\"https:\\\/\\\/www.gamma-knife.de\\\/de\\\/\",\"name\":\"Gamma Knife Zentrum\",\"description\":\"Gamma Knife Zentrum\",\"publisher\":{\"@id\":\"https:\\\/\\\/www.gamma-knife.de\\\/de\\\/#organization\"},\"potentialAction\":[{\"@type\":\"SearchAction\",\"target\":{\"@type\":\"EntryPoint\",\"urlTemplate\":\"https:\\\/\\\/www.gamma-knife.de\\\/de\\\/?s={search_term_string}\"},\"query-input\":{\"@type\":\"PropertyValueSpecification\",\"valueRequired\":true,\"valueName\":\"search_term_string\"}}],\"inLanguage\":\"de\"},{\"@type\":\"Organization\",\"@id\":\"https:\\\/\\\/www.gamma-knife.de\\\/de\\\/#organization\",\"name\":\"Gamma Knife Zentrum\",\"url\":\"https:\\\/\\\/www.gamma-knife.de\\\/de\\\/\",\"logo\":{\"@type\":\"ImageObject\",\"inLanguage\":\"de\",\"@id\":\"https:\\\/\\\/www.gamma-knife.de\\\/de\\\/#\\\/schema\\\/logo\\\/image\\\/\",\"url\":\"https:\\\/\\\/www.gamma-knife.de\\\/wp-content\\\/uploads\\\/2020\\\/11\\\/Gamma-Knife-Logo-rgb.png\",\"contentUrl\":\"https:\\\/\\\/www.gamma-knife.de\\\/wp-content\\\/uploads\\\/2020\\\/11\\\/Gamma-Knife-Logo-rgb.png\",\"width\":250,\"height\":97,\"caption\":\"Gamma Knife Zentrum\"},\"image\":{\"@id\":\"https:\\\/\\\/www.gamma-knife.de\\\/de\\\/#\\\/schema\\\/logo\\\/image\\\/\"}}]}<\/script>\n<!-- \/ Yoast SEO Premium plugin. -->","yoast_head_json":{"title":"Indikationen - Gamma Knife Zentrum","robots":{"index":"index","follow":"follow","max-snippet":"max-snippet:-1","max-image-preview":"max-image-preview:large","max-video-preview":"max-video-preview:-1"},"canonical":"https:\/\/gamma-knife.de\/de\/wichtigste-indikationen\/","og_locale":"de_DE","og_type":"article","og_title":"Indikationen","og_description":"Als Facharztzentrum f\u00fcr Radiochirurgie und stereotaktische Strahlentherapie behandeln wir gut- und b\u00f6sartige Tumore, Metastasen, Gef\u00e4\u00dfmissbildungen und funktionelle Erkrankungen. Daf\u00fcr verwenden wir stereotaktische Hochleistungsger\u00e4te der jeweils neuesten Generation. Der Einsatzbereich des Gamma Knife Icon liegt dabei im Kopf- und Halsbereich, der des stereotaktischen Linearbeschleunigers dar\u00fcber hinaus auch im gesamten \u00fcbrigen K\u00f6rper. F\u00fcr die tats\u00e4chliche Behandlungm\u00f6glichkeit einer [&hellip;]","og_url":"https:\/\/gamma-knife.de\/de\/wichtigste-indikationen\/","og_site_name":"Gamma Knife Zentrum","article_modified_time":"2021-01-14T14:15:27+00:00","twitter_card":"summary_large_image","twitter_misc":{"Gesch\u00e4tzte Lesezeit":"1\u00a0Minute"},"schema":{"@context":"https:\/\/schema.org","@graph":[{"@type":"WebPage","@id":"https:\/\/gamma-knife.de\/de\/wichtigste-indikationen\/","url":"https:\/\/gamma-knife.de\/de\/wichtigste-indikationen\/","name":"Indikationen - Gamma Knife Zentrum","isPartOf":{"@id":"https:\/\/www.gamma-knife.de\/de\/#website"},"datePublished":"2020-03-13T13:00:02+00:00","dateModified":"2021-01-14T14:15:27+00:00","inLanguage":"de","potentialAction":[{"@type":"ReadAction","target":["https:\/\/gamma-knife.de\/de\/wichtigste-indikationen\/"]}]},{"@type":"WebSite","@id":"https:\/\/www.gamma-knife.de\/de\/#website","url":"https:\/\/www.gamma-knife.de\/de\/","name":"Gamma Knife Zentrum","description":"Gamma Knife Zentrum","publisher":{"@id":"https:\/\/www.gamma-knife.de\/de\/#organization"},"potentialAction":[{"@type":"SearchAction","target":{"@type":"EntryPoint","urlTemplate":"https:\/\/www.gamma-knife.de\/de\/?s={search_term_string}"},"query-input":{"@type":"PropertyValueSpecification","valueRequired":true,"valueName":"search_term_string"}}],"inLanguage":"de"},{"@type":"Organization","@id":"https:\/\/www.gamma-knife.de\/de\/#organization","name":"Gamma Knife Zentrum","url":"https:\/\/www.gamma-knife.de\/de\/","logo":{"@type":"ImageObject","inLanguage":"de","@id":"https:\/\/www.gamma-knife.de\/de\/#\/schema\/logo\/image\/","url":"https:\/\/www.gamma-knife.de\/wp-content\/uploads\/2020\/11\/Gamma-Knife-Logo-rgb.png","contentUrl":"https:\/\/www.gamma-knife.de\/wp-content\/uploads\/2020\/11\/Gamma-Knife-Logo-rgb.png","width":250,"height":97,"caption":"Gamma Knife Zentrum"},"image":{"@id":"https:\/\/www.gamma-knife.de\/de\/#\/schema\/logo\/image\/"}}]}},"_links":{"self":[{"href":"https:\/\/gamma-knife.de\/de\/wp-json\/wp\/v2\/pages\/2042","targetHints":{"allow":["GET"]}}],"collection":[{"href":"https:\/\/gamma-knife.de\/de\/wp-json\/wp\/v2\/pages"}],"about":[{"href":"https:\/\/gamma-knife.de\/de\/wp-json\/wp\/v2\/types\/page"}],"author":[{"embeddable":true,"href":"https:\/\/gamma-knife.de\/de\/wp-json\/wp\/v2\/users\/18"}],"replies":[{"embeddable":true,"href":"https:\/\/gamma-knife.de\/de\/wp-json\/wp\/v2\/comments?post=2042"}],"version-history":[{"count":23,"href":"https:\/\/gamma-knife.de\/de\/wp-json\/wp\/v2\/pages\/2042\/revisions"}],"predecessor-version":[{"id":6653,"href":"https:\/\/gamma-knife.de\/de\/wp-json\/wp\/v2\/pages\/2042\/revisions\/6653"}],"wp:attachment":[{"href":"https:\/\/gamma-knife.de\/de\/wp-json\/wp\/v2\/media?parent=2042"}],"curies":[{"name":"wp","href":"https:\/\/api.w.org\/{rel}","templated":true}]}}