{"id":2634,"date":"2020-04-06T15:45:34","date_gmt":"2020-04-06T13:45:34","guid":{"rendered":"http:\/\/web139.s238.goserver.host\/?page_id=2634"},"modified":"2020-11-06T17:24:55","modified_gmt":"2020-11-06T16:24:55","slug":"chordome-und-chondrosarkome","status":"publish","type":"page","link":"https:\/\/gamma-knife.de\/de\/erkrankungen-behandlung-im-gamma-knife-zentrum\/hirntumor-erkrankungen\/chordome-und-chondrosarkome\/","title":{"rendered":"Chordome und Chondrosarkome"},"content":{"rendered":"\n<p>Chordome und Chondrosarkome sind langsam wachsende Tumore und sie  treten unter anderem im Bereich der Sch\u00e4delbasis auf. Ihr Wachstum zerst\u00f6rt den Knochen und verdr\u00e4ngt umgebende Strukturen wie den Hirnstamm oder Hirnnerven. <\/p>\n","protected":false},"excerpt":{"rendered":"<p>Chordome und Chondrosarkome sind langsam wachsende Tumore und sie treten unter anderem im Bereich der Sch\u00e4delbasis auf. Ihr Wachstum zerst\u00f6rt den Knochen und verdr\u00e4ngt umgebende Strukturen wie den Hirnstamm oder Hirnnerven.<\/p>\n","protected":false},"author":4,"featured_media":5788,"parent":1250,"menu_order":0,"comment_status":"closed","ping_status":"closed","template":"templates\/disease-page.php","meta":{"_acf_changed":false,"footnotes":""},"class_list":["post-2634","page","type-page","status-publish","has-post-thumbnail","hentry"],"acf":[],"yoast_head":"<!-- This site is optimized with the Yoast SEO Premium plugin v26.1 (Yoast SEO v27.4) - https:\/\/yoast.com\/product\/yoast-seo-premium-wordpress\/ -->\n<title>Chordome und Chondrosarkome: Behandlung im Gamma Knife Zentrum<\/title>\n<meta name=\"description\" content=\"Hier erfahren Sie alles \u00fcber die Behandlung der Chordome und Chondrosarkome im Gamma Knife Zentrum an den Standorten Hannover und Krefeld.\" \/>\n<meta name=\"robots\" content=\"index, follow, max-snippet:-1, max-image-preview:large, max-video-preview:-1\" \/>\n<link rel=\"canonical\" href=\"https:\/\/gamma-knife.de\/de\/erkrankungen-behandlung-im-gamma-knife-zentrum\/hirntumor-erkrankungen\/chordome-und-chondrosarkome\/\" \/>\n<meta property=\"og:locale\" content=\"de_DE\" \/>\n<meta property=\"og:type\" content=\"article\" \/>\n<meta property=\"og:title\" content=\"Chordome und Chondrosarkome\" \/>\n<meta property=\"og:description\" content=\"Hier erfahren Sie alles \u00fcber die Behandlung der Chordome und Chondrosarkome im Gamma Knife Zentrum an den Standorten Hannover und Krefeld.\" \/>\n<meta property=\"og:url\" content=\"https:\/\/gamma-knife.de\/de\/erkrankungen-behandlung-im-gamma-knife-zentrum\/hirntumor-erkrankungen\/chordome-und-chondrosarkome\/\" \/>\n<meta property=\"og:site_name\" content=\"Gamma Knife Zentrum\" \/>\n<meta property=\"article:modified_time\" content=\"2020-11-06T16:24:55+00:00\" \/>\n<meta property=\"og:image\" content=\"https:\/\/www.gamma-knife.de\/wp-content\/uploads\/2020\/10\/Gamma-Knife-Hannover-Feindaten_17_web-header.jpg\" \/>\n\t<meta property=\"og:image:width\" content=\"847\" \/>\n\t<meta property=\"og:image:height\" content=\"485\" \/>\n\t<meta property=\"og:image:type\" content=\"image\/jpeg\" \/>\n<meta name=\"twitter:card\" content=\"summary_large_image\" \/>\n<script type=\"application\/ld+json\" class=\"yoast-schema-graph\">{\"@context\":\"https:\\\/\\\/schema.org\",\"@graph\":[{\"@type\":\"WebPage\",\"@id\":\"https:\\\/\\\/gamma-knife.de\\\/de\\\/erkrankungen-behandlung-im-gamma-knife-zentrum\\\/hirntumor-erkrankungen\\\/chordome-und-chondrosarkome\\\/\",\"url\":\"https:\\\/\\\/gamma-knife.de\\\/de\\\/erkrankungen-behandlung-im-gamma-knife-zentrum\\\/hirntumor-erkrankungen\\\/chordome-und-chondrosarkome\\\/\",\"name\":\"Chordome und Chondrosarkome: Behandlung im Gamma Knife Zentrum\",\"isPartOf\":{\"@id\":\"https:\\\/\\\/www.gamma-knife.de\\\/de\\\/#website\"},\"primaryImageOfPage\":{\"@id\":\"https:\\\/\\\/gamma-knife.de\\\/de\\\/erkrankungen-behandlung-im-gamma-knife-zentrum\\\/hirntumor-erkrankungen\\\/chordome-und-chondrosarkome\\\/#primaryimage\"},\"image\":{\"@id\":\"https:\\\/\\\/gamma-knife.de\\\/de\\\/erkrankungen-behandlung-im-gamma-knife-zentrum\\\/hirntumor-erkrankungen\\\/chordome-und-chondrosarkome\\\/#primaryimage\"},\"thumbnailUrl\":\"https:\\\/\\\/gamma-knife.de\\\/wp-content\\\/uploads\\\/2020\\\/10\\\/Gamma-Knife-Hannover-Feindaten_17_web-header.jpg\",\"datePublished\":\"2020-04-06T13:45:34+00:00\",\"dateModified\":\"2020-11-06T16:24:55+00:00\",\"description\":\"Hier erfahren Sie alles \u00fcber die Behandlung der Chordome und Chondrosarkome im Gamma Knife Zentrum an den Standorten Hannover und Krefeld.\",\"breadcrumb\":{\"@id\":\"https:\\\/\\\/gamma-knife.de\\\/de\\\/erkrankungen-behandlung-im-gamma-knife-zentrum\\\/hirntumor-erkrankungen\\\/chordome-und-chondrosarkome\\\/#breadcrumb\"},\"inLanguage\":\"de\",\"potentialAction\":[{\"@type\":\"ReadAction\",\"target\":[\"https:\\\/\\\/gamma-knife.de\\\/de\\\/erkrankungen-behandlung-im-gamma-knife-zentrum\\\/hirntumor-erkrankungen\\\/chordome-und-chondrosarkome\\\/\"]}]},{\"@type\":\"ImageObject\",\"inLanguage\":\"de\",\"@id\":\"https:\\\/\\\/gamma-knife.de\\\/de\\\/erkrankungen-behandlung-im-gamma-knife-zentrum\\\/hirntumor-erkrankungen\\\/chordome-und-chondrosarkome\\\/#primaryimage\",\"url\":\"https:\\\/\\\/gamma-knife.de\\\/wp-content\\\/uploads\\\/2020\\\/10\\\/Gamma-Knife-Hannover-Feindaten_17_web-header.jpg\",\"contentUrl\":\"https:\\\/\\\/gamma-knife.de\\\/wp-content\\\/uploads\\\/2020\\\/10\\\/Gamma-Knife-Hannover-Feindaten_17_web-header.jpg\",\"width\":847,\"height\":485},{\"@type\":\"BreadcrumbList\",\"@id\":\"https:\\\/\\\/gamma-knife.de\\\/de\\\/erkrankungen-behandlung-im-gamma-knife-zentrum\\\/hirntumor-erkrankungen\\\/chordome-und-chondrosarkome\\\/#breadcrumb\",\"itemListElement\":[{\"@type\":\"ListItem\",\"position\":1,\"name\":\"Erkrankungen\",\"item\":\"https:\\\/\\\/www.gamma-knife.de\\\/de\\\/erkrankungen-behandlung-im-gamma-knife-zentrum\\\/\"},{\"@type\":\"ListItem\",\"position\":2,\"name\":\"Gehirn\",\"item\":\"https:\\\/\\\/www.gamma-knife.de\\\/de\\\/erkrankungen-behandlung-im-gamma-knife-zentrum\\\/hirntumor-erkrankungen\\\/\"},{\"@type\":\"ListItem\",\"position\":3,\"name\":\"Chordome und Chondrosarkome\"}]},{\"@type\":\"WebSite\",\"@id\":\"https:\\\/\\\/www.gamma-knife.de\\\/de\\\/#website\",\"url\":\"https:\\\/\\\/www.gamma-knife.de\\\/de\\\/\",\"name\":\"Gamma Knife Zentrum\",\"description\":\"Gamma Knife Zentrum\",\"publisher\":{\"@id\":\"https:\\\/\\\/www.gamma-knife.de\\\/de\\\/#organization\"},\"potentialAction\":[{\"@type\":\"SearchAction\",\"target\":{\"@type\":\"EntryPoint\",\"urlTemplate\":\"https:\\\/\\\/www.gamma-knife.de\\\/de\\\/?s={search_term_string}\"},\"query-input\":{\"@type\":\"PropertyValueSpecification\",\"valueRequired\":true,\"valueName\":\"search_term_string\"}}],\"inLanguage\":\"de\"},{\"@type\":\"Organization\",\"@id\":\"https:\\\/\\\/www.gamma-knife.de\\\/de\\\/#organization\",\"name\":\"Gamma Knife Zentrum\",\"url\":\"https:\\\/\\\/www.gamma-knife.de\\\/de\\\/\",\"logo\":{\"@type\":\"ImageObject\",\"inLanguage\":\"de\",\"@id\":\"https:\\\/\\\/www.gamma-knife.de\\\/de\\\/#\\\/schema\\\/logo\\\/image\\\/\",\"url\":\"https:\\\/\\\/www.gamma-knife.de\\\/wp-content\\\/uploads\\\/2020\\\/11\\\/Gamma-Knife-Logo-rgb.png\",\"contentUrl\":\"https:\\\/\\\/www.gamma-knife.de\\\/wp-content\\\/uploads\\\/2020\\\/11\\\/Gamma-Knife-Logo-rgb.png\",\"width\":250,\"height\":97,\"caption\":\"Gamma Knife Zentrum\"},\"image\":{\"@id\":\"https:\\\/\\\/www.gamma-knife.de\\\/de\\\/#\\\/schema\\\/logo\\\/image\\\/\"}}]}<\/script>\n<!-- \/ Yoast SEO Premium plugin. -->","yoast_head_json":{"title":"Chordome und Chondrosarkome: Behandlung im Gamma Knife Zentrum","description":"Hier erfahren Sie alles \u00fcber die Behandlung der Chordome und Chondrosarkome im Gamma Knife Zentrum an den Standorten Hannover und Krefeld.","robots":{"index":"index","follow":"follow","max-snippet":"max-snippet:-1","max-image-preview":"max-image-preview:large","max-video-preview":"max-video-preview:-1"},"canonical":"https:\/\/gamma-knife.de\/de\/erkrankungen-behandlung-im-gamma-knife-zentrum\/hirntumor-erkrankungen\/chordome-und-chondrosarkome\/","og_locale":"de_DE","og_type":"article","og_title":"Chordome und Chondrosarkome","og_description":"Hier erfahren Sie alles \u00fcber die Behandlung der Chordome und Chondrosarkome im Gamma Knife Zentrum an den Standorten Hannover und Krefeld.","og_url":"https:\/\/gamma-knife.de\/de\/erkrankungen-behandlung-im-gamma-knife-zentrum\/hirntumor-erkrankungen\/chordome-und-chondrosarkome\/","og_site_name":"Gamma Knife Zentrum","article_modified_time":"2020-11-06T16:24:55+00:00","og_image":[{"width":847,"height":485,"url":"https:\/\/www.gamma-knife.de\/wp-content\/uploads\/2020\/10\/Gamma-Knife-Hannover-Feindaten_17_web-header.jpg","type":"image\/jpeg"}],"twitter_card":"summary_large_image","schema":{"@context":"https:\/\/schema.org","@graph":[{"@type":"WebPage","@id":"https:\/\/gamma-knife.de\/de\/erkrankungen-behandlung-im-gamma-knife-zentrum\/hirntumor-erkrankungen\/chordome-und-chondrosarkome\/","url":"https:\/\/gamma-knife.de\/de\/erkrankungen-behandlung-im-gamma-knife-zentrum\/hirntumor-erkrankungen\/chordome-und-chondrosarkome\/","name":"Chordome und Chondrosarkome: Behandlung im Gamma Knife Zentrum","isPartOf":{"@id":"https:\/\/www.gamma-knife.de\/de\/#website"},"primaryImageOfPage":{"@id":"https:\/\/gamma-knife.de\/de\/erkrankungen-behandlung-im-gamma-knife-zentrum\/hirntumor-erkrankungen\/chordome-und-chondrosarkome\/#primaryimage"},"image":{"@id":"https:\/\/gamma-knife.de\/de\/erkrankungen-behandlung-im-gamma-knife-zentrum\/hirntumor-erkrankungen\/chordome-und-chondrosarkome\/#primaryimage"},"thumbnailUrl":"https:\/\/gamma-knife.de\/wp-content\/uploads\/2020\/10\/Gamma-Knife-Hannover-Feindaten_17_web-header.jpg","datePublished":"2020-04-06T13:45:34+00:00","dateModified":"2020-11-06T16:24:55+00:00","description":"Hier erfahren Sie alles \u00fcber die Behandlung der Chordome und Chondrosarkome im Gamma Knife Zentrum an den Standorten Hannover und Krefeld.","breadcrumb":{"@id":"https:\/\/gamma-knife.de\/de\/erkrankungen-behandlung-im-gamma-knife-zentrum\/hirntumor-erkrankungen\/chordome-und-chondrosarkome\/#breadcrumb"},"inLanguage":"de","potentialAction":[{"@type":"ReadAction","target":["https:\/\/gamma-knife.de\/de\/erkrankungen-behandlung-im-gamma-knife-zentrum\/hirntumor-erkrankungen\/chordome-und-chondrosarkome\/"]}]},{"@type":"ImageObject","inLanguage":"de","@id":"https:\/\/gamma-knife.de\/de\/erkrankungen-behandlung-im-gamma-knife-zentrum\/hirntumor-erkrankungen\/chordome-und-chondrosarkome\/#primaryimage","url":"https:\/\/gamma-knife.de\/wp-content\/uploads\/2020\/10\/Gamma-Knife-Hannover-Feindaten_17_web-header.jpg","contentUrl":"https:\/\/gamma-knife.de\/wp-content\/uploads\/2020\/10\/Gamma-Knife-Hannover-Feindaten_17_web-header.jpg","width":847,"height":485},{"@type":"BreadcrumbList","@id":"https:\/\/gamma-knife.de\/de\/erkrankungen-behandlung-im-gamma-knife-zentrum\/hirntumor-erkrankungen\/chordome-und-chondrosarkome\/#breadcrumb","itemListElement":[{"@type":"ListItem","position":1,"name":"Erkrankungen","item":"https:\/\/www.gamma-knife.de\/de\/erkrankungen-behandlung-im-gamma-knife-zentrum\/"},{"@type":"ListItem","position":2,"name":"Gehirn","item":"https:\/\/www.gamma-knife.de\/de\/erkrankungen-behandlung-im-gamma-knife-zentrum\/hirntumor-erkrankungen\/"},{"@type":"ListItem","position":3,"name":"Chordome und Chondrosarkome"}]},{"@type":"WebSite","@id":"https:\/\/www.gamma-knife.de\/de\/#website","url":"https:\/\/www.gamma-knife.de\/de\/","name":"Gamma Knife Zentrum","description":"Gamma Knife Zentrum","publisher":{"@id":"https:\/\/www.gamma-knife.de\/de\/#organization"},"potentialAction":[{"@type":"SearchAction","target":{"@type":"EntryPoint","urlTemplate":"https:\/\/www.gamma-knife.de\/de\/?s={search_term_string}"},"query-input":{"@type":"PropertyValueSpecification","valueRequired":true,"valueName":"search_term_string"}}],"inLanguage":"de"},{"@type":"Organization","@id":"https:\/\/www.gamma-knife.de\/de\/#organization","name":"Gamma Knife Zentrum","url":"https:\/\/www.gamma-knife.de\/de\/","logo":{"@type":"ImageObject","inLanguage":"de","@id":"https:\/\/www.gamma-knife.de\/de\/#\/schema\/logo\/image\/","url":"https:\/\/www.gamma-knife.de\/wp-content\/uploads\/2020\/11\/Gamma-Knife-Logo-rgb.png","contentUrl":"https:\/\/www.gamma-knife.de\/wp-content\/uploads\/2020\/11\/Gamma-Knife-Logo-rgb.png","width":250,"height":97,"caption":"Gamma Knife Zentrum"},"image":{"@id":"https:\/\/www.gamma-knife.de\/de\/#\/schema\/logo\/image\/"}}]}},"_links":{"self":[{"href":"https:\/\/gamma-knife.de\/de\/wp-json\/wp\/v2\/pages\/2634","targetHints":{"allow":["GET"]}}],"collection":[{"href":"https:\/\/gamma-knife.de\/de\/wp-json\/wp\/v2\/pages"}],"about":[{"href":"https:\/\/gamma-knife.de\/de\/wp-json\/wp\/v2\/types\/page"}],"author":[{"embeddable":true,"href":"https:\/\/gamma-knife.de\/de\/wp-json\/wp\/v2\/users\/4"}],"replies":[{"embeddable":true,"href":"https:\/\/gamma-knife.de\/de\/wp-json\/wp\/v2\/comments?post=2634"}],"version-history":[{"count":66,"href":"https:\/\/gamma-knife.de\/de\/wp-json\/wp\/v2\/pages\/2634\/revisions"}],"predecessor-version":[{"id":6548,"href":"https:\/\/gamma-knife.de\/de\/wp-json\/wp\/v2\/pages\/2634\/revisions\/6548"}],"up":[{"embeddable":true,"href":"https:\/\/gamma-knife.de\/de\/wp-json\/wp\/v2\/pages\/1250"}],"wp:featuredmedia":[{"embeddable":true,"href":"https:\/\/gamma-knife.de\/de\/wp-json\/wp\/v2\/media\/5788"}],"wp:attachment":[{"href":"https:\/\/gamma-knife.de\/de\/wp-json\/wp\/v2\/media?parent=2634"}],"curies":[{"name":"wp","href":"https:\/\/api.w.org\/{rel}","templated":true}]}}