{"id":2702,"date":"2020-04-07T09:13:25","date_gmt":"2020-04-07T07:13:25","guid":{"rendered":"http:\/\/web139.s238.goserver.host\/?page_id=2702"},"modified":"2020-11-10T11:37:26","modified_gmt":"2020-11-10T10:37:26","slug":"gamma-knife-erste-schritte","status":"publish","type":"page","link":"https:\/\/gamma-knife.de\/de\/behandlungen-im-gamma-knife-zentrum\/gamma-knife-erste-schritte\/","title":{"rendered":"Erste Schritte"},"content":{"rendered":"\n<p><\/p>\n\n\n\n<h6 class=\"wp-block-heading\" id=\"h-damit-sie-wissen-was-wir-tun\">Damit Sie wissen, was wir tun<\/h6>\n\n\n\n<p>Im <a href=\"https:\/\/www.gamma-knife.de\/de\/standorte\/\">Gamma Knife Zentrum<\/a> werden Sie im Vorfeld einer Behandlung ausf\u00fchrlich und umfassend beraten. Dazu geh\u00f6rt die Aufkl\u00e4rung \u00fcber Art und Umfang Ihrer Erkrankung. Wir zeigen Ihnen s\u00e4mtliche Therapiem\u00f6glichkeiten auf \u2013 und nicht nur die Behandlung mit unseren radiochirurgischen Methoden. Dabei profitieren Sie von unserer langj\u00e4hrigen Erfahrung als Radiochirurgen und operierende Neurochirurgen.<\/p>\n\n\n\n<p>Ziel unserer Beratung ist, dass Sie \u00fcber die Behandlungsmethode, die Erfolgsquote und die m\u00f6glichen Nebenwirkungen bestens aufgekl\u00e4rt sind. Dar\u00fcber hinaus nennen wir Ihnen auch Behandlungsalternativen. Nach der Beratung verf\u00fcgen Sie \u00fcber ausreichende Informationen, um sich f\u00fcr eine <a href=\"https:\/\/www.gamma-knife.de\/de\/behandlungen-im-gamma-knife-zentrum\/\">Behandlung<\/a> im Gamma Knife Zentrum zu entscheiden.<\/p>\n\n\n\n<h6 class=\"wp-block-heading\" id=\"h-am-anfang-steht-die-indikation\">Am Anfang steht die Indikation<\/h6>\n\n\n\n<p>Der erste Kontakt mit unserem Zentrum verl\u00e4uft meist telefonisch. Unser medizinisch geschultes Personal stellt fest, ob alle notwendigen Unterlagen vorhanden sind. Sollte nach der Befundung eine Gamma Knife Behandlung sinnvoll erscheinen, nehmen wir mit Ihnen Kontakt auf und legen die weitere Vorgehensweise fest. Selbstverst\u00e4ndlich ist aber auch ein pers\u00f6nliches Beratungsgespr\u00e4ch mit Vorlage aller Unterlagen m\u00f6glich.<\/p>\n\n\n\n<p>In der weiteren Vorbereitung auf die Gamma Knife Behandlung findet in jedem Fall ein ausf\u00fchrliches Aufkl\u00e4rungsgespr\u00e4ch vor Ort mit dem <a href=\"https:\/\/www.gamma-knife.de\/de\/ueber-uns\/team\/\">behandelnden Arzt<\/a> statt.<\/p>\n\n\n\n<p>Im Mittelpunkt unserer Bem\u00fchungen stehen Sie. Daher nehmen wir uns ausreichend Zeit, um Ihnen und Ihrem pers\u00f6nlichen Umfeld alle f\u00fcr Sie wichtigen Fragen zu kl\u00e4ren. <\/p>\n","protected":false},"excerpt":{"rendered":"<p>Gamma Knife erste Schritte<\/p>\n","protected":false},"author":4,"featured_media":5918,"parent":920,"menu_order":0,"comment_status":"closed","ping_status":"closed","template":"templates\/reimbursement-page.php","meta":{"_acf_changed":false,"footnotes":""},"class_list":["post-2702","page","type-page","status-publish","has-post-thumbnail","hentry"],"acf":[],"yoast_head":"<!-- This site is optimized with the Yoast SEO Premium plugin v26.1 (Yoast SEO v27.3) - https:\/\/yoast.com\/product\/yoast-seo-premium-wordpress\/ -->\n<title>Gamma Knife Zentrum: erste Schritte der radiochirurgischen Behandlung<\/title>\n<meta name=\"description\" content=\"Erfahren Sie hier alles zu den ersten Schritten zur Behandlung im Gamma Knife Zentrum an den Standorten Krefeld und Hannover.\" \/>\n<meta name=\"robots\" content=\"index, follow, max-snippet:-1, max-image-preview:large, max-video-preview:-1\" \/>\n<link rel=\"canonical\" href=\"https:\/\/gamma-knife.de\/de\/behandlungen-im-gamma-knife-zentrum\/gamma-knife-erste-schritte\/\" \/>\n<meta property=\"og:locale\" content=\"de_DE\" \/>\n<meta property=\"og:type\" content=\"article\" \/>\n<meta property=\"og:title\" content=\"Erste Schritte\" \/>\n<meta property=\"og:description\" content=\"Erfahren Sie hier alles zu den ersten Schritten zur Behandlung im Gamma Knife Zentrum an den Standorten Krefeld und Hannover.\" \/>\n<meta property=\"og:url\" content=\"https:\/\/gamma-knife.de\/de\/behandlungen-im-gamma-knife-zentrum\/gamma-knife-erste-schritte\/\" \/>\n<meta property=\"og:site_name\" content=\"Gamma Knife Zentrum\" \/>\n<meta property=\"article:modified_time\" content=\"2020-11-10T10:37:26+00:00\" \/>\n<meta property=\"og:image\" content=\"https:\/\/gamma-knife.de\/wp-content\/uploads\/2020\/10\/Gamma-Knife-Krefeld_19-2_web.jpg\" \/>\n\t<meta property=\"og:image:width\" content=\"1400\" \/>\n\t<meta property=\"og:image:height\" content=\"931\" \/>\n\t<meta property=\"og:image:type\" content=\"image\/jpeg\" \/>\n<meta name=\"twitter:card\" content=\"summary_large_image\" \/>\n<meta name=\"twitter:label1\" content=\"Gesch\u00e4tzte Lesezeit\" \/>\n\t<meta name=\"twitter:data1\" content=\"1\u00a0Minute\" \/>\n<script type=\"application\/ld+json\" class=\"yoast-schema-graph\">{\"@context\":\"https:\\\/\\\/schema.org\",\"@graph\":[{\"@type\":\"WebPage\",\"@id\":\"https:\\\/\\\/gamma-knife.de\\\/de\\\/behandlungen-im-gamma-knife-zentrum\\\/gamma-knife-erste-schritte\\\/\",\"url\":\"https:\\\/\\\/gamma-knife.de\\\/de\\\/behandlungen-im-gamma-knife-zentrum\\\/gamma-knife-erste-schritte\\\/\",\"name\":\"Gamma Knife Zentrum: erste Schritte der radiochirurgischen Behandlung\",\"isPartOf\":{\"@id\":\"https:\\\/\\\/www.gamma-knife.de\\\/de\\\/#website\"},\"primaryImageOfPage\":{\"@id\":\"https:\\\/\\\/gamma-knife.de\\\/de\\\/behandlungen-im-gamma-knife-zentrum\\\/gamma-knife-erste-schritte\\\/#primaryimage\"},\"image\":{\"@id\":\"https:\\\/\\\/gamma-knife.de\\\/de\\\/behandlungen-im-gamma-knife-zentrum\\\/gamma-knife-erste-schritte\\\/#primaryimage\"},\"thumbnailUrl\":\"https:\\\/\\\/gamma-knife.de\\\/wp-content\\\/uploads\\\/2020\\\/10\\\/Gamma-Knife-Krefeld_19-2_web.jpg\",\"datePublished\":\"2020-04-07T07:13:25+00:00\",\"dateModified\":\"2020-11-10T10:37:26+00:00\",\"description\":\"Erfahren Sie hier alles zu den ersten Schritten zur Behandlung im Gamma Knife Zentrum an den Standorten Krefeld und Hannover.\",\"breadcrumb\":{\"@id\":\"https:\\\/\\\/gamma-knife.de\\\/de\\\/behandlungen-im-gamma-knife-zentrum\\\/gamma-knife-erste-schritte\\\/#breadcrumb\"},\"inLanguage\":\"de\",\"potentialAction\":[{\"@type\":\"ReadAction\",\"target\":[\"https:\\\/\\\/gamma-knife.de\\\/de\\\/behandlungen-im-gamma-knife-zentrum\\\/gamma-knife-erste-schritte\\\/\"]}]},{\"@type\":\"ImageObject\",\"inLanguage\":\"de\",\"@id\":\"https:\\\/\\\/gamma-knife.de\\\/de\\\/behandlungen-im-gamma-knife-zentrum\\\/gamma-knife-erste-schritte\\\/#primaryimage\",\"url\":\"https:\\\/\\\/gamma-knife.de\\\/wp-content\\\/uploads\\\/2020\\\/10\\\/Gamma-Knife-Krefeld_19-2_web.jpg\",\"contentUrl\":\"https:\\\/\\\/gamma-knife.de\\\/wp-content\\\/uploads\\\/2020\\\/10\\\/Gamma-Knife-Krefeld_19-2_web.jpg\",\"width\":1400,\"height\":931,\"caption\":\"Gamma Knife erste Schritte\"},{\"@type\":\"BreadcrumbList\",\"@id\":\"https:\\\/\\\/gamma-knife.de\\\/de\\\/behandlungen-im-gamma-knife-zentrum\\\/gamma-knife-erste-schritte\\\/#breadcrumb\",\"itemListElement\":[{\"@type\":\"ListItem\",\"position\":1,\"name\":\"Behandlungen\",\"item\":\"https:\\\/\\\/www.gamma-knife.de\\\/de\\\/behandlungen-im-gamma-knife-zentrum\\\/\"},{\"@type\":\"ListItem\",\"position\":2,\"name\":\"Erste Schritte\"}]},{\"@type\":\"WebSite\",\"@id\":\"https:\\\/\\\/www.gamma-knife.de\\\/de\\\/#website\",\"url\":\"https:\\\/\\\/www.gamma-knife.de\\\/de\\\/\",\"name\":\"Gamma Knife Zentrum\",\"description\":\"Gamma Knife Zentrum\",\"publisher\":{\"@id\":\"https:\\\/\\\/www.gamma-knife.de\\\/de\\\/#organization\"},\"potentialAction\":[{\"@type\":\"SearchAction\",\"target\":{\"@type\":\"EntryPoint\",\"urlTemplate\":\"https:\\\/\\\/www.gamma-knife.de\\\/de\\\/?s={search_term_string}\"},\"query-input\":{\"@type\":\"PropertyValueSpecification\",\"valueRequired\":true,\"valueName\":\"search_term_string\"}}],\"inLanguage\":\"de\"},{\"@type\":\"Organization\",\"@id\":\"https:\\\/\\\/www.gamma-knife.de\\\/de\\\/#organization\",\"name\":\"Gamma Knife Zentrum\",\"url\":\"https:\\\/\\\/www.gamma-knife.de\\\/de\\\/\",\"logo\":{\"@type\":\"ImageObject\",\"inLanguage\":\"de\",\"@id\":\"https:\\\/\\\/www.gamma-knife.de\\\/de\\\/#\\\/schema\\\/logo\\\/image\\\/\",\"url\":\"https:\\\/\\\/www.gamma-knife.de\\\/wp-content\\\/uploads\\\/2020\\\/11\\\/Gamma-Knife-Logo-rgb.png\",\"contentUrl\":\"https:\\\/\\\/www.gamma-knife.de\\\/wp-content\\\/uploads\\\/2020\\\/11\\\/Gamma-Knife-Logo-rgb.png\",\"width\":250,\"height\":97,\"caption\":\"Gamma Knife Zentrum\"},\"image\":{\"@id\":\"https:\\\/\\\/www.gamma-knife.de\\\/de\\\/#\\\/schema\\\/logo\\\/image\\\/\"}}]}<\/script>\n<!-- \/ Yoast SEO Premium plugin. -->","yoast_head_json":{"title":"Gamma Knife Zentrum: erste Schritte der radiochirurgischen Behandlung","description":"Erfahren Sie hier alles zu den ersten Schritten zur Behandlung im Gamma Knife Zentrum an den Standorten Krefeld und Hannover.","robots":{"index":"index","follow":"follow","max-snippet":"max-snippet:-1","max-image-preview":"max-image-preview:large","max-video-preview":"max-video-preview:-1"},"canonical":"https:\/\/gamma-knife.de\/de\/behandlungen-im-gamma-knife-zentrum\/gamma-knife-erste-schritte\/","og_locale":"de_DE","og_type":"article","og_title":"Erste Schritte","og_description":"Erfahren Sie hier alles zu den ersten Schritten zur Behandlung im Gamma Knife Zentrum an den Standorten Krefeld und Hannover.","og_url":"https:\/\/gamma-knife.de\/de\/behandlungen-im-gamma-knife-zentrum\/gamma-knife-erste-schritte\/","og_site_name":"Gamma Knife Zentrum","article_modified_time":"2020-11-10T10:37:26+00:00","og_image":[{"width":1400,"height":931,"url":"https:\/\/gamma-knife.de\/wp-content\/uploads\/2020\/10\/Gamma-Knife-Krefeld_19-2_web.jpg","type":"image\/jpeg"}],"twitter_card":"summary_large_image","twitter_misc":{"Gesch\u00e4tzte Lesezeit":"1\u00a0Minute"},"schema":{"@context":"https:\/\/schema.org","@graph":[{"@type":"WebPage","@id":"https:\/\/gamma-knife.de\/de\/behandlungen-im-gamma-knife-zentrum\/gamma-knife-erste-schritte\/","url":"https:\/\/gamma-knife.de\/de\/behandlungen-im-gamma-knife-zentrum\/gamma-knife-erste-schritte\/","name":"Gamma Knife Zentrum: erste Schritte der radiochirurgischen Behandlung","isPartOf":{"@id":"https:\/\/www.gamma-knife.de\/de\/#website"},"primaryImageOfPage":{"@id":"https:\/\/gamma-knife.de\/de\/behandlungen-im-gamma-knife-zentrum\/gamma-knife-erste-schritte\/#primaryimage"},"image":{"@id":"https:\/\/gamma-knife.de\/de\/behandlungen-im-gamma-knife-zentrum\/gamma-knife-erste-schritte\/#primaryimage"},"thumbnailUrl":"https:\/\/gamma-knife.de\/wp-content\/uploads\/2020\/10\/Gamma-Knife-Krefeld_19-2_web.jpg","datePublished":"2020-04-07T07:13:25+00:00","dateModified":"2020-11-10T10:37:26+00:00","description":"Erfahren Sie hier alles zu den ersten Schritten zur Behandlung im Gamma Knife Zentrum an den Standorten Krefeld und Hannover.","breadcrumb":{"@id":"https:\/\/gamma-knife.de\/de\/behandlungen-im-gamma-knife-zentrum\/gamma-knife-erste-schritte\/#breadcrumb"},"inLanguage":"de","potentialAction":[{"@type":"ReadAction","target":["https:\/\/gamma-knife.de\/de\/behandlungen-im-gamma-knife-zentrum\/gamma-knife-erste-schritte\/"]}]},{"@type":"ImageObject","inLanguage":"de","@id":"https:\/\/gamma-knife.de\/de\/behandlungen-im-gamma-knife-zentrum\/gamma-knife-erste-schritte\/#primaryimage","url":"https:\/\/gamma-knife.de\/wp-content\/uploads\/2020\/10\/Gamma-Knife-Krefeld_19-2_web.jpg","contentUrl":"https:\/\/gamma-knife.de\/wp-content\/uploads\/2020\/10\/Gamma-Knife-Krefeld_19-2_web.jpg","width":1400,"height":931,"caption":"Gamma Knife erste Schritte"},{"@type":"BreadcrumbList","@id":"https:\/\/gamma-knife.de\/de\/behandlungen-im-gamma-knife-zentrum\/gamma-knife-erste-schritte\/#breadcrumb","itemListElement":[{"@type":"ListItem","position":1,"name":"Behandlungen","item":"https:\/\/www.gamma-knife.de\/de\/behandlungen-im-gamma-knife-zentrum\/"},{"@type":"ListItem","position":2,"name":"Erste Schritte"}]},{"@type":"WebSite","@id":"https:\/\/www.gamma-knife.de\/de\/#website","url":"https:\/\/www.gamma-knife.de\/de\/","name":"Gamma Knife Zentrum","description":"Gamma Knife Zentrum","publisher":{"@id":"https:\/\/www.gamma-knife.de\/de\/#organization"},"potentialAction":[{"@type":"SearchAction","target":{"@type":"EntryPoint","urlTemplate":"https:\/\/www.gamma-knife.de\/de\/?s={search_term_string}"},"query-input":{"@type":"PropertyValueSpecification","valueRequired":true,"valueName":"search_term_string"}}],"inLanguage":"de"},{"@type":"Organization","@id":"https:\/\/www.gamma-knife.de\/de\/#organization","name":"Gamma Knife Zentrum","url":"https:\/\/www.gamma-knife.de\/de\/","logo":{"@type":"ImageObject","inLanguage":"de","@id":"https:\/\/www.gamma-knife.de\/de\/#\/schema\/logo\/image\/","url":"https:\/\/www.gamma-knife.de\/wp-content\/uploads\/2020\/11\/Gamma-Knife-Logo-rgb.png","contentUrl":"https:\/\/www.gamma-knife.de\/wp-content\/uploads\/2020\/11\/Gamma-Knife-Logo-rgb.png","width":250,"height":97,"caption":"Gamma Knife Zentrum"},"image":{"@id":"https:\/\/www.gamma-knife.de\/de\/#\/schema\/logo\/image\/"}}]}},"_links":{"self":[{"href":"https:\/\/gamma-knife.de\/de\/wp-json\/wp\/v2\/pages\/2702","targetHints":{"allow":["GET"]}}],"collection":[{"href":"https:\/\/gamma-knife.de\/de\/wp-json\/wp\/v2\/pages"}],"about":[{"href":"https:\/\/gamma-knife.de\/de\/wp-json\/wp\/v2\/types\/page"}],"author":[{"embeddable":true,"href":"https:\/\/gamma-knife.de\/de\/wp-json\/wp\/v2\/users\/4"}],"replies":[{"embeddable":true,"href":"https:\/\/gamma-knife.de\/de\/wp-json\/wp\/v2\/comments?post=2702"}],"version-history":[{"count":28,"href":"https:\/\/gamma-knife.de\/de\/wp-json\/wp\/v2\/pages\/2702\/revisions"}],"predecessor-version":[{"id":6556,"href":"https:\/\/gamma-knife.de\/de\/wp-json\/wp\/v2\/pages\/2702\/revisions\/6556"}],"up":[{"embeddable":true,"href":"https:\/\/gamma-knife.de\/de\/wp-json\/wp\/v2\/pages\/920"}],"wp:featuredmedia":[{"embeddable":true,"href":"https:\/\/gamma-knife.de\/de\/wp-json\/wp\/v2\/media\/5918"}],"wp:attachment":[{"href":"https:\/\/gamma-knife.de\/de\/wp-json\/wp\/v2\/media?parent=2702"}],"curies":[{"name":"wp","href":"https:\/\/api.w.org\/{rel}","templated":true}]}}