{"id":2828,"date":"2020-04-07T14:35:03","date_gmt":"2020-04-07T12:35:03","guid":{"rendered":"http:\/\/web139.s238.goserver.host\/?page_id=2828"},"modified":"2026-04-21T12:20:43","modified_gmt":"2026-04-21T10:20:43","slug":"impressum","status":"publish","type":"page","link":"https:\/\/gamma-knife.de\/de\/impressum\/","title":{"rendered":"Impressum"},"content":{"rendered":"\n<h6 class=\"wp-block-heading\" id=\"h-mvz-gamma-knife-gmbh\">MVZ Gamma Knife GmbH<\/h6>\n\n\n\n<p>Gesch\u00e4ftsf\u00fchrerin:<br>Christine Staudigel<\/p>\n\n\n\n<p>Handelsregister:<br>Amtsgericht Krefeld: HRB 16998<\/p>\n\n\n\n<h6 class=\"wp-block-heading\" id=\"h-mvz-gamma-knife-zentrum-krefeld\">MVZ Gamma Knife Zentrum Krefeld<\/h6>\n\n\n\n<p>Leitender Arzt:<br>Dr. med. F. Sonnenschein<br>Facharzt f\u00fcr Neurochirurgie<br><\/p>\n\n\n\n<p>Dr. med. M. Nie\u00dfen<br>Facharzt f\u00fcr Strahlentherapie<\/p>\n\n\n\n<p>Dr. (Univ. Teheran) Sam Zaboli<br>Facharzt f\u00fcr Neurochirurgie<\/p>\n\n\n\n<p>Anmeldung<br>Seyffardtstr. 27<br>47805 Krefeld<\/p>\n\n\n\n<p>Fon: (02151) 82560-0<br>Fax: (02151) 82560-11<br>E-Mail:&nbsp;<a href=\"mailto:krefeld@gamma-knife.de\">krefeld@gamma-knife.de<\/a><\/p>\n\n\n\n<h6 class=\"wp-block-heading\" id=\"h-mvz-gamma-knife-zentrum-krefeld-linac-strahlentherapie\">MVZ Gamma Knife Zentrum Krefeld<br>LINAC Strahlentherapie<\/h6>\n\n\n\n<p>Leiter Strahlentherapie:<br>Dr. med. D. J. W. Skutta<br>Facharzt f\u00fcr Strahlentherapie<br><br>Anmeldung<br>Seyffardtstr. 27<br>47805 Krefeld<br><br>Fon: (02151) 82560-140<br>Fax: (02151) 82560-149<br>E-Mail:&nbsp;<a href=\"mailto:skutta@gamma-knife.de\">skutta@gamma-knife.de<\/a><\/p>\n\n\n\n<h6 class=\"wp-block-heading\" id=\"h-mvz-gamma-knife-zentrum-hannover\">MVZ Gamma Knife Zentrum Hannover<\/h6>\n\n\n\n<p>Leitender Arzt:<br>Dr. med. O. Bundschuh<br>Facharzt f\u00fcr Neurochirurgie<\/p>\n\n\n\n<p>Dr. med. G. L\u00fctjens<br>Facharzt f\u00fcr Neurochirurgie<\/p>\n\n\n\n<p>Haus X<br>Haltenhoffstrasse 41<br>30167 Hannover<br><br>Fon: (0511) 260221-30<br>Fax:  (0511) 260221-34<br>E-Mail:&nbsp;<a href=\"mailto:hannover@gamma-knife.de\">hannover@gamma-knife.de<\/a><\/p>\n\n\n\n<h6 class=\"wp-block-heading\" id=\"h-pflichtangaben-nach-5-telemediengesetz-tmg\">Pflichtangaben nach \u00a7 5 Telemediengesetz (TMG)<\/h6>\n\n\n\n<p>Die Befugnis zum F\u00fchren der Berufsbezeichnung \u201eArzt\u201c wurde Dr. med. Otto Bundschuh, Dr. med. Daniel Skutta, Dr. med. G\u00f6tz L\u00fctjens und Dr. med. Michael Nie\u00dfen in Deutschland verliehen.<\/p>\n\n\n\n<h6 class=\"wp-block-heading\" id=\"h-verantwortlich-fur-den-inhalt-nbsp\"><strong>Verantwortlich f\u00fcr den Inhalt:&nbsp;<\/strong><\/h6>\n\n\n\n<p><br>Dr. med. Albertus T. C. J. van Eck<br>Dr. med. Otto Bundschuh<br>Dr. med. Daniel Skutta<\/p>\n\n\n\n<h6 class=\"wp-block-heading\" id=\"h-zustandige-landesarztekammer\"><strong>Zust\u00e4ndige Landes\u00e4rztekammer:<\/strong><\/h6>\n\n\n\n<p><a rel=\"noreferrer noopener\" href=\"https:\/\/gamma-knife.de\/\/www.aekno.de\/\" target=\"_blank\">\u00c4rztekammer Nordrhein<\/a><br>&#8211; K\u00f6rperschaft des \u00f6ffentlichen Rechts &#8211;<br>Tersteegenstr. 9<br>40474 D\u00fcsseldorf<\/p>\n\n\n\n<h6 class=\"wp-block-heading\" id=\"h-zustandige-aufsichtsbehorde-fur-den-strahlenschutz\"><strong>Zust\u00e4ndige Aufsichtsbeh\u00f6rde f\u00fcr den Strahlenschutz:<\/strong><\/h6>\n\n\n\n<p>Bezirksregierung D\u00fcsseldorf<br>Cecilienallee 2<br>40474 D\u00fcsseldorf<\/p>\n\n\n\n<p><a rel=\"noreferrer noopener\" href=\"https:\/\/gamma-knife.de\/\/www.aekno.de\/htmljava\/frameset_html.asp?typ=c&amp;seite=berufsordnung.htm\" target=\"_blank\">\u203a\u203a Berufsordnung der \u00c4rztekammer Nordrhein<\/a>&nbsp;<br><a rel=\"noreferrer noopener\" href=\"https:\/\/gamma-knife.de\/\/www.aekno.de\/htmljava\/frameset_html.asp?typ=a&amp;seite=heilberg.htm\" target=\"_blank\">\u203a\u203a Heilberufsgesetz des Landes Nordrhein-Westfalen<\/a><\/p>\n\n\n\n<h6 class=\"wp-block-heading\" id=\"h-disclaimer\">Disclaimer<\/h6>\n\n\n\n<p>Unser Angebot enth\u00e4lt Links zu externen Webseiten Dritter, auf deren Inhalte wir keinen Einfluss haben. Deshalb k\u00f6nnen wir f\u00fcr diese fremden Inhalte auch keine Gew\u00e4hr \u00fcbernehmen. F\u00fcr die Inhalte der verlinkten Seiten ist stets der jeweilige Anbieter oder Betreiber der Seiten verantwortlich. Die verlinkten Seiten wurden zum Zeitpunkt der Verlinkung auf m\u00f6gliche Rechtsverst\u00f6\u00dfe \u00fcberpr\u00fcft. Rechtswidrige Inhalte waren zum Zeitpunkt der Verlinkung nicht erkennbar. Eine permanente inhaltliche Kontrolle der verlinkten Seiten ist jedoch ohne konkrete Anhaltspunkte einer Rechtsverletzung nicht zumutbar. Bei bekannt werden von Rechtsverletzungen werden wir derartige Links umgehend entfernen.<\/p>\n\n\n\n<h6 class=\"wp-block-heading\" id=\"h-markenrechtlicher-hinweis\">Markenrechtlicher Hinweis<\/h6>\n\n\n\n<p>Leksell Gamma Knife\u00ae Perfexion\u2122, Leksell Gamma Knife\u00ae Icon\u2122 und Elektra Axesse\u2122 Linearbeschleuniger sind eingetragene Marken der Firma Elekta GmbH und werden auf unserer Webseite Gamma Knife Perfexion, Gamma Knife Icon und Axesse Linearbeschleuniger gennant.<\/p>\n\n\n\n<h6 class=\"wp-block-heading\" id=\"h-konzeption-gestaltung-und-programmierung\">Konzeption, Gestaltung und Programmierung<\/h6>\n\n\n\n<p>bremer gmbh<br>Z\u00fclpicher Stra\u00dfe 25a<br>50374 Erftstadt<br><a href=\"https:\/\/agenturbremer.de\/\" target=\"_blank\" rel=\"noreferrer noopener\" aria-label=\"www.agenturbremer.de (\u00f6ffnet in neuem Tab)\">www.agenturbremer.de<\/a><\/p>\n\n\n\n<p>okapidesign<br>S\u00f6mmeringstra\u00dfe 24<br>50823 K\u00f6ln<br><a rel=\"noreferrer noopener\" href=\"https:\/\/gamma-knife.de\/\/www.okapidesign.com\/\" target=\"_blank\">www.okapidesign.com<\/a><br><\/p>\n","protected":false},"excerpt":{"rendered":"<p>MVZ Gamma Knife GmbH Gesch\u00e4ftsf\u00fchrerin:Christine Staudigel Handelsregister:Amtsgericht Krefeld: HRB 16998 MVZ Gamma Knife Zentrum Krefeld Leitender Arzt:Dr. med. F. SonnenscheinFacharzt f\u00fcr Neurochirurgie Dr. med. M. Nie\u00dfenFacharzt f\u00fcr Strahlentherapie Dr. (Univ. Teheran) Sam ZaboliFacharzt f\u00fcr Neurochirurgie AnmeldungSeyffardtstr. 2747805 Krefeld Fon: (02151) 82560-0Fax: (02151) 82560-11E-Mail:&nbsp;krefeld@gamma-knife.de MVZ Gamma Knife Zentrum KrefeldLINAC Strahlentherapie Leiter Strahlentherapie:Dr. med. D. J. W. [&hellip;]<\/p>\n","protected":false},"author":4,"featured_media":0,"parent":0,"menu_order":0,"comment_status":"closed","ping_status":"closed","template":"templates\/association-page.php","meta":{"_acf_changed":false,"footnotes":""},"class_list":["post-2828","page","type-page","status-publish","hentry"],"acf":[],"yoast_head":"<!-- This site is optimized with the Yoast SEO Premium plugin v26.1 (Yoast SEO v27.4) - https:\/\/yoast.com\/product\/yoast-seo-premium-wordpress\/ -->\n<title>Impressum - Gamma Knife Zentrum<\/title>\n<meta name=\"robots\" content=\"index, follow, max-snippet:-1, max-image-preview:large, max-video-preview:-1\" \/>\n<link rel=\"canonical\" href=\"https:\/\/gamma-knife.de\/de\/impressum\/\" \/>\n<meta property=\"og:locale\" content=\"de_DE\" \/>\n<meta property=\"og:type\" content=\"article\" \/>\n<meta property=\"og:title\" content=\"Impressum\" \/>\n<meta property=\"og:description\" content=\"MVZ Gamma Knife GmbH Gesch\u00e4ftsf\u00fchrerin:Christine Staudigel Handelsregister:Amtsgericht Krefeld: HRB 16998 MVZ Gamma Knife Zentrum Krefeld Leitender Arzt:Dr. med. F. SonnenscheinFacharzt f\u00fcr Neurochirurgie Dr. med. M. Nie\u00dfenFacharzt f\u00fcr Strahlentherapie Dr. (Univ. Teheran) Sam ZaboliFacharzt f\u00fcr Neurochirurgie AnmeldungSeyffardtstr. 2747805 Krefeld Fon: (02151) 82560-0Fax: (02151) 82560-11E-Mail:&nbsp;krefeld@gamma-knife.de MVZ Gamma Knife Zentrum KrefeldLINAC Strahlentherapie Leiter Strahlentherapie:Dr. med. D. J. W. [&hellip;]\" \/>\n<meta property=\"og:url\" content=\"https:\/\/gamma-knife.de\/de\/impressum\/\" \/>\n<meta property=\"og:site_name\" content=\"Gamma Knife Zentrum\" \/>\n<meta property=\"article:modified_time\" content=\"2026-04-21T10:20:43+00:00\" \/>\n<meta name=\"twitter:card\" content=\"summary_large_image\" \/>\n<meta name=\"twitter:label1\" content=\"Gesch\u00e4tzte Lesezeit\" \/>\n\t<meta name=\"twitter:data1\" content=\"2\u00a0Minuten\" \/>\n<script type=\"application\/ld+json\" class=\"yoast-schema-graph\">{\"@context\":\"https:\\\/\\\/schema.org\",\"@graph\":[{\"@type\":\"WebPage\",\"@id\":\"https:\\\/\\\/gamma-knife.de\\\/de\\\/impressum\\\/\",\"url\":\"https:\\\/\\\/gamma-knife.de\\\/de\\\/impressum\\\/\",\"name\":\"Impressum - Gamma Knife Zentrum\",\"isPartOf\":{\"@id\":\"https:\\\/\\\/www.gamma-knife.de\\\/de\\\/#website\"},\"datePublished\":\"2020-04-07T12:35:03+00:00\",\"dateModified\":\"2026-04-21T10:20:43+00:00\",\"inLanguage\":\"de\",\"potentialAction\":[{\"@type\":\"ReadAction\",\"target\":[\"https:\\\/\\\/gamma-knife.de\\\/de\\\/impressum\\\/\"]}]},{\"@type\":\"WebSite\",\"@id\":\"https:\\\/\\\/www.gamma-knife.de\\\/de\\\/#website\",\"url\":\"https:\\\/\\\/www.gamma-knife.de\\\/de\\\/\",\"name\":\"Gamma Knife Zentrum\",\"description\":\"Gamma Knife Zentrum\",\"publisher\":{\"@id\":\"https:\\\/\\\/www.gamma-knife.de\\\/de\\\/#organization\"},\"potentialAction\":[{\"@type\":\"SearchAction\",\"target\":{\"@type\":\"EntryPoint\",\"urlTemplate\":\"https:\\\/\\\/www.gamma-knife.de\\\/de\\\/?s={search_term_string}\"},\"query-input\":{\"@type\":\"PropertyValueSpecification\",\"valueRequired\":true,\"valueName\":\"search_term_string\"}}],\"inLanguage\":\"de\"},{\"@type\":\"Organization\",\"@id\":\"https:\\\/\\\/www.gamma-knife.de\\\/de\\\/#organization\",\"name\":\"Gamma Knife Zentrum\",\"url\":\"https:\\\/\\\/www.gamma-knife.de\\\/de\\\/\",\"logo\":{\"@type\":\"ImageObject\",\"inLanguage\":\"de\",\"@id\":\"https:\\\/\\\/www.gamma-knife.de\\\/de\\\/#\\\/schema\\\/logo\\\/image\\\/\",\"url\":\"https:\\\/\\\/www.gamma-knife.de\\\/wp-content\\\/uploads\\\/2020\\\/11\\\/Gamma-Knife-Logo-rgb.png\",\"contentUrl\":\"https:\\\/\\\/www.gamma-knife.de\\\/wp-content\\\/uploads\\\/2020\\\/11\\\/Gamma-Knife-Logo-rgb.png\",\"width\":250,\"height\":97,\"caption\":\"Gamma Knife Zentrum\"},\"image\":{\"@id\":\"https:\\\/\\\/www.gamma-knife.de\\\/de\\\/#\\\/schema\\\/logo\\\/image\\\/\"}}]}<\/script>\n<!-- \/ Yoast SEO Premium plugin. -->","yoast_head_json":{"title":"Impressum - Gamma Knife Zentrum","robots":{"index":"index","follow":"follow","max-snippet":"max-snippet:-1","max-image-preview":"max-image-preview:large","max-video-preview":"max-video-preview:-1"},"canonical":"https:\/\/gamma-knife.de\/de\/impressum\/","og_locale":"de_DE","og_type":"article","og_title":"Impressum","og_description":"MVZ Gamma Knife GmbH Gesch\u00e4ftsf\u00fchrerin:Christine Staudigel Handelsregister:Amtsgericht Krefeld: HRB 16998 MVZ Gamma Knife Zentrum Krefeld Leitender Arzt:Dr. med. F. SonnenscheinFacharzt f\u00fcr Neurochirurgie Dr. med. M. Nie\u00dfenFacharzt f\u00fcr Strahlentherapie Dr. (Univ. Teheran) Sam ZaboliFacharzt f\u00fcr Neurochirurgie AnmeldungSeyffardtstr. 2747805 Krefeld Fon: (02151) 82560-0Fax: (02151) 82560-11E-Mail:&nbsp;krefeld@gamma-knife.de MVZ Gamma Knife Zentrum KrefeldLINAC Strahlentherapie Leiter Strahlentherapie:Dr. med. D. J. W. [&hellip;]","og_url":"https:\/\/gamma-knife.de\/de\/impressum\/","og_site_name":"Gamma Knife Zentrum","article_modified_time":"2026-04-21T10:20:43+00:00","twitter_card":"summary_large_image","twitter_misc":{"Gesch\u00e4tzte Lesezeit":"2\u00a0Minuten"},"schema":{"@context":"https:\/\/schema.org","@graph":[{"@type":"WebPage","@id":"https:\/\/gamma-knife.de\/de\/impressum\/","url":"https:\/\/gamma-knife.de\/de\/impressum\/","name":"Impressum - Gamma Knife Zentrum","isPartOf":{"@id":"https:\/\/www.gamma-knife.de\/de\/#website"},"datePublished":"2020-04-07T12:35:03+00:00","dateModified":"2026-04-21T10:20:43+00:00","inLanguage":"de","potentialAction":[{"@type":"ReadAction","target":["https:\/\/gamma-knife.de\/de\/impressum\/"]}]},{"@type":"WebSite","@id":"https:\/\/www.gamma-knife.de\/de\/#website","url":"https:\/\/www.gamma-knife.de\/de\/","name":"Gamma Knife Zentrum","description":"Gamma Knife Zentrum","publisher":{"@id":"https:\/\/www.gamma-knife.de\/de\/#organization"},"potentialAction":[{"@type":"SearchAction","target":{"@type":"EntryPoint","urlTemplate":"https:\/\/www.gamma-knife.de\/de\/?s={search_term_string}"},"query-input":{"@type":"PropertyValueSpecification","valueRequired":true,"valueName":"search_term_string"}}],"inLanguage":"de"},{"@type":"Organization","@id":"https:\/\/www.gamma-knife.de\/de\/#organization","name":"Gamma Knife Zentrum","url":"https:\/\/www.gamma-knife.de\/de\/","logo":{"@type":"ImageObject","inLanguage":"de","@id":"https:\/\/www.gamma-knife.de\/de\/#\/schema\/logo\/image\/","url":"https:\/\/www.gamma-knife.de\/wp-content\/uploads\/2020\/11\/Gamma-Knife-Logo-rgb.png","contentUrl":"https:\/\/www.gamma-knife.de\/wp-content\/uploads\/2020\/11\/Gamma-Knife-Logo-rgb.png","width":250,"height":97,"caption":"Gamma Knife Zentrum"},"image":{"@id":"https:\/\/www.gamma-knife.de\/de\/#\/schema\/logo\/image\/"}}]}},"_links":{"self":[{"href":"https:\/\/gamma-knife.de\/de\/wp-json\/wp\/v2\/pages\/2828","targetHints":{"allow":["GET"]}}],"collection":[{"href":"https:\/\/gamma-knife.de\/de\/wp-json\/wp\/v2\/pages"}],"about":[{"href":"https:\/\/gamma-knife.de\/de\/wp-json\/wp\/v2\/types\/page"}],"author":[{"embeddable":true,"href":"https:\/\/gamma-knife.de\/de\/wp-json\/wp\/v2\/users\/4"}],"replies":[{"embeddable":true,"href":"https:\/\/gamma-knife.de\/de\/wp-json\/wp\/v2\/comments?post=2828"}],"version-history":[{"count":15,"href":"https:\/\/gamma-knife.de\/de\/wp-json\/wp\/v2\/pages\/2828\/revisions"}],"predecessor-version":[{"id":20180,"href":"https:\/\/gamma-knife.de\/de\/wp-json\/wp\/v2\/pages\/2828\/revisions\/20180"}],"wp:attachment":[{"href":"https:\/\/gamma-knife.de\/de\/wp-json\/wp\/v2\/media?parent=2828"}],"curies":[{"name":"wp","href":"https:\/\/api.w.org\/{rel}","templated":true}]}}