{"id":3444,"date":"2020-04-22T10:59:29","date_gmt":"2020-04-22T08:59:29","guid":{"rendered":"http:\/\/web139.s238.goserver.host\/?page_id=3444"},"modified":"2020-09-30T11:58:10","modified_gmt":"2020-09-30T09:58:10","slug":"dr-med-daniel-skutta","status":"publish","type":"page","link":"https:\/\/gamma-knife.de\/de\/ueber-uns\/team\/dr-med-daniel-skutta\/","title":{"rendered":"Dr. med. Daniel Skutta"},"content":{"rendered":"\n<p>Studium der Humanmedizin an der Westf\u00e4lischen Wilhelms Universit\u00e4t in M\u00fcnster und an der Freien Universit\u00e4t Berlin <\/p>\n\n\n\n<p>Facharztausbildung an der der Heinrich-Heine-Universit\u00e4t in D\u00fcsseldorf<\/p>\n\n\n\n<h6 class=\"wp-block-heading\">Seit 1995<\/h6>\n\n\n\n<p>Facharzt f\u00fcr Strahlentherapie<\/p>\n\n\n\n<h6 class=\"wp-block-heading\">1995 bis 2002&nbsp;&nbsp;&nbsp;&nbsp;&nbsp;&nbsp;&nbsp;&nbsp;&nbsp;&nbsp;&nbsp;&nbsp;&nbsp;&nbsp;&nbsp;&nbsp;&nbsp;&nbsp;&nbsp;&nbsp;&nbsp;&nbsp;&nbsp;&nbsp;&nbsp;&nbsp; <\/h6>\n\n\n\n<p>Oberarzt in der Klinik f\u00fcr Strahlentherapie und Radiologischer Onkologie im Klinikum der Stadt Krefeld<\/p>\n\n\n\n<h6 class=\"wp-block-heading\">2002 bis 2011<\/h6>\n\n\n\n<p>Niedergelassener Arzt f\u00fcr Strahlentherapie&nbsp; <\/p>\n\n\n\n<h6 class=\"wp-block-heading\">Seit 2011<\/h6>\n\n\n\n<p>Facharzt f\u00fcr Strahlentherapie am MVZ Gamma Knife Zentrum Krefeld <\/p>\n","protected":false},"excerpt":{"rendered":"<p>Facharzt Strahlentherapie, Leiter Strahlentherapie<\/p>\n","protected":false},"author":4,"featured_media":5694,"parent":852,"menu_order":0,"comment_status":"closed","ping_status":"closed","template":"templates\/member-page.php","meta":{"_acf_changed":false,"footnotes":""},"class_list":["post-3444","page","type-page","status-publish","has-post-thumbnail","hentry"],"acf":[],"yoast_head":"<!-- This site is optimized with the Yoast SEO Premium plugin v26.1 (Yoast SEO v27.4) - https:\/\/yoast.com\/product\/yoast-seo-premium-wordpress\/ -->\n<title>Dr. med. Daniel Skutta - Gamma Knife Zentrum<\/title>\n<meta name=\"robots\" content=\"index, follow, max-snippet:-1, max-image-preview:large, max-video-preview:-1\" \/>\n<link rel=\"canonical\" href=\"https:\/\/gamma-knife.de\/de\/ueber-uns\/team\/dr-med-daniel-skutta\/\" \/>\n<meta property=\"og:locale\" content=\"de_DE\" \/>\n<meta property=\"og:type\" content=\"article\" \/>\n<meta property=\"og:title\" content=\"Dr. med. Daniel Skutta\" \/>\n<meta property=\"og:description\" content=\"Facharzt Strahlentherapie, Leiter Strahlentherapie\" \/>\n<meta property=\"og:url\" content=\"https:\/\/gamma-knife.de\/de\/ueber-uns\/team\/dr-med-daniel-skutta\/\" \/>\n<meta property=\"og:site_name\" content=\"Gamma Knife Zentrum\" \/>\n<meta property=\"article:modified_time\" content=\"2020-09-30T09:58:10+00:00\" \/>\n<meta property=\"og:image\" content=\"https:\/\/gamma-knife.de\/wp-content\/uploads\/2020\/09\/Gamma-Knife-Krefeld_32_web-team-Skutta-quer.jpg\" \/>\n\t<meta property=\"og:image:width\" content=\"931\" \/>\n\t<meta property=\"og:image:height\" content=\"560\" \/>\n\t<meta property=\"og:image:type\" content=\"image\/jpeg\" \/>\n<meta name=\"twitter:card\" content=\"summary_large_image\" \/>\n<script type=\"application\/ld+json\" class=\"yoast-schema-graph\">{\"@context\":\"https:\\\/\\\/schema.org\",\"@graph\":[{\"@type\":\"WebPage\",\"@id\":\"https:\\\/\\\/gamma-knife.de\\\/de\\\/ueber-uns\\\/team\\\/dr-med-daniel-skutta\\\/\",\"url\":\"https:\\\/\\\/gamma-knife.de\\\/de\\\/ueber-uns\\\/team\\\/dr-med-daniel-skutta\\\/\",\"name\":\"Dr. med. Daniel Skutta - Gamma Knife Zentrum\",\"isPartOf\":{\"@id\":\"https:\\\/\\\/www.gamma-knife.de\\\/de\\\/#website\"},\"primaryImageOfPage\":{\"@id\":\"https:\\\/\\\/gamma-knife.de\\\/de\\\/ueber-uns\\\/team\\\/dr-med-daniel-skutta\\\/#primaryimage\"},\"image\":{\"@id\":\"https:\\\/\\\/gamma-knife.de\\\/de\\\/ueber-uns\\\/team\\\/dr-med-daniel-skutta\\\/#primaryimage\"},\"thumbnailUrl\":\"https:\\\/\\\/gamma-knife.de\\\/wp-content\\\/uploads\\\/2020\\\/09\\\/Gamma-Knife-Krefeld_32_web-team-Skutta-quer.jpg\",\"datePublished\":\"2020-04-22T08:59:29+00:00\",\"dateModified\":\"2020-09-30T09:58:10+00:00\",\"breadcrumb\":{\"@id\":\"https:\\\/\\\/gamma-knife.de\\\/de\\\/ueber-uns\\\/team\\\/dr-med-daniel-skutta\\\/#breadcrumb\"},\"inLanguage\":\"de\",\"potentialAction\":[{\"@type\":\"ReadAction\",\"target\":[\"https:\\\/\\\/gamma-knife.de\\\/de\\\/ueber-uns\\\/team\\\/dr-med-daniel-skutta\\\/\"]}]},{\"@type\":\"ImageObject\",\"inLanguage\":\"de\",\"@id\":\"https:\\\/\\\/gamma-knife.de\\\/de\\\/ueber-uns\\\/team\\\/dr-med-daniel-skutta\\\/#primaryimage\",\"url\":\"https:\\\/\\\/gamma-knife.de\\\/wp-content\\\/uploads\\\/2020\\\/09\\\/Gamma-Knife-Krefeld_32_web-team-Skutta-quer.jpg\",\"contentUrl\":\"https:\\\/\\\/gamma-knife.de\\\/wp-content\\\/uploads\\\/2020\\\/09\\\/Gamma-Knife-Krefeld_32_web-team-Skutta-quer.jpg\",\"width\":931,\"height\":560},{\"@type\":\"BreadcrumbList\",\"@id\":\"https:\\\/\\\/gamma-knife.de\\\/de\\\/ueber-uns\\\/team\\\/dr-med-daniel-skutta\\\/#breadcrumb\",\"itemListElement\":[{\"@type\":\"ListItem\",\"position\":1,\"name\":\"\u00dcber uns\",\"item\":\"https:\\\/\\\/www.gamma-knife.de\\\/de\\\/ueber-uns\\\/\"},{\"@type\":\"ListItem\",\"position\":2,\"name\":\"\u00c4rzte\",\"item\":\"https:\\\/\\\/www.gamma-knife.de\\\/de\\\/ueber-uns\\\/team\\\/\"},{\"@type\":\"ListItem\",\"position\":3,\"name\":\"Dr. med. Daniel Skutta\"}]},{\"@type\":\"WebSite\",\"@id\":\"https:\\\/\\\/www.gamma-knife.de\\\/de\\\/#website\",\"url\":\"https:\\\/\\\/www.gamma-knife.de\\\/de\\\/\",\"name\":\"Gamma Knife Zentrum\",\"description\":\"Gamma Knife Zentrum\",\"publisher\":{\"@id\":\"https:\\\/\\\/www.gamma-knife.de\\\/de\\\/#organization\"},\"potentialAction\":[{\"@type\":\"SearchAction\",\"target\":{\"@type\":\"EntryPoint\",\"urlTemplate\":\"https:\\\/\\\/www.gamma-knife.de\\\/de\\\/?s={search_term_string}\"},\"query-input\":{\"@type\":\"PropertyValueSpecification\",\"valueRequired\":true,\"valueName\":\"search_term_string\"}}],\"inLanguage\":\"de\"},{\"@type\":\"Organization\",\"@id\":\"https:\\\/\\\/www.gamma-knife.de\\\/de\\\/#organization\",\"name\":\"Gamma Knife Zentrum\",\"url\":\"https:\\\/\\\/www.gamma-knife.de\\\/de\\\/\",\"logo\":{\"@type\":\"ImageObject\",\"inLanguage\":\"de\",\"@id\":\"https:\\\/\\\/www.gamma-knife.de\\\/de\\\/#\\\/schema\\\/logo\\\/image\\\/\",\"url\":\"https:\\\/\\\/www.gamma-knife.de\\\/wp-content\\\/uploads\\\/2020\\\/11\\\/Gamma-Knife-Logo-rgb.png\",\"contentUrl\":\"https:\\\/\\\/www.gamma-knife.de\\\/wp-content\\\/uploads\\\/2020\\\/11\\\/Gamma-Knife-Logo-rgb.png\",\"width\":250,\"height\":97,\"caption\":\"Gamma Knife Zentrum\"},\"image\":{\"@id\":\"https:\\\/\\\/www.gamma-knife.de\\\/de\\\/#\\\/schema\\\/logo\\\/image\\\/\"}}]}<\/script>\n<!-- \/ Yoast SEO Premium plugin. -->","yoast_head_json":{"title":"Dr. med. Daniel Skutta - Gamma Knife Zentrum","robots":{"index":"index","follow":"follow","max-snippet":"max-snippet:-1","max-image-preview":"max-image-preview:large","max-video-preview":"max-video-preview:-1"},"canonical":"https:\/\/gamma-knife.de\/de\/ueber-uns\/team\/dr-med-daniel-skutta\/","og_locale":"de_DE","og_type":"article","og_title":"Dr. med. Daniel Skutta","og_description":"Facharzt Strahlentherapie, Leiter Strahlentherapie","og_url":"https:\/\/gamma-knife.de\/de\/ueber-uns\/team\/dr-med-daniel-skutta\/","og_site_name":"Gamma Knife Zentrum","article_modified_time":"2020-09-30T09:58:10+00:00","og_image":[{"width":931,"height":560,"url":"https:\/\/gamma-knife.de\/wp-content\/uploads\/2020\/09\/Gamma-Knife-Krefeld_32_web-team-Skutta-quer.jpg","type":"image\/jpeg"}],"twitter_card":"summary_large_image","schema":{"@context":"https:\/\/schema.org","@graph":[{"@type":"WebPage","@id":"https:\/\/gamma-knife.de\/de\/ueber-uns\/team\/dr-med-daniel-skutta\/","url":"https:\/\/gamma-knife.de\/de\/ueber-uns\/team\/dr-med-daniel-skutta\/","name":"Dr. med. Daniel Skutta - Gamma Knife Zentrum","isPartOf":{"@id":"https:\/\/www.gamma-knife.de\/de\/#website"},"primaryImageOfPage":{"@id":"https:\/\/gamma-knife.de\/de\/ueber-uns\/team\/dr-med-daniel-skutta\/#primaryimage"},"image":{"@id":"https:\/\/gamma-knife.de\/de\/ueber-uns\/team\/dr-med-daniel-skutta\/#primaryimage"},"thumbnailUrl":"https:\/\/gamma-knife.de\/wp-content\/uploads\/2020\/09\/Gamma-Knife-Krefeld_32_web-team-Skutta-quer.jpg","datePublished":"2020-04-22T08:59:29+00:00","dateModified":"2020-09-30T09:58:10+00:00","breadcrumb":{"@id":"https:\/\/gamma-knife.de\/de\/ueber-uns\/team\/dr-med-daniel-skutta\/#breadcrumb"},"inLanguage":"de","potentialAction":[{"@type":"ReadAction","target":["https:\/\/gamma-knife.de\/de\/ueber-uns\/team\/dr-med-daniel-skutta\/"]}]},{"@type":"ImageObject","inLanguage":"de","@id":"https:\/\/gamma-knife.de\/de\/ueber-uns\/team\/dr-med-daniel-skutta\/#primaryimage","url":"https:\/\/gamma-knife.de\/wp-content\/uploads\/2020\/09\/Gamma-Knife-Krefeld_32_web-team-Skutta-quer.jpg","contentUrl":"https:\/\/gamma-knife.de\/wp-content\/uploads\/2020\/09\/Gamma-Knife-Krefeld_32_web-team-Skutta-quer.jpg","width":931,"height":560},{"@type":"BreadcrumbList","@id":"https:\/\/gamma-knife.de\/de\/ueber-uns\/team\/dr-med-daniel-skutta\/#breadcrumb","itemListElement":[{"@type":"ListItem","position":1,"name":"\u00dcber uns","item":"https:\/\/www.gamma-knife.de\/de\/ueber-uns\/"},{"@type":"ListItem","position":2,"name":"\u00c4rzte","item":"https:\/\/www.gamma-knife.de\/de\/ueber-uns\/team\/"},{"@type":"ListItem","position":3,"name":"Dr. med. Daniel Skutta"}]},{"@type":"WebSite","@id":"https:\/\/www.gamma-knife.de\/de\/#website","url":"https:\/\/www.gamma-knife.de\/de\/","name":"Gamma Knife Zentrum","description":"Gamma Knife Zentrum","publisher":{"@id":"https:\/\/www.gamma-knife.de\/de\/#organization"},"potentialAction":[{"@type":"SearchAction","target":{"@type":"EntryPoint","urlTemplate":"https:\/\/www.gamma-knife.de\/de\/?s={search_term_string}"},"query-input":{"@type":"PropertyValueSpecification","valueRequired":true,"valueName":"search_term_string"}}],"inLanguage":"de"},{"@type":"Organization","@id":"https:\/\/www.gamma-knife.de\/de\/#organization","name":"Gamma Knife Zentrum","url":"https:\/\/www.gamma-knife.de\/de\/","logo":{"@type":"ImageObject","inLanguage":"de","@id":"https:\/\/www.gamma-knife.de\/de\/#\/schema\/logo\/image\/","url":"https:\/\/www.gamma-knife.de\/wp-content\/uploads\/2020\/11\/Gamma-Knife-Logo-rgb.png","contentUrl":"https:\/\/www.gamma-knife.de\/wp-content\/uploads\/2020\/11\/Gamma-Knife-Logo-rgb.png","width":250,"height":97,"caption":"Gamma Knife Zentrum"},"image":{"@id":"https:\/\/www.gamma-knife.de\/de\/#\/schema\/logo\/image\/"}}]}},"_links":{"self":[{"href":"https:\/\/gamma-knife.de\/de\/wp-json\/wp\/v2\/pages\/3444","targetHints":{"allow":["GET"]}}],"collection":[{"href":"https:\/\/gamma-knife.de\/de\/wp-json\/wp\/v2\/pages"}],"about":[{"href":"https:\/\/gamma-knife.de\/de\/wp-json\/wp\/v2\/types\/page"}],"author":[{"embeddable":true,"href":"https:\/\/gamma-knife.de\/de\/wp-json\/wp\/v2\/users\/4"}],"replies":[{"embeddable":true,"href":"https:\/\/gamma-knife.de\/de\/wp-json\/wp\/v2\/comments?post=3444"}],"version-history":[{"count":3,"href":"https:\/\/gamma-knife.de\/de\/wp-json\/wp\/v2\/pages\/3444\/revisions"}],"predecessor-version":[{"id":5698,"href":"https:\/\/gamma-knife.de\/de\/wp-json\/wp\/v2\/pages\/3444\/revisions\/5698"}],"up":[{"embeddable":true,"href":"https:\/\/gamma-knife.de\/de\/wp-json\/wp\/v2\/pages\/852"}],"wp:featuredmedia":[{"embeddable":true,"href":"https:\/\/gamma-knife.de\/de\/wp-json\/wp\/v2\/media\/5694"}],"wp:attachment":[{"href":"https:\/\/gamma-knife.de\/de\/wp-json\/wp\/v2\/media?parent=3444"}],"curies":[{"name":"wp","href":"https:\/\/api.w.org\/{rel}","templated":true}]}}