{"id":476,"date":"2020-02-19T05:20:23","date_gmt":"2020-02-19T05:20:23","guid":{"rendered":"http:\/\/gamma\/?page_id=476"},"modified":"2024-06-24T12:02:55","modified_gmt":"2024-06-24T10:02:55","slug":"gamma-knife-krefeld","status":"publish","type":"page","link":"https:\/\/gamma-knife.de\/de\/standorte\/gamma-knife-krefeld\/","title":{"rendered":"Krefeld"},"content":{"rendered":"\n<p>Das Gamma Knife Zentrum Krefeld ist ein fach\u00fcbergreifendes medizinisches Versorgungszentrum. Hier agieren Neurochirurgen und Strahlen\u00adtherapeuten in enger Kooperation mit dem&nbsp;Helios Klinikum Krefeld.  Als \u00fcberregional t\u00e4tiges Zentrum arbeiten wir intensiv mit mehreren Universit\u00e4ts\u00adkliniken im Bereich der Neuro\u00adchirurgie und der Augenheilkunde zusammen. Wir sind ein Dienstleistungs\u00adzentrum f\u00fcr alle Beteiligten: Patienten, Kollegen und Kostentr\u00e4ger!&nbsp;<\/p>\n\n\n\n<p>Seit 1998 haben wir mehr als 10.000 erfolgreiche&nbsp;<a href=\"https:\/\/gamma-knife.de\/de\/behandlung-gamma-knife-zentrum\/\">Behandlungen<\/a> durchgef\u00fchrt.&nbsp;Ein Beweis f\u00fcr h\u00f6chste Qualit\u00e4t und Leistung in der Radiochirurgie.&nbsp;<\/p>\n\n\n\n<p>Weltweit ist das Gamma Knife Zentrum Krefeld die einzige radiochirurgische Einrichtung,&nbsp;die <a href=\"https:\/\/www.gamma-knife.de\/de\/ueber-uns\/qualitaetsmanagement\/\">ISO-zertifiziert<\/a> ist.<\/p>\n\n\n\n<p>Das ist gut \u2013 f\u00fcr alle!<\/p>\n","protected":false},"excerpt":{"rendered":"<p>Das Gamma Knife Zentrum Krefeld ist ein fach\u00fcbergreifendes medizinisches Versorgungszentrum. Hier agieren Neurochirurgen und Strahlen\u00adtherapeuten in enger Kooperation mit dem&nbsp;Helios Klinikum Krefeld. Als \u00fcberregional t\u00e4tiges Zentrum arbeiten wir intensiv mit mehreren Universit\u00e4ts\u00adkliniken im Bereich der Neuro\u00adchirurgie und der Augenheilkunde zusammen. Wir sind ein Dienstleistungs\u00adzentrum f\u00fcr alle Beteiligten: Patienten, Kollegen und Kostentr\u00e4ger!&nbsp; Seit 1998 haben wir [&hellip;]<\/p>\n","protected":false},"author":18,"featured_media":5715,"parent":473,"menu_order":0,"comment_status":"closed","ping_status":"closed","template":"templates\/location-page.php","meta":{"_acf_changed":false,"footnotes":""},"class_list":["post-476","page","type-page","status-publish","has-post-thumbnail","hentry"],"acf":[],"yoast_head":"<!-- This site is optimized with the Yoast SEO Premium plugin v26.1 (Yoast SEO v27.4) - https:\/\/yoast.com\/product\/yoast-seo-premium-wordpress\/ -->\n<title>Gamma Knife Krefeld: das Gamma Knife Zentrum in Nordrhein-Westfalen<\/title>\n<meta name=\"description\" content=\"Das Gamma Knife Zentrum in Krefeld: erfahren Sie hier alles \u00fcber unseren Standort und unser Team im sch\u00f6nen Nordrhein-Westfalen.\" \/>\n<meta name=\"robots\" content=\"index, follow, max-snippet:-1, max-image-preview:large, max-video-preview:-1\" \/>\n<link rel=\"canonical\" href=\"https:\/\/gamma-knife.de\/de\/standorte\/gamma-knife-krefeld\/\" \/>\n<meta property=\"og:locale\" content=\"de_DE\" \/>\n<meta property=\"og:type\" content=\"article\" \/>\n<meta property=\"og:title\" content=\"Krefeld\" \/>\n<meta property=\"og:description\" content=\"Das Gamma Knife Zentrum in Krefeld: erfahren Sie hier alles \u00fcber unseren Standort und unser Team im sch\u00f6nen Nordrhein-Westfalen.\" \/>\n<meta property=\"og:url\" content=\"https:\/\/gamma-knife.de\/de\/standorte\/gamma-knife-krefeld\/\" \/>\n<meta property=\"og:site_name\" content=\"Gamma Knife Zentrum\" \/>\n<meta property=\"article:modified_time\" content=\"2024-06-24T10:02:55+00:00\" \/>\n<meta property=\"og:image\" content=\"https:\/\/www.gamma-knife.de\/wp-content\/uploads\/2020\/09\/Gamma-Knife-Krefeld_02_web.jpg\" \/>\n\t<meta property=\"og:image:width\" content=\"1400\" \/>\n\t<meta property=\"og:image:height\" content=\"931\" \/>\n\t<meta property=\"og:image:type\" content=\"image\/jpeg\" \/>\n<meta name=\"twitter:card\" content=\"summary_large_image\" \/>\n<meta name=\"twitter:label1\" content=\"Gesch\u00e4tzte Lesezeit\" \/>\n\t<meta name=\"twitter:data1\" content=\"4\u00a0Minuten\" \/>\n<script type=\"application\/ld+json\" class=\"yoast-schema-graph\">{\"@context\":\"https:\\\/\\\/schema.org\",\"@graph\":[{\"@type\":\"WebPage\",\"@id\":\"https:\\\/\\\/gamma-knife.de\\\/de\\\/standorte\\\/gamma-knife-krefeld\\\/\",\"url\":\"https:\\\/\\\/gamma-knife.de\\\/de\\\/standorte\\\/gamma-knife-krefeld\\\/\",\"name\":\"Gamma Knife Krefeld: das Gamma Knife Zentrum in Nordrhein-Westfalen\",\"isPartOf\":{\"@id\":\"https:\\\/\\\/www.gamma-knife.de\\\/de\\\/#website\"},\"primaryImageOfPage\":{\"@id\":\"https:\\\/\\\/gamma-knife.de\\\/de\\\/standorte\\\/gamma-knife-krefeld\\\/#primaryimage\"},\"image\":{\"@id\":\"https:\\\/\\\/gamma-knife.de\\\/de\\\/standorte\\\/gamma-knife-krefeld\\\/#primaryimage\"},\"thumbnailUrl\":\"https:\\\/\\\/gamma-knife.de\\\/wp-content\\\/uploads\\\/2020\\\/09\\\/Gamma-Knife-Krefeld_02_web.jpg\",\"datePublished\":\"2020-02-19T05:20:23+00:00\",\"dateModified\":\"2024-06-24T10:02:55+00:00\",\"description\":\"Das Gamma Knife Zentrum in Krefeld: erfahren Sie hier alles \u00fcber unseren Standort und unser Team im sch\u00f6nen Nordrhein-Westfalen.\",\"breadcrumb\":{\"@id\":\"https:\\\/\\\/gamma-knife.de\\\/de\\\/standorte\\\/gamma-knife-krefeld\\\/#breadcrumb\"},\"inLanguage\":\"de\",\"potentialAction\":[{\"@type\":\"ReadAction\",\"target\":[\"https:\\\/\\\/gamma-knife.de\\\/de\\\/standorte\\\/gamma-knife-krefeld\\\/\"]}]},{\"@type\":\"ImageObject\",\"inLanguage\":\"de\",\"@id\":\"https:\\\/\\\/gamma-knife.de\\\/de\\\/standorte\\\/gamma-knife-krefeld\\\/#primaryimage\",\"url\":\"https:\\\/\\\/gamma-knife.de\\\/wp-content\\\/uploads\\\/2020\\\/09\\\/Gamma-Knife-Krefeld_02_web.jpg\",\"contentUrl\":\"https:\\\/\\\/gamma-knife.de\\\/wp-content\\\/uploads\\\/2020\\\/09\\\/Gamma-Knife-Krefeld_02_web.jpg\",\"width\":1400,\"height\":931,\"caption\":\"Koester Fotografie\"},{\"@type\":\"BreadcrumbList\",\"@id\":\"https:\\\/\\\/gamma-knife.de\\\/de\\\/standorte\\\/gamma-knife-krefeld\\\/#breadcrumb\",\"itemListElement\":[{\"@type\":\"ListItem\",\"position\":1,\"name\":\"Standorte\",\"item\":\"https:\\\/\\\/www.gamma-knife.de\\\/de\\\/standorte\\\/\"},{\"@type\":\"ListItem\",\"position\":2,\"name\":\"Krefeld\"}]},{\"@type\":\"WebSite\",\"@id\":\"https:\\\/\\\/www.gamma-knife.de\\\/de\\\/#website\",\"url\":\"https:\\\/\\\/www.gamma-knife.de\\\/de\\\/\",\"name\":\"Gamma Knife Zentrum\",\"description\":\"Gamma Knife Zentrum\",\"publisher\":{\"@id\":\"https:\\\/\\\/www.gamma-knife.de\\\/de\\\/#organization\"},\"potentialAction\":[{\"@type\":\"SearchAction\",\"target\":{\"@type\":\"EntryPoint\",\"urlTemplate\":\"https:\\\/\\\/www.gamma-knife.de\\\/de\\\/?s={search_term_string}\"},\"query-input\":{\"@type\":\"PropertyValueSpecification\",\"valueRequired\":true,\"valueName\":\"search_term_string\"}}],\"inLanguage\":\"de\"},{\"@type\":\"Organization\",\"@id\":\"https:\\\/\\\/www.gamma-knife.de\\\/de\\\/#organization\",\"name\":\"Gamma Knife Zentrum\",\"url\":\"https:\\\/\\\/www.gamma-knife.de\\\/de\\\/\",\"logo\":{\"@type\":\"ImageObject\",\"inLanguage\":\"de\",\"@id\":\"https:\\\/\\\/www.gamma-knife.de\\\/de\\\/#\\\/schema\\\/logo\\\/image\\\/\",\"url\":\"https:\\\/\\\/www.gamma-knife.de\\\/wp-content\\\/uploads\\\/2020\\\/11\\\/Gamma-Knife-Logo-rgb.png\",\"contentUrl\":\"https:\\\/\\\/www.gamma-knife.de\\\/wp-content\\\/uploads\\\/2020\\\/11\\\/Gamma-Knife-Logo-rgb.png\",\"width\":250,\"height\":97,\"caption\":\"Gamma Knife Zentrum\"},\"image\":{\"@id\":\"https:\\\/\\\/www.gamma-knife.de\\\/de\\\/#\\\/schema\\\/logo\\\/image\\\/\"}}]}<\/script>\n<!-- \/ Yoast SEO Premium plugin. -->","yoast_head_json":{"title":"Gamma Knife Krefeld: das Gamma Knife Zentrum in Nordrhein-Westfalen","description":"Das Gamma Knife Zentrum in Krefeld: erfahren Sie hier alles \u00fcber unseren Standort und unser Team im sch\u00f6nen Nordrhein-Westfalen.","robots":{"index":"index","follow":"follow","max-snippet":"max-snippet:-1","max-image-preview":"max-image-preview:large","max-video-preview":"max-video-preview:-1"},"canonical":"https:\/\/gamma-knife.de\/de\/standorte\/gamma-knife-krefeld\/","og_locale":"de_DE","og_type":"article","og_title":"Krefeld","og_description":"Das Gamma Knife Zentrum in Krefeld: erfahren Sie hier alles \u00fcber unseren Standort und unser Team im sch\u00f6nen Nordrhein-Westfalen.","og_url":"https:\/\/gamma-knife.de\/de\/standorte\/gamma-knife-krefeld\/","og_site_name":"Gamma Knife Zentrum","article_modified_time":"2024-06-24T10:02:55+00:00","og_image":[{"width":1400,"height":931,"url":"https:\/\/www.gamma-knife.de\/wp-content\/uploads\/2020\/09\/Gamma-Knife-Krefeld_02_web.jpg","type":"image\/jpeg"}],"twitter_card":"summary_large_image","twitter_misc":{"Gesch\u00e4tzte Lesezeit":"4\u00a0Minuten"},"schema":{"@context":"https:\/\/schema.org","@graph":[{"@type":"WebPage","@id":"https:\/\/gamma-knife.de\/de\/standorte\/gamma-knife-krefeld\/","url":"https:\/\/gamma-knife.de\/de\/standorte\/gamma-knife-krefeld\/","name":"Gamma Knife Krefeld: das Gamma Knife Zentrum in Nordrhein-Westfalen","isPartOf":{"@id":"https:\/\/www.gamma-knife.de\/de\/#website"},"primaryImageOfPage":{"@id":"https:\/\/gamma-knife.de\/de\/standorte\/gamma-knife-krefeld\/#primaryimage"},"image":{"@id":"https:\/\/gamma-knife.de\/de\/standorte\/gamma-knife-krefeld\/#primaryimage"},"thumbnailUrl":"https:\/\/gamma-knife.de\/wp-content\/uploads\/2020\/09\/Gamma-Knife-Krefeld_02_web.jpg","datePublished":"2020-02-19T05:20:23+00:00","dateModified":"2024-06-24T10:02:55+00:00","description":"Das Gamma Knife Zentrum in Krefeld: erfahren Sie hier alles \u00fcber unseren Standort und unser Team im sch\u00f6nen Nordrhein-Westfalen.","breadcrumb":{"@id":"https:\/\/gamma-knife.de\/de\/standorte\/gamma-knife-krefeld\/#breadcrumb"},"inLanguage":"de","potentialAction":[{"@type":"ReadAction","target":["https:\/\/gamma-knife.de\/de\/standorte\/gamma-knife-krefeld\/"]}]},{"@type":"ImageObject","inLanguage":"de","@id":"https:\/\/gamma-knife.de\/de\/standorte\/gamma-knife-krefeld\/#primaryimage","url":"https:\/\/gamma-knife.de\/wp-content\/uploads\/2020\/09\/Gamma-Knife-Krefeld_02_web.jpg","contentUrl":"https:\/\/gamma-knife.de\/wp-content\/uploads\/2020\/09\/Gamma-Knife-Krefeld_02_web.jpg","width":1400,"height":931,"caption":"Koester Fotografie"},{"@type":"BreadcrumbList","@id":"https:\/\/gamma-knife.de\/de\/standorte\/gamma-knife-krefeld\/#breadcrumb","itemListElement":[{"@type":"ListItem","position":1,"name":"Standorte","item":"https:\/\/www.gamma-knife.de\/de\/standorte\/"},{"@type":"ListItem","position":2,"name":"Krefeld"}]},{"@type":"WebSite","@id":"https:\/\/www.gamma-knife.de\/de\/#website","url":"https:\/\/www.gamma-knife.de\/de\/","name":"Gamma Knife Zentrum","description":"Gamma Knife Zentrum","publisher":{"@id":"https:\/\/www.gamma-knife.de\/de\/#organization"},"potentialAction":[{"@type":"SearchAction","target":{"@type":"EntryPoint","urlTemplate":"https:\/\/www.gamma-knife.de\/de\/?s={search_term_string}"},"query-input":{"@type":"PropertyValueSpecification","valueRequired":true,"valueName":"search_term_string"}}],"inLanguage":"de"},{"@type":"Organization","@id":"https:\/\/www.gamma-knife.de\/de\/#organization","name":"Gamma Knife Zentrum","url":"https:\/\/www.gamma-knife.de\/de\/","logo":{"@type":"ImageObject","inLanguage":"de","@id":"https:\/\/www.gamma-knife.de\/de\/#\/schema\/logo\/image\/","url":"https:\/\/www.gamma-knife.de\/wp-content\/uploads\/2020\/11\/Gamma-Knife-Logo-rgb.png","contentUrl":"https:\/\/www.gamma-knife.de\/wp-content\/uploads\/2020\/11\/Gamma-Knife-Logo-rgb.png","width":250,"height":97,"caption":"Gamma Knife Zentrum"},"image":{"@id":"https:\/\/www.gamma-knife.de\/de\/#\/schema\/logo\/image\/"}}]}},"_links":{"self":[{"href":"https:\/\/gamma-knife.de\/de\/wp-json\/wp\/v2\/pages\/476","targetHints":{"allow":["GET"]}}],"collection":[{"href":"https:\/\/gamma-knife.de\/de\/wp-json\/wp\/v2\/pages"}],"about":[{"href":"https:\/\/gamma-knife.de\/de\/wp-json\/wp\/v2\/types\/page"}],"author":[{"embeddable":true,"href":"https:\/\/gamma-knife.de\/de\/wp-json\/wp\/v2\/users\/18"}],"replies":[{"embeddable":true,"href":"https:\/\/gamma-knife.de\/de\/wp-json\/wp\/v2\/comments?post=476"}],"version-history":[{"count":143,"href":"https:\/\/gamma-knife.de\/de\/wp-json\/wp\/v2\/pages\/476\/revisions"}],"predecessor-version":[{"id":19359,"href":"https:\/\/gamma-knife.de\/de\/wp-json\/wp\/v2\/pages\/476\/revisions\/19359"}],"up":[{"embeddable":true,"href":"https:\/\/gamma-knife.de\/de\/wp-json\/wp\/v2\/pages\/473"}],"wp:featuredmedia":[{"embeddable":true,"href":"https:\/\/gamma-knife.de\/de\/wp-json\/wp\/v2\/media\/5715"}],"wp:attachment":[{"href":"https:\/\/gamma-knife.de\/de\/wp-json\/wp\/v2\/media?parent=476"}],"curies":[{"name":"wp","href":"https:\/\/api.w.org\/{rel}","templated":true}]}}