{"id":5175,"date":"2020-07-22T11:57:37","date_gmt":"2020-07-22T09:57:37","guid":{"rendered":"http:\/\/www.web139.s238.goserver.host\/?page_id=5175"},"modified":"2020-07-30T17:00:07","modified_gmt":"2020-07-30T15:00:07","slug":"qualitaetsmanagement","status":"publish","type":"page","link":"https:\/\/gamma-knife.de\/de\/ueber-uns\/qualitaetsmanagement\/","title":{"rendered":"Qualit\u00e4tsmanagement"},"content":{"rendered":"\n<p>Wir sind ein vertrauensw\u00fcrdiger Partner f\u00fcr unseren Patienten, Zuweiser und Beh\u00f6rden. Damit das so bleibt, haben wir an unsere Arbeit sehr hohe Anspr\u00fcche. Genauigkeit, Transparenz, Empathie und Ehrlichkeit sind Eckpfeiler unseres Schaffens. Wir gehen auf die W\u00fcnsche unserer Patienten und externen Kollegen ein. Die Einhaltung von Gesetzen und Empfehlungen ist uns ebenso wichtig wie effizientes Arbeiten. Dabei streben wir die st\u00e4ndige Verbesserung unserer Leistungen an. Aus diesen Gr\u00fcnden\u00a0betreiben wir seit 2001 ein konsequentes Qualit\u00e4tsmanagement nach DIN EN ISO 9001:2015. Danach sind wir an beiden Standorten zertifiziert. Wir haben uns bewusst f\u00fcr ein\u00a0branchenneutrales, global anerkanntes Qualit\u00e4tsmanagementsystem entschieden.<\/p>\n\n\n\n<p>Es gibt einige Unternehmen, die Qualit\u00e4tsmanagement nur aus Werbegr\u00fcnden oder externen Zw\u00e4ngen betreiben. Die Gesch\u00e4ftsleitung und die Mitarbeiter des Gamma Knife Zentrums sehen dagegen im\u00a0Qualit\u00e4tsmanagement ein herausragendes Hilfsmittel f\u00fcr die Kontrolle der eigenen Arbeitsqualit\u00e4t. Auf dieser Basis erreichen wir unsere gesetzten Ziele und entwickeln uns als Team weiter.  Mehr noch, wir erfahren so auch die W\u00fcnsche und Ansichten\u00a0unserer Patienten und Zuweiser.<\/p>\n\n\n\n<p>Regelm\u00e4\u00dfige Schulungen von Mitarbeitern f\u00fchren zu verbesserten Arbeitsabl\u00e4ufen. Externe \u00dcberpr\u00fcfungen durch Beh\u00f6rden und die \u00e4rztliche Stelle verlaufen stressfreier. Neue Mitarbeiter werden schneller eingearbeitet. Letztendlich wird der Aufwand belohnt durch zufriedene Patienten, Zuweiser und Mitarbeiter.<\/p>\n\n\n\n<p>Ein gutes und strategisches Qualit\u00e4tsmanagement tr\u00e4gt dazu bei, auch wirtschaftlich nachhaltig zu arbeiten. Durch eine unternehmensinterne Wirtschaftsanalyse, in der bedeutende Kennzahlen erstellt und \u00fcberpr\u00fcft werden, lassen sich erreichte und noch zu\u00a0erreichende Ziele identifizieren und Ressourcen zielgerecht einsetzen.\u00a0<\/p>\n","protected":false},"excerpt":{"rendered":"<p>Wir sind ein vertrauensw\u00fcrdiger Partner f\u00fcr unseren Patienten, Zuweiser und Beh\u00f6rden. Damit das so bleibt, haben wir an unsere Arbeit sehr hohe Anspr\u00fcche. Genauigkeit, Transparenz, Empathie und Ehrlichkeit sind Eckpfeiler unseres Schaffens. Wir gehen auf die W\u00fcnsche unserer Patienten und externen Kollegen ein. Die Einhaltung von Gesetzen und Empfehlungen ist uns ebenso wichtig wie effizientes [&hellip;]<\/p>\n","protected":false},"author":18,"featured_media":150,"parent":751,"menu_order":0,"comment_status":"closed","ping_status":"closed","template":"templates\/mission-page.php","meta":{"_acf_changed":false,"footnotes":""},"class_list":["post-5175","page","type-page","status-publish","has-post-thumbnail","hentry"],"acf":[],"yoast_head":"<!-- This site is optimized with the Yoast SEO Premium plugin v26.1 (Yoast SEO v27.3) - https:\/\/yoast.com\/product\/yoast-seo-premium-wordpress\/ -->\n<title>Qualit\u00e4tsmanagement - Gamma Knife Zentrum<\/title>\n<meta name=\"robots\" content=\"index, follow, max-snippet:-1, max-image-preview:large, max-video-preview:-1\" \/>\n<link rel=\"canonical\" href=\"https:\/\/gamma-knife.de\/de\/ueber-uns\/qualitaetsmanagement\/\" \/>\n<meta property=\"og:locale\" content=\"de_DE\" \/>\n<meta property=\"og:type\" content=\"article\" \/>\n<meta property=\"og:title\" content=\"Qualit\u00e4tsmanagement\" \/>\n<meta property=\"og:description\" content=\"Wir sind ein vertrauensw\u00fcrdiger Partner f\u00fcr unseren Patienten, Zuweiser und Beh\u00f6rden. Damit das so bleibt, haben wir an unsere Arbeit sehr hohe Anspr\u00fcche. Genauigkeit, Transparenz, Empathie und Ehrlichkeit sind Eckpfeiler unseres Schaffens. Wir gehen auf die W\u00fcnsche unserer Patienten und externen Kollegen ein. Die Einhaltung von Gesetzen und Empfehlungen ist uns ebenso wichtig wie effizientes [&hellip;]\" \/>\n<meta property=\"og:url\" content=\"https:\/\/gamma-knife.de\/de\/ueber-uns\/qualitaetsmanagement\/\" \/>\n<meta property=\"og:site_name\" content=\"Gamma Knife Zentrum\" \/>\n<meta property=\"article:modified_time\" content=\"2020-07-30T15:00:07+00:00\" \/>\n<meta property=\"og:image\" content=\"https:\/\/gamma-knife.de\/wp-content\/uploads\/2020\/02\/front-about-1-e1587541545723.png\" \/>\n\t<meta property=\"og:image:width\" content=\"321\" \/>\n\t<meta property=\"og:image:height\" content=\"153\" \/>\n\t<meta property=\"og:image:type\" content=\"image\/png\" \/>\n<meta name=\"twitter:card\" content=\"summary_large_image\" \/>\n<meta name=\"twitter:label1\" content=\"Gesch\u00e4tzte Lesezeit\" \/>\n\t<meta name=\"twitter:data1\" content=\"1\u00a0Minute\" \/>\n<script type=\"application\/ld+json\" class=\"yoast-schema-graph\">{\"@context\":\"https:\\\/\\\/schema.org\",\"@graph\":[{\"@type\":\"WebPage\",\"@id\":\"https:\\\/\\\/gamma-knife.de\\\/de\\\/ueber-uns\\\/qualitaetsmanagement\\\/\",\"url\":\"https:\\\/\\\/gamma-knife.de\\\/de\\\/ueber-uns\\\/qualitaetsmanagement\\\/\",\"name\":\"Qualit\u00e4tsmanagement - Gamma Knife Zentrum\",\"isPartOf\":{\"@id\":\"https:\\\/\\\/www.gamma-knife.de\\\/de\\\/#website\"},\"primaryImageOfPage\":{\"@id\":\"https:\\\/\\\/gamma-knife.de\\\/de\\\/ueber-uns\\\/qualitaetsmanagement\\\/#primaryimage\"},\"image\":{\"@id\":\"https:\\\/\\\/gamma-knife.de\\\/de\\\/ueber-uns\\\/qualitaetsmanagement\\\/#primaryimage\"},\"thumbnailUrl\":\"https:\\\/\\\/gamma-knife.de\\\/wp-content\\\/uploads\\\/2020\\\/02\\\/front-about-1-e1587541545723.png\",\"datePublished\":\"2020-07-22T09:57:37+00:00\",\"dateModified\":\"2020-07-30T15:00:07+00:00\",\"breadcrumb\":{\"@id\":\"https:\\\/\\\/gamma-knife.de\\\/de\\\/ueber-uns\\\/qualitaetsmanagement\\\/#breadcrumb\"},\"inLanguage\":\"de\",\"potentialAction\":[{\"@type\":\"ReadAction\",\"target\":[\"https:\\\/\\\/gamma-knife.de\\\/de\\\/ueber-uns\\\/qualitaetsmanagement\\\/\"]}]},{\"@type\":\"ImageObject\",\"inLanguage\":\"de\",\"@id\":\"https:\\\/\\\/gamma-knife.de\\\/de\\\/ueber-uns\\\/qualitaetsmanagement\\\/#primaryimage\",\"url\":\"https:\\\/\\\/gamma-knife.de\\\/wp-content\\\/uploads\\\/2020\\\/02\\\/front-about-1-e1587541545723.png\",\"contentUrl\":\"https:\\\/\\\/gamma-knife.de\\\/wp-content\\\/uploads\\\/2020\\\/02\\\/front-about-1-e1587541545723.png\",\"width\":321,\"height\":153,\"caption\":\"Qualit\u00e4t T\u00dcV Zertifikat\"},{\"@type\":\"BreadcrumbList\",\"@id\":\"https:\\\/\\\/gamma-knife.de\\\/de\\\/ueber-uns\\\/qualitaetsmanagement\\\/#breadcrumb\",\"itemListElement\":[{\"@type\":\"ListItem\",\"position\":1,\"name\":\"\u00dcber uns\",\"item\":\"https:\\\/\\\/www.gamma-knife.de\\\/de\\\/ueber-uns\\\/\"},{\"@type\":\"ListItem\",\"position\":2,\"name\":\"Qualit\u00e4tsmanagement\"}]},{\"@type\":\"WebSite\",\"@id\":\"https:\\\/\\\/www.gamma-knife.de\\\/de\\\/#website\",\"url\":\"https:\\\/\\\/www.gamma-knife.de\\\/de\\\/\",\"name\":\"Gamma Knife Zentrum\",\"description\":\"Gamma Knife Zentrum\",\"publisher\":{\"@id\":\"https:\\\/\\\/www.gamma-knife.de\\\/de\\\/#organization\"},\"potentialAction\":[{\"@type\":\"SearchAction\",\"target\":{\"@type\":\"EntryPoint\",\"urlTemplate\":\"https:\\\/\\\/www.gamma-knife.de\\\/de\\\/?s={search_term_string}\"},\"query-input\":{\"@type\":\"PropertyValueSpecification\",\"valueRequired\":true,\"valueName\":\"search_term_string\"}}],\"inLanguage\":\"de\"},{\"@type\":\"Organization\",\"@id\":\"https:\\\/\\\/www.gamma-knife.de\\\/de\\\/#organization\",\"name\":\"Gamma Knife Zentrum\",\"url\":\"https:\\\/\\\/www.gamma-knife.de\\\/de\\\/\",\"logo\":{\"@type\":\"ImageObject\",\"inLanguage\":\"de\",\"@id\":\"https:\\\/\\\/www.gamma-knife.de\\\/de\\\/#\\\/schema\\\/logo\\\/image\\\/\",\"url\":\"https:\\\/\\\/www.gamma-knife.de\\\/wp-content\\\/uploads\\\/2020\\\/11\\\/Gamma-Knife-Logo-rgb.png\",\"contentUrl\":\"https:\\\/\\\/www.gamma-knife.de\\\/wp-content\\\/uploads\\\/2020\\\/11\\\/Gamma-Knife-Logo-rgb.png\",\"width\":250,\"height\":97,\"caption\":\"Gamma Knife Zentrum\"},\"image\":{\"@id\":\"https:\\\/\\\/www.gamma-knife.de\\\/de\\\/#\\\/schema\\\/logo\\\/image\\\/\"}}]}<\/script>\n<!-- \/ Yoast SEO Premium plugin. -->","yoast_head_json":{"title":"Qualit\u00e4tsmanagement - Gamma Knife Zentrum","robots":{"index":"index","follow":"follow","max-snippet":"max-snippet:-1","max-image-preview":"max-image-preview:large","max-video-preview":"max-video-preview:-1"},"canonical":"https:\/\/gamma-knife.de\/de\/ueber-uns\/qualitaetsmanagement\/","og_locale":"de_DE","og_type":"article","og_title":"Qualit\u00e4tsmanagement","og_description":"Wir sind ein vertrauensw\u00fcrdiger Partner f\u00fcr unseren Patienten, Zuweiser und Beh\u00f6rden. Damit das so bleibt, haben wir an unsere Arbeit sehr hohe Anspr\u00fcche. Genauigkeit, Transparenz, Empathie und Ehrlichkeit sind Eckpfeiler unseres Schaffens. Wir gehen auf die W\u00fcnsche unserer Patienten und externen Kollegen ein. Die Einhaltung von Gesetzen und Empfehlungen ist uns ebenso wichtig wie effizientes [&hellip;]","og_url":"https:\/\/gamma-knife.de\/de\/ueber-uns\/qualitaetsmanagement\/","og_site_name":"Gamma Knife Zentrum","article_modified_time":"2020-07-30T15:00:07+00:00","og_image":[{"width":321,"height":153,"url":"https:\/\/gamma-knife.de\/wp-content\/uploads\/2020\/02\/front-about-1-e1587541545723.png","type":"image\/png"}],"twitter_card":"summary_large_image","twitter_misc":{"Gesch\u00e4tzte Lesezeit":"1\u00a0Minute"},"schema":{"@context":"https:\/\/schema.org","@graph":[{"@type":"WebPage","@id":"https:\/\/gamma-knife.de\/de\/ueber-uns\/qualitaetsmanagement\/","url":"https:\/\/gamma-knife.de\/de\/ueber-uns\/qualitaetsmanagement\/","name":"Qualit\u00e4tsmanagement - Gamma Knife Zentrum","isPartOf":{"@id":"https:\/\/www.gamma-knife.de\/de\/#website"},"primaryImageOfPage":{"@id":"https:\/\/gamma-knife.de\/de\/ueber-uns\/qualitaetsmanagement\/#primaryimage"},"image":{"@id":"https:\/\/gamma-knife.de\/de\/ueber-uns\/qualitaetsmanagement\/#primaryimage"},"thumbnailUrl":"https:\/\/gamma-knife.de\/wp-content\/uploads\/2020\/02\/front-about-1-e1587541545723.png","datePublished":"2020-07-22T09:57:37+00:00","dateModified":"2020-07-30T15:00:07+00:00","breadcrumb":{"@id":"https:\/\/gamma-knife.de\/de\/ueber-uns\/qualitaetsmanagement\/#breadcrumb"},"inLanguage":"de","potentialAction":[{"@type":"ReadAction","target":["https:\/\/gamma-knife.de\/de\/ueber-uns\/qualitaetsmanagement\/"]}]},{"@type":"ImageObject","inLanguage":"de","@id":"https:\/\/gamma-knife.de\/de\/ueber-uns\/qualitaetsmanagement\/#primaryimage","url":"https:\/\/gamma-knife.de\/wp-content\/uploads\/2020\/02\/front-about-1-e1587541545723.png","contentUrl":"https:\/\/gamma-knife.de\/wp-content\/uploads\/2020\/02\/front-about-1-e1587541545723.png","width":321,"height":153,"caption":"Qualit\u00e4t T\u00dcV Zertifikat"},{"@type":"BreadcrumbList","@id":"https:\/\/gamma-knife.de\/de\/ueber-uns\/qualitaetsmanagement\/#breadcrumb","itemListElement":[{"@type":"ListItem","position":1,"name":"\u00dcber uns","item":"https:\/\/www.gamma-knife.de\/de\/ueber-uns\/"},{"@type":"ListItem","position":2,"name":"Qualit\u00e4tsmanagement"}]},{"@type":"WebSite","@id":"https:\/\/www.gamma-knife.de\/de\/#website","url":"https:\/\/www.gamma-knife.de\/de\/","name":"Gamma Knife Zentrum","description":"Gamma Knife Zentrum","publisher":{"@id":"https:\/\/www.gamma-knife.de\/de\/#organization"},"potentialAction":[{"@type":"SearchAction","target":{"@type":"EntryPoint","urlTemplate":"https:\/\/www.gamma-knife.de\/de\/?s={search_term_string}"},"query-input":{"@type":"PropertyValueSpecification","valueRequired":true,"valueName":"search_term_string"}}],"inLanguage":"de"},{"@type":"Organization","@id":"https:\/\/www.gamma-knife.de\/de\/#organization","name":"Gamma Knife Zentrum","url":"https:\/\/www.gamma-knife.de\/de\/","logo":{"@type":"ImageObject","inLanguage":"de","@id":"https:\/\/www.gamma-knife.de\/de\/#\/schema\/logo\/image\/","url":"https:\/\/www.gamma-knife.de\/wp-content\/uploads\/2020\/11\/Gamma-Knife-Logo-rgb.png","contentUrl":"https:\/\/www.gamma-knife.de\/wp-content\/uploads\/2020\/11\/Gamma-Knife-Logo-rgb.png","width":250,"height":97,"caption":"Gamma Knife Zentrum"},"image":{"@id":"https:\/\/www.gamma-knife.de\/de\/#\/schema\/logo\/image\/"}}]}},"_links":{"self":[{"href":"https:\/\/gamma-knife.de\/de\/wp-json\/wp\/v2\/pages\/5175","targetHints":{"allow":["GET"]}}],"collection":[{"href":"https:\/\/gamma-knife.de\/de\/wp-json\/wp\/v2\/pages"}],"about":[{"href":"https:\/\/gamma-knife.de\/de\/wp-json\/wp\/v2\/types\/page"}],"author":[{"embeddable":true,"href":"https:\/\/gamma-knife.de\/de\/wp-json\/wp\/v2\/users\/18"}],"replies":[{"embeddable":true,"href":"https:\/\/gamma-knife.de\/de\/wp-json\/wp\/v2\/comments?post=5175"}],"version-history":[{"count":8,"href":"https:\/\/gamma-knife.de\/de\/wp-json\/wp\/v2\/pages\/5175\/revisions"}],"predecessor-version":[{"id":5265,"href":"https:\/\/gamma-knife.de\/de\/wp-json\/wp\/v2\/pages\/5175\/revisions\/5265"}],"up":[{"embeddable":true,"href":"https:\/\/gamma-knife.de\/de\/wp-json\/wp\/v2\/pages\/751"}],"wp:featuredmedia":[{"embeddable":true,"href":"https:\/\/gamma-knife.de\/de\/wp-json\/wp\/v2\/media\/150"}],"wp:attachment":[{"href":"https:\/\/gamma-knife.de\/de\/wp-json\/wp\/v2\/media?parent=5175"}],"curies":[{"name":"wp","href":"https:\/\/api.w.org\/{rel}","templated":true}]}}