{"id":548,"date":"2020-02-19T20:42:25","date_gmt":"2020-02-19T20:42:25","guid":{"rendered":"http:\/\/gamma\/?page_id=548"},"modified":"2024-06-24T12:04:57","modified_gmt":"2024-06-24T10:04:57","slug":"hannover","status":"publish","type":"page","link":"https:\/\/gamma-knife.de\/de\/standorte\/hannover\/","title":{"rendered":"Hannover"},"content":{"rendered":"\n<p>Im Gamma Knife Zentrum Hannover bieten wir Ihnen alle Therapiem\u00f6glichkeiten der Radiochirurgie. Hier arbeiten Fach\u00e4rzte Hand in Hand. Alle medizinischen Pr\u00e4zisionsger\u00e4te, wie das neueste&nbsp;<a href=\"https:\/\/gamma-knife.de\/de\/behandlung-gamma-knife-zentrum\/behandlung-mit-dem-gamma-knife-icon\/\">Gamma Knife Icon<\/a> finden Sie in einem Haus. Das erspart Ihnen unn\u00f6tige Wege.<\/p>\n\n\n\n<p>Sie finden bei uns exzellente Mediziner mit modernster Technik. In unserem Zentrum in Hannover f\u00fchlen Sie sich auf Anhieb wohl. Die gro\u00dfz\u00fcgigen R\u00e4ume sind behaglich gestaltet. Unser Team steht Ihnen freundlich und kompetent zur Seite und zwar vor, w\u00e4hrend und nach der Behandlung.<\/p>\n\n\n\n<p><\/p>\n\n\n\n<p>Wir sind f\u00fcr Sie da!<\/p>\n","protected":false},"excerpt":{"rendered":"<p>Im Gamma Knife Zentrum Hannover bieten wir Ihnen alle Therapiem\u00f6glichkeiten der Radiochirurgie. Hier arbeiten Fach\u00e4rzte Hand in Hand. Alle medizinischen Pr\u00e4zisionsger\u00e4te, wie das neueste&nbsp;Gamma Knife Icon finden Sie in einem Haus. Das erspart Ihnen unn\u00f6tige Wege. Sie finden bei uns exzellente Mediziner mit modernster Technik. In unserem Zentrum in Hannover f\u00fchlen Sie sich auf Anhieb [&hellip;]<\/p>\n","protected":false},"author":18,"featured_media":5597,"parent":473,"menu_order":0,"comment_status":"closed","ping_status":"closed","template":"templates\/location-page.php","meta":{"_acf_changed":false,"footnotes":""},"class_list":["post-548","page","type-page","status-publish","has-post-thumbnail","hentry"],"acf":[],"yoast_head":"<!-- This site is optimized with the Yoast SEO Premium plugin v26.1 (Yoast SEO v27.3) - https:\/\/yoast.com\/product\/yoast-seo-premium-wordpress\/ -->\n<title>Gamma Knife Hannover: das Zentrum am Standort Hannover<\/title>\n<meta name=\"description\" content=\"Das Gamma Knife Zentrum in Hannover: erfahren Sie hier alles \u00fcber unseren Standort und unser Team im sch\u00f6nen Niedersachsen.\" \/>\n<meta name=\"robots\" content=\"index, follow, max-snippet:-1, max-image-preview:large, max-video-preview:-1\" \/>\n<link rel=\"canonical\" href=\"https:\/\/gamma-knife.de\/de\/standorte\/hannover\/\" \/>\n<meta property=\"og:locale\" content=\"de_DE\" \/>\n<meta property=\"og:type\" content=\"article\" \/>\n<meta property=\"og:title\" content=\"Hannover\" \/>\n<meta property=\"og:description\" content=\"Das Gamma Knife Zentrum in Hannover: erfahren Sie hier alles \u00fcber unseren Standort und unser Team im sch\u00f6nen Niedersachsen.\" \/>\n<meta property=\"og:url\" content=\"https:\/\/gamma-knife.de\/de\/standorte\/hannover\/\" \/>\n<meta property=\"og:site_name\" content=\"Gamma Knife Zentrum\" \/>\n<meta property=\"article:modified_time\" content=\"2024-06-24T10:04:57+00:00\" \/>\n<meta property=\"og:image\" content=\"https:\/\/gamma-knife.de\/wp-content\/uploads\/2020\/09\/Gamma-Knife-Hannover-Feindaten_04_web.jpg\" \/>\n\t<meta property=\"og:image:width\" content=\"1400\" \/>\n\t<meta property=\"og:image:height\" content=\"931\" \/>\n\t<meta property=\"og:image:type\" content=\"image\/jpeg\" \/>\n<meta name=\"twitter:card\" content=\"summary_large_image\" \/>\n<meta name=\"twitter:label1\" content=\"Gesch\u00e4tzte Lesezeit\" \/>\n\t<meta name=\"twitter:data1\" content=\"3\u00a0Minuten\" \/>\n<script type=\"application\/ld+json\" class=\"yoast-schema-graph\">{\"@context\":\"https:\\\/\\\/schema.org\",\"@graph\":[{\"@type\":\"WebPage\",\"@id\":\"https:\\\/\\\/gamma-knife.de\\\/de\\\/standorte\\\/hannover\\\/\",\"url\":\"https:\\\/\\\/gamma-knife.de\\\/de\\\/standorte\\\/hannover\\\/\",\"name\":\"Gamma Knife Hannover: das Zentrum am Standort Hannover\",\"isPartOf\":{\"@id\":\"https:\\\/\\\/www.gamma-knife.de\\\/de\\\/#website\"},\"primaryImageOfPage\":{\"@id\":\"https:\\\/\\\/gamma-knife.de\\\/de\\\/standorte\\\/hannover\\\/#primaryimage\"},\"image\":{\"@id\":\"https:\\\/\\\/gamma-knife.de\\\/de\\\/standorte\\\/hannover\\\/#primaryimage\"},\"thumbnailUrl\":\"https:\\\/\\\/gamma-knife.de\\\/wp-content\\\/uploads\\\/2020\\\/09\\\/Gamma-Knife-Hannover-Feindaten_04_web.jpg\",\"datePublished\":\"2020-02-19T20:42:25+00:00\",\"dateModified\":\"2024-06-24T10:04:57+00:00\",\"description\":\"Das Gamma Knife Zentrum in Hannover: erfahren Sie hier alles \u00fcber unseren Standort und unser Team im sch\u00f6nen Niedersachsen.\",\"breadcrumb\":{\"@id\":\"https:\\\/\\\/gamma-knife.de\\\/de\\\/standorte\\\/hannover\\\/#breadcrumb\"},\"inLanguage\":\"de\",\"potentialAction\":[{\"@type\":\"ReadAction\",\"target\":[\"https:\\\/\\\/gamma-knife.de\\\/de\\\/standorte\\\/hannover\\\/\"]}]},{\"@type\":\"ImageObject\",\"inLanguage\":\"de\",\"@id\":\"https:\\\/\\\/gamma-knife.de\\\/de\\\/standorte\\\/hannover\\\/#primaryimage\",\"url\":\"https:\\\/\\\/gamma-knife.de\\\/wp-content\\\/uploads\\\/2020\\\/09\\\/Gamma-Knife-Hannover-Feindaten_04_web.jpg\",\"contentUrl\":\"https:\\\/\\\/gamma-knife.de\\\/wp-content\\\/uploads\\\/2020\\\/09\\\/Gamma-Knife-Hannover-Feindaten_04_web.jpg\",\"width\":1400,\"height\":931,\"caption\":\"Koester Fotografie\"},{\"@type\":\"BreadcrumbList\",\"@id\":\"https:\\\/\\\/gamma-knife.de\\\/de\\\/standorte\\\/hannover\\\/#breadcrumb\",\"itemListElement\":[{\"@type\":\"ListItem\",\"position\":1,\"name\":\"Standorte\",\"item\":\"https:\\\/\\\/www.gamma-knife.de\\\/de\\\/standorte\\\/\"},{\"@type\":\"ListItem\",\"position\":2,\"name\":\"Hannover\"}]},{\"@type\":\"WebSite\",\"@id\":\"https:\\\/\\\/www.gamma-knife.de\\\/de\\\/#website\",\"url\":\"https:\\\/\\\/www.gamma-knife.de\\\/de\\\/\",\"name\":\"Gamma Knife Zentrum\",\"description\":\"Gamma Knife Zentrum\",\"publisher\":{\"@id\":\"https:\\\/\\\/www.gamma-knife.de\\\/de\\\/#organization\"},\"potentialAction\":[{\"@type\":\"SearchAction\",\"target\":{\"@type\":\"EntryPoint\",\"urlTemplate\":\"https:\\\/\\\/www.gamma-knife.de\\\/de\\\/?s={search_term_string}\"},\"query-input\":{\"@type\":\"PropertyValueSpecification\",\"valueRequired\":true,\"valueName\":\"search_term_string\"}}],\"inLanguage\":\"de\"},{\"@type\":\"Organization\",\"@id\":\"https:\\\/\\\/www.gamma-knife.de\\\/de\\\/#organization\",\"name\":\"Gamma Knife Zentrum\",\"url\":\"https:\\\/\\\/www.gamma-knife.de\\\/de\\\/\",\"logo\":{\"@type\":\"ImageObject\",\"inLanguage\":\"de\",\"@id\":\"https:\\\/\\\/www.gamma-knife.de\\\/de\\\/#\\\/schema\\\/logo\\\/image\\\/\",\"url\":\"https:\\\/\\\/www.gamma-knife.de\\\/wp-content\\\/uploads\\\/2020\\\/11\\\/Gamma-Knife-Logo-rgb.png\",\"contentUrl\":\"https:\\\/\\\/www.gamma-knife.de\\\/wp-content\\\/uploads\\\/2020\\\/11\\\/Gamma-Knife-Logo-rgb.png\",\"width\":250,\"height\":97,\"caption\":\"Gamma Knife Zentrum\"},\"image\":{\"@id\":\"https:\\\/\\\/www.gamma-knife.de\\\/de\\\/#\\\/schema\\\/logo\\\/image\\\/\"}}]}<\/script>\n<!-- \/ Yoast SEO Premium plugin. -->","yoast_head_json":{"title":"Gamma Knife Hannover: das Zentrum am Standort Hannover","description":"Das Gamma Knife Zentrum in Hannover: erfahren Sie hier alles \u00fcber unseren Standort und unser Team im sch\u00f6nen Niedersachsen.","robots":{"index":"index","follow":"follow","max-snippet":"max-snippet:-1","max-image-preview":"max-image-preview:large","max-video-preview":"max-video-preview:-1"},"canonical":"https:\/\/gamma-knife.de\/de\/standorte\/hannover\/","og_locale":"de_DE","og_type":"article","og_title":"Hannover","og_description":"Das Gamma Knife Zentrum in Hannover: erfahren Sie hier alles \u00fcber unseren Standort und unser Team im sch\u00f6nen Niedersachsen.","og_url":"https:\/\/gamma-knife.de\/de\/standorte\/hannover\/","og_site_name":"Gamma Knife Zentrum","article_modified_time":"2024-06-24T10:04:57+00:00","og_image":[{"width":1400,"height":931,"url":"https:\/\/gamma-knife.de\/wp-content\/uploads\/2020\/09\/Gamma-Knife-Hannover-Feindaten_04_web.jpg","type":"image\/jpeg"}],"twitter_card":"summary_large_image","twitter_misc":{"Gesch\u00e4tzte Lesezeit":"3\u00a0Minuten"},"schema":{"@context":"https:\/\/schema.org","@graph":[{"@type":"WebPage","@id":"https:\/\/gamma-knife.de\/de\/standorte\/hannover\/","url":"https:\/\/gamma-knife.de\/de\/standorte\/hannover\/","name":"Gamma Knife Hannover: das Zentrum am Standort Hannover","isPartOf":{"@id":"https:\/\/www.gamma-knife.de\/de\/#website"},"primaryImageOfPage":{"@id":"https:\/\/gamma-knife.de\/de\/standorte\/hannover\/#primaryimage"},"image":{"@id":"https:\/\/gamma-knife.de\/de\/standorte\/hannover\/#primaryimage"},"thumbnailUrl":"https:\/\/gamma-knife.de\/wp-content\/uploads\/2020\/09\/Gamma-Knife-Hannover-Feindaten_04_web.jpg","datePublished":"2020-02-19T20:42:25+00:00","dateModified":"2024-06-24T10:04:57+00:00","description":"Das Gamma Knife Zentrum in Hannover: erfahren Sie hier alles \u00fcber unseren Standort und unser Team im sch\u00f6nen Niedersachsen.","breadcrumb":{"@id":"https:\/\/gamma-knife.de\/de\/standorte\/hannover\/#breadcrumb"},"inLanguage":"de","potentialAction":[{"@type":"ReadAction","target":["https:\/\/gamma-knife.de\/de\/standorte\/hannover\/"]}]},{"@type":"ImageObject","inLanguage":"de","@id":"https:\/\/gamma-knife.de\/de\/standorte\/hannover\/#primaryimage","url":"https:\/\/gamma-knife.de\/wp-content\/uploads\/2020\/09\/Gamma-Knife-Hannover-Feindaten_04_web.jpg","contentUrl":"https:\/\/gamma-knife.de\/wp-content\/uploads\/2020\/09\/Gamma-Knife-Hannover-Feindaten_04_web.jpg","width":1400,"height":931,"caption":"Koester Fotografie"},{"@type":"BreadcrumbList","@id":"https:\/\/gamma-knife.de\/de\/standorte\/hannover\/#breadcrumb","itemListElement":[{"@type":"ListItem","position":1,"name":"Standorte","item":"https:\/\/www.gamma-knife.de\/de\/standorte\/"},{"@type":"ListItem","position":2,"name":"Hannover"}]},{"@type":"WebSite","@id":"https:\/\/www.gamma-knife.de\/de\/#website","url":"https:\/\/www.gamma-knife.de\/de\/","name":"Gamma Knife Zentrum","description":"Gamma Knife Zentrum","publisher":{"@id":"https:\/\/www.gamma-knife.de\/de\/#organization"},"potentialAction":[{"@type":"SearchAction","target":{"@type":"EntryPoint","urlTemplate":"https:\/\/www.gamma-knife.de\/de\/?s={search_term_string}"},"query-input":{"@type":"PropertyValueSpecification","valueRequired":true,"valueName":"search_term_string"}}],"inLanguage":"de"},{"@type":"Organization","@id":"https:\/\/www.gamma-knife.de\/de\/#organization","name":"Gamma Knife Zentrum","url":"https:\/\/www.gamma-knife.de\/de\/","logo":{"@type":"ImageObject","inLanguage":"de","@id":"https:\/\/www.gamma-knife.de\/de\/#\/schema\/logo\/image\/","url":"https:\/\/www.gamma-knife.de\/wp-content\/uploads\/2020\/11\/Gamma-Knife-Logo-rgb.png","contentUrl":"https:\/\/www.gamma-knife.de\/wp-content\/uploads\/2020\/11\/Gamma-Knife-Logo-rgb.png","width":250,"height":97,"caption":"Gamma Knife Zentrum"},"image":{"@id":"https:\/\/www.gamma-knife.de\/de\/#\/schema\/logo\/image\/"}}]}},"_links":{"self":[{"href":"https:\/\/gamma-knife.de\/de\/wp-json\/wp\/v2\/pages\/548","targetHints":{"allow":["GET"]}}],"collection":[{"href":"https:\/\/gamma-knife.de\/de\/wp-json\/wp\/v2\/pages"}],"about":[{"href":"https:\/\/gamma-knife.de\/de\/wp-json\/wp\/v2\/types\/page"}],"author":[{"embeddable":true,"href":"https:\/\/gamma-knife.de\/de\/wp-json\/wp\/v2\/users\/18"}],"replies":[{"embeddable":true,"href":"https:\/\/gamma-knife.de\/de\/wp-json\/wp\/v2\/comments?post=548"}],"version-history":[{"count":111,"href":"https:\/\/gamma-knife.de\/de\/wp-json\/wp\/v2\/pages\/548\/revisions"}],"predecessor-version":[{"id":19360,"href":"https:\/\/gamma-knife.de\/de\/wp-json\/wp\/v2\/pages\/548\/revisions\/19360"}],"up":[{"embeddable":true,"href":"https:\/\/gamma-knife.de\/de\/wp-json\/wp\/v2\/pages\/473"}],"wp:featuredmedia":[{"embeddable":true,"href":"https:\/\/gamma-knife.de\/de\/wp-json\/wp\/v2\/media\/5597"}],"wp:attachment":[{"href":"https:\/\/gamma-knife.de\/de\/wp-json\/wp\/v2\/media?parent=548"}],"curies":[{"name":"wp","href":"https:\/\/api.w.org\/{rel}","templated":true}]}}