{"id":7050,"date":"2021-06-28T16:55:45","date_gmt":"2021-06-28T14:55:45","guid":{"rendered":"https:\/\/gamma-knife.de\/?page_id=7050"},"modified":"2024-11-25T16:47:00","modified_gmt":"2024-11-25T15:47:00","slug":"presse","status":"publish","type":"page","link":"https:\/\/gamma-knife.de\/de\/gamma-knife-zentrum\/presse\/","title":{"rendered":"Presse"},"content":{"rendered":"\n<h6 class=\"wp-block-heading\" id=\"h-ich-wollte-nicht-mehr-unters-messer\">&#8222;Ich wollte nicht mehr unters Messer&#8220;<\/h6>\n\n\n\n<p>01\/2024 | Artikel in der Westdeutschen Zeitung &#8211; <a href=\"https:\/\/gamma-knife.de\/wp-content\/uploads\/2024\/01\/WZ_12.01.2024.jpg\">Zum Artikel<\/a><\/p>\n\n\n\n<h6 class=\"wp-block-heading\" id=\"h-prazisionsinstrument-gegen-hirntumore\">&#8222;Pr\u00e4zisionsinstrument gegen Hirntumore&#8220;<\/h6>\n\n\n\n<p>07\/2023 | Bericht \u00fcber erfolgreiche Metastasen-Behandlung in der &#8222;Neue Presse&#8220; Hannover &#8211; <a href=\"https:\/\/gamma-knife.de\/wp-content\/uploads\/2023\/08\/Neue-Presse-Hannover-3.jpg\">Zum Artikel<\/a><\/p>\n\n\n\n<h6 class=\"wp-block-heading\" id=\"h-raus-damit\">&#8222;Raus damit&#8220;<\/h6>\n\n\n\n<p>07\/2023 | Beitrag in der Zeitschrift &#8222;Meins&#8220; &#8211; <a href=\"https:\/\/gamma-knife.de\/wp-content\/uploads\/2023\/03\/GK-in-Meins-Burda.pdf\">Zum Artikel<\/a><\/p>\n\n\n\n<h6 class=\"wp-block-heading\" id=\"h-das-gamma-knife-im-tv\">Das Gamma Knife im TV<\/h6>\n\n\n\n<p>06\/2023 | Beitrag \u00fcber die Behandlung von Hirnmetaststasen im Hannoveraner Fernsehsender h1  (ab Sendeminute 10:50) &#8211;  <a href=\"https:\/\/www.youtube.com\/watch?v=qVU4BB4tzQ0\">Beitrag in h1<\/a>.<\/p>\n\n\n\n<h6 class=\"wp-block-heading\" id=\"h-hocheffektiv-gegen-metastasen\">&#8222;Hocheffektiv gegen Metastasen&#8220;<\/h6>\n\n\n\n<p>07\/2021 | Interview Herr Dr. Bundschuh mit &#8222;Die Schwester | Der Pfleger&#8220; \u2013 <a href=\"https:\/\/gamma-knife.de\/wp-content\/uploads\/2021\/06\/Interview-Dr-Bundschuh-mit-Die-Schwester-Der-Pfleger.pdf\" target=\"_blank\" rel=\"noreferrer noopener\">Zum Artikel<\/a><\/p>\n\n\n\n<p><\/p>\n\n\n\n<h6 class=\"wp-block-heading\" id=\"h-niemand-hatte-gedacht-dass-ich-das-schaffe\"><strong>&#8222;Niemand h\u00e4tte gedacht, dass ich das schaffe&#8220;<\/strong><\/h6>\n\n\n\n<p>06\/2021 | Artikel von Brigitte Teigeler, mamazoneMAG \u2013 <a href=\"https:\/\/gamma-knife.de\/wp-content\/uploads\/2021\/06\/Artikel-mamazoneMAG.pdf\" target=\"_blank\" rel=\"noreferrer noopener\">Zum Artikel<\/a><\/p>\n\n\n\n<h6 class=\"wp-block-heading\" id=\"h-mit-strahlen-gegen-hirnmetastasen\"><strong>&#8222;Mit Strahlen gegen Hirnmetastasen&#8220;<\/strong><\/h6>\n\n\n\n<p>01\/2021 | Interview Herr Dr. Bundschuh mit &#8222;Mamma Mia! Medizin&#8220; \u2013 <a href=\"https:\/\/gamma-knife.de\/wp-content\/uploads\/2021\/06\/Artikel-Mamma-Mia-Medizin.pdf\" target=\"_blank\" rel=\"noreferrer noopener\">Zum Artikel<\/a><\/p>\n\n\n\n<h6 class=\"wp-block-heading\" id=\"h-gamma-knife-therapie\"><strong>&#8222;Gamma Knife Therapie&#8220;<\/strong><\/h6>\n\n\n\n<p>11\/2020 | Rundbrief der Vereinigung Akustikus Neurinom e.V. (VAN) \u2013 <a href=\"https:\/\/gamma-knife.de\/wp-content\/uploads\/2021\/06\/VAN-Rundbrief.pdf\" target=\"_blank\" rel=\"noreferrer noopener\">Zum Artikel<\/a><\/p>\n\n\n\n<h6 class=\"wp-block-heading\" id=\"h-ich-helfe-wenn-andere-chirurgen-nichts-mehr-tun-konnen\"><strong>&#8222;Ich helfe, wenn andere Chirurgen nichts mehr tun k\u00f6nnen&#8220;<\/strong><\/h6>\n\n\n\n<p>2019 | Interview Herr Dr. Bundschuh mit dem Bauer Verlag \u2013 <a href=\"https:\/\/gamma-knife.de\/wp-content\/uploads\/2021\/06\/Interview-Dr-Bundschuh-mit-dem-Bauer-Verlag.pdf\" target=\"_blank\" rel=\"noreferrer noopener\">Zum Artikel<\/a><\/p>\n","protected":false},"excerpt":{"rendered":"<p>In der folgenden Presse\u00fcbersicht finden Sie die neusten Presse-mitteilungen \u00fcber unser Gamma Knife Zentrum und unsere \u00c4rzte.<\/p>\n<p>Bei Fragen stehen wir Ihnen gerne pers\u00f6nlich zur Verf\u00fcgung. <\/p>\n","protected":false},"author":18,"featured_media":0,"parent":85,"menu_order":0,"comment_status":"closed","ping_status":"closed","template":"templates\/member-page.php","meta":{"_acf_changed":false,"footnotes":""},"class_list":["post-7050","page","type-page","status-publish","hentry"],"acf":[],"yoast_head":"<!-- This site is optimized with the Yoast SEO Premium plugin v26.1 (Yoast SEO v27.3) - https:\/\/yoast.com\/product\/yoast-seo-premium-wordpress\/ -->\n<title>Presse - Gamma Knife Zentrum<\/title>\n<meta name=\"robots\" content=\"index, follow, max-snippet:-1, max-image-preview:large, max-video-preview:-1\" \/>\n<link rel=\"canonical\" href=\"https:\/\/gamma-knife.de\/de\/gamma-knife-zentrum\/presse\/\" \/>\n<meta property=\"og:locale\" content=\"de_DE\" \/>\n<meta property=\"og:type\" content=\"article\" \/>\n<meta property=\"og:title\" content=\"Presse\" \/>\n<meta property=\"og:description\" content=\"In der folgenden Presse\u00fcbersicht finden Sie die neusten Presse-mitteilungen \u00fcber unser Gamma Knife Zentrum und unsere \u00c4rzte. Bei Fragen stehen wir Ihnen gerne pers\u00f6nlich zur Verf\u00fcgung.\" \/>\n<meta property=\"og:url\" content=\"https:\/\/gamma-knife.de\/de\/gamma-knife-zentrum\/presse\/\" \/>\n<meta property=\"og:site_name\" content=\"Gamma Knife Zentrum\" \/>\n<meta property=\"article:modified_time\" content=\"2024-11-25T15:47:00+00:00\" \/>\n<meta name=\"twitter:card\" content=\"summary_large_image\" \/>\n<meta name=\"twitter:label1\" content=\"Gesch\u00e4tzte Lesezeit\" \/>\n\t<meta name=\"twitter:data1\" content=\"1\u00a0Minute\" \/>\n<script type=\"application\/ld+json\" class=\"yoast-schema-graph\">{\"@context\":\"https:\\\/\\\/schema.org\",\"@graph\":[{\"@type\":\"WebPage\",\"@id\":\"https:\\\/\\\/gamma-knife.de\\\/de\\\/gamma-knife-zentrum\\\/presse\\\/\",\"url\":\"https:\\\/\\\/gamma-knife.de\\\/de\\\/gamma-knife-zentrum\\\/presse\\\/\",\"name\":\"Presse - Gamma Knife Zentrum\",\"isPartOf\":{\"@id\":\"https:\\\/\\\/www.gamma-knife.de\\\/de\\\/#website\"},\"datePublished\":\"2021-06-28T14:55:45+00:00\",\"dateModified\":\"2024-11-25T15:47:00+00:00\",\"breadcrumb\":{\"@id\":\"https:\\\/\\\/gamma-knife.de\\\/de\\\/gamma-knife-zentrum\\\/presse\\\/#breadcrumb\"},\"inLanguage\":\"de\",\"potentialAction\":[{\"@type\":\"ReadAction\",\"target\":[\"https:\\\/\\\/gamma-knife.de\\\/de\\\/gamma-knife-zentrum\\\/presse\\\/\"]}]},{\"@type\":\"BreadcrumbList\",\"@id\":\"https:\\\/\\\/gamma-knife.de\\\/de\\\/gamma-knife-zentrum\\\/presse\\\/#breadcrumb\",\"itemListElement\":[{\"@type\":\"ListItem\",\"position\":1,\"name\":\"Titelseite\",\"item\":\"https:\\\/\\\/gamma-knife.de\\\/de\\\/\"},{\"@type\":\"ListItem\",\"position\":2,\"name\":\"Presse\"}]},{\"@type\":\"WebSite\",\"@id\":\"https:\\\/\\\/www.gamma-knife.de\\\/de\\\/#website\",\"url\":\"https:\\\/\\\/www.gamma-knife.de\\\/de\\\/\",\"name\":\"Gamma Knife Zentrum\",\"description\":\"Gamma Knife Zentrum\",\"publisher\":{\"@id\":\"https:\\\/\\\/www.gamma-knife.de\\\/de\\\/#organization\"},\"potentialAction\":[{\"@type\":\"SearchAction\",\"target\":{\"@type\":\"EntryPoint\",\"urlTemplate\":\"https:\\\/\\\/www.gamma-knife.de\\\/de\\\/?s={search_term_string}\"},\"query-input\":{\"@type\":\"PropertyValueSpecification\",\"valueRequired\":true,\"valueName\":\"search_term_string\"}}],\"inLanguage\":\"de\"},{\"@type\":\"Organization\",\"@id\":\"https:\\\/\\\/www.gamma-knife.de\\\/de\\\/#organization\",\"name\":\"Gamma Knife Zentrum\",\"url\":\"https:\\\/\\\/www.gamma-knife.de\\\/de\\\/\",\"logo\":{\"@type\":\"ImageObject\",\"inLanguage\":\"de\",\"@id\":\"https:\\\/\\\/www.gamma-knife.de\\\/de\\\/#\\\/schema\\\/logo\\\/image\\\/\",\"url\":\"https:\\\/\\\/www.gamma-knife.de\\\/wp-content\\\/uploads\\\/2020\\\/11\\\/Gamma-Knife-Logo-rgb.png\",\"contentUrl\":\"https:\\\/\\\/www.gamma-knife.de\\\/wp-content\\\/uploads\\\/2020\\\/11\\\/Gamma-Knife-Logo-rgb.png\",\"width\":250,\"height\":97,\"caption\":\"Gamma Knife Zentrum\"},\"image\":{\"@id\":\"https:\\\/\\\/www.gamma-knife.de\\\/de\\\/#\\\/schema\\\/logo\\\/image\\\/\"}}]}<\/script>\n<!-- \/ Yoast SEO Premium plugin. -->","yoast_head_json":{"title":"Presse - Gamma Knife Zentrum","robots":{"index":"index","follow":"follow","max-snippet":"max-snippet:-1","max-image-preview":"max-image-preview:large","max-video-preview":"max-video-preview:-1"},"canonical":"https:\/\/gamma-knife.de\/de\/gamma-knife-zentrum\/presse\/","og_locale":"de_DE","og_type":"article","og_title":"Presse","og_description":"In der folgenden Presse\u00fcbersicht finden Sie die neusten Presse-mitteilungen \u00fcber unser Gamma Knife Zentrum und unsere \u00c4rzte. Bei Fragen stehen wir Ihnen gerne pers\u00f6nlich zur Verf\u00fcgung.","og_url":"https:\/\/gamma-knife.de\/de\/gamma-knife-zentrum\/presse\/","og_site_name":"Gamma Knife Zentrum","article_modified_time":"2024-11-25T15:47:00+00:00","twitter_card":"summary_large_image","twitter_misc":{"Gesch\u00e4tzte Lesezeit":"1\u00a0Minute"},"schema":{"@context":"https:\/\/schema.org","@graph":[{"@type":"WebPage","@id":"https:\/\/gamma-knife.de\/de\/gamma-knife-zentrum\/presse\/","url":"https:\/\/gamma-knife.de\/de\/gamma-knife-zentrum\/presse\/","name":"Presse - Gamma Knife Zentrum","isPartOf":{"@id":"https:\/\/www.gamma-knife.de\/de\/#website"},"datePublished":"2021-06-28T14:55:45+00:00","dateModified":"2024-11-25T15:47:00+00:00","breadcrumb":{"@id":"https:\/\/gamma-knife.de\/de\/gamma-knife-zentrum\/presse\/#breadcrumb"},"inLanguage":"de","potentialAction":[{"@type":"ReadAction","target":["https:\/\/gamma-knife.de\/de\/gamma-knife-zentrum\/presse\/"]}]},{"@type":"BreadcrumbList","@id":"https:\/\/gamma-knife.de\/de\/gamma-knife-zentrum\/presse\/#breadcrumb","itemListElement":[{"@type":"ListItem","position":1,"name":"Titelseite","item":"https:\/\/gamma-knife.de\/de\/"},{"@type":"ListItem","position":2,"name":"Presse"}]},{"@type":"WebSite","@id":"https:\/\/www.gamma-knife.de\/de\/#website","url":"https:\/\/www.gamma-knife.de\/de\/","name":"Gamma Knife Zentrum","description":"Gamma Knife Zentrum","publisher":{"@id":"https:\/\/www.gamma-knife.de\/de\/#organization"},"potentialAction":[{"@type":"SearchAction","target":{"@type":"EntryPoint","urlTemplate":"https:\/\/www.gamma-knife.de\/de\/?s={search_term_string}"},"query-input":{"@type":"PropertyValueSpecification","valueRequired":true,"valueName":"search_term_string"}}],"inLanguage":"de"},{"@type":"Organization","@id":"https:\/\/www.gamma-knife.de\/de\/#organization","name":"Gamma Knife Zentrum","url":"https:\/\/www.gamma-knife.de\/de\/","logo":{"@type":"ImageObject","inLanguage":"de","@id":"https:\/\/www.gamma-knife.de\/de\/#\/schema\/logo\/image\/","url":"https:\/\/www.gamma-knife.de\/wp-content\/uploads\/2020\/11\/Gamma-Knife-Logo-rgb.png","contentUrl":"https:\/\/www.gamma-knife.de\/wp-content\/uploads\/2020\/11\/Gamma-Knife-Logo-rgb.png","width":250,"height":97,"caption":"Gamma Knife Zentrum"},"image":{"@id":"https:\/\/www.gamma-knife.de\/de\/#\/schema\/logo\/image\/"}}]}},"_links":{"self":[{"href":"https:\/\/gamma-knife.de\/de\/wp-json\/wp\/v2\/pages\/7050","targetHints":{"allow":["GET"]}}],"collection":[{"href":"https:\/\/gamma-knife.de\/de\/wp-json\/wp\/v2\/pages"}],"about":[{"href":"https:\/\/gamma-knife.de\/de\/wp-json\/wp\/v2\/types\/page"}],"author":[{"embeddable":true,"href":"https:\/\/gamma-knife.de\/de\/wp-json\/wp\/v2\/users\/18"}],"replies":[{"embeddable":true,"href":"https:\/\/gamma-knife.de\/de\/wp-json\/wp\/v2\/comments?post=7050"}],"version-history":[{"count":36,"href":"https:\/\/gamma-knife.de\/de\/wp-json\/wp\/v2\/pages\/7050\/revisions"}],"predecessor-version":[{"id":19658,"href":"https:\/\/gamma-knife.de\/de\/wp-json\/wp\/v2\/pages\/7050\/revisions\/19658"}],"up":[{"embeddable":true,"href":"https:\/\/gamma-knife.de\/de\/wp-json\/wp\/v2\/pages\/85"}],"wp:attachment":[{"href":"https:\/\/gamma-knife.de\/de\/wp-json\/wp\/v2\/media?parent=7050"}],"curies":[{"name":"wp","href":"https:\/\/api.w.org\/{rel}","templated":true}]}}