{"id":852,"date":"2020-02-21T08:43:44","date_gmt":"2020-02-21T08:43:44","guid":{"rendered":"http:\/\/gamma.webcoder-dev.com\/?page_id=852"},"modified":"2024-09-18T17:11:06","modified_gmt":"2024-09-18T15:11:06","slug":"team","status":"publish","type":"page","link":"https:\/\/gamma-knife.de\/de\/ueber-uns\/team\/","title":{"rendered":"\u00c4rzte"},"content":{"rendered":"\n<p>Bei uns sind Sie nicht allein \u2013 weder vor, w\u00e4hrend, noch nach der Behandlung. Wir sind keine Wellnesseinrichtung, sondern ein medizinisches Hochleistungszentrum. Doch unser Interesse gilt neben der fach\u00e4rztlichen Versorgung im besonderen Ma\u00dfe Ihrem Wohlbefinden.<br>Daf\u00fcr sind wir da!<\/p>\n","protected":false},"excerpt":{"rendered":"<p>Bei uns sind Sie nicht allein \u2013 weder vor, w\u00e4hrend, noch nach der Behandlung. Wir sind keine Wellnesseinrichtung, sondern ein medizinisches Hochleistungszentrum. Doch unser Interesse gilt neben der fach\u00e4rztlichen Versorgung im besonderen Ma\u00dfe Ihrem Wohlbefinden.Daf\u00fcr sind wir da!<\/p>\n","protected":false},"author":18,"featured_media":0,"parent":751,"menu_order":0,"comment_status":"closed","ping_status":"closed","template":"templates\/team-page.php","meta":{"_acf_changed":false,"footnotes":""},"class_list":["post-852","page","type-page","status-publish","hentry"],"acf":[],"yoast_head":"<!-- This site is optimized with the Yoast SEO Premium plugin v26.1 (Yoast SEO v27.4) - https:\/\/yoast.com\/product\/yoast-seo-premium-wordpress\/ -->\n<title>\u00c4rzte - Gamma Knife Zentrum<\/title>\n<meta name=\"robots\" content=\"index, follow, max-snippet:-1, max-image-preview:large, max-video-preview:-1\" \/>\n<link rel=\"canonical\" href=\"https:\/\/gamma-knife.de\/de\/ueber-uns\/team\/\" \/>\n<meta property=\"og:locale\" content=\"de_DE\" \/>\n<meta property=\"og:type\" content=\"article\" \/>\n<meta property=\"og:title\" content=\"\u00c4rzte\" \/>\n<meta property=\"og:description\" content=\"Bei uns sind Sie nicht allein \u2013 weder vor, w\u00e4hrend, noch nach der Behandlung. Wir sind keine Wellnesseinrichtung, sondern ein medizinisches Hochleistungszentrum. Doch unser Interesse gilt neben der fach\u00e4rztlichen Versorgung im besonderen Ma\u00dfe Ihrem Wohlbefinden.Daf\u00fcr sind wir da!\" \/>\n<meta property=\"og:url\" content=\"https:\/\/gamma-knife.de\/de\/ueber-uns\/team\/\" \/>\n<meta property=\"og:site_name\" content=\"Gamma Knife Zentrum\" \/>\n<meta property=\"article:modified_time\" content=\"2024-09-18T15:11:06+00:00\" \/>\n<meta name=\"twitter:card\" content=\"summary_large_image\" \/>\n<meta name=\"twitter:label1\" content=\"Gesch\u00e4tzte Lesezeit\" \/>\n\t<meta name=\"twitter:data1\" content=\"3\u00a0Minuten\" \/>\n<script type=\"application\/ld+json\" class=\"yoast-schema-graph\">{\"@context\":\"https:\\\/\\\/schema.org\",\"@graph\":[{\"@type\":\"WebPage\",\"@id\":\"https:\\\/\\\/gamma-knife.de\\\/de\\\/ueber-uns\\\/team\\\/\",\"url\":\"https:\\\/\\\/gamma-knife.de\\\/de\\\/ueber-uns\\\/team\\\/\",\"name\":\"\u00c4rzte - Gamma Knife Zentrum\",\"isPartOf\":{\"@id\":\"https:\\\/\\\/www.gamma-knife.de\\\/de\\\/#website\"},\"datePublished\":\"2020-02-21T08:43:44+00:00\",\"dateModified\":\"2024-09-18T15:11:06+00:00\",\"breadcrumb\":{\"@id\":\"https:\\\/\\\/gamma-knife.de\\\/de\\\/ueber-uns\\\/team\\\/#breadcrumb\"},\"inLanguage\":\"de\",\"potentialAction\":[{\"@type\":\"ReadAction\",\"target\":[\"https:\\\/\\\/gamma-knife.de\\\/de\\\/ueber-uns\\\/team\\\/\"]}]},{\"@type\":\"BreadcrumbList\",\"@id\":\"https:\\\/\\\/gamma-knife.de\\\/de\\\/ueber-uns\\\/team\\\/#breadcrumb\",\"itemListElement\":[{\"@type\":\"ListItem\",\"position\":1,\"name\":\"\u00dcber uns\",\"item\":\"https:\\\/\\\/www.gamma-knife.de\\\/de\\\/ueber-uns\\\/\"},{\"@type\":\"ListItem\",\"position\":2,\"name\":\"\u00c4rzte\"}]},{\"@type\":\"WebSite\",\"@id\":\"https:\\\/\\\/www.gamma-knife.de\\\/de\\\/#website\",\"url\":\"https:\\\/\\\/www.gamma-knife.de\\\/de\\\/\",\"name\":\"Gamma Knife Zentrum\",\"description\":\"Gamma Knife Zentrum\",\"publisher\":{\"@id\":\"https:\\\/\\\/www.gamma-knife.de\\\/de\\\/#organization\"},\"potentialAction\":[{\"@type\":\"SearchAction\",\"target\":{\"@type\":\"EntryPoint\",\"urlTemplate\":\"https:\\\/\\\/www.gamma-knife.de\\\/de\\\/?s={search_term_string}\"},\"query-input\":{\"@type\":\"PropertyValueSpecification\",\"valueRequired\":true,\"valueName\":\"search_term_string\"}}],\"inLanguage\":\"de\"},{\"@type\":\"Organization\",\"@id\":\"https:\\\/\\\/www.gamma-knife.de\\\/de\\\/#organization\",\"name\":\"Gamma Knife Zentrum\",\"url\":\"https:\\\/\\\/www.gamma-knife.de\\\/de\\\/\",\"logo\":{\"@type\":\"ImageObject\",\"inLanguage\":\"de\",\"@id\":\"https:\\\/\\\/www.gamma-knife.de\\\/de\\\/#\\\/schema\\\/logo\\\/image\\\/\",\"url\":\"https:\\\/\\\/www.gamma-knife.de\\\/wp-content\\\/uploads\\\/2020\\\/11\\\/Gamma-Knife-Logo-rgb.png\",\"contentUrl\":\"https:\\\/\\\/www.gamma-knife.de\\\/wp-content\\\/uploads\\\/2020\\\/11\\\/Gamma-Knife-Logo-rgb.png\",\"width\":250,\"height\":97,\"caption\":\"Gamma Knife Zentrum\"},\"image\":{\"@id\":\"https:\\\/\\\/www.gamma-knife.de\\\/de\\\/#\\\/schema\\\/logo\\\/image\\\/\"}}]}<\/script>\n<!-- \/ Yoast SEO Premium plugin. -->","yoast_head_json":{"title":"\u00c4rzte - Gamma Knife Zentrum","robots":{"index":"index","follow":"follow","max-snippet":"max-snippet:-1","max-image-preview":"max-image-preview:large","max-video-preview":"max-video-preview:-1"},"canonical":"https:\/\/gamma-knife.de\/de\/ueber-uns\/team\/","og_locale":"de_DE","og_type":"article","og_title":"\u00c4rzte","og_description":"Bei uns sind Sie nicht allein \u2013 weder vor, w\u00e4hrend, noch nach der Behandlung. Wir sind keine Wellnesseinrichtung, sondern ein medizinisches Hochleistungszentrum. Doch unser Interesse gilt neben der fach\u00e4rztlichen Versorgung im besonderen Ma\u00dfe Ihrem Wohlbefinden.Daf\u00fcr sind wir da!","og_url":"https:\/\/gamma-knife.de\/de\/ueber-uns\/team\/","og_site_name":"Gamma Knife Zentrum","article_modified_time":"2024-09-18T15:11:06+00:00","twitter_card":"summary_large_image","twitter_misc":{"Gesch\u00e4tzte Lesezeit":"3\u00a0Minuten"},"schema":{"@context":"https:\/\/schema.org","@graph":[{"@type":"WebPage","@id":"https:\/\/gamma-knife.de\/de\/ueber-uns\/team\/","url":"https:\/\/gamma-knife.de\/de\/ueber-uns\/team\/","name":"\u00c4rzte - Gamma Knife Zentrum","isPartOf":{"@id":"https:\/\/www.gamma-knife.de\/de\/#website"},"datePublished":"2020-02-21T08:43:44+00:00","dateModified":"2024-09-18T15:11:06+00:00","breadcrumb":{"@id":"https:\/\/gamma-knife.de\/de\/ueber-uns\/team\/#breadcrumb"},"inLanguage":"de","potentialAction":[{"@type":"ReadAction","target":["https:\/\/gamma-knife.de\/de\/ueber-uns\/team\/"]}]},{"@type":"BreadcrumbList","@id":"https:\/\/gamma-knife.de\/de\/ueber-uns\/team\/#breadcrumb","itemListElement":[{"@type":"ListItem","position":1,"name":"\u00dcber uns","item":"https:\/\/www.gamma-knife.de\/de\/ueber-uns\/"},{"@type":"ListItem","position":2,"name":"\u00c4rzte"}]},{"@type":"WebSite","@id":"https:\/\/www.gamma-knife.de\/de\/#website","url":"https:\/\/www.gamma-knife.de\/de\/","name":"Gamma Knife Zentrum","description":"Gamma Knife Zentrum","publisher":{"@id":"https:\/\/www.gamma-knife.de\/de\/#organization"},"potentialAction":[{"@type":"SearchAction","target":{"@type":"EntryPoint","urlTemplate":"https:\/\/www.gamma-knife.de\/de\/?s={search_term_string}"},"query-input":{"@type":"PropertyValueSpecification","valueRequired":true,"valueName":"search_term_string"}}],"inLanguage":"de"},{"@type":"Organization","@id":"https:\/\/www.gamma-knife.de\/de\/#organization","name":"Gamma Knife Zentrum","url":"https:\/\/www.gamma-knife.de\/de\/","logo":{"@type":"ImageObject","inLanguage":"de","@id":"https:\/\/www.gamma-knife.de\/de\/#\/schema\/logo\/image\/","url":"https:\/\/www.gamma-knife.de\/wp-content\/uploads\/2020\/11\/Gamma-Knife-Logo-rgb.png","contentUrl":"https:\/\/www.gamma-knife.de\/wp-content\/uploads\/2020\/11\/Gamma-Knife-Logo-rgb.png","width":250,"height":97,"caption":"Gamma Knife Zentrum"},"image":{"@id":"https:\/\/www.gamma-knife.de\/de\/#\/schema\/logo\/image\/"}}]}},"_links":{"self":[{"href":"https:\/\/gamma-knife.de\/de\/wp-json\/wp\/v2\/pages\/852","targetHints":{"allow":["GET"]}}],"collection":[{"href":"https:\/\/gamma-knife.de\/de\/wp-json\/wp\/v2\/pages"}],"about":[{"href":"https:\/\/gamma-knife.de\/de\/wp-json\/wp\/v2\/types\/page"}],"author":[{"embeddable":true,"href":"https:\/\/gamma-knife.de\/de\/wp-json\/wp\/v2\/users\/18"}],"replies":[{"embeddable":true,"href":"https:\/\/gamma-knife.de\/de\/wp-json\/wp\/v2\/comments?post=852"}],"version-history":[{"count":74,"href":"https:\/\/gamma-knife.de\/de\/wp-json\/wp\/v2\/pages\/852\/revisions"}],"predecessor-version":[{"id":19593,"href":"https:\/\/gamma-knife.de\/de\/wp-json\/wp\/v2\/pages\/852\/revisions\/19593"}],"up":[{"embeddable":true,"href":"https:\/\/gamma-knife.de\/de\/wp-json\/wp\/v2\/pages\/751"}],"wp:attachment":[{"href":"https:\/\/gamma-knife.de\/de\/wp-json\/wp\/v2\/media?parent=852"}],"curies":[{"name":"wp","href":"https:\/\/api.w.org\/{rel}","templated":true}]}}