{"id":897,"date":"2020-02-21T08:57:44","date_gmt":"2020-02-21T08:57:44","guid":{"rendered":"http:\/\/gamma.webcoder-dev.com\/?page_id=897"},"modified":"2021-05-18T17:58:34","modified_gmt":"2021-05-18T15:58:34","slug":"mission","status":"publish","type":"page","link":"https:\/\/gamma-knife.de\/de\/ueber-uns\/mission\/","title":{"rendered":"Mission"},"content":{"rendered":"\n<p>Seit 1998 haben wir mehr als 10.000 erfolgreiche&nbsp;<a href=\"https:\/\/gamma-knife.de\/de\/behandlung-gamma-knife-zentrum\/\">Behandlungen<\/a>&nbsp;durchgef\u00fchrt.&nbsp;Ein Beweis f\u00fcr h\u00f6chste Qualit\u00e4t und kompetente Leistung in der Radiochirurgie.&nbsp;<\/p>\n\n\n\n<p>Sie finden bei uns nicht nur exzellente Mediziner mit modernster Technik. Sie f\u00fchlen sich in unseren modern und behaglich gestalteten R\u00e4umen auch \u00fcberaus wohl und gut aufgehoben.  <\/p>\n\n\n\n<p>Unser Team steht Ihnen freundlich und kompetent zur Seite und zwar vor, w\u00e4hrend und nach der Behandlung.<\/p>\n\n\n\n<p><\/p>\n\n\n\n<p>Wir sind f\u00fcr Sie da!<\/p>\n\n\n\n<p><\/p>\n","protected":false},"excerpt":{"rendered":"<p>Seit 1998 haben wir mehr als 10.000 erfolgreiche&nbsp;Behandlungen&nbsp;durchgef\u00fchrt.&nbsp;Ein Beweis f\u00fcr h\u00f6chste Qualit\u00e4t und kompetente Leistung in der Radiochirurgie.&nbsp; Sie finden bei uns nicht nur exzellente Mediziner mit modernster Technik. Sie f\u00fchlen sich in unseren modern und behaglich gestalteten R\u00e4umen auch \u00fcberaus wohl und gut aufgehoben. Unser Team steht Ihnen freundlich und kompetent zur Seite und [&hellip;]<\/p>\n","protected":false},"author":18,"featured_media":6125,"parent":751,"menu_order":0,"comment_status":"closed","ping_status":"closed","template":"templates\/mission-page.php","meta":{"_acf_changed":false,"footnotes":""},"class_list":["post-897","page","type-page","status-publish","has-post-thumbnail","hentry"],"acf":[],"yoast_head":"<!-- This site is optimized with the Yoast SEO Premium plugin v26.1 (Yoast SEO v27.3) - https:\/\/yoast.com\/product\/yoast-seo-premium-wordpress\/ -->\n<title>Unsere Mission im Gamma Knife Zentrum Krefeld und Hannover<\/title>\n<meta name=\"description\" content=\"Unsere Mission: wir stehen Ihnen freundlich und kompetent zur Seite und zwar vor, w\u00e4hrend und nach der Behandlung! Wir sind f\u00fcr Sie da!\" \/>\n<meta name=\"robots\" content=\"index, follow, max-snippet:-1, max-image-preview:large, max-video-preview:-1\" \/>\n<link rel=\"canonical\" href=\"https:\/\/gamma-knife.de\/de\/ueber-uns\/mission\/\" \/>\n<meta property=\"og:locale\" content=\"de_DE\" \/>\n<meta property=\"og:type\" content=\"article\" \/>\n<meta property=\"og:title\" content=\"Mission\" \/>\n<meta property=\"og:description\" content=\"Unsere Mission: wir stehen Ihnen freundlich und kompetent zur Seite und zwar vor, w\u00e4hrend und nach der Behandlung! Wir sind f\u00fcr Sie da!\" \/>\n<meta property=\"og:url\" content=\"https:\/\/gamma-knife.de\/de\/ueber-uns\/mission\/\" \/>\n<meta property=\"og:site_name\" content=\"Gamma Knife Zentrum\" \/>\n<meta property=\"article:modified_time\" content=\"2021-05-18T15:58:34+00:00\" \/>\n<meta property=\"og:image\" content=\"https:\/\/gamma-knife.de\/wp-content\/uploads\/2020\/10\/Gamma-Knife-Hannover-Feindaten_15_web-neu-1.jpg\" \/>\n\t<meta property=\"og:image:width\" content=\"463\" \/>\n\t<meta property=\"og:image:height\" content=\"313\" \/>\n\t<meta property=\"og:image:type\" content=\"image\/jpeg\" \/>\n<meta name=\"twitter:card\" content=\"summary_large_image\" \/>\n<meta name=\"twitter:label1\" content=\"Gesch\u00e4tzte Lesezeit\" \/>\n\t<meta name=\"twitter:data1\" content=\"1\u00a0Minute\" \/>\n<script type=\"application\/ld+json\" class=\"yoast-schema-graph\">{\"@context\":\"https:\\\/\\\/schema.org\",\"@graph\":[{\"@type\":\"WebPage\",\"@id\":\"https:\\\/\\\/gamma-knife.de\\\/de\\\/ueber-uns\\\/mission\\\/\",\"url\":\"https:\\\/\\\/gamma-knife.de\\\/de\\\/ueber-uns\\\/mission\\\/\",\"name\":\"Unsere Mission im Gamma Knife Zentrum Krefeld und Hannover\",\"isPartOf\":{\"@id\":\"https:\\\/\\\/www.gamma-knife.de\\\/de\\\/#website\"},\"primaryImageOfPage\":{\"@id\":\"https:\\\/\\\/gamma-knife.de\\\/de\\\/ueber-uns\\\/mission\\\/#primaryimage\"},\"image\":{\"@id\":\"https:\\\/\\\/gamma-knife.de\\\/de\\\/ueber-uns\\\/mission\\\/#primaryimage\"},\"thumbnailUrl\":\"https:\\\/\\\/gamma-knife.de\\\/wp-content\\\/uploads\\\/2020\\\/10\\\/Gamma-Knife-Hannover-Feindaten_15_web-neu-1.jpg\",\"datePublished\":\"2020-02-21T08:57:44+00:00\",\"dateModified\":\"2021-05-18T15:58:34+00:00\",\"description\":\"Unsere Mission: wir stehen Ihnen freundlich und kompetent zur Seite und zwar vor, w\u00e4hrend und nach der Behandlung! Wir sind f\u00fcr Sie da!\",\"breadcrumb\":{\"@id\":\"https:\\\/\\\/gamma-knife.de\\\/de\\\/ueber-uns\\\/mission\\\/#breadcrumb\"},\"inLanguage\":\"de\",\"potentialAction\":[{\"@type\":\"ReadAction\",\"target\":[\"https:\\\/\\\/gamma-knife.de\\\/de\\\/ueber-uns\\\/mission\\\/\"]}]},{\"@type\":\"ImageObject\",\"inLanguage\":\"de\",\"@id\":\"https:\\\/\\\/gamma-knife.de\\\/de\\\/ueber-uns\\\/mission\\\/#primaryimage\",\"url\":\"https:\\\/\\\/gamma-knife.de\\\/wp-content\\\/uploads\\\/2020\\\/10\\\/Gamma-Knife-Hannover-Feindaten_15_web-neu-1.jpg\",\"contentUrl\":\"https:\\\/\\\/gamma-knife.de\\\/wp-content\\\/uploads\\\/2020\\\/10\\\/Gamma-Knife-Hannover-Feindaten_15_web-neu-1.jpg\",\"width\":463,\"height\":313,\"caption\":\"Unsere Mission \u2013 Bundschuh\"},{\"@type\":\"BreadcrumbList\",\"@id\":\"https:\\\/\\\/gamma-knife.de\\\/de\\\/ueber-uns\\\/mission\\\/#breadcrumb\",\"itemListElement\":[{\"@type\":\"ListItem\",\"position\":1,\"name\":\"\u00dcber uns\",\"item\":\"https:\\\/\\\/www.gamma-knife.de\\\/de\\\/ueber-uns\\\/\"},{\"@type\":\"ListItem\",\"position\":2,\"name\":\"Mission\"}]},{\"@type\":\"WebSite\",\"@id\":\"https:\\\/\\\/www.gamma-knife.de\\\/de\\\/#website\",\"url\":\"https:\\\/\\\/www.gamma-knife.de\\\/de\\\/\",\"name\":\"Gamma Knife Zentrum\",\"description\":\"Gamma Knife Zentrum\",\"publisher\":{\"@id\":\"https:\\\/\\\/www.gamma-knife.de\\\/de\\\/#organization\"},\"potentialAction\":[{\"@type\":\"SearchAction\",\"target\":{\"@type\":\"EntryPoint\",\"urlTemplate\":\"https:\\\/\\\/www.gamma-knife.de\\\/de\\\/?s={search_term_string}\"},\"query-input\":{\"@type\":\"PropertyValueSpecification\",\"valueRequired\":true,\"valueName\":\"search_term_string\"}}],\"inLanguage\":\"de\"},{\"@type\":\"Organization\",\"@id\":\"https:\\\/\\\/www.gamma-knife.de\\\/de\\\/#organization\",\"name\":\"Gamma Knife Zentrum\",\"url\":\"https:\\\/\\\/www.gamma-knife.de\\\/de\\\/\",\"logo\":{\"@type\":\"ImageObject\",\"inLanguage\":\"de\",\"@id\":\"https:\\\/\\\/www.gamma-knife.de\\\/de\\\/#\\\/schema\\\/logo\\\/image\\\/\",\"url\":\"https:\\\/\\\/www.gamma-knife.de\\\/wp-content\\\/uploads\\\/2020\\\/11\\\/Gamma-Knife-Logo-rgb.png\",\"contentUrl\":\"https:\\\/\\\/www.gamma-knife.de\\\/wp-content\\\/uploads\\\/2020\\\/11\\\/Gamma-Knife-Logo-rgb.png\",\"width\":250,\"height\":97,\"caption\":\"Gamma Knife Zentrum\"},\"image\":{\"@id\":\"https:\\\/\\\/www.gamma-knife.de\\\/de\\\/#\\\/schema\\\/logo\\\/image\\\/\"}}]}<\/script>\n<!-- \/ Yoast SEO Premium plugin. -->","yoast_head_json":{"title":"Unsere Mission im Gamma Knife Zentrum Krefeld und Hannover","description":"Unsere Mission: wir stehen Ihnen freundlich und kompetent zur Seite und zwar vor, w\u00e4hrend und nach der Behandlung! Wir sind f\u00fcr Sie da!","robots":{"index":"index","follow":"follow","max-snippet":"max-snippet:-1","max-image-preview":"max-image-preview:large","max-video-preview":"max-video-preview:-1"},"canonical":"https:\/\/gamma-knife.de\/de\/ueber-uns\/mission\/","og_locale":"de_DE","og_type":"article","og_title":"Mission","og_description":"Unsere Mission: wir stehen Ihnen freundlich und kompetent zur Seite und zwar vor, w\u00e4hrend und nach der Behandlung! Wir sind f\u00fcr Sie da!","og_url":"https:\/\/gamma-knife.de\/de\/ueber-uns\/mission\/","og_site_name":"Gamma Knife Zentrum","article_modified_time":"2021-05-18T15:58:34+00:00","og_image":[{"width":463,"height":313,"url":"https:\/\/gamma-knife.de\/wp-content\/uploads\/2020\/10\/Gamma-Knife-Hannover-Feindaten_15_web-neu-1.jpg","type":"image\/jpeg"}],"twitter_card":"summary_large_image","twitter_misc":{"Gesch\u00e4tzte Lesezeit":"1\u00a0Minute"},"schema":{"@context":"https:\/\/schema.org","@graph":[{"@type":"WebPage","@id":"https:\/\/gamma-knife.de\/de\/ueber-uns\/mission\/","url":"https:\/\/gamma-knife.de\/de\/ueber-uns\/mission\/","name":"Unsere Mission im Gamma Knife Zentrum Krefeld und Hannover","isPartOf":{"@id":"https:\/\/www.gamma-knife.de\/de\/#website"},"primaryImageOfPage":{"@id":"https:\/\/gamma-knife.de\/de\/ueber-uns\/mission\/#primaryimage"},"image":{"@id":"https:\/\/gamma-knife.de\/de\/ueber-uns\/mission\/#primaryimage"},"thumbnailUrl":"https:\/\/gamma-knife.de\/wp-content\/uploads\/2020\/10\/Gamma-Knife-Hannover-Feindaten_15_web-neu-1.jpg","datePublished":"2020-02-21T08:57:44+00:00","dateModified":"2021-05-18T15:58:34+00:00","description":"Unsere Mission: wir stehen Ihnen freundlich und kompetent zur Seite und zwar vor, w\u00e4hrend und nach der Behandlung! Wir sind f\u00fcr Sie da!","breadcrumb":{"@id":"https:\/\/gamma-knife.de\/de\/ueber-uns\/mission\/#breadcrumb"},"inLanguage":"de","potentialAction":[{"@type":"ReadAction","target":["https:\/\/gamma-knife.de\/de\/ueber-uns\/mission\/"]}]},{"@type":"ImageObject","inLanguage":"de","@id":"https:\/\/gamma-knife.de\/de\/ueber-uns\/mission\/#primaryimage","url":"https:\/\/gamma-knife.de\/wp-content\/uploads\/2020\/10\/Gamma-Knife-Hannover-Feindaten_15_web-neu-1.jpg","contentUrl":"https:\/\/gamma-knife.de\/wp-content\/uploads\/2020\/10\/Gamma-Knife-Hannover-Feindaten_15_web-neu-1.jpg","width":463,"height":313,"caption":"Unsere Mission \u2013 Bundschuh"},{"@type":"BreadcrumbList","@id":"https:\/\/gamma-knife.de\/de\/ueber-uns\/mission\/#breadcrumb","itemListElement":[{"@type":"ListItem","position":1,"name":"\u00dcber uns","item":"https:\/\/www.gamma-knife.de\/de\/ueber-uns\/"},{"@type":"ListItem","position":2,"name":"Mission"}]},{"@type":"WebSite","@id":"https:\/\/www.gamma-knife.de\/de\/#website","url":"https:\/\/www.gamma-knife.de\/de\/","name":"Gamma Knife Zentrum","description":"Gamma Knife Zentrum","publisher":{"@id":"https:\/\/www.gamma-knife.de\/de\/#organization"},"potentialAction":[{"@type":"SearchAction","target":{"@type":"EntryPoint","urlTemplate":"https:\/\/www.gamma-knife.de\/de\/?s={search_term_string}"},"query-input":{"@type":"PropertyValueSpecification","valueRequired":true,"valueName":"search_term_string"}}],"inLanguage":"de"},{"@type":"Organization","@id":"https:\/\/www.gamma-knife.de\/de\/#organization","name":"Gamma Knife Zentrum","url":"https:\/\/www.gamma-knife.de\/de\/","logo":{"@type":"ImageObject","inLanguage":"de","@id":"https:\/\/www.gamma-knife.de\/de\/#\/schema\/logo\/image\/","url":"https:\/\/www.gamma-knife.de\/wp-content\/uploads\/2020\/11\/Gamma-Knife-Logo-rgb.png","contentUrl":"https:\/\/www.gamma-knife.de\/wp-content\/uploads\/2020\/11\/Gamma-Knife-Logo-rgb.png","width":250,"height":97,"caption":"Gamma Knife Zentrum"},"image":{"@id":"https:\/\/www.gamma-knife.de\/de\/#\/schema\/logo\/image\/"}}]}},"_links":{"self":[{"href":"https:\/\/gamma-knife.de\/de\/wp-json\/wp\/v2\/pages\/897","targetHints":{"allow":["GET"]}}],"collection":[{"href":"https:\/\/gamma-knife.de\/de\/wp-json\/wp\/v2\/pages"}],"about":[{"href":"https:\/\/gamma-knife.de\/de\/wp-json\/wp\/v2\/types\/page"}],"author":[{"embeddable":true,"href":"https:\/\/gamma-knife.de\/de\/wp-json\/wp\/v2\/users\/18"}],"replies":[{"embeddable":true,"href":"https:\/\/gamma-knife.de\/de\/wp-json\/wp\/v2\/comments?post=897"}],"version-history":[{"count":11,"href":"https:\/\/gamma-knife.de\/de\/wp-json\/wp\/v2\/pages\/897\/revisions"}],"predecessor-version":[{"id":5638,"href":"https:\/\/gamma-knife.de\/de\/wp-json\/wp\/v2\/pages\/897\/revisions\/5638"}],"up":[{"embeddable":true,"href":"https:\/\/gamma-knife.de\/de\/wp-json\/wp\/v2\/pages\/751"}],"wp:featuredmedia":[{"embeddable":true,"href":"https:\/\/gamma-knife.de\/de\/wp-json\/wp\/v2\/media\/6125"}],"wp:attachment":[{"href":"https:\/\/gamma-knife.de\/de\/wp-json\/wp\/v2\/media?parent=897"}],"curies":[{"name":"wp","href":"https:\/\/api.w.org\/{rel}","templated":true}]}}