{"id":9062,"date":"2022-01-10T16:59:51","date_gmt":"2022-01-10T15:59:51","guid":{"rendered":"https:\/\/gamma-knife.de\/?page_id=9062"},"modified":"2022-01-10T16:59:52","modified_gmt":"2022-01-10T15:59:52","slug":"internationale-patienten","status":"publish","type":"page","link":"https:\/\/gamma-knife.de\/de\/internationale-patienten\/","title":{"rendered":"Internationale Patienten"},"content":{"rendered":"\n<h6 class=\"wp-block-heading\" id=\"h-internationale-anfragen\">Internationale Anfragen<\/h6>\n\n\n\n<p>F\u00fcr eine erste fach\u00e4rztliche Einsch\u00e4tzung, ob eine Gammaknife Behandlung f\u00fcr Sie in Frage kommt, k\u00f6nnen Sie uns gerne Ihre medizinischen Unterlagen wie Arztbriefe, OP-Berichte und Histologie sowie aktuelle Bildgebung (CT, MRT, PET, etc.) als CD senden. <\/p>\n\n\n\n<p>Bitte beachten Sie, dass wir nur Dokumente in Deutsch, Englisch oder Franz\u00f6sisch akzeptieren k\u00f6nnen. <\/p>\n\n\n\n<p>Nach Auswertung der Unterlagen nehmen wir umgehend Kontakt mit Ihnen auf und besprechen mit Ihnen die n\u00e4chsten Schritte hinsichtlich einer Behandlung, Organisation, Kostenvoranschl\u00e4gen und Rechnungstellung.<\/p>\n\n\n\n<h6 class=\"wp-block-heading\" id=\"h-patienten-aus-landern-der-europaischen-union\">Patienten aus L\u00e4ndern der Europ\u00e4ischen Union<\/h6>\n\n\n\n<p>Wenn Sie in einem EU-Land krankenversichert sind und eine Gammaknife Behandlung in Ihrem Land nicht oder nicht innerhalb eines angemessenen Zeitraums m\u00f6glich ist, besteht die M\u00f6glichkeit, dass Ihre Krankenversicherung die Kosten f\u00fcr Ihre Gammaknife-Behandlung bei uns vollst\u00e4ndig oder teilweise \u00fcbernimmt.<\/p>\n\n\n\n<p>Bitte beachten Sie, dass Sie hierf\u00fcr vor der Behandlung eine S2-Bescheinigung (Portables Dokument S2, fr\u00fcher \u201eE112\u201c) bei Ihrer Krankenversicherung beantragen m\u00fcssen. \u00a0Details hierzu erfahren Sie von Ihrer Krankenversicherung.<\/p>\n\n\n\n<h6 class=\"wp-block-heading\" id=\"h-patienten-aus-dem-vereinigten-konigreich\">Patienten aus dem Vereinigten K\u00f6nigreich<\/h6>\n\n\n\n<p>Auch nach dem Austritt Gro\u00dfbritanniens aus der EU k\u00f6nnen britische Staatsb\u00fcrger unter bestimmten Umst\u00e4nden die Kosten f\u00fcr eine Gammaknife Behandlung in unseren Zentren gegen\u00fcber ihrer britischen Krankenversicherung\/NHS geltend machen.<\/p>\n\n\n\n<p>Bitte informieren Sie sich hierzu auf der Homepage des NHS\/\u201cS2 funding route\u201c zu den aktuellen Bedingungen.<\/p>\n","protected":false},"excerpt":{"rendered":"<p>Internationale Patienten<\/p>\n","protected":false},"author":18,"featured_media":6291,"parent":0,"menu_order":0,"comment_status":"closed","ping_status":"closed","template":"templates\/reimbursement-page.php","meta":{"_acf_changed":false,"footnotes":""},"class_list":["post-9062","page","type-page","status-publish","has-post-thumbnail","hentry"],"acf":[],"yoast_head":"<!-- This site is optimized with the Yoast SEO Premium plugin v26.1 (Yoast SEO v27.3) - https:\/\/yoast.com\/product\/yoast-seo-premium-wordpress\/ -->\n<title>Internationale Patienten - Gamma Knife Zentrum<\/title>\n<meta name=\"robots\" content=\"index, follow, max-snippet:-1, max-image-preview:large, max-video-preview:-1\" \/>\n<link rel=\"canonical\" href=\"https:\/\/gamma-knife.de\/de\/internationale-patienten\/\" \/>\n<meta property=\"og:locale\" content=\"de_DE\" \/>\n<meta property=\"og:type\" content=\"article\" \/>\n<meta property=\"og:title\" content=\"Internationale Patienten\" \/>\n<meta property=\"og:description\" content=\"Internationale Patienten\" \/>\n<meta property=\"og:url\" content=\"https:\/\/gamma-knife.de\/de\/internationale-patienten\/\" \/>\n<meta property=\"og:site_name\" content=\"Gamma Knife Zentrum\" \/>\n<meta property=\"article:modified_time\" content=\"2022-01-10T15:59:52+00:00\" \/>\n<meta property=\"og:image\" content=\"https:\/\/gamma-knife.de\/wp-content\/uploads\/2020\/10\/Gamma-Knife-Hannover-Feindaten_26_web-1.jpg\" \/>\n\t<meta property=\"og:image:width\" content=\"463\" \/>\n\t<meta property=\"og:image:height\" content=\"313\" \/>\n\t<meta property=\"og:image:type\" content=\"image\/jpeg\" \/>\n<meta name=\"twitter:card\" content=\"summary_large_image\" \/>\n<meta name=\"twitter:label1\" content=\"Gesch\u00e4tzte Lesezeit\" \/>\n\t<meta name=\"twitter:data1\" content=\"2\u00a0Minuten\" \/>\n<script type=\"application\/ld+json\" class=\"yoast-schema-graph\">{\"@context\":\"https:\\\/\\\/schema.org\",\"@graph\":[{\"@type\":\"WebPage\",\"@id\":\"https:\\\/\\\/gamma-knife.de\\\/de\\\/internationale-patienten\\\/\",\"url\":\"https:\\\/\\\/gamma-knife.de\\\/de\\\/internationale-patienten\\\/\",\"name\":\"Internationale Patienten - Gamma Knife Zentrum\",\"isPartOf\":{\"@id\":\"https:\\\/\\\/www.gamma-knife.de\\\/de\\\/#website\"},\"primaryImageOfPage\":{\"@id\":\"https:\\\/\\\/gamma-knife.de\\\/de\\\/internationale-patienten\\\/#primaryimage\"},\"image\":{\"@id\":\"https:\\\/\\\/gamma-knife.de\\\/de\\\/internationale-patienten\\\/#primaryimage\"},\"thumbnailUrl\":\"https:\\\/\\\/gamma-knife.de\\\/wp-content\\\/uploads\\\/2020\\\/10\\\/Gamma-Knife-Hannover-Feindaten_26_web-1.jpg\",\"datePublished\":\"2022-01-10T15:59:51+00:00\",\"dateModified\":\"2022-01-10T15:59:52+00:00\",\"inLanguage\":\"de\",\"potentialAction\":[{\"@type\":\"ReadAction\",\"target\":[\"https:\\\/\\\/gamma-knife.de\\\/de\\\/internationale-patienten\\\/\"]}]},{\"@type\":\"ImageObject\",\"inLanguage\":\"de\",\"@id\":\"https:\\\/\\\/gamma-knife.de\\\/de\\\/internationale-patienten\\\/#primaryimage\",\"url\":\"https:\\\/\\\/gamma-knife.de\\\/wp-content\\\/uploads\\\/2020\\\/10\\\/Gamma-Knife-Hannover-Feindaten_26_web-1.jpg\",\"contentUrl\":\"https:\\\/\\\/gamma-knife.de\\\/wp-content\\\/uploads\\\/2020\\\/10\\\/Gamma-Knife-Hannover-Feindaten_26_web-1.jpg\",\"width\":463,\"height\":313},{\"@type\":\"WebSite\",\"@id\":\"https:\\\/\\\/www.gamma-knife.de\\\/de\\\/#website\",\"url\":\"https:\\\/\\\/www.gamma-knife.de\\\/de\\\/\",\"name\":\"Gamma Knife Zentrum\",\"description\":\"Gamma Knife Zentrum\",\"publisher\":{\"@id\":\"https:\\\/\\\/www.gamma-knife.de\\\/de\\\/#organization\"},\"potentialAction\":[{\"@type\":\"SearchAction\",\"target\":{\"@type\":\"EntryPoint\",\"urlTemplate\":\"https:\\\/\\\/www.gamma-knife.de\\\/de\\\/?s={search_term_string}\"},\"query-input\":{\"@type\":\"PropertyValueSpecification\",\"valueRequired\":true,\"valueName\":\"search_term_string\"}}],\"inLanguage\":\"de\"},{\"@type\":\"Organization\",\"@id\":\"https:\\\/\\\/www.gamma-knife.de\\\/de\\\/#organization\",\"name\":\"Gamma Knife Zentrum\",\"url\":\"https:\\\/\\\/www.gamma-knife.de\\\/de\\\/\",\"logo\":{\"@type\":\"ImageObject\",\"inLanguage\":\"de\",\"@id\":\"https:\\\/\\\/www.gamma-knife.de\\\/de\\\/#\\\/schema\\\/logo\\\/image\\\/\",\"url\":\"https:\\\/\\\/www.gamma-knife.de\\\/wp-content\\\/uploads\\\/2020\\\/11\\\/Gamma-Knife-Logo-rgb.png\",\"contentUrl\":\"https:\\\/\\\/www.gamma-knife.de\\\/wp-content\\\/uploads\\\/2020\\\/11\\\/Gamma-Knife-Logo-rgb.png\",\"width\":250,\"height\":97,\"caption\":\"Gamma Knife Zentrum\"},\"image\":{\"@id\":\"https:\\\/\\\/www.gamma-knife.de\\\/de\\\/#\\\/schema\\\/logo\\\/image\\\/\"}}]}<\/script>\n<!-- \/ Yoast SEO Premium plugin. -->","yoast_head_json":{"title":"Internationale Patienten - Gamma Knife Zentrum","robots":{"index":"index","follow":"follow","max-snippet":"max-snippet:-1","max-image-preview":"max-image-preview:large","max-video-preview":"max-video-preview:-1"},"canonical":"https:\/\/gamma-knife.de\/de\/internationale-patienten\/","og_locale":"de_DE","og_type":"article","og_title":"Internationale Patienten","og_description":"Internationale Patienten","og_url":"https:\/\/gamma-knife.de\/de\/internationale-patienten\/","og_site_name":"Gamma Knife Zentrum","article_modified_time":"2022-01-10T15:59:52+00:00","og_image":[{"width":463,"height":313,"url":"https:\/\/gamma-knife.de\/wp-content\/uploads\/2020\/10\/Gamma-Knife-Hannover-Feindaten_26_web-1.jpg","type":"image\/jpeg"}],"twitter_card":"summary_large_image","twitter_misc":{"Gesch\u00e4tzte Lesezeit":"2\u00a0Minuten"},"schema":{"@context":"https:\/\/schema.org","@graph":[{"@type":"WebPage","@id":"https:\/\/gamma-knife.de\/de\/internationale-patienten\/","url":"https:\/\/gamma-knife.de\/de\/internationale-patienten\/","name":"Internationale Patienten - Gamma Knife Zentrum","isPartOf":{"@id":"https:\/\/www.gamma-knife.de\/de\/#website"},"primaryImageOfPage":{"@id":"https:\/\/gamma-knife.de\/de\/internationale-patienten\/#primaryimage"},"image":{"@id":"https:\/\/gamma-knife.de\/de\/internationale-patienten\/#primaryimage"},"thumbnailUrl":"https:\/\/gamma-knife.de\/wp-content\/uploads\/2020\/10\/Gamma-Knife-Hannover-Feindaten_26_web-1.jpg","datePublished":"2022-01-10T15:59:51+00:00","dateModified":"2022-01-10T15:59:52+00:00","inLanguage":"de","potentialAction":[{"@type":"ReadAction","target":["https:\/\/gamma-knife.de\/de\/internationale-patienten\/"]}]},{"@type":"ImageObject","inLanguage":"de","@id":"https:\/\/gamma-knife.de\/de\/internationale-patienten\/#primaryimage","url":"https:\/\/gamma-knife.de\/wp-content\/uploads\/2020\/10\/Gamma-Knife-Hannover-Feindaten_26_web-1.jpg","contentUrl":"https:\/\/gamma-knife.de\/wp-content\/uploads\/2020\/10\/Gamma-Knife-Hannover-Feindaten_26_web-1.jpg","width":463,"height":313},{"@type":"WebSite","@id":"https:\/\/www.gamma-knife.de\/de\/#website","url":"https:\/\/www.gamma-knife.de\/de\/","name":"Gamma Knife Zentrum","description":"Gamma Knife Zentrum","publisher":{"@id":"https:\/\/www.gamma-knife.de\/de\/#organization"},"potentialAction":[{"@type":"SearchAction","target":{"@type":"EntryPoint","urlTemplate":"https:\/\/www.gamma-knife.de\/de\/?s={search_term_string}"},"query-input":{"@type":"PropertyValueSpecification","valueRequired":true,"valueName":"search_term_string"}}],"inLanguage":"de"},{"@type":"Organization","@id":"https:\/\/www.gamma-knife.de\/de\/#organization","name":"Gamma Knife Zentrum","url":"https:\/\/www.gamma-knife.de\/de\/","logo":{"@type":"ImageObject","inLanguage":"de","@id":"https:\/\/www.gamma-knife.de\/de\/#\/schema\/logo\/image\/","url":"https:\/\/www.gamma-knife.de\/wp-content\/uploads\/2020\/11\/Gamma-Knife-Logo-rgb.png","contentUrl":"https:\/\/www.gamma-knife.de\/wp-content\/uploads\/2020\/11\/Gamma-Knife-Logo-rgb.png","width":250,"height":97,"caption":"Gamma Knife Zentrum"},"image":{"@id":"https:\/\/www.gamma-knife.de\/de\/#\/schema\/logo\/image\/"}}]}},"_links":{"self":[{"href":"https:\/\/gamma-knife.de\/de\/wp-json\/wp\/v2\/pages\/9062","targetHints":{"allow":["GET"]}}],"collection":[{"href":"https:\/\/gamma-knife.de\/de\/wp-json\/wp\/v2\/pages"}],"about":[{"href":"https:\/\/gamma-knife.de\/de\/wp-json\/wp\/v2\/types\/page"}],"author":[{"embeddable":true,"href":"https:\/\/gamma-knife.de\/de\/wp-json\/wp\/v2\/users\/18"}],"replies":[{"embeddable":true,"href":"https:\/\/gamma-knife.de\/de\/wp-json\/wp\/v2\/comments?post=9062"}],"version-history":[{"count":5,"href":"https:\/\/gamma-knife.de\/de\/wp-json\/wp\/v2\/pages\/9062\/revisions"}],"predecessor-version":[{"id":9067,"href":"https:\/\/gamma-knife.de\/de\/wp-json\/wp\/v2\/pages\/9062\/revisions\/9067"}],"wp:featuredmedia":[{"embeddable":true,"href":"https:\/\/gamma-knife.de\/de\/wp-json\/wp\/v2\/media\/6291"}],"wp:attachment":[{"href":"https:\/\/gamma-knife.de\/de\/wp-json\/wp\/v2\/media?parent=9062"}],"curies":[{"name":"wp","href":"https:\/\/api.w.org\/{rel}","templated":true}]}}