{"id":920,"date":"2020-02-21T18:28:29","date_gmt":"2020-02-21T18:28:29","guid":{"rendered":"http:\/\/gamma\/?page_id=920"},"modified":"2021-06-07T11:39:01","modified_gmt":"2021-06-07T09:39:01","slug":"behandlungen-im-gamma-knife-zentrum","status":"publish","type":"page","link":"https:\/\/gamma-knife.de\/de\/behandlungen-im-gamma-knife-zentrum\/","title":{"rendered":"Behandlungen"},"content":{"rendered":"\n<p>Wir behandeln Tumore und Metastasen radiochirurgisch mit hochpr\u00e4zisen Ger\u00e4ten. Hierzu nutzen wir das <a href=\"https:\/\/gamma-knife.de\/de\/behandlung-gamma-knife-zentrum\/behandlung-mit-dem-gamma-knife-icon\/\">Gamma Knife Icon<\/a> und den <a href=\"https:\/\/gamma-knife.de\/de\/behandlung-gamma-knife-zentrum\/stereotaktischer-linearbeschleuniger\/\">stereotaktischen Linearbeschleuniger<\/a>. Jeder einzelne Strahl dieser Ger\u00e4te ist niedrig dosiert. Treffen sich diese Strahlen jedoch alle geb\u00fcndelt in einem Punkt, erzielen sie eine unvergleichliche Wirkung, vergleichbar mit der Funktion eines Brennglases. Lediglich im Zentrum des Tumors entsteht eine hoch wirksame Strahlendosis, die den Krankheitsherd zerst\u00f6rt. Dabei schonen wir das umliegende Gewebe maximal und belasten die Patienten nur minimal. Klinische Studien aus fast 50 Jahren belegen eindrucksvoll die enorme Sicherheit und Effektivit\u00e4t der Behandlung. Erstmals wurde diese Methode 1968 angewandt und seither hat sie sich st\u00e4ndig weiterentwickelt. Heute wird sie dank modernster Computertechnik noch pr\u00e4ziser und effizienter eingesetzt.<\/p>\n\n\n\n<p>Die radiochirurgische Behandlung mit dem <a href=\"https:\/\/gamma-knife.de\/de\/behandlung-gamma-knife-zentrum\/behandlung-mit-dem-gamma-knife-icon\/\">Gamma Knife Icon<\/a> erfolgt ambulant oder im Rahmen eines kurzen station\u00e4ren Aufenthaltes. Es ist nicht notwendig, n\u00fcchtern zur Behandlung zu erscheinen. Vorab werden die Patienten ausf\u00fchrlich beraten und aufgekl\u00e4rt. Durch das effiziente und schonende Verfahren bestrahlen wir den Krankheitsherd mit einer so wirksamen Dosis, dass in der Regel eine einzige Sitzung ausreicht. Die eigentliche Behandlung ist dabei v\u00f6llig schmerzfrei, lautlos und dauert je nach Anwendung zwischen 30 und 120 Minuten.<\/p>\n\n\n\n<h6 class=\"wp-block-heading\" id=\"h-ger-te-der-digitalen-bildgebung\">Ger\u00e4te der digitalen Bildgebung<\/h6>\n\n\n\n<p>Die genaue Lokalisierung des Krankheitsherdes erfolgt unmittelbar vor der Behandlung. Hierzu nutzen wir die besten bildgebenden Verfahren. Damit k\u00f6nnen wir auch noch kurzfristig auf Ver\u00e4nderungen der Erkrankung reagieren. Hierzu nutzen wir die gro\u00dfe Erfahrung der Neuroradiologen. So steht uns die modernste bildgebende Infrastruktur zur Verf\u00fcgung. Bei bestimmten Erkrankungen ist neben einer MRT (Magnetresonanztomographie) eine zus\u00e4tzliche Untersuchung mit einem Computertomographen notwendig.<\/p>\n\n\n\n<p>M\u00fcssen wir Blutgef\u00e4\u00dfe darstellen, f\u00fchren wir in Zusammenarbeit mit der neuroradiologischen Abteilung im Klinikum eine digitale Subtraktionsangiographie (DSA) durch.<\/p>\n\n\n\n<p>Alle Bilddaten \u00fcbertragen wir mit modernster Computertechnologie (PACS, etc.) auf das Planungssystem des Gamma Knife.<\/p>\n\n\n\n<h6 class=\"wp-block-heading\" id=\"h-behandlungsplanung\">Behandlungsplanung<\/h6>\n\n\n\n<p>Anhand der gewonnenen Bilddaten grenzen wir den Krankheitsherd r\u00e4umlich ab. Hierzu werden alle Bilddaten, die mit dem stereotaktischen Rahmen als Referenz aufgenommen wurden, r\u00e4umlich exakt \u00fcberlagert. Zus\u00e4tzlich k\u00f6nnen wir andere Bilddatens\u00e4tze hinzuf\u00fcgen, nachdem sie rechnerisch an die Referenzen angepasst wurden (z.B. PET-Untersuchung). Diese Arbeiten sind n\u00f6tig, um die bestm\u00f6gliche Abgrenzung des Krankheitsherdes sicherzustellen.<\/p>\n\n\n\n<p>Erfahren Sie mehr \u00fcber die <a href=\"https:\/\/gamma-knife.de\/de\/behandlungen-im-gamma-knife-zentrum\/gamma-knife-erste-schritte\/\">Ersten Schritte<\/a> der Behandlung mit dem Gamma Knife und die <a href=\"https:\/\/gamma-knife.de\/de\/behandlung-gamma-knife-zentrum\/kosten-bei-einer-gamma-knife-behandlung\/\">Kosten\u00fcbernahme<\/a>.<\/p>\n\n\n\n<h6 class=\"has-text-align-left wp-block-heading\" id=\"h-1-213-617-patienten-wurden-bis-2018-weltweit-mit-dem-gamma-knife-behandelt\"> 1.213,617 Patienten wurden&nbsp;bis 2018 weltweit mit dem Gamma Knife behandelt <\/h6>\n\n\n\n<div class=\"wp-block-image\"><figure class=\"alignleft size-large\"><img loading=\"lazy\" decoding=\"async\" width=\"848\" height=\"421\" src=\"https:\/\/gamma-knife.de\/\/www.web139.s238.goserver.host\/wp-content\/uploads\/2020\/06\/gamma-knife-behandlungen-1.jpg\" alt=\"Gamma Knife Behandlungen\" class=\"wp-image-4679\" srcset=\"https:\/\/gamma-knife.de\/wp-content\/uploads\/2020\/06\/gamma-knife-behandlungen-1.jpg 848w, https:\/\/gamma-knife.de\/wp-content\/uploads\/2020\/06\/gamma-knife-behandlungen-1-768x381.jpg 768w, https:\/\/gamma-knife.de\/wp-content\/uploads\/2020\/06\/gamma-knife-behandlungen-1-117x58.jpg 117w, https:\/\/gamma-knife.de\/wp-content\/uploads\/2020\/06\/gamma-knife-behandlungen-1-845x421.jpg 845w\" sizes=\"auto, (max-width: 848px) 100vw, 848px\" \/><\/figure><\/div>\n\n\n\n<h6 class=\"wp-block-heading\" id=\"h-\"><br><\/h6>\n\n\n\n<p><\/p>\n\n\n\n<h6 class=\"wp-block-heading\" id=\"h-qualit-tsmanagement\">Qualit\u00e4tsmanagement<\/h6>\n\n\n\n<p>Seit 1998 haben wir \u00fcber 10.000 erfolgreiche Behandlungen durchgef\u00fchrt. Ein Erfolg, der f\u00fcr h\u00f6chste Qualit\u00e4t und Leistung in der Radiochirurgie steht.<br>Um unseren eigenen, hohen Anspr\u00fcchen stets gerecht zu werden, wurde von Anfang an ein leistungsf\u00e4higes Qualit\u00e4tsmanagement nach ISO 9001 eingerichtet. Damit ist das <a href=\"https:\/\/gamma-knife.de\/de\/standorte\/gamma-knife-krefeld\/\">Gamma Knife Zentrum Krefeld<\/a> und das <a href=\"https:\/\/gamma-knife.de\/de\/standorte\/gamma-knife-hannover\/\">Gamma Knife Zentrum Hannover<\/a> eine radiochirurgische Einrichtung, in der nicht nur die Servicequalit\u00e4t, sondern der gesamte medizinische Behandlungsprozess dem Qualit\u00e4tsmanagement unterliegt. Und zwar bis hin zur Ergebniskontrolle. Das ist gut \u2013 f\u00fcr alle.<\/p>\n","protected":false},"excerpt":{"rendered":"<p>Behandlungen im Gamma Knife Zentrum<\/p>\n","protected":false},"author":18,"featured_media":6242,"parent":0,"menu_order":0,"comment_status":"closed","ping_status":"closed","template":"templates\/treatments-parent-page.php","meta":{"_acf_changed":false,"footnotes":""},"class_list":["post-920","page","type-page","status-publish","has-post-thumbnail","hentry"],"acf":[],"yoast_head":"<!-- This site is optimized with the Yoast SEO Premium plugin v26.1 (Yoast SEO v27.3) - https:\/\/yoast.com\/product\/yoast-seo-premium-wordpress\/ -->\n<title>Behandlungen im Gamma Knife Zentrum bei diversen Erkrankungen<\/title>\n<meta name=\"description\" content=\"Alle Informationen zur radiochirugischen Behandlung von Tumoren und Metastasen im Gamma Knife Zentrum am Standort Krefeld und Hannover.\" \/>\n<meta name=\"robots\" content=\"index, follow, max-snippet:-1, max-image-preview:large, max-video-preview:-1\" \/>\n<link rel=\"canonical\" href=\"https:\/\/gamma-knife.de\/de\/behandlungen-im-gamma-knife-zentrum\/\" \/>\n<meta property=\"og:locale\" content=\"de_DE\" \/>\n<meta property=\"og:type\" content=\"article\" \/>\n<meta property=\"og:title\" content=\"Behandlungen\" \/>\n<meta property=\"og:description\" content=\"Alle Informationen zur radiochirugischen Behandlung von Tumoren und Metastasen im Gamma Knife Zentrum am Standort Krefeld und Hannover.\" \/>\n<meta property=\"og:url\" content=\"https:\/\/gamma-knife.de\/de\/behandlungen-im-gamma-knife-zentrum\/\" \/>\n<meta property=\"og:site_name\" content=\"Gamma Knife Zentrum\" \/>\n<meta property=\"article:modified_time\" content=\"2021-06-07T09:39:01+00:00\" \/>\n<meta property=\"og:image\" content=\"https:\/\/www.gamma-knife.de\/wp-content\/uploads\/2020\/10\/Gamma-Knife-Hannover-Feindaten_34_webfooter.jpg\" \/>\n\t<meta property=\"og:image:width\" content=\"947\" \/>\n\t<meta property=\"og:image:height\" content=\"635\" \/>\n\t<meta property=\"og:image:type\" content=\"image\/jpeg\" \/>\n<meta name=\"twitter:card\" content=\"summary_large_image\" \/>\n<meta name=\"twitter:label1\" content=\"Gesch\u00e4tzte Lesezeit\" \/>\n\t<meta name=\"twitter:data1\" content=\"3\u00a0Minuten\" \/>\n<script type=\"application\/ld+json\" class=\"yoast-schema-graph\">{\"@context\":\"https:\\\/\\\/schema.org\",\"@graph\":[{\"@type\":\"WebPage\",\"@id\":\"https:\\\/\\\/gamma-knife.de\\\/de\\\/behandlungen-im-gamma-knife-zentrum\\\/\",\"url\":\"https:\\\/\\\/gamma-knife.de\\\/de\\\/behandlungen-im-gamma-knife-zentrum\\\/\",\"name\":\"Behandlungen im Gamma Knife Zentrum bei diversen Erkrankungen\",\"isPartOf\":{\"@id\":\"https:\\\/\\\/www.gamma-knife.de\\\/de\\\/#website\"},\"primaryImageOfPage\":{\"@id\":\"https:\\\/\\\/gamma-knife.de\\\/de\\\/behandlungen-im-gamma-knife-zentrum\\\/#primaryimage\"},\"image\":{\"@id\":\"https:\\\/\\\/gamma-knife.de\\\/de\\\/behandlungen-im-gamma-knife-zentrum\\\/#primaryimage\"},\"thumbnailUrl\":\"https:\\\/\\\/gamma-knife.de\\\/wp-content\\\/uploads\\\/2020\\\/10\\\/Gamma-Knife-Hannover-Feindaten_34_webfooter.jpg\",\"datePublished\":\"2020-02-21T18:28:29+00:00\",\"dateModified\":\"2021-06-07T09:39:01+00:00\",\"description\":\"Alle Informationen zur radiochirugischen Behandlung von Tumoren und Metastasen im Gamma Knife Zentrum am Standort Krefeld und Hannover.\",\"inLanguage\":\"de\",\"potentialAction\":[{\"@type\":\"ReadAction\",\"target\":[\"https:\\\/\\\/gamma-knife.de\\\/de\\\/behandlungen-im-gamma-knife-zentrum\\\/\"]}]},{\"@type\":\"ImageObject\",\"inLanguage\":\"de\",\"@id\":\"https:\\\/\\\/gamma-knife.de\\\/de\\\/behandlungen-im-gamma-knife-zentrum\\\/#primaryimage\",\"url\":\"https:\\\/\\\/gamma-knife.de\\\/wp-content\\\/uploads\\\/2020\\\/10\\\/Gamma-Knife-Hannover-Feindaten_34_webfooter.jpg\",\"contentUrl\":\"https:\\\/\\\/gamma-knife.de\\\/wp-content\\\/uploads\\\/2020\\\/10\\\/Gamma-Knife-Hannover-Feindaten_34_webfooter.jpg\",\"width\":947,\"height\":635,\"caption\":\"Gamma Knife Icon\"},{\"@type\":\"WebSite\",\"@id\":\"https:\\\/\\\/www.gamma-knife.de\\\/de\\\/#website\",\"url\":\"https:\\\/\\\/www.gamma-knife.de\\\/de\\\/\",\"name\":\"Gamma Knife Zentrum\",\"description\":\"Gamma Knife Zentrum\",\"publisher\":{\"@id\":\"https:\\\/\\\/www.gamma-knife.de\\\/de\\\/#organization\"},\"potentialAction\":[{\"@type\":\"SearchAction\",\"target\":{\"@type\":\"EntryPoint\",\"urlTemplate\":\"https:\\\/\\\/www.gamma-knife.de\\\/de\\\/?s={search_term_string}\"},\"query-input\":{\"@type\":\"PropertyValueSpecification\",\"valueRequired\":true,\"valueName\":\"search_term_string\"}}],\"inLanguage\":\"de\"},{\"@type\":\"Organization\",\"@id\":\"https:\\\/\\\/www.gamma-knife.de\\\/de\\\/#organization\",\"name\":\"Gamma Knife Zentrum\",\"url\":\"https:\\\/\\\/www.gamma-knife.de\\\/de\\\/\",\"logo\":{\"@type\":\"ImageObject\",\"inLanguage\":\"de\",\"@id\":\"https:\\\/\\\/www.gamma-knife.de\\\/de\\\/#\\\/schema\\\/logo\\\/image\\\/\",\"url\":\"https:\\\/\\\/www.gamma-knife.de\\\/wp-content\\\/uploads\\\/2020\\\/11\\\/Gamma-Knife-Logo-rgb.png\",\"contentUrl\":\"https:\\\/\\\/www.gamma-knife.de\\\/wp-content\\\/uploads\\\/2020\\\/11\\\/Gamma-Knife-Logo-rgb.png\",\"width\":250,\"height\":97,\"caption\":\"Gamma Knife Zentrum\"},\"image\":{\"@id\":\"https:\\\/\\\/www.gamma-knife.de\\\/de\\\/#\\\/schema\\\/logo\\\/image\\\/\"}}]}<\/script>\n<!-- \/ Yoast SEO Premium plugin. -->","yoast_head_json":{"title":"Behandlungen im Gamma Knife Zentrum bei diversen Erkrankungen","description":"Alle Informationen zur radiochirugischen Behandlung von Tumoren und Metastasen im Gamma Knife Zentrum am Standort Krefeld und Hannover.","robots":{"index":"index","follow":"follow","max-snippet":"max-snippet:-1","max-image-preview":"max-image-preview:large","max-video-preview":"max-video-preview:-1"},"canonical":"https:\/\/gamma-knife.de\/de\/behandlungen-im-gamma-knife-zentrum\/","og_locale":"de_DE","og_type":"article","og_title":"Behandlungen","og_description":"Alle Informationen zur radiochirugischen Behandlung von Tumoren und Metastasen im Gamma Knife Zentrum am Standort Krefeld und Hannover.","og_url":"https:\/\/gamma-knife.de\/de\/behandlungen-im-gamma-knife-zentrum\/","og_site_name":"Gamma Knife Zentrum","article_modified_time":"2021-06-07T09:39:01+00:00","og_image":[{"width":947,"height":635,"url":"https:\/\/www.gamma-knife.de\/wp-content\/uploads\/2020\/10\/Gamma-Knife-Hannover-Feindaten_34_webfooter.jpg","type":"image\/jpeg"}],"twitter_card":"summary_large_image","twitter_misc":{"Gesch\u00e4tzte Lesezeit":"3\u00a0Minuten"},"schema":{"@context":"https:\/\/schema.org","@graph":[{"@type":"WebPage","@id":"https:\/\/gamma-knife.de\/de\/behandlungen-im-gamma-knife-zentrum\/","url":"https:\/\/gamma-knife.de\/de\/behandlungen-im-gamma-knife-zentrum\/","name":"Behandlungen im Gamma Knife Zentrum bei diversen Erkrankungen","isPartOf":{"@id":"https:\/\/www.gamma-knife.de\/de\/#website"},"primaryImageOfPage":{"@id":"https:\/\/gamma-knife.de\/de\/behandlungen-im-gamma-knife-zentrum\/#primaryimage"},"image":{"@id":"https:\/\/gamma-knife.de\/de\/behandlungen-im-gamma-knife-zentrum\/#primaryimage"},"thumbnailUrl":"https:\/\/gamma-knife.de\/wp-content\/uploads\/2020\/10\/Gamma-Knife-Hannover-Feindaten_34_webfooter.jpg","datePublished":"2020-02-21T18:28:29+00:00","dateModified":"2021-06-07T09:39:01+00:00","description":"Alle Informationen zur radiochirugischen Behandlung von Tumoren und Metastasen im Gamma Knife Zentrum am Standort Krefeld und Hannover.","inLanguage":"de","potentialAction":[{"@type":"ReadAction","target":["https:\/\/gamma-knife.de\/de\/behandlungen-im-gamma-knife-zentrum\/"]}]},{"@type":"ImageObject","inLanguage":"de","@id":"https:\/\/gamma-knife.de\/de\/behandlungen-im-gamma-knife-zentrum\/#primaryimage","url":"https:\/\/gamma-knife.de\/wp-content\/uploads\/2020\/10\/Gamma-Knife-Hannover-Feindaten_34_webfooter.jpg","contentUrl":"https:\/\/gamma-knife.de\/wp-content\/uploads\/2020\/10\/Gamma-Knife-Hannover-Feindaten_34_webfooter.jpg","width":947,"height":635,"caption":"Gamma Knife Icon"},{"@type":"WebSite","@id":"https:\/\/www.gamma-knife.de\/de\/#website","url":"https:\/\/www.gamma-knife.de\/de\/","name":"Gamma Knife Zentrum","description":"Gamma Knife Zentrum","publisher":{"@id":"https:\/\/www.gamma-knife.de\/de\/#organization"},"potentialAction":[{"@type":"SearchAction","target":{"@type":"EntryPoint","urlTemplate":"https:\/\/www.gamma-knife.de\/de\/?s={search_term_string}"},"query-input":{"@type":"PropertyValueSpecification","valueRequired":true,"valueName":"search_term_string"}}],"inLanguage":"de"},{"@type":"Organization","@id":"https:\/\/www.gamma-knife.de\/de\/#organization","name":"Gamma Knife Zentrum","url":"https:\/\/www.gamma-knife.de\/de\/","logo":{"@type":"ImageObject","inLanguage":"de","@id":"https:\/\/www.gamma-knife.de\/de\/#\/schema\/logo\/image\/","url":"https:\/\/www.gamma-knife.de\/wp-content\/uploads\/2020\/11\/Gamma-Knife-Logo-rgb.png","contentUrl":"https:\/\/www.gamma-knife.de\/wp-content\/uploads\/2020\/11\/Gamma-Knife-Logo-rgb.png","width":250,"height":97,"caption":"Gamma Knife Zentrum"},"image":{"@id":"https:\/\/www.gamma-knife.de\/de\/#\/schema\/logo\/image\/"}}]}},"_links":{"self":[{"href":"https:\/\/gamma-knife.de\/de\/wp-json\/wp\/v2\/pages\/920","targetHints":{"allow":["GET"]}}],"collection":[{"href":"https:\/\/gamma-knife.de\/de\/wp-json\/wp\/v2\/pages"}],"about":[{"href":"https:\/\/gamma-knife.de\/de\/wp-json\/wp\/v2\/types\/page"}],"author":[{"embeddable":true,"href":"https:\/\/gamma-knife.de\/de\/wp-json\/wp\/v2\/users\/18"}],"replies":[{"embeddable":true,"href":"https:\/\/gamma-knife.de\/de\/wp-json\/wp\/v2\/comments?post=920"}],"version-history":[{"count":128,"href":"https:\/\/gamma-knife.de\/de\/wp-json\/wp\/v2\/pages\/920\/revisions"}],"predecessor-version":[{"id":6652,"href":"https:\/\/gamma-knife.de\/de\/wp-json\/wp\/v2\/pages\/920\/revisions\/6652"}],"wp:featuredmedia":[{"embeddable":true,"href":"https:\/\/gamma-knife.de\/de\/wp-json\/wp\/v2\/media\/6242"}],"wp:attachment":[{"href":"https:\/\/gamma-knife.de\/de\/wp-json\/wp\/v2\/media?parent=920"}],"curies":[{"name":"wp","href":"https:\/\/api.w.org\/{rel}","templated":true}]}}