{"id":927,"date":"2020-02-21T19:47:54","date_gmt":"2020-02-21T19:47:54","guid":{"rendered":"http:\/\/gamma\/?page_id=927"},"modified":"2021-11-22T13:56:00","modified_gmt":"2021-11-22T12:56:00","slug":"gamma-knife-icon-behandlung","status":"publish","type":"page","link":"https:\/\/gamma-knife.de\/de\/behandlungen-im-gamma-knife-zentrum\/gamma-knife-icon-behandlung\/","title":{"rendered":"Gamma Knife Icon"},"content":{"rendered":"\n<p>Mit dem Gamma Knife Icon behandeln wir Tumore hochpr\u00e4zise und maximal schonend. Durch das integrierte Cone Beam CT erweitern sich unsere Therapieoptionen. Das ist vor allem bei gr\u00f6\u00dferen oder schwer zug\u00e4nglichen Tumoren ein entscheidender Vorteil. Damit k\u00f6nnen Tumore in der N\u00e4he des optischen Systems und in der N\u00e4he des Hirnstammes  bestens behandelt werden. Dabei erlaubt das Gamma Knife Icon auch neben der einzeitigen Bestrahlung eine hypofraktionierte Bestrahlung \u00fcber 4\u20135 Tage bei gr\u00f6\u00dferen Tumoren durchzuf\u00fchren. <\/p>\n","protected":false},"excerpt":{"rendered":"<p>Das Leksell Gamma Knife von Elekta gilt als Goldstandard in der Radiochirurgie. Die einzigartige Behandlungsmethode wurde 1968 durch Lars Leksell begr\u00fcndet. St\u00e4ndige Weiterentwicklungen gew\u00e4hrleisten heute h\u00f6chste Effizienz. <\/p>\n","protected":false},"author":18,"featured_media":6242,"parent":920,"menu_order":0,"comment_status":"closed","ping_status":"closed","template":"templates\/gamma-knife-page.php","meta":{"_acf_changed":false,"footnotes":""},"class_list":["post-927","page","type-page","status-publish","has-post-thumbnail","hentry"],"acf":[],"yoast_head":"<!-- This site is optimized with the Yoast SEO Premium plugin v26.1 (Yoast SEO v27.3) - https:\/\/yoast.com\/product\/yoast-seo-premium-wordpress\/ -->\n<title>Das Gamma Knife Icon: die neuste Technologie der Strahlanwendung<\/title>\n<meta name=\"description\" content=\"Erfahren Sie hier alles \u00fcber die neuste Technologie der hochpr\u00e4zisen Strahlanwendung bei Tumoren und Metastasen: das Gamma Knife Icon.\" \/>\n<meta name=\"robots\" content=\"index, follow, max-snippet:-1, max-image-preview:large, max-video-preview:-1\" \/>\n<link rel=\"canonical\" href=\"https:\/\/gamma-knife.de\/de\/behandlungen-im-gamma-knife-zentrum\/gamma-knife-icon-behandlung\/\" \/>\n<meta property=\"og:locale\" content=\"de_DE\" \/>\n<meta property=\"og:type\" content=\"article\" \/>\n<meta property=\"og:title\" content=\"Gamma Knife Icon\" \/>\n<meta property=\"og:description\" content=\"Erfahren Sie hier alles \u00fcber die neuste Technologie der hochpr\u00e4zisen Strahlanwendung bei Tumoren und Metastasen: das Gamma Knife Icon.\" \/>\n<meta property=\"og:url\" content=\"https:\/\/gamma-knife.de\/de\/behandlungen-im-gamma-knife-zentrum\/gamma-knife-icon-behandlung\/\" \/>\n<meta property=\"og:site_name\" content=\"Gamma Knife Zentrum\" \/>\n<meta property=\"article:modified_time\" content=\"2021-11-22T12:56:00+00:00\" \/>\n<meta property=\"og:image\" content=\"https:\/\/www.gamma-knife.de\/wp-content\/uploads\/2020\/10\/Gamma-Knife-Hannover-Feindaten_34_webfooter.jpg\" \/>\n\t<meta property=\"og:image:width\" content=\"947\" \/>\n\t<meta property=\"og:image:height\" content=\"635\" \/>\n\t<meta property=\"og:image:type\" content=\"image\/jpeg\" \/>\n<meta name=\"twitter:card\" content=\"summary_large_image\" \/>\n<meta name=\"twitter:label1\" content=\"Gesch\u00e4tzte Lesezeit\" \/>\n\t<meta name=\"twitter:data1\" content=\"1\u00a0Minute\" \/>\n<script type=\"application\/ld+json\" class=\"yoast-schema-graph\">{\"@context\":\"https:\\\/\\\/schema.org\",\"@graph\":[{\"@type\":\"WebPage\",\"@id\":\"https:\\\/\\\/gamma-knife.de\\\/de\\\/behandlungen-im-gamma-knife-zentrum\\\/gamma-knife-icon-behandlung\\\/\",\"url\":\"https:\\\/\\\/gamma-knife.de\\\/de\\\/behandlungen-im-gamma-knife-zentrum\\\/gamma-knife-icon-behandlung\\\/\",\"name\":\"Das Gamma Knife Icon: die neuste Technologie der Strahlanwendung\",\"isPartOf\":{\"@id\":\"https:\\\/\\\/www.gamma-knife.de\\\/de\\\/#website\"},\"primaryImageOfPage\":{\"@id\":\"https:\\\/\\\/gamma-knife.de\\\/de\\\/behandlungen-im-gamma-knife-zentrum\\\/gamma-knife-icon-behandlung\\\/#primaryimage\"},\"image\":{\"@id\":\"https:\\\/\\\/gamma-knife.de\\\/de\\\/behandlungen-im-gamma-knife-zentrum\\\/gamma-knife-icon-behandlung\\\/#primaryimage\"},\"thumbnailUrl\":\"https:\\\/\\\/gamma-knife.de\\\/wp-content\\\/uploads\\\/2020\\\/10\\\/Gamma-Knife-Hannover-Feindaten_34_webfooter.jpg\",\"datePublished\":\"2020-02-21T19:47:54+00:00\",\"dateModified\":\"2021-11-22T12:56:00+00:00\",\"description\":\"Erfahren Sie hier alles \u00fcber die neuste Technologie der hochpr\u00e4zisen Strahlanwendung bei Tumoren und Metastasen: das Gamma Knife Icon.\",\"breadcrumb\":{\"@id\":\"https:\\\/\\\/gamma-knife.de\\\/de\\\/behandlungen-im-gamma-knife-zentrum\\\/gamma-knife-icon-behandlung\\\/#breadcrumb\"},\"inLanguage\":\"de\",\"potentialAction\":[{\"@type\":\"ReadAction\",\"target\":[\"https:\\\/\\\/gamma-knife.de\\\/de\\\/behandlungen-im-gamma-knife-zentrum\\\/gamma-knife-icon-behandlung\\\/\"]}]},{\"@type\":\"ImageObject\",\"inLanguage\":\"de\",\"@id\":\"https:\\\/\\\/gamma-knife.de\\\/de\\\/behandlungen-im-gamma-knife-zentrum\\\/gamma-knife-icon-behandlung\\\/#primaryimage\",\"url\":\"https:\\\/\\\/gamma-knife.de\\\/wp-content\\\/uploads\\\/2020\\\/10\\\/Gamma-Knife-Hannover-Feindaten_34_webfooter.jpg\",\"contentUrl\":\"https:\\\/\\\/gamma-knife.de\\\/wp-content\\\/uploads\\\/2020\\\/10\\\/Gamma-Knife-Hannover-Feindaten_34_webfooter.jpg\",\"width\":947,\"height\":635,\"caption\":\"Gamma Knife Icon\"},{\"@type\":\"BreadcrumbList\",\"@id\":\"https:\\\/\\\/gamma-knife.de\\\/de\\\/behandlungen-im-gamma-knife-zentrum\\\/gamma-knife-icon-behandlung\\\/#breadcrumb\",\"itemListElement\":[{\"@type\":\"ListItem\",\"position\":1,\"name\":\"Behandlungen\",\"item\":\"https:\\\/\\\/www.gamma-knife.de\\\/de\\\/behandlungen-im-gamma-knife-zentrum\\\/\"},{\"@type\":\"ListItem\",\"position\":2,\"name\":\"Gamma Knife Icon\"}]},{\"@type\":\"WebSite\",\"@id\":\"https:\\\/\\\/www.gamma-knife.de\\\/de\\\/#website\",\"url\":\"https:\\\/\\\/www.gamma-knife.de\\\/de\\\/\",\"name\":\"Gamma Knife Zentrum\",\"description\":\"Gamma Knife Zentrum\",\"publisher\":{\"@id\":\"https:\\\/\\\/www.gamma-knife.de\\\/de\\\/#organization\"},\"potentialAction\":[{\"@type\":\"SearchAction\",\"target\":{\"@type\":\"EntryPoint\",\"urlTemplate\":\"https:\\\/\\\/www.gamma-knife.de\\\/de\\\/?s={search_term_string}\"},\"query-input\":{\"@type\":\"PropertyValueSpecification\",\"valueRequired\":true,\"valueName\":\"search_term_string\"}}],\"inLanguage\":\"de\"},{\"@type\":\"Organization\",\"@id\":\"https:\\\/\\\/www.gamma-knife.de\\\/de\\\/#organization\",\"name\":\"Gamma Knife Zentrum\",\"url\":\"https:\\\/\\\/www.gamma-knife.de\\\/de\\\/\",\"logo\":{\"@type\":\"ImageObject\",\"inLanguage\":\"de\",\"@id\":\"https:\\\/\\\/www.gamma-knife.de\\\/de\\\/#\\\/schema\\\/logo\\\/image\\\/\",\"url\":\"https:\\\/\\\/www.gamma-knife.de\\\/wp-content\\\/uploads\\\/2020\\\/11\\\/Gamma-Knife-Logo-rgb.png\",\"contentUrl\":\"https:\\\/\\\/www.gamma-knife.de\\\/wp-content\\\/uploads\\\/2020\\\/11\\\/Gamma-Knife-Logo-rgb.png\",\"width\":250,\"height\":97,\"caption\":\"Gamma Knife Zentrum\"},\"image\":{\"@id\":\"https:\\\/\\\/www.gamma-knife.de\\\/de\\\/#\\\/schema\\\/logo\\\/image\\\/\"}}]}<\/script>\n<!-- \/ Yoast SEO Premium plugin. -->","yoast_head_json":{"title":"Das Gamma Knife Icon: die neuste Technologie der Strahlanwendung","description":"Erfahren Sie hier alles \u00fcber die neuste Technologie der hochpr\u00e4zisen Strahlanwendung bei Tumoren und Metastasen: das Gamma Knife Icon.","robots":{"index":"index","follow":"follow","max-snippet":"max-snippet:-1","max-image-preview":"max-image-preview:large","max-video-preview":"max-video-preview:-1"},"canonical":"https:\/\/gamma-knife.de\/de\/behandlungen-im-gamma-knife-zentrum\/gamma-knife-icon-behandlung\/","og_locale":"de_DE","og_type":"article","og_title":"Gamma Knife Icon","og_description":"Erfahren Sie hier alles \u00fcber die neuste Technologie der hochpr\u00e4zisen Strahlanwendung bei Tumoren und Metastasen: das Gamma Knife Icon.","og_url":"https:\/\/gamma-knife.de\/de\/behandlungen-im-gamma-knife-zentrum\/gamma-knife-icon-behandlung\/","og_site_name":"Gamma Knife Zentrum","article_modified_time":"2021-11-22T12:56:00+00:00","og_image":[{"width":947,"height":635,"url":"https:\/\/www.gamma-knife.de\/wp-content\/uploads\/2020\/10\/Gamma-Knife-Hannover-Feindaten_34_webfooter.jpg","type":"image\/jpeg"}],"twitter_card":"summary_large_image","twitter_misc":{"Gesch\u00e4tzte Lesezeit":"1\u00a0Minute"},"schema":{"@context":"https:\/\/schema.org","@graph":[{"@type":"WebPage","@id":"https:\/\/gamma-knife.de\/de\/behandlungen-im-gamma-knife-zentrum\/gamma-knife-icon-behandlung\/","url":"https:\/\/gamma-knife.de\/de\/behandlungen-im-gamma-knife-zentrum\/gamma-knife-icon-behandlung\/","name":"Das Gamma Knife Icon: die neuste Technologie der Strahlanwendung","isPartOf":{"@id":"https:\/\/www.gamma-knife.de\/de\/#website"},"primaryImageOfPage":{"@id":"https:\/\/gamma-knife.de\/de\/behandlungen-im-gamma-knife-zentrum\/gamma-knife-icon-behandlung\/#primaryimage"},"image":{"@id":"https:\/\/gamma-knife.de\/de\/behandlungen-im-gamma-knife-zentrum\/gamma-knife-icon-behandlung\/#primaryimage"},"thumbnailUrl":"https:\/\/gamma-knife.de\/wp-content\/uploads\/2020\/10\/Gamma-Knife-Hannover-Feindaten_34_webfooter.jpg","datePublished":"2020-02-21T19:47:54+00:00","dateModified":"2021-11-22T12:56:00+00:00","description":"Erfahren Sie hier alles \u00fcber die neuste Technologie der hochpr\u00e4zisen Strahlanwendung bei Tumoren und Metastasen: das Gamma Knife Icon.","breadcrumb":{"@id":"https:\/\/gamma-knife.de\/de\/behandlungen-im-gamma-knife-zentrum\/gamma-knife-icon-behandlung\/#breadcrumb"},"inLanguage":"de","potentialAction":[{"@type":"ReadAction","target":["https:\/\/gamma-knife.de\/de\/behandlungen-im-gamma-knife-zentrum\/gamma-knife-icon-behandlung\/"]}]},{"@type":"ImageObject","inLanguage":"de","@id":"https:\/\/gamma-knife.de\/de\/behandlungen-im-gamma-knife-zentrum\/gamma-knife-icon-behandlung\/#primaryimage","url":"https:\/\/gamma-knife.de\/wp-content\/uploads\/2020\/10\/Gamma-Knife-Hannover-Feindaten_34_webfooter.jpg","contentUrl":"https:\/\/gamma-knife.de\/wp-content\/uploads\/2020\/10\/Gamma-Knife-Hannover-Feindaten_34_webfooter.jpg","width":947,"height":635,"caption":"Gamma Knife Icon"},{"@type":"BreadcrumbList","@id":"https:\/\/gamma-knife.de\/de\/behandlungen-im-gamma-knife-zentrum\/gamma-knife-icon-behandlung\/#breadcrumb","itemListElement":[{"@type":"ListItem","position":1,"name":"Behandlungen","item":"https:\/\/www.gamma-knife.de\/de\/behandlungen-im-gamma-knife-zentrum\/"},{"@type":"ListItem","position":2,"name":"Gamma Knife Icon"}]},{"@type":"WebSite","@id":"https:\/\/www.gamma-knife.de\/de\/#website","url":"https:\/\/www.gamma-knife.de\/de\/","name":"Gamma Knife Zentrum","description":"Gamma Knife Zentrum","publisher":{"@id":"https:\/\/www.gamma-knife.de\/de\/#organization"},"potentialAction":[{"@type":"SearchAction","target":{"@type":"EntryPoint","urlTemplate":"https:\/\/www.gamma-knife.de\/de\/?s={search_term_string}"},"query-input":{"@type":"PropertyValueSpecification","valueRequired":true,"valueName":"search_term_string"}}],"inLanguage":"de"},{"@type":"Organization","@id":"https:\/\/www.gamma-knife.de\/de\/#organization","name":"Gamma Knife Zentrum","url":"https:\/\/www.gamma-knife.de\/de\/","logo":{"@type":"ImageObject","inLanguage":"de","@id":"https:\/\/www.gamma-knife.de\/de\/#\/schema\/logo\/image\/","url":"https:\/\/www.gamma-knife.de\/wp-content\/uploads\/2020\/11\/Gamma-Knife-Logo-rgb.png","contentUrl":"https:\/\/www.gamma-knife.de\/wp-content\/uploads\/2020\/11\/Gamma-Knife-Logo-rgb.png","width":250,"height":97,"caption":"Gamma Knife Zentrum"},"image":{"@id":"https:\/\/www.gamma-knife.de\/de\/#\/schema\/logo\/image\/"}}]}},"_links":{"self":[{"href":"https:\/\/gamma-knife.de\/de\/wp-json\/wp\/v2\/pages\/927","targetHints":{"allow":["GET"]}}],"collection":[{"href":"https:\/\/gamma-knife.de\/de\/wp-json\/wp\/v2\/pages"}],"about":[{"href":"https:\/\/gamma-knife.de\/de\/wp-json\/wp\/v2\/types\/page"}],"author":[{"embeddable":true,"href":"https:\/\/gamma-knife.de\/de\/wp-json\/wp\/v2\/users\/18"}],"replies":[{"embeddable":true,"href":"https:\/\/gamma-knife.de\/de\/wp-json\/wp\/v2\/comments?post=927"}],"version-history":[{"count":117,"href":"https:\/\/gamma-knife.de\/de\/wp-json\/wp\/v2\/pages\/927\/revisions"}],"predecessor-version":[{"id":6748,"href":"https:\/\/gamma-knife.de\/de\/wp-json\/wp\/v2\/pages\/927\/revisions\/6748"}],"up":[{"embeddable":true,"href":"https:\/\/gamma-knife.de\/de\/wp-json\/wp\/v2\/pages\/920"}],"wp:featuredmedia":[{"embeddable":true,"href":"https:\/\/gamma-knife.de\/de\/wp-json\/wp\/v2\/media\/6242"}],"wp:attachment":[{"href":"https:\/\/gamma-knife.de\/de\/wp-json\/wp\/v2\/media?parent=927"}],"curies":[{"name":"wp","href":"https:\/\/api.w.org\/{rel}","templated":true}]}}