{"id":933,"date":"2020-02-21T19:57:00","date_gmt":"2020-02-21T19:57:00","guid":{"rendered":"http:\/\/gamma\/?page_id=933"},"modified":"2023-02-07T10:19:06","modified_gmt":"2023-02-07T09:19:06","slug":"stereotaktischer-linearbeschleuniger","status":"publish","type":"page","link":"https:\/\/gamma-knife.de\/de\/behandlungen-im-gamma-knife-zentrum\/stereotaktischer-linearbeschleuniger\/","title":{"rendered":"Stereotaktischer Linearbeschleuniger"},"content":{"rendered":"\n<p>Die gro\u00dfe Innovation des stereotaktischen Linearbeschleunigers liegt in der absoluten Pr\u00e4zision der Strahlentherapie durch den integrierten Computertomografen. Hochaufl\u00f6sende Bilder machen w\u00e4hrend der Behandlung mit dem stereotaktischen Linearbeschleuniger Tumore und umliegende Organe sichtbar. Auf Grundlage der dadurch ermittelten Daten, in Kombination mit anderer bildgebenden Modalit\u00e4ten, wie der hochaufl\u00f6senden Kernspintomografie (MRT), die in unserer <a href=\"https:\/\/gamma-knife.de\/de\/standorte\/\">Einrichtung<\/a> ebenfalls dediziert f\u00fcr die stereotaktische Therapie zur Verf\u00fcgung steht, errechnen wir den Bestrahlungsplan und die Behandlungsposition.<br> <\/p>\n","protected":false},"excerpt":{"rendered":"<p>Die gro\u00dfe Innovation des stereotaktischen Linearbeschleunigers liegt in der absoluten Pr\u00e4zision der Strahlentherapie durch den integrierten Computertomografen. <\/p>\n","protected":false},"author":18,"featured_media":0,"parent":920,"menu_order":0,"comment_status":"closed","ping_status":"closed","template":"templates\/gamma-knife-page.php","meta":{"_acf_changed":false,"footnotes":""},"class_list":["post-933","page","type-page","status-publish","hentry"],"acf":[],"yoast_head":"<!-- This site is optimized with the Yoast SEO Premium plugin v26.1 (Yoast SEO v27.3) - https:\/\/yoast.com\/product\/yoast-seo-premium-wordpress\/ -->\n<title>Der stereotaktische Linearbeschleuniger als Behandlungsmethode<\/title>\n<meta name=\"description\" content=\"Hier erfahren Sie alles \u00fcber die radiochirugische Behandlung von Tumoren und Metastasen mit dem stereotaktischen Linearbeschleuniger.\" \/>\n<meta name=\"robots\" content=\"index, follow, max-snippet:-1, max-image-preview:large, max-video-preview:-1\" \/>\n<link rel=\"canonical\" href=\"https:\/\/gamma-knife.de\/de\/behandlungen-im-gamma-knife-zentrum\/stereotaktischer-linearbeschleuniger\/\" \/>\n<meta property=\"og:locale\" content=\"de_DE\" \/>\n<meta property=\"og:type\" content=\"article\" \/>\n<meta property=\"og:title\" content=\"Stereotaktischer Linearbeschleuniger\" \/>\n<meta property=\"og:description\" content=\"Hier erfahren Sie alles \u00fcber die radiochirugische Behandlung von Tumoren und Metastasen mit dem stereotaktischen Linearbeschleuniger.\" \/>\n<meta property=\"og:url\" content=\"https:\/\/gamma-knife.de\/de\/behandlungen-im-gamma-knife-zentrum\/stereotaktischer-linearbeschleuniger\/\" \/>\n<meta property=\"og:site_name\" content=\"Gamma Knife Zentrum\" \/>\n<meta property=\"article:modified_time\" content=\"2023-02-07T09:19:06+00:00\" \/>\n<meta name=\"twitter:card\" content=\"summary_large_image\" \/>\n<meta name=\"twitter:label1\" content=\"Gesch\u00e4tzte Lesezeit\" \/>\n\t<meta name=\"twitter:data1\" content=\"1\u00a0Minute\" \/>\n<script type=\"application\/ld+json\" class=\"yoast-schema-graph\">{\"@context\":\"https:\\\/\\\/schema.org\",\"@graph\":[{\"@type\":\"WebPage\",\"@id\":\"https:\\\/\\\/gamma-knife.de\\\/de\\\/behandlungen-im-gamma-knife-zentrum\\\/stereotaktischer-linearbeschleuniger\\\/\",\"url\":\"https:\\\/\\\/gamma-knife.de\\\/de\\\/behandlungen-im-gamma-knife-zentrum\\\/stereotaktischer-linearbeschleuniger\\\/\",\"name\":\"Der stereotaktische Linearbeschleuniger als Behandlungsmethode\",\"isPartOf\":{\"@id\":\"https:\\\/\\\/www.gamma-knife.de\\\/de\\\/#website\"},\"datePublished\":\"2020-02-21T19:57:00+00:00\",\"dateModified\":\"2023-02-07T09:19:06+00:00\",\"description\":\"Hier erfahren Sie alles \u00fcber die radiochirugische Behandlung von Tumoren und Metastasen mit dem stereotaktischen Linearbeschleuniger.\",\"breadcrumb\":{\"@id\":\"https:\\\/\\\/gamma-knife.de\\\/de\\\/behandlungen-im-gamma-knife-zentrum\\\/stereotaktischer-linearbeschleuniger\\\/#breadcrumb\"},\"inLanguage\":\"de\",\"potentialAction\":[{\"@type\":\"ReadAction\",\"target\":[\"https:\\\/\\\/gamma-knife.de\\\/de\\\/behandlungen-im-gamma-knife-zentrum\\\/stereotaktischer-linearbeschleuniger\\\/\"]}]},{\"@type\":\"BreadcrumbList\",\"@id\":\"https:\\\/\\\/gamma-knife.de\\\/de\\\/behandlungen-im-gamma-knife-zentrum\\\/stereotaktischer-linearbeschleuniger\\\/#breadcrumb\",\"itemListElement\":[{\"@type\":\"ListItem\",\"position\":1,\"name\":\"Behandlungen\",\"item\":\"https:\\\/\\\/www.gamma-knife.de\\\/de\\\/behandlungen-im-gamma-knife-zentrum\\\/\"},{\"@type\":\"ListItem\",\"position\":2,\"name\":\"Stereotaktischer Linearbeschleuniger\"}]},{\"@type\":\"WebSite\",\"@id\":\"https:\\\/\\\/www.gamma-knife.de\\\/de\\\/#website\",\"url\":\"https:\\\/\\\/www.gamma-knife.de\\\/de\\\/\",\"name\":\"Gamma Knife Zentrum\",\"description\":\"Gamma Knife Zentrum\",\"publisher\":{\"@id\":\"https:\\\/\\\/www.gamma-knife.de\\\/de\\\/#organization\"},\"potentialAction\":[{\"@type\":\"SearchAction\",\"target\":{\"@type\":\"EntryPoint\",\"urlTemplate\":\"https:\\\/\\\/www.gamma-knife.de\\\/de\\\/?s={search_term_string}\"},\"query-input\":{\"@type\":\"PropertyValueSpecification\",\"valueRequired\":true,\"valueName\":\"search_term_string\"}}],\"inLanguage\":\"de\"},{\"@type\":\"Organization\",\"@id\":\"https:\\\/\\\/www.gamma-knife.de\\\/de\\\/#organization\",\"name\":\"Gamma Knife Zentrum\",\"url\":\"https:\\\/\\\/www.gamma-knife.de\\\/de\\\/\",\"logo\":{\"@type\":\"ImageObject\",\"inLanguage\":\"de\",\"@id\":\"https:\\\/\\\/www.gamma-knife.de\\\/de\\\/#\\\/schema\\\/logo\\\/image\\\/\",\"url\":\"https:\\\/\\\/www.gamma-knife.de\\\/wp-content\\\/uploads\\\/2020\\\/11\\\/Gamma-Knife-Logo-rgb.png\",\"contentUrl\":\"https:\\\/\\\/www.gamma-knife.de\\\/wp-content\\\/uploads\\\/2020\\\/11\\\/Gamma-Knife-Logo-rgb.png\",\"width\":250,\"height\":97,\"caption\":\"Gamma Knife Zentrum\"},\"image\":{\"@id\":\"https:\\\/\\\/www.gamma-knife.de\\\/de\\\/#\\\/schema\\\/logo\\\/image\\\/\"}}]}<\/script>\n<!-- \/ Yoast SEO Premium plugin. -->","yoast_head_json":{"title":"Der stereotaktische Linearbeschleuniger als Behandlungsmethode","description":"Hier erfahren Sie alles \u00fcber die radiochirugische Behandlung von Tumoren und Metastasen mit dem stereotaktischen Linearbeschleuniger.","robots":{"index":"index","follow":"follow","max-snippet":"max-snippet:-1","max-image-preview":"max-image-preview:large","max-video-preview":"max-video-preview:-1"},"canonical":"https:\/\/gamma-knife.de\/de\/behandlungen-im-gamma-knife-zentrum\/stereotaktischer-linearbeschleuniger\/","og_locale":"de_DE","og_type":"article","og_title":"Stereotaktischer Linearbeschleuniger","og_description":"Hier erfahren Sie alles \u00fcber die radiochirugische Behandlung von Tumoren und Metastasen mit dem stereotaktischen Linearbeschleuniger.","og_url":"https:\/\/gamma-knife.de\/de\/behandlungen-im-gamma-knife-zentrum\/stereotaktischer-linearbeschleuniger\/","og_site_name":"Gamma Knife Zentrum","article_modified_time":"2023-02-07T09:19:06+00:00","twitter_card":"summary_large_image","twitter_misc":{"Gesch\u00e4tzte Lesezeit":"1\u00a0Minute"},"schema":{"@context":"https:\/\/schema.org","@graph":[{"@type":"WebPage","@id":"https:\/\/gamma-knife.de\/de\/behandlungen-im-gamma-knife-zentrum\/stereotaktischer-linearbeschleuniger\/","url":"https:\/\/gamma-knife.de\/de\/behandlungen-im-gamma-knife-zentrum\/stereotaktischer-linearbeschleuniger\/","name":"Der stereotaktische Linearbeschleuniger als Behandlungsmethode","isPartOf":{"@id":"https:\/\/www.gamma-knife.de\/de\/#website"},"datePublished":"2020-02-21T19:57:00+00:00","dateModified":"2023-02-07T09:19:06+00:00","description":"Hier erfahren Sie alles \u00fcber die radiochirugische Behandlung von Tumoren und Metastasen mit dem stereotaktischen Linearbeschleuniger.","breadcrumb":{"@id":"https:\/\/gamma-knife.de\/de\/behandlungen-im-gamma-knife-zentrum\/stereotaktischer-linearbeschleuniger\/#breadcrumb"},"inLanguage":"de","potentialAction":[{"@type":"ReadAction","target":["https:\/\/gamma-knife.de\/de\/behandlungen-im-gamma-knife-zentrum\/stereotaktischer-linearbeschleuniger\/"]}]},{"@type":"BreadcrumbList","@id":"https:\/\/gamma-knife.de\/de\/behandlungen-im-gamma-knife-zentrum\/stereotaktischer-linearbeschleuniger\/#breadcrumb","itemListElement":[{"@type":"ListItem","position":1,"name":"Behandlungen","item":"https:\/\/www.gamma-knife.de\/de\/behandlungen-im-gamma-knife-zentrum\/"},{"@type":"ListItem","position":2,"name":"Stereotaktischer Linearbeschleuniger"}]},{"@type":"WebSite","@id":"https:\/\/www.gamma-knife.de\/de\/#website","url":"https:\/\/www.gamma-knife.de\/de\/","name":"Gamma Knife Zentrum","description":"Gamma Knife Zentrum","publisher":{"@id":"https:\/\/www.gamma-knife.de\/de\/#organization"},"potentialAction":[{"@type":"SearchAction","target":{"@type":"EntryPoint","urlTemplate":"https:\/\/www.gamma-knife.de\/de\/?s={search_term_string}"},"query-input":{"@type":"PropertyValueSpecification","valueRequired":true,"valueName":"search_term_string"}}],"inLanguage":"de"},{"@type":"Organization","@id":"https:\/\/www.gamma-knife.de\/de\/#organization","name":"Gamma Knife Zentrum","url":"https:\/\/www.gamma-knife.de\/de\/","logo":{"@type":"ImageObject","inLanguage":"de","@id":"https:\/\/www.gamma-knife.de\/de\/#\/schema\/logo\/image\/","url":"https:\/\/www.gamma-knife.de\/wp-content\/uploads\/2020\/11\/Gamma-Knife-Logo-rgb.png","contentUrl":"https:\/\/www.gamma-knife.de\/wp-content\/uploads\/2020\/11\/Gamma-Knife-Logo-rgb.png","width":250,"height":97,"caption":"Gamma Knife Zentrum"},"image":{"@id":"https:\/\/www.gamma-knife.de\/de\/#\/schema\/logo\/image\/"}}]}},"_links":{"self":[{"href":"https:\/\/gamma-knife.de\/de\/wp-json\/wp\/v2\/pages\/933","targetHints":{"allow":["GET"]}}],"collection":[{"href":"https:\/\/gamma-knife.de\/de\/wp-json\/wp\/v2\/pages"}],"about":[{"href":"https:\/\/gamma-knife.de\/de\/wp-json\/wp\/v2\/types\/page"}],"author":[{"embeddable":true,"href":"https:\/\/gamma-knife.de\/de\/wp-json\/wp\/v2\/users\/18"}],"replies":[{"embeddable":true,"href":"https:\/\/gamma-knife.de\/de\/wp-json\/wp\/v2\/comments?post=933"}],"version-history":[{"count":66,"href":"https:\/\/gamma-knife.de\/de\/wp-json\/wp\/v2\/pages\/933\/revisions"}],"predecessor-version":[{"id":18578,"href":"https:\/\/gamma-knife.de\/de\/wp-json\/wp\/v2\/pages\/933\/revisions\/18578"}],"up":[{"embeddable":true,"href":"https:\/\/gamma-knife.de\/de\/wp-json\/wp\/v2\/pages\/920"}],"wp:attachment":[{"href":"https:\/\/gamma-knife.de\/de\/wp-json\/wp\/v2\/media?parent=933"}],"curies":[{"name":"wp","href":"https:\/\/api.w.org\/{rel}","templated":true}]}}