{"id":8072,"date":"2020-04-07T14:35:03","date_gmt":"2020-04-07T12:35:03","guid":{"rendered":"https:\/\/gamma-knife.de\/publication-details\/"},"modified":"2024-12-03T13:23:20","modified_gmt":"2024-12-03T12:23:20","slug":"publication-details","status":"publish","type":"page","link":"https:\/\/gamma-knife.de\/en\/publication-details\/","title":{"rendered":"Publication details"},"content":{"rendered":"\n<h6 class=\"wp-block-heading\" id=\"h-mvz-gamma-knife-gmbh\">MVZ Gamma Knife GmbH\n        <\/h6>\n\n\n\n<p>CEO: <br>Christine Staudigel <br><br>Commercial register: <br>District court Krefeld: HRB 16998<\/p>\n\n\n\n<h6 class=\"wp-block-heading\" id=\"h-mvz-gamma-knife-center-krefeld\">MVZ Gamma Knife Center Krefeld\n        <\/h6>\n\n\n\n<p>Senior Physician: <br>Dr. med. Frank Sonnenschein <br>Neurosurgeon <br><br>Dr. med. Albertus T. C. J. van Eck<br>Dr. (Univ. Teheran) Sam Zaboli<br>Neurosurgeon <br><\/p>\n\n\n\n<p>Dr. med. Michael Nie\u00dfen <br>Radiotherapist<\/p>\n\n\n\n<p><\/p>\n\n\n\n<p><br>Seyffardtstr. 27<br>47805 Krefeld, Germany <br><br>Phone: + 49 (0)2151 82 560-0 <br>Phone: + 49 (0)2151 82 560- 11 <br>Phone: + 49 (0)2151 82 560- 126 <br>Email: <a href=\"mailto:krefeld@gamma-knife.de\">krefeld@gamma-knife.de<\/a><\/p>\n\n\n\n<h6 class=\"wp-block-heading\" id=\"h-mvz-gamma-knife-center-krefeld-linac-radiation-therapy\">MVZ Gamma Knife Center Krefeld\n        <br>LINAC radiation therapy\n        <\/h6>\n\n\n\n<p>Head of Radiation Therapy: <br>Dr. med. D. J. W. Skutta <br>Radiotherapist <br><br>Visitor address <br>Seyffardtstr. 27<br>47805 Krefeld, Germany <br><br>Phone: + 49 (0)2151 82560- 140 <br>Phone: + 49 (0)2151 82560- 149 <br>Email: <a href=\"mailto:skutta@gamma-knife.de\">skutta@gamma-knife.de<\/a><\/p>\n\n\n\n<h6 class=\"wp-block-heading\" id=\"h-mvz-gamma-knife-center-hanover\">MVZ Gamma Knife Center Hanover\n        <\/h6>\n\n\n\n<p>Senior Physician: <br>Dr. med. O. Bundschuh <br>Neurosurgeon <\/p>\n\n\n\n<p>Dr. med. G\u00f6tz L\u00fctjens<br>Neurosurgeon<\/p>\n\n\n\n<p><br><br>Building X <br>Haltenhoffstrasse 41 <br>30167 Hanover, Germany <br><br>Phone: + 49 (0)2151 260221- 30 <br>Phone: + 49 (0)2151 260221- 34 <br>Email: <a href=\"mailto:hannover@gamma-knife.de\">hannover@gamma-knife.de<\/a><\/p>\n\n\n\n<h6 class=\"wp-block-heading\" id=\"h-mandatory-information-pursuant-to-article-5-telemedia-act-tmg\">Mandatory information pursuant to Article 5 Telemedia Act (TMG)\n        <\/h6>\n\n\n\n<p>Dr. med. Frank Sonnenschein, Dr. med. Albertus T. C. J. van Eck, Dr. med. Michael Nie\u00dfen, Dr. med. Otto Bundschuh, Dr. med G\u00f6tz L\u00fctjens and Dr. med. Daniel Skutta were awarded the right to bear the professional title \u201cPhysician\u201d in Germany.<\/p>\n\n\n\n<h6 class=\"wp-block-heading\" id=\"h-responsible-for-the-content\"><strong>Responsible for the content:\n         <\/strong><\/h6>\n\n\n\n<p>Dr. med. Frank Sonnenschein<br>Dr. med. Albertus T. C. J. van Eck, <br>Dr. med. Otto Bundschuh, <br>Dr. med. Daniel Skutta<\/p>\n\n\n\n<h6 class=\"wp-block-heading\" id=\"h-responsible-regional-medical-association\"><strong>Responsible regional medical association:\n        <\/strong><\/h6>\n\n\n\n<p><a rel=\"noreferrer noopener\" href=\"https:\/\/gamma-knife.de\/\/www.aekno.de\/\" target=\"_blank\">North-Rhine Medical Association\n        <\/a><br>&#8211; public corporation-\n        <br>Tersteegenstr. 9\n        <br>40474 D\u00fcsseldorf, Germany\n        <\/p>\n\n\n\n<h6 class=\"wp-block-heading\" id=\"h-supervisory-authority-responsible-for-radiation-protection\"><strong>Supervisory authority responsible for radiation protection:\n        <\/strong><\/h6>\n\n\n\n<p>District government D\u00fcsseldorf\n        <br>Cecilienallee 2\n        <br>40474 D\u00fcsseldorf, Germany\n        <\/p>\n\n\n\n<p><a rel=\"noreferrer noopener\" href=\"https:\/\/gamma-knife.de\/\/www.aekno.de\/htmljava\/frameset_html.asp?typ=c&amp;seite=berufsordnung.htm\" target=\"_blank\">\u203a\u203a Code of conduct of the North-Rhine Medical Association\n        <\/a> <br><a rel=\"noreferrer noopener\" href=\"https:\/\/gamma-knife.de\/\/www.aekno.de\/htmljava\/frameset_html.asp?typ=a&amp;seite=heilberg.htm\" target=\"_blank\">\u203a\u203a Law for Allied Healthcare Professions of the State of North Rhine-Westphalia\n        <\/a><\/p>\n\n\n\n<h6 class=\"wp-block-heading\" id=\"h-disclaimer\">Disclaimer\n        <\/h6>\n\n\n\n<p>Our website contains links to external websites operated by third parties over whose content we have no control.\n         As such, we accept no responsibility for this external content.\n         The respective provider or operator of the websites is always responsible for the content of the linked sites.\n         The linked sites were checked for potential legal infringements at the time of linking.\n         Unlawful content was not detected at the time of linking.\n         However, ongoing content checks of linked sites is not reasonable without specific evidence of a legal infringement.\n         We will immediately remove such links where we are notified of any legal infringements.\n        <\/p>\n\n\n\n<h6 class=\"wp-block-heading\" id=\"h-trademark-information\">Trademark information\n        <\/h6>\n\n\n\n<p>Leksell Gamma Knife\u00ae Perfexion\u2122, Leksell Gamma Knife\u00ae Icon\u2122, and Elekta Axesse\u2122 linear accelerator are registered trademarks of the company Elekta GmbH. Gamma Knife Perfexion, Gamma Knife Icon, and Axesse linear accelerator are mentioned on our website.\n        <\/p>\n\n\n\n<h6 class=\"wp-block-heading\" id=\"h-concept-design-and-programming\">Concept, design, and programming\n        <\/h6>\n\n\n\n<p>bremer gmbh\n        <br>Z\u00fclpicher Strasse 25a\n        <br>50374 Erftstadt, Germany\n        <br><a href=\"https:\/\/agenturbremer.de\/\" target=\"_blank\" rel=\"noreferrer noopener\" aria-label=\"www.agenturbremer.de (\u00f6ffnet in neuem Tab)\">www.agenturbremer.de\n        <\/a><\/p>\n\n\n\n<p>okapidesign\n        <br>S\u00f6mmeringstrasse 24\n        <br>50823 Cologne, Germany\n        <br><a rel=\"noreferrer noopener\" href=\"https:\/\/gamma-knife.de\/\/www.okapidesign.com\/\" target=\"_blank\">www.okapidesign.com\n        <\/a><br><\/p>\n","protected":false},"excerpt":{"rendered":"<p>MVZ Gamma Knife GmbH CEO: Christine Staudigel Commercial register: District court Krefeld: HRB 16998 MVZ Gamma Knife Center Krefeld Senior Physician: Dr. med. Frank Sonnenschein Neurosurgeon Dr. med. Albertus T. C. J. van EckDr. (Univ. Teheran) Sam ZaboliNeurosurgeon Dr. med. Michael Nie\u00dfen Radiotherapist Seyffardtstr. 2747805 Krefeld, Germany Phone: + 49 (0)2151 82 560-0 Phone: + [&hellip;]<\/p>\n","protected":false},"author":4,"featured_media":0,"parent":0,"menu_order":0,"comment_status":"closed","ping_status":"closed","template":"templates\/association-page.php","meta":{"_acf_changed":false,"footnotes":""},"class_list":["post-8072","page","type-page","status-publish","hentry"],"acf":[],"yoast_head":"<!-- This site is optimized with the Yoast SEO Premium plugin v26.1 (Yoast SEO v27.3) - https:\/\/yoast.com\/product\/yoast-seo-premium-wordpress\/ -->\n<title>Publication details - Gamma Knife Zentrum<\/title>\n<meta name=\"robots\" content=\"index, follow, max-snippet:-1, max-image-preview:large, max-video-preview:-1\" \/>\n<link rel=\"canonical\" href=\"https:\/\/gamma-knife.de\/en\/publication-details\/\" \/>\n<meta property=\"og:locale\" content=\"en_US\" \/>\n<meta property=\"og:type\" content=\"article\" \/>\n<meta property=\"og:title\" content=\"Publication details\" \/>\n<meta property=\"og:description\" content=\"MVZ Gamma Knife GmbH CEO: Christine Staudigel Commercial register: District court Krefeld: HRB 16998 MVZ Gamma Knife Center Krefeld Senior Physician: Dr. med. Frank Sonnenschein Neurosurgeon Dr. med. Albertus T. C. J. van EckDr. (Univ. Teheran) Sam ZaboliNeurosurgeon Dr. med. Michael Nie\u00dfen Radiotherapist Seyffardtstr. 2747805 Krefeld, Germany Phone: + 49 (0)2151 82 560-0 Phone: + [&hellip;]\" \/>\n<meta property=\"og:url\" content=\"https:\/\/gamma-knife.de\/en\/publication-details\/\" \/>\n<meta property=\"og:site_name\" content=\"Gamma Knife Zentrum\" \/>\n<meta property=\"article:modified_time\" content=\"2024-12-03T12:23:20+00:00\" \/>\n<meta name=\"twitter:card\" content=\"summary_large_image\" \/>\n<meta name=\"twitter:label1\" content=\"Est. reading time\" \/>\n\t<meta name=\"twitter:data1\" content=\"3 minutes\" \/>\n<script type=\"application\/ld+json\" class=\"yoast-schema-graph\">{\"@context\":\"https:\\\/\\\/schema.org\",\"@graph\":[{\"@type\":\"WebPage\",\"@id\":\"https:\\\/\\\/gamma-knife.de\\\/en\\\/publication-details\\\/\",\"url\":\"https:\\\/\\\/gamma-knife.de\\\/en\\\/publication-details\\\/\",\"name\":\"Publication details - Gamma Knife Zentrum\",\"isPartOf\":{\"@id\":\"https:\\\/\\\/www.gamma-knife.de\\\/en\\\/#website\"},\"datePublished\":\"2020-04-07T12:35:03+00:00\",\"dateModified\":\"2024-12-03T12:23:20+00:00\",\"inLanguage\":\"en-US\",\"potentialAction\":[{\"@type\":\"ReadAction\",\"target\":[\"https:\\\/\\\/gamma-knife.de\\\/en\\\/publication-details\\\/\"]}]},{\"@type\":\"WebSite\",\"@id\":\"https:\\\/\\\/www.gamma-knife.de\\\/en\\\/#website\",\"url\":\"https:\\\/\\\/www.gamma-knife.de\\\/en\\\/\",\"name\":\"Gamma Knife Zentrum\",\"description\":\"\",\"publisher\":{\"@id\":\"https:\\\/\\\/www.gamma-knife.de\\\/en\\\/#organization\"},\"potentialAction\":[{\"@type\":\"SearchAction\",\"target\":{\"@type\":\"EntryPoint\",\"urlTemplate\":\"https:\\\/\\\/www.gamma-knife.de\\\/en\\\/?s={search_term_string}\"},\"query-input\":{\"@type\":\"PropertyValueSpecification\",\"valueRequired\":true,\"valueName\":\"search_term_string\"}}],\"inLanguage\":\"en-US\"},{\"@type\":\"Organization\",\"@id\":\"https:\\\/\\\/www.gamma-knife.de\\\/en\\\/#organization\",\"name\":\"Gamma Knife Zentrum\",\"url\":\"https:\\\/\\\/www.gamma-knife.de\\\/en\\\/\",\"logo\":{\"@type\":\"ImageObject\",\"inLanguage\":\"en-US\",\"@id\":\"https:\\\/\\\/www.gamma-knife.de\\\/en\\\/#\\\/schema\\\/logo\\\/image\\\/\",\"url\":\"https:\\\/\\\/www.gamma-knife.de\\\/wp-content\\\/uploads\\\/2020\\\/11\\\/Gamma-Knife-Logo-rgb.png\",\"contentUrl\":\"https:\\\/\\\/www.gamma-knife.de\\\/wp-content\\\/uploads\\\/2020\\\/11\\\/Gamma-Knife-Logo-rgb.png\",\"width\":250,\"height\":97,\"caption\":\"Gamma Knife Zentrum\"},\"image\":{\"@id\":\"https:\\\/\\\/www.gamma-knife.de\\\/en\\\/#\\\/schema\\\/logo\\\/image\\\/\"}}]}<\/script>\n<!-- \/ Yoast SEO Premium plugin. -->","yoast_head_json":{"title":"Publication details - Gamma Knife Zentrum","robots":{"index":"index","follow":"follow","max-snippet":"max-snippet:-1","max-image-preview":"max-image-preview:large","max-video-preview":"max-video-preview:-1"},"canonical":"https:\/\/gamma-knife.de\/en\/publication-details\/","og_locale":"en_US","og_type":"article","og_title":"Publication details","og_description":"MVZ Gamma Knife GmbH CEO: Christine Staudigel Commercial register: District court Krefeld: HRB 16998 MVZ Gamma Knife Center Krefeld Senior Physician: Dr. med. Frank Sonnenschein Neurosurgeon Dr. med. Albertus T. C. J. van EckDr. (Univ. Teheran) Sam ZaboliNeurosurgeon Dr. med. Michael Nie\u00dfen Radiotherapist Seyffardtstr. 2747805 Krefeld, Germany Phone: + 49 (0)2151 82 560-0 Phone: + [&hellip;]","og_url":"https:\/\/gamma-knife.de\/en\/publication-details\/","og_site_name":"Gamma Knife Zentrum","article_modified_time":"2024-12-03T12:23:20+00:00","twitter_card":"summary_large_image","twitter_misc":{"Est. reading time":"3 minutes"},"schema":{"@context":"https:\/\/schema.org","@graph":[{"@type":"WebPage","@id":"https:\/\/gamma-knife.de\/en\/publication-details\/","url":"https:\/\/gamma-knife.de\/en\/publication-details\/","name":"Publication details - Gamma Knife Zentrum","isPartOf":{"@id":"https:\/\/www.gamma-knife.de\/en\/#website"},"datePublished":"2020-04-07T12:35:03+00:00","dateModified":"2024-12-03T12:23:20+00:00","inLanguage":"en-US","potentialAction":[{"@type":"ReadAction","target":["https:\/\/gamma-knife.de\/en\/publication-details\/"]}]},{"@type":"WebSite","@id":"https:\/\/www.gamma-knife.de\/en\/#website","url":"https:\/\/www.gamma-knife.de\/en\/","name":"Gamma Knife Zentrum","description":"","publisher":{"@id":"https:\/\/www.gamma-knife.de\/en\/#organization"},"potentialAction":[{"@type":"SearchAction","target":{"@type":"EntryPoint","urlTemplate":"https:\/\/www.gamma-knife.de\/en\/?s={search_term_string}"},"query-input":{"@type":"PropertyValueSpecification","valueRequired":true,"valueName":"search_term_string"}}],"inLanguage":"en-US"},{"@type":"Organization","@id":"https:\/\/www.gamma-knife.de\/en\/#organization","name":"Gamma Knife Zentrum","url":"https:\/\/www.gamma-knife.de\/en\/","logo":{"@type":"ImageObject","inLanguage":"en-US","@id":"https:\/\/www.gamma-knife.de\/en\/#\/schema\/logo\/image\/","url":"https:\/\/www.gamma-knife.de\/wp-content\/uploads\/2020\/11\/Gamma-Knife-Logo-rgb.png","contentUrl":"https:\/\/www.gamma-knife.de\/wp-content\/uploads\/2020\/11\/Gamma-Knife-Logo-rgb.png","width":250,"height":97,"caption":"Gamma Knife Zentrum"},"image":{"@id":"https:\/\/www.gamma-knife.de\/en\/#\/schema\/logo\/image\/"}}]}},"_links":{"self":[{"href":"https:\/\/gamma-knife.de\/en\/wp-json\/wp\/v2\/pages\/8072","targetHints":{"allow":["GET"]}}],"collection":[{"href":"https:\/\/gamma-knife.de\/en\/wp-json\/wp\/v2\/pages"}],"about":[{"href":"https:\/\/gamma-knife.de\/en\/wp-json\/wp\/v2\/types\/page"}],"author":[{"embeddable":true,"href":"https:\/\/gamma-knife.de\/en\/wp-json\/wp\/v2\/users\/4"}],"replies":[{"embeddable":true,"href":"https:\/\/gamma-knife.de\/en\/wp-json\/wp\/v2\/comments?post=8072"}],"version-history":[{"count":4,"href":"https:\/\/gamma-knife.de\/en\/wp-json\/wp\/v2\/pages\/8072\/revisions"}],"predecessor-version":[{"id":19664,"href":"https:\/\/gamma-knife.de\/en\/wp-json\/wp\/v2\/pages\/8072\/revisions\/19664"}],"wp:attachment":[{"href":"https:\/\/gamma-knife.de\/en\/wp-json\/wp\/v2\/media?parent=8072"}],"curies":[{"name":"wp","href":"https:\/\/api.w.org\/{rel}","templated":true}]}}